{"id":143571,"date":"2022-01-28T10:32:59","date_gmt":"2022-01-28T10:32:59","guid":{"rendered":"https:\/\/kadampafestivals.org\/spring\/buchungsbestimmungen-online-teilnahme"},"modified":"2023-09-28T22:02:37","modified_gmt":"2023-09-28T22:02:37","slug":"buchungsbestimmungen-online-teilnahme","status":"publish","type":"page","link":"https:\/\/kadampafestivals.org\/de\/herbst\/buchungsbestimmungen-online-teilnahme","title":{"rendered":"Buchungsbestimmungen ~ Online-Teilnahme"},"content":{"rendered":"\n\n\t\t\t\t<img loading=\"lazy\" decoding=\"async\" src=\"https:\/\/kadampafestivals.org\/wp-content\/uploads\/2022\/10\/Banner-FALL-Festival-23-GERMAN.jpg\" alt=\"Banner-FALL-Festival-23\" itemprop=\"image\" height=\"397\" width=\"1134\" title=\"Banner-FALL-Festival-23\" onerror=\"this.style.display='none'\"  \/>\n\t\t\t<h3><strong><a href=\"https:\/\/kadampabookings.org\/frontend\/?eventid=1152&amp;lang=de\">Buche, um vor Ort am Festival teilzunehmen \u2192<\/a><\/strong><\/h3>\n<p>&nbsp;<\/p>\n<h3><a href=\"https:\/\/kadampabookings.org\/frontend\/?eventid=1153&amp;lang=de\"><strong>Buche, um online am Festival teilzunehmen \u2192<\/strong><\/a><\/h3>\n\t\t\t<a href=\"void(0)\" target=\"_self\" aria-label=\"Jetzt buchen\" rel=\"noopener\">\n\t\t\t\t\t\t\tJetzt buchen\n\t\t<\/a>\nFall Menu\t\t\t\n\t\t\t\t\t<ul id=\"menu-fall-festival-german\"><li id=\"menu-item-152251\"><a href=\"https:\/\/kadampafestivals.org\/de\/herbst\">Herbstfestival 2023<\/a><\/li>\n<li id=\"menu-item-151845\"><a href=\"https:\/\/kadampafestivals.org\/de\/herbst\/der-gruender\">Der Gr\u00fcnder<\/a><\/li>\n<li id=\"menu-item-36114\"><a href=\"#\">Festival<\/a>\n<ul>\n\t<li id=\"menu-item-151846\"><a href=\"https:\/\/kadampafestivals.org\/de\/herbst\/unterweisungen\">Unterweisungen auf dem Herbstfestival<\/a><\/li>\n\t<li id=\"menu-item-151847\"><a href=\"https:\/\/kadampafestivals.org\/de\/herbst\/lehrer\">Lehrer auf dem Herbstfestival<\/a><\/li>\n\t<li id=\"menu-item-151848\"><a href=\"https:\/\/kadampafestivals.org\/de\/herbst\/programm\">Programm<\/a><\/li>\n\t<li id=\"menu-item-151849\"><a href=\"https:\/\/kadampafestivals.org\/de\/herbst\/festivalerlebnis-vorort\">Das Festivalerlebnis &#8211; live vor Ort<\/a><\/li>\n\t<li id=\"menu-item-153040\"><a href=\"https:\/\/kadampafestivals.org\/de\/herbst\/besuch-in-granada\">Besuch in Granada<\/a><\/li>\n\t<li id=\"menu-item-152179\"><a href=\"https:\/\/kadampafestivals.org\/de\/herbst\/festival-life-online-copy\">Online-Festivalteilnahme<\/a><\/li>\n\t<li id=\"menu-item-151850\"><a href=\"https:\/\/kadampafestivals.org\/de\/herbst\/volunteering-for-the-fall-festival\">Freiwillige Mitarbeit beim Herbstsfestival<\/a><\/li>\n<\/ul>\n<\/li>\n<li id=\"menu-item-151851\"><a href=\"https:\/\/kadampafestivals.org\/de\/herbst\/festivalgelaende\">Festivalgel\u00e4nde<\/a><\/li>\n<li id=\"menu-item-36118\"><a href=\"#\">Buchung<\/a>\n<ul>\n\t<li id=\"menu-item-151852\"><a href=\"https:\/\/kadampafestivals.org\/de\/herbst\/buchen\">Wie gebucht wird<\/a><\/li>\n\t<li id=\"menu-item-151853\"><a href=\"https:\/\/kadampafestivals.org\/de\/herbst\/buchungsbedingungen-teilnahme-vor-ort\">Buchungsbedingungen ~ Teilnahme vor Ort<\/a><\/li>\n\t<li id=\"menu-item-151854\"><a href=\"https:\/\/kadampafestivals.org\/de\/herbst\/buchungsbestimmungen-online-teilnahme\">Buchungsbestimmungen ~ Online-Teilnahme<\/a><\/li>\n\t<li id=\"menu-item-151895\"><a href=\"https:\/\/kadampafestivals.org\/de\/herbst\/unterbringung\">Unterbringung<\/a><\/li>\n\t<li id=\"menu-item-151896\"><a href=\"https:\/\/kadampafestivals.org\/de\/herbst\/verpflegung\">Verpflegung<\/a><\/li>\n\t<li id=\"menu-item-151897\"><a href=\"https:\/\/kadampafestivals.org\/de\/herbst\/uebersetzung-besondere-beduerfnisse\">\u00dcbersetzung und besondere Bed\u00fcrfnisse<\/a><\/li>\n\t<li id=\"menu-item-151898\"><a href=\"https:\/\/kadampafestivals.org\/de\/herbst\/festivalgebuehren\">Festivalgeb\u00fchren<\/a><\/li>\n\t<li id=\"menu-item-152252\"><a href=\"https:\/\/kadampafestivals.org\/de\/herbst\/festivalgebuehren-2\">Geb\u00fchren f\u00fcr das Herbstfest &#8211; online<\/a><\/li>\n\t<li id=\"menu-item-151899\"><a href=\"https:\/\/kadampafestivals.org\/de\/herbst\/kinder-jugendliche\">Kinder und Jugendliche<\/a><\/li>\n\t<li id=\"menu-item-151900\"><a href=\"https:\/\/kadampafestivals.org\/de\/herbst\/parken\">Parken<\/a><\/li>\n\t<li id=\"menu-item-151901\"><a href=\"https:\/\/kadampafestivals.org\/de\/herbst\/reiseinformationen\">Reiseinformationen<\/a><\/li>\n\t<li id=\"menu-item-151902\"><a href=\"https:\/\/kadampafestivals.org\/de\/herbst\/allgemeine-informationen\">Allgemeine Informationen<\/a><\/li>\n<\/ul>\n<\/li>\n<li id=\"menu-item-151903\"><a href=\"https:\/\/kadampafestivals.org\/de\/herbst\/anschlussretreats\">Anschlussretreats<\/a><\/li>\n<li id=\"menu-item-151904\"><a href=\"https:\/\/kadampafestivals.org\/de\/herbst\/temples\">ITP<\/a><\/li>\n<li id=\"menu-item-151927\"><a href=\"https:\/\/kadampafestivals.org\/de\/herbst\/kontaktinformationen\">Kontakt<\/a><\/li>\n<\/ul>\t\n\t<h1>\n\t\tBuchungsbestimmungen ~ Online-Teilnahme\n\t<\/h1>\n\t<p>BITTE LESEN SIE DIE FOLGENDEN INFORMATIONEN SORGF\u00c4LTIG DURCH<\/p>\n<p><strong>Eine Registrierung ist erforderlich:<\/strong> Die Links sind nur f\u00fcr den registrierten Empf\u00e4nger bestimmt und d\u00fcrfen nicht weitergegeben werden.<\/p>\n<p><strong>Buchungen k\u00f6nnen nicht auf andere Personen \u00fcbertragen werden.<\/strong><\/p>\n<p><strong>Wie man eine Buchung vornimmt:<\/strong> Schritt-f\u00fcr-Schritt-Anweisungen finden Sie auf der Seite &#8218;Wie man bucht&#8216;.<\/p>\n<p><strong>Zahlungs- und Erstattungsbedingungen:<\/strong> Bitte lesen Sie die folgenden Informationen sorgf\u00e4ltig durch.<\/p>\n<ul>\n<li><strong>Buchungen gelten f\u00fcr die gesamte Veranstaltung.<\/strong><\/li>\n<li><strong>Buchungen, die am oder vor dem 21. September erfolgen:<\/strong> Zum Zeitpunkt der Buchung ist eine Anzahlung von mindestens 25 % erforderlich. Buchungen ohne die Mindestanzahlung werden automatisch nach 72 Stunden storniert, danach ist eine neue Buchung erforderlich.<\/li>\n<li><strong>Buchungen, die am oder nach dem 22. September erfolgen<\/strong>, erfordern eine vollst\u00e4ndige Zahlung zum Zeitpunkt der Buchung.<\/li>\n<li><strong>Stornierungen:<\/strong> F\u00fcr alle Stornierungen bis Montag, den 2. Oktober, 23:59 Uhr MESZ (Mitteleurop\u00e4ische Sommerzeit) wird eine Verwaltungsgeb\u00fchr von 10 \u20ac einbehalten. Danach werden alle Geb\u00fchren nicht mehr zur\u00fcckerstattet.<\/li>\n<\/ul>\n<p><strong>\u00dcbersetzung:<\/strong> Alle Unterweisungen, Meditationen und Retreat-Sitzungen werden auf Englisch gehalten. Eine Audio\u00fcbersetzung in mehrere Sprachen wird auf den On-Demand-Videos verf\u00fcgbar sein. Siehe <a href=\"https:\/\/kadampafestivals.org\/de\/fruehling\/uebersetzung-besondere-beduerfnisse-2\">\u00dcbersetzungen<\/a>f\u00fcr verf\u00fcgbare Sprachen.<\/p>\n<p><strong>Audio-Aufnahmen:<\/strong> K\u00f6nnen zum Zeitpunkt der Buchung erworben oder sp\u00e4ter in den Warenkorb gelegt werden. Der letzte Termin f\u00fcr den Kauf von Audioaufnahmen ist der 12. November 2023. Aufnahmen k\u00f6nnen nur f\u00fcr Sitzungen erworben werden, f\u00fcr die Sie sich angemeldet haben. Die Aufzeichnungen sind ausschlie\u00dflich f\u00fcr den registrierten Empf\u00e4nger bestimmt und d\u00fcrfen nicht weitergegeben werden. Die Audioaufzeichnungen umfassen nur die Unterweisungen, nicht jedoch die geleiteten Meditationen oder die Retreat-Sitzungen.<\/p>\n<p><strong>Videoaufzeichnungen der Sitzungen:<\/strong> Sie sind bis zum 31. Oktober um 23:59 Uhr MESZ (Mitteleurop\u00e4ische Zeit) online verf\u00fcgbar. Dies gilt nicht f\u00fcr die Erm\u00e4chtigungssitzung, die nur 24 Stunden lang ab dem Zeitpunkt verf\u00fcgbar ist, an dem die Links live geschaltet wurden (was 48h verz\u00f6gert passiert).<\/p>\n\n","protected":false},"excerpt":{"rendered":"<p>Buche, um vor Ort am Festival teilzunehmen \u2192 &nbsp; Buche, um online am Festival teilzunehmen \u2192 Jetzt buchen Fall Menu Herbstfestival 2023 Der Gr\u00fcnder Festival Unterweisungen auf dem Herbstfestival Lehrer auf dem Herbstfestival Programm Das Festivalerlebnis &#8211; live vor Ort Besuch in Granada Online-Festivalteilnahme Freiwillige Mitarbeit beim Herbstsfestival Festivalgel\u00e4nde Buchung Wie gebucht wird Buchungsbedingungen ~ &#8230; <a title=\"Buchungsbestimmungen ~ Online-Teilnahme\" class=\"read-more\" href=\"https:\/\/kadampafestivals.org\/de\/herbst\/buchungsbestimmungen-online-teilnahme\" aria-label=\"Mehr Informationen \u00fcber Buchungsbestimmungen ~ Online-Teilnahme\">Read more<\/a><\/p>\n","protected":false},"author":1,"featured_media":0,"parent":152022,"menu_order":11,"comment_status":"closed","ping_status":"closed","template":"","meta":{"footnotes":""},"wf_page_folders":[580],"class_list":["post-143571","page","type-page","status-publish"],"_links":{"self":[{"href":"https:\/\/kadampafestivals.org\/de\/wp-json\/wp\/v2\/pages\/143571","targetHints":{"allow":["GET"]}}],"collection":[{"href":"https:\/\/kadampafestivals.org\/de\/wp-json\/wp\/v2\/pages"}],"about":[{"href":"https:\/\/kadampafestivals.org\/de\/wp-json\/wp\/v2\/types\/page"}],"author":[{"embeddable":true,"href":"https:\/\/kadampafestivals.org\/de\/wp-json\/wp\/v2\/users\/1"}],"replies":[{"embeddable":true,"href":"https:\/\/kadampafestivals.org\/de\/wp-json\/wp\/v2\/comments?post=143571"}],"version-history":[{"count":2,"href":"https:\/\/kadampafestivals.org\/de\/wp-json\/wp\/v2\/pages\/143571\/revisions"}],"predecessor-version":[{"id":153345,"href":"https:\/\/kadampafestivals.org\/de\/wp-json\/wp\/v2\/pages\/143571\/revisions\/153345"}],"up":[{"embeddable":true,"href":"https:\/\/kadampafestivals.org\/de\/wp-json\/wp\/v2\/pages\/152022"}],"wp:attachment":[{"href":"https:\/\/kadampafestivals.org\/de\/wp-json\/wp\/v2\/media?parent=143571"}],"wp:term":[{"taxonomy":"wf_page_folders","embeddable":true,"href":"https:\/\/kadampafestivals.org\/de\/wp-json\/wp\/v2\/wf_page_folders?post=143571"}],"curies":[{"name":"wp","href":"https:\/\/api.w.org\/{rel}","templated":true}]}}