{"id":153031,"date":"2023-09-02T19:49:15","date_gmt":"2023-09-02T18:49:15","guid":{"rendered":"https:\/\/kadampafestivals.org\/herbst\/besuch-in-granada"},"modified":"2023-09-05T11:59:48","modified_gmt":"2023-09-05T11:59:48","slug":"besuch-in-granada","status":"publish","type":"page","link":"https:\/\/kadampafestivals.org\/de\/herbst\/besuch-in-granada","title":{"rendered":"Besuch in Granada"},"content":{"rendered":"\n\n\t\t\t\t<img loading=\"lazy\" decoding=\"async\" src=\"https:\/\/kadampafestivals.org\/wp-content\/uploads\/2022\/10\/Banner-FALL-Festival-23-GERMAN.jpg\" alt=\"Banner-FALL-Festival-23\" itemprop=\"image\" height=\"397\" width=\"1134\" title=\"Banner-FALL-Festival-23\" onerror=\"this.style.display='none'\"  \/>\n\t\t\t<h3><strong><a href=\"https:\/\/kadampabookings.org\/frontend\/?eventid=1152&amp;lang=de\">Buche, um vor Ort am Festival teilzunehmen \u2192<\/a><\/strong><\/h3>\n<p>&nbsp;<\/p>\n<h3><a href=\"https:\/\/kadampabookings.org\/frontend\/?eventid=1153&amp;lang=de\"><strong>Buche, um online am Festival teilzunehmen \u2192<\/strong><\/a><\/h3>\n\t\t\t<a href=\"void(0)\" target=\"_self\" aria-label=\"Jetzt buchen\" rel=\"noopener\">\n\t\t\t\t\t\t\tJetzt buchen\n\t\t<\/a>\nFall Menu\t\t\t\n\t\t\t\t\t<ul id=\"menu-fall-festival-german\"><li id=\"menu-item-152251\"><a href=\"https:\/\/kadampafestivals.org\/de\/herbst\">Herbstfestival 2023<\/a><\/li>\n<li id=\"menu-item-151845\"><a href=\"https:\/\/kadampafestivals.org\/de\/herbst\/der-gruender\">Der Gr\u00fcnder<\/a><\/li>\n<li id=\"menu-item-36114\"><a href=\"#\">Festival<\/a>\n<ul>\n\t<li id=\"menu-item-151846\"><a href=\"https:\/\/kadampafestivals.org\/de\/herbst\/unterweisungen\">Unterweisungen auf dem Herbstfestival<\/a><\/li>\n\t<li id=\"menu-item-151847\"><a href=\"https:\/\/kadampafestivals.org\/de\/herbst\/lehrer\">Lehrer auf dem Herbstfestival<\/a><\/li>\n\t<li id=\"menu-item-151848\"><a href=\"https:\/\/kadampafestivals.org\/de\/herbst\/programm\">Programm<\/a><\/li>\n\t<li id=\"menu-item-151849\"><a href=\"https:\/\/kadampafestivals.org\/de\/herbst\/festivalerlebnis-vorort\">Das Festivalerlebnis &#8211; live vor Ort<\/a><\/li>\n\t<li id=\"menu-item-153040\"><a href=\"https:\/\/kadampafestivals.org\/de\/herbst\/besuch-in-granada\">Besuch in Granada<\/a><\/li>\n\t<li id=\"menu-item-152179\"><a href=\"https:\/\/kadampafestivals.org\/de\/herbst\/festival-life-online-copy\">Online-Festivalteilnahme<\/a><\/li>\n\t<li id=\"menu-item-151850\"><a href=\"https:\/\/kadampafestivals.org\/de\/herbst\/volunteering-for-the-fall-festival\">Freiwillige Mitarbeit beim Herbstsfestival<\/a><\/li>\n<\/ul>\n<\/li>\n<li id=\"menu-item-151851\"><a href=\"https:\/\/kadampafestivals.org\/de\/herbst\/festivalgelaende\">Festivalgel\u00e4nde<\/a><\/li>\n<li id=\"menu-item-36118\"><a href=\"#\">Buchung<\/a>\n<ul>\n\t<li id=\"menu-item-151852\"><a href=\"https:\/\/kadampafestivals.org\/de\/herbst\/buchen\">Wie gebucht wird<\/a><\/li>\n\t<li id=\"menu-item-151853\"><a href=\"https:\/\/kadampafestivals.org\/de\/herbst\/buchungsbedingungen-teilnahme-vor-ort\">Buchungsbedingungen ~ Teilnahme vor Ort<\/a><\/li>\n\t<li id=\"menu-item-151854\"><a href=\"https:\/\/kadampafestivals.org\/de\/herbst\/buchungsbestimmungen-online-teilnahme\">Buchungsbestimmungen ~ Online-Teilnahme<\/a><\/li>\n\t<li id=\"menu-item-151895\"><a href=\"https:\/\/kadampafestivals.org\/de\/herbst\/unterbringung\">Unterbringung<\/a><\/li>\n\t<li id=\"menu-item-151896\"><a href=\"https:\/\/kadampafestivals.org\/de\/herbst\/verpflegung\">Verpflegung<\/a><\/li>\n\t<li id=\"menu-item-151897\"><a href=\"https:\/\/kadampafestivals.org\/de\/herbst\/uebersetzung-besondere-beduerfnisse\">\u00dcbersetzung und besondere Bed\u00fcrfnisse<\/a><\/li>\n\t<li id=\"menu-item-151898\"><a href=\"https:\/\/kadampafestivals.org\/de\/herbst\/festivalgebuehren\">Festivalgeb\u00fchren<\/a><\/li>\n\t<li id=\"menu-item-152252\"><a href=\"https:\/\/kadampafestivals.org\/de\/herbst\/festivalgebuehren-2\">Geb\u00fchren f\u00fcr das Herbstfest &#8211; online<\/a><\/li>\n\t<li id=\"menu-item-151899\"><a href=\"https:\/\/kadampafestivals.org\/de\/herbst\/kinder-jugendliche\">Kinder und Jugendliche<\/a><\/li>\n\t<li id=\"menu-item-151900\"><a href=\"https:\/\/kadampafestivals.org\/de\/herbst\/parken\">Parken<\/a><\/li>\n\t<li id=\"menu-item-151901\"><a href=\"https:\/\/kadampafestivals.org\/de\/herbst\/reiseinformationen\">Reiseinformationen<\/a><\/li>\n\t<li id=\"menu-item-151902\"><a href=\"https:\/\/kadampafestivals.org\/de\/herbst\/allgemeine-informationen\">Allgemeine Informationen<\/a><\/li>\n<\/ul>\n<\/li>\n<li id=\"menu-item-151903\"><a href=\"https:\/\/kadampafestivals.org\/de\/herbst\/anschlussretreats\">Anschlussretreats<\/a><\/li>\n<li id=\"menu-item-151904\"><a href=\"https:\/\/kadampafestivals.org\/de\/herbst\/temples\">ITP<\/a><\/li>\n<li id=\"menu-item-151927\"><a href=\"https:\/\/kadampafestivals.org\/de\/herbst\/kontaktinformationen\">Kontakt<\/a><\/li>\n<\/ul>\t\n\t<h1>\n\t\tOrganisierter Besuch in Granada\n\t<\/h1>\n\t<p>Am letzten Tag des Internationalen Herbstfestivals wird es eine besondere Gelegenheit geben, an einem organisierten Besuch des neuen Gel\u00e4ndes der NKT in Granada teilzunehmen.<\/p>\n<p>Eine begrenzte Anzahl von Bussen wird vom KMC Spanien direkt nach der letzten Retreat-Sitzung (siehe aktualisiertes Festivalprogramm) zu einer zweist\u00fcndigen Reise nach Granada aufbrechen.<\/p>\n<p>Es wird F\u00fchrungen durch das Grundst\u00fcck geben und die M\u00f6glichkeit, etwas Zeit in der Stadt zu verbringen. Die R\u00fcckfahrt erfolgt am Abend desselben Tages, entweder zum KMC Spanien oder nach M\u00e1laga City (<a href=\"https:\/\/www.google.es\/maps\/place\/Hotel+NH+M%C3%A1laga\/@36.7179511,-4.4261407,18z\/data=!4m8!3m7!1s0xd72f64c8e5f80d9:0xd36ad0b9d5987b83!5m2!4m1!1i2!8m2!3d36.718463!4d-4.426307?hl=es-419\"><b><i>Hotel NH<\/i><\/b><\/a> &#8211; C. San Jacinto, 2, 29007 M\u00e1laga).<\/p>\n<h3>Zeitplan<\/h3>\n<p><em>(Zeiten sind ungef\u00e4hre Angaben)<\/em><\/p>\n<p>12:30 Abreise KMC Spanien<\/p>\n<p>14:30 Ankunft in Granada<\/p>\n<p>19:00 Abfahrt von Granada<\/p>\n<p>20:30 Uhr Ankunft M\u00e1laga Stadt oder 21:00 Uhr Ankunft KMC Spanien<\/p>\n<p>Kosten 20 \u20ac pro Person &#8211; zu zahlen beim Herbstfestival<\/p>\n<p>Die Unterbringung im KMC Spanien in der Nacht zum 12. Oktober ist nur f\u00fcr diejenigen m\u00f6glich, die w\u00e4hrend des Festivals vor Ort \u00fcbernachtet haben, und es muss die gleiche Unterkunftsart sein. Die Kontaktdaten vom KMC Spanien werden separat an die Teilnehmer der Reise verschickt.<\/p>\n<p><strong>Ein Buchungslink wird hier am Dienstag, den 5. September um 14 Uhr MESZ (Spanien) freigeschaltet.<\/strong><\/p>\n\n","protected":false},"excerpt":{"rendered":"<p>Buche, um vor Ort am Festival teilzunehmen \u2192 &nbsp; Buche, um online am Festival teilzunehmen \u2192 Jetzt buchen Fall Menu Herbstfestival 2023 Der Gr\u00fcnder Festival Unterweisungen auf dem Herbstfestival Lehrer auf dem Herbstfestival Programm Das Festivalerlebnis &#8211; live vor Ort Besuch in Granada Online-Festivalteilnahme Freiwillige Mitarbeit beim Herbstsfestival Festivalgel\u00e4nde Buchung Wie gebucht wird Buchungsbedingungen ~ &#8230; <a title=\"Besuch in Granada\" class=\"read-more\" href=\"https:\/\/kadampafestivals.org\/de\/herbst\/besuch-in-granada\" aria-label=\"Mehr Informationen \u00fcber Besuch in Granada\">Read more<\/a><\/p>\n","protected":false},"author":1,"featured_media":0,"parent":152022,"menu_order":9,"comment_status":"closed","ping_status":"closed","template":"","meta":{"footnotes":""},"wf_page_folders":[580],"class_list":["post-153031","page","type-page","status-publish"],"_links":{"self":[{"href":"https:\/\/kadampafestivals.org\/de\/wp-json\/wp\/v2\/pages\/153031","targetHints":{"allow":["GET"]}}],"collection":[{"href":"https:\/\/kadampafestivals.org\/de\/wp-json\/wp\/v2\/pages"}],"about":[{"href":"https:\/\/kadampafestivals.org\/de\/wp-json\/wp\/v2\/types\/page"}],"author":[{"embeddable":true,"href":"https:\/\/kadampafestivals.org\/de\/wp-json\/wp\/v2\/users\/1"}],"replies":[{"embeddable":true,"href":"https:\/\/kadampafestivals.org\/de\/wp-json\/wp\/v2\/comments?post=153031"}],"version-history":[{"count":6,"href":"https:\/\/kadampafestivals.org\/de\/wp-json\/wp\/v2\/pages\/153031\/revisions"}],"predecessor-version":[{"id":153057,"href":"https:\/\/kadampafestivals.org\/de\/wp-json\/wp\/v2\/pages\/153031\/revisions\/153057"}],"up":[{"embeddable":true,"href":"https:\/\/kadampafestivals.org\/de\/wp-json\/wp\/v2\/pages\/152022"}],"wp:attachment":[{"href":"https:\/\/kadampafestivals.org\/de\/wp-json\/wp\/v2\/media?parent=153031"}],"wp:term":[{"taxonomy":"wf_page_folders","embeddable":true,"href":"https:\/\/kadampafestivals.org\/de\/wp-json\/wp\/v2\/wf_page_folders?post=153031"}],"curies":[{"name":"wp","href":"https:\/\/api.w.org\/{rel}","templated":true}]}}