{"id":164317,"date":"2025-01-21T16:16:02","date_gmt":"2025-01-21T16:16:02","guid":{"rendered":"https:\/\/kadampafestivals.org\/fruehling\/retreats-nach-dem-festival"},"modified":"2026-02-24T11:58:53","modified_gmt":"2026-02-24T11:58:53","slug":"retreats-nach-dem-festival","status":"publish","type":"page","link":"https:\/\/kadampafestivals.org\/de\/fruehling\/retreats-nach-dem-festival","title":{"rendered":"Retreats nach dem Festival"},"content":{"rendered":"\n\n<figure data-animation-delay=\"0.2\" data-animation-duration=\"1\">\n\t\t\t\t<img decoding=\"async\" src=\"https:\/\/kadampafestivals.org\/wp-content\/uploads\/2025\/02\/Kadampa-Spring-Festival-2026---Deity-and-Flourish-1x-1.png\" alt=\"Kadampa Spring Festival 2026 - Deity and Flourish (1x)\" height=\"454\" width=\"636\" title=\"Kadampa Spring Festival 2026 - Deity and Flourish (1x)\" loading=\"lazy\" \/>\n\t<\/figure>\n<h2>\n\t\t\tNKT-IKBU INTERNATIONAL\t<\/h2>\n<h2>\n\t\t\tSPRING FESTIVAL 2026\t<\/h2>\n<h2>\n\t\t\tMAY 22 &#8211; 27\t<\/h2>\n\t\n\n\n<div id=\"wpv-view-layout-156061-CATTR36a9cccdb631701676ccd131c3f18740\" class=\"js-wpv-view-layout js-wpv-layout-responsive js-wpv-view-layout-156061-CATTR36a9cccdb631701676ccd131c3f18740\" data-viewnumber=\"156061-CATTR36a9cccdb631701676ccd131c3f18740\" data-pagination=\"{&quot;id&quot;:156061,&quot;query&quot;:&quot;normal&quot;,&quot;type&quot;:&quot;disabled&quot;,&quot;effect&quot;:&quot;fade&quot;,&quot;duration&quot;:500,&quot;speed&quot;:5,&quot;pause_on_hover&quot;:&quot;enabled&quot;,&quot;stop_rollover&quot;:&quot;false&quot;,&quot;cache_pages&quot;:&quot;enabled&quot;,&quot;preload_images&quot;:&quot;enabled&quot;,&quot;preload_pages&quot;:&quot;enabled&quot;,&quot;preload_reach&quot;:1,&quot;spinner&quot;:&quot;builtin&quot;,&quot;spinner_image&quot;:&quot;https:\/\/kadampafestivals.org\/wp-content\/plugins\/wp-views\/embedded\/res\/img\/ajax-loader.gif&quot;,&quot;callback_next&quot;:&quot;&quot;,&quot;manage_history&quot;:&quot;enabled&quot;,&quot;has_controls_in_form&quot;:&quot;disabled&quot;,&quot;infinite_tolerance&quot;:&quot;0&quot;,&quot;max_pages&quot;:1,&quot;page&quot;:1,&quot;base_permalink&quot;:&quot;\/de\/wp-json\/wp\/v2\/pages\/164317?wpv_view_count=156061-CATTR36a9cccdb631701676ccd131c3f18740&amp;wpv_paged=WPV_PAGE_NUM&quot;,&quot;loop&quot;:{&quot;type&quot;:&quot;&quot;,&quot;name&quot;:&quot;&quot;,&quot;data&quot;:[],&quot;id&quot;:0}}\" data-permalink=\"\/de\/wp-json\/wp\/v2\/pages\/164317?wpv_view_count=156061-CATTR36a9cccdb631701676ccd131c3f18740\">\n\n\t\n\t\n\t\n\t\t\n\n\n    <div class=\"centered-container\">\n        <div class=\"opens\">Die Buchung beginnt am Donnerstag, 26. Februar, um 13 Uhr britischer Zeit.<\/div>\n    <\/div>\n \n\n\n\t\n\t\n\t\n\t\n<\/div>\n\nSpring Menu\t\t\t\n\t\t\t\t\t<ul id=\"menu-spring\"><li id=\"menu-item-162482\"><a href=\"https:\/\/kadampafestivals.org\/spring\">Welcome<\/a><\/li>\n<li id=\"menu-item-162101\"><a href=\"https:\/\/kadampafestivals.org\/spring\/the-founder\">The Founder<\/a><\/li>\n<li id=\"menu-item-146050\"><a href=\"#\">Festival<\/a>\n<ul>\n\t<li id=\"menu-item-162099\"><a href=\"https:\/\/kadampafestivals.org\/spring\/teachings\">Teachings<\/a><\/li>\n\t<li id=\"menu-item-162098\"><a href=\"https:\/\/kadampafestivals.org\/spring\/teachers\">Teachers<\/a><\/li>\n\t<li id=\"menu-item-162143\"><a href=\"https:\/\/kadampafestivals.org\/spring\/program\">Program<\/a><\/li>\n\t<li id=\"menu-item-162144\"><a href=\"https:\/\/kadampafestivals.org\/spring\/festival-experience\">Festival experience<\/a><\/li>\n\t<li id=\"menu-item-162147\"><a href=\"https:\/\/kadampafestivals.org\/spring\/attending-the-festival-online\">Attending the festival online<\/a><\/li>\n\t<li id=\"menu-item-162105\"><a href=\"https:\/\/kadampafestivals.org\/spring\/volunteering\">Volunteering<\/a><\/li>\n<\/ul>\n<\/li>\n<li id=\"menu-item-162104\"><a href=\"https:\/\/kadampafestivals.org\/spring\/venue\">Venue<\/a><\/li>\n<li id=\"menu-item-142369\"><a href=\"#\">Booking<\/a>\n<ul>\n\t<li id=\"menu-item-162140\"><a href=\"https:\/\/kadampafestivals.org\/spring\/fees\">Fees<\/a><\/li>\n\t<li id=\"menu-item-162146\"><a href=\"https:\/\/kadampafestivals.org\/spring\/accommodation\">Accommodation<\/a><\/li>\n\t<li id=\"menu-item-162145\"><a href=\"https:\/\/kadampafestivals.org\/spring\/festival-food-and-drink\">Festival food and drink<\/a><\/li>\n\t<li id=\"menu-item-162102\"><a href=\"https:\/\/kadampafestivals.org\/spring\/translation-and-assisted-needs\">Translation and Assisted Needs<\/a><\/li>\n\t<li id=\"menu-item-162150\"><a href=\"https:\/\/kadampafestivals.org\/spring\/children-young-adults\">Children &#038; young adults<\/a><\/li>\n\t<li id=\"menu-item-162103\"><a href=\"https:\/\/kadampafestivals.org\/spring\/travel-information\">Travel information<\/a><\/li>\n\t<li id=\"menu-item-162148\"><a href=\"https:\/\/kadampafestivals.org\/spring\/general-information\">General information<\/a><\/li>\n\t<li id=\"menu-item-162123\"><a href=\"https:\/\/kadampafestivals.org\/spring\/how-to-book\">How to book<\/a><\/li>\n\t<li id=\"menu-item-162100\"><a href=\"https:\/\/kadampafestivals.org\/spring\/terms-conditions\">Terms &#038; Conditions<\/a><\/li>\n<\/ul>\n<\/li>\n<li id=\"menu-item-162117\"><a href=\"https:\/\/kadampafestivals.org\/spring\/post-festival-retreats\">Post Festival Retreats<\/a><\/li>\n<li id=\"menu-item-162141\"><a href=\"https:\/\/kadampafestivals.org\/spring\/itp\">ITP<\/a><\/li>\n<li id=\"menu-item-162109\"><a href=\"https:\/\/kadampafestivals.org\/spring\/contact\">Contact<\/a><\/li>\n<\/ul>\t\n\t<h1>\n\t\t\tPost Festival Retreats\t<\/h1>\n\t<p>The three International Festivals are precious opportunities to receive teachings and empowerments from the Gen-las, and this experience is greatly enhanced if we can spend some time after the Festival in retreat improving our understanding of the teachings and taking their meaning to heart.<\/p>\n<p>Post-festival retreats are organised by Kadampa centers around the world after each of the three International Festivals. See below for details of retreats following the Spring Festival.<\/p>\n\t  \n\n \n<div id=\"wpv-view-layout-9869-CATTRb0f8bbcbcf28977a4d69edb4812cf509\" class=\"js-wpv-view-layout js-wpv-layout-responsive js-wpv-view-layout-9869-CATTRb0f8bbcbcf28977a4d69edb4812cf509\" data-viewnumber=\"9869-CATTRb0f8bbcbcf28977a4d69edb4812cf509\" data-pagination=\"{&quot;id&quot;:9869,&quot;query&quot;:&quot;normal&quot;,&quot;type&quot;:&quot;disabled&quot;,&quot;effect&quot;:&quot;fade&quot;,&quot;duration&quot;:500,&quot;speed&quot;:5,&quot;pause_on_hover&quot;:&quot;disabled&quot;,&quot;stop_rollover&quot;:&quot;false&quot;,&quot;cache_pages&quot;:&quot;enabled&quot;,&quot;preload_images&quot;:&quot;enabled&quot;,&quot;preload_pages&quot;:&quot;enabled&quot;,&quot;preload_reach&quot;:1,&quot;spinner&quot;:&quot;builtin&quot;,&quot;spinner_image&quot;:&quot;https:\/\/kadampafestivals.org\/wp-content\/plugins\/wp-views\/res\/img\/ajax-loader.gif&quot;,&quot;callback_next&quot;:&quot;&quot;,&quot;manage_history&quot;:&quot;enabled&quot;,&quot;has_controls_in_form&quot;:&quot;disabled&quot;,&quot;infinite_tolerance&quot;:&quot;0&quot;,&quot;max_pages&quot;:0,&quot;page&quot;:1,&quot;base_permalink&quot;:&quot;\/de\/wp-json\/wp\/v2\/pages\/164317?wpv_view_count=9869-CATTRb0f8bbcbcf28977a4d69edb4812cf509&amp;wpv_paged=WPV_PAGE_NUM&quot;,&quot;loop&quot;:{&quot;type&quot;:&quot;&quot;,&quot;name&quot;:&quot;&quot;,&quot;data&quot;:[],&quot;id&quot;:0}}\" data-permalink=\"\/de\/wp-json\/wp\/v2\/pages\/164317?wpv_view_count=9869-CATTRb0f8bbcbcf28977a4d69edb4812cf509\">\n\n\t\n\t\n\t\n      <div class=\"retreat\" id=\"kadampa-meditation-centre-barcelona-3\">\n        <div class=\"retreat-img\">\n      <a href=\"https:\/\/www.meditarabcn.org\/retiros\/especializados\/retiro-postfestival-primavera\/\"><img decoding=\"async\" src=\"https:\/\/kadampafestivals.org\/wp-content\/uploads\/2026\/02\/BARCELONA-1024x576.png\" width=\"380\" \/><\/a> \n        <\/div>\n        \n        <div class=\"retreat-desc\">\n        <h2><a href=\"https:\/\/www.meditarabcn.org\/retiros\/especializados\/retiro-postfestival-primavera\/\">Kadampa Meditationszentrum Barcelona<\/a><\/h2>\n              <p><strong>\n        \n \n    \n    \n    Mai 29 &ndash; Juni 2\n    \n    \n    \n    \n\n\n           \n        <\/strong><\/p>\n\t\t<p>Wie man allt\u00e4gliche Herausforderungen in innere St\u00e4rke verwandelt<\/p>\n<p>Mit Gen-la Kelsang Jampa, Zentrumslehrer am Kadampa Meditation Center Los Angeles und stellvertretender Spiritueller Leiter der NKT<\/p>\n<p>Basierend auf den Unterweisungen des Fr\u00fchjahrsfestivals im Manjushri KMC wird Gen-la Jampa ein kurzes Retreat leiten, das sich darauf konzentriert, die Herausforderungen und Schwierigkeiten des Alltags in sinnvolle Gelegenheiten zu verwandeln, um authentische Liebe und Mitgef\u00fchl zu entwickeln und wahres, dauerhaftes Gl\u00fcck zu entdecken.<\/p>\n\n        <p><a style=\"font-size:20px; padding: 10px 20px; margin-bottom:20px; color:#fff; background-color:#1897D6;border-radius:2px;\" href=\"https:\/\/www.meditarabcn.org\/retiros\/especializados\/retiro-postfestival-primavera\/\">More info<\/a><\/p>\n      <\/div>\n      <\/div><!-- Test -->  \n      <hr>\n\t\n      <div class=\"retreat\" id=\"kailash-internationales-retreat-zentrum\">\n        <div class=\"retreat-img\">\n      <a href=\"https:\/\/www.kailash.org\/post-spring-festival-retreat-2026\/\"><img decoding=\"async\" src=\"https:\/\/kadampafestivals.org\/wp-content\/uploads\/2026\/02\/Kailash-1024x576.png\" width=\"380\" \/><\/a> \n        <\/div>\n        \n        <div class=\"retreat-desc\">\n        <h2><a href=\"https:\/\/www.kailash.org\/post-spring-festival-retreat-2026\/\">Kailash Internationales Retreat-Zemtru<\/a><\/h2>\n              <p><strong>\n        \n \n    \n    \n    Mai 28 &ndash; Juni 2\n    \n    \n    \n    \n\n\n           \n        <\/strong><\/p>\n\t\t<p>Wie man unverwundbar wird<\/p>\n<p>Mit Gen-la Kelsang Khyenrab, Zentrumslehrer im Tara Kailash Internationalen Retreat-Zentrum und ehemaliger Generaler Spiritueller Leiter der NKT<\/p>\n<p>W\u00e4hrend dieses Retreats wird Gen-la Khyenrab Meditationen anleiten, die sich auf die Umwandlung widriger Umst\u00e4nde konzentrieren, basierend auf den Meditationen aus den \u201eAcht Schritten zum Gl\u00fcck &#8211; Neuausgabe\u201c. Zur Unterst\u00fctzung dieses inneren Trainings werden wir au\u00dferdem einmal t\u00e4glich die kraftvolle Meditationspraxis des Buddha Amitayus \u2013 des Buddha des langen Lebens, der Weisheit und des Gl\u00fccks \u2013 praktizieren.  <\/p>\n\n        <p><a style=\"font-size:20px; padding: 10px 20px; margin-bottom:20px; color:#fff; background-color:#1897D6;border-radius:2px;\" href=\"https:\/\/www.kailash.org\/post-spring-festival-retreat-2026\/\">More info<\/a><\/p>\n      <\/div>\n      <\/div><!-- Test -->  \n      <hr>\n\t\n      <div class=\"retreat\" id=\"madhyamaka-kadampa-meditation-centre-3\">\n        <div class=\"retreat-img\">\n      <a href=\"https:\/\/madhyamaka.org\/product\/post-international-spring-festival-retreat-2026\/\"><img decoding=\"async\" src=\"https:\/\/kadampafestivals.org\/wp-content\/uploads\/2026\/02\/WEB-Post-festival-retreat-banners-1600-x-800-px-2-1024x576.png\" width=\"380\" \/><\/a> \n        <\/div>\n        \n        <div class=\"retreat-desc\">\n        <h2><a href=\"https:\/\/madhyamaka.org\/product\/post-international-spring-festival-retreat-2026\/\">Madhyamaka Kadampa Meditation Zentrum<\/a><\/h2>\n              <p><strong>\n        \n \n    \n    \n    Mai 28 &ndash; Juni 3\n    \n    \n    \n    \n\n\n           \n        <\/strong><\/p>\n\t\t<p>Die Quelle des wharen Gl\u00fccks finden<\/p>\n<p>Mit Gen Kelsang Rabten, dem Nationalen Spirituellen Leiter f\u00fcr Australien, Neuseeland und S\u00fcdostasien sowie Zentrumslehrer am Kadampa Meditation Center Australia und Kadampa Meditation Center Melbourne.<\/p>\n<p>Basierend auf den Unterweisungen des Fr\u00fchlingsfestivals 2026 wird Gen Rabten ein einw\u00f6chiges Retreat anleiten, das sich auf die Entwicklung von authentischer Liebe und Mitgef\u00fchl konzentriert \u2013 die eigentliche Methode, um wahres und dauerhaftes Gl\u00fcck zu entdecken. Die sch\u00f6ne und gesegnete Umgebung des Madhyamaka KMC bietet den idealen Rahmen, um diese Unterweisungen zu verinnerlichen und die Praxis pers\u00f6nlich zu erfahren \u2013 in der Gemeinschaft von Kadampa-Familie und Freunden. Ein Shuttlebus vom Manjushri KMC ist verf\u00fcgbar.  <\/p>\n\n        <p><a style=\"font-size:20px; padding: 10px 20px; margin-bottom:20px; color:#fff; background-color:#1897D6;border-radius:2px;\" href=\"https:\/\/madhyamaka.org\/product\/post-international-spring-festival-retreat-2026\/\">More info<\/a><\/p>\n      <\/div>\n      <\/div><!-- Test -->  \n      <hr>\n\t\n      <div class=\"retreat\" id=\"tara-international-kadampa-retreat-centre-6\">\n        <div class=\"retreat-img\">\n      <a href=\"https:\/\/taraikrc.org\/pages\/post-spring-festival-retreat-2026\"><img decoding=\"async\" src=\"https:\/\/kadampafestivals.org\/wp-content\/uploads\/2026\/02\/WEB-Post-festival-retreat-banners-1600-x-800-px-1024x576.png\" width=\"380\" \/><\/a> \n        <\/div>\n        \n        <div class=\"retreat-desc\">\n        <h2><a href=\"https:\/\/taraikrc.org\/pages\/post-spring-festival-retreat-2026\">Tara Internationales Kadampa Retreat-Zentrum<\/a><\/h2>\n              <p><strong>\n        \n \n    \n    \n    Mai 29 &ndash; Juni 5\n    \n    \n    \n    \n\n\n           \n        <\/strong><\/p>\n\t\t<p>Langes Leben, Weissheit und Gl\u00fcck <\/p>\n<p>Mit Kadam Morten Clausen, dem Nationalen Spirituellen Leiter f\u00fcr den Osten der USA und Zentrumslehrer am Kadampa Meditationszentrum New York City.<\/p>\n<p>Kadam Morten Clausen wird ein Retreat leiten, das auf den Unterweisungen und Kommentaren basiert, die wir auf diesem Festival erhalten haben. W\u00e4hrend des Retreats wird Kadam Morten Meditationen anleiten, die sich darauf konzentrieren, widrige Umst\u00e4nde umzuwandeln. Wir werden lernen, unseren Geist darin zu \u00fcben, auf jede Schwierigkeit mit innerem Frieden und positiver Einstellung zu reagieren.  <\/p>\n\n        <p><a style=\"font-size:20px; padding: 10px 20px; margin-bottom:20px; color:#fff; background-color:#1897D6;border-radius:2px;\" href=\"https:\/\/taraikrc.org\/pages\/post-spring-festival-retreat-2026\">More info<\/a><\/p>\n      <\/div>\n      <\/div><!-- Test -->  \n      <hr>\n\t\n      <div class=\"retreat\" id=\"kadampa-meditation-centre-spain-2\">\n        <div class=\"retreat-img\">\n      <a href=\"https:\/\/www.meditaenmalaga.org\/2026-05-29a31-templo\/\"><img decoding=\"async\" src=\"https:\/\/kadampafestivals.org\/wp-content\/uploads\/2026\/02\/MALAGA-1-1024x576.png\" width=\"380\" \/><\/a> \n        <\/div>\n        \n        <div class=\"retreat-desc\">\n        <h2><a href=\"https:\/\/www.meditaenmalaga.org\/2026-05-29a31-templo\/\">Kadampa Meditationszentrum Spanien<\/a><\/h2>\n              <p><strong>\n        \n \n    \n    \n    \n    \n    Mai 29 &ndash; 31\n    \n    \n\n\n           \n        <\/strong><\/p>\n\t\t<p>Ein langes Leben voller Verdienste und Gl\u00fcck<\/p>\n<p>Mit Gen Kelsang Lochani, ans\u00e4ssige Lehrerin des Kadampa Meditationszentrums Barcelona<br \/>W\u00e4hrend dieses Retreats hast du die M\u00f6glichkeit, die Segnungen des Festivals zu verinnerlichen und deine Praxis von Amitayus zu vertiefen, um Hindernisse f\u00fcr ein langes Leben zu reinigen und Verdienste anzusammeln, die notwendig sind, um ein sinnvolles, dem Dharma gewidmetes Leben aufrechtzuerhalten. Mit seiner Hilfe k\u00f6nnen wir tiefe Ruhe, Gesundheit und geistige Klarheit erfahren \u2013 wesentliche Voraussetzungen f\u00fcr unseren spirituellen Fortschritt.  <\/p>\n\n        <p><a style=\"font-size:20px; padding: 10px 20px; margin-bottom:20px; color:#fff; background-color:#1897D6;border-radius:2px;\" href=\"https:\/\/www.meditaenmalaga.org\/2026-05-29a31-templo\/\">More info<\/a><\/p>\n      <\/div>\n      <\/div><!-- Test -->  \n      <hr>\n\t\n      <div class=\"retreat\" id=\"nagarjuna-kmc-thornby-2\">\n        <div class=\"retreat-img\">\n      <a href=\"https:\/\/meditateinnorthants.com\/product\/post-spring-festival-retreat-29-may-31st-may\/\"><img decoding=\"async\" src=\"https:\/\/kadampafestivals.org\/wp-content\/uploads\/2026\/02\/NAGARJUNA-1024x576.png\" width=\"380\" \/><\/a> \n        <\/div>\n        \n        <div class=\"retreat-desc\">\n        <h2><a href=\"https:\/\/meditateinnorthants.com\/product\/post-spring-festival-retreat-29-may-31st-may\/\">Nagarjuna KMC, Thornby<\/a><\/h2>\n              <p><strong>\n        \n \n    \n    \n    \n    \n    Mai 29 &ndash; 31\n    \n    \n\n\n           \n        <\/strong><\/p>\n\t\t<p>Acht Schritte zum Gl\u00fcck<\/p>\n<p>Mit Gen Kelsang Chogka, Zentrumslehrerin am KMC Spanien und Nationaler Spiritueller Leiterin f\u00fcr Spanien und Portugal <\/p>\n<p>\u00dcbe darin, ein liebendes Herz zu entwickeln. Durch Meditation kannst du die Tiefe deines mitf\u00fchlenden Handelns erfahren. Dieser Kurzretreat basiert auf den Unterweisungen des Internationalen NKT-IKBU Fr\u00fchlingsfestivals.   <\/p>\n\n        <p><a style=\"font-size:20px; padding: 10px 20px; margin-bottom:20px; color:#fff; background-color:#1897D6;border-radius:2px;\" href=\"https:\/\/meditateinnorthants.com\/product\/post-spring-festival-retreat-29-may-31st-may\/\">More info<\/a><\/p>\n      <\/div>\n      <\/div><!-- Test -->  \n      <hr>\n\t\n      <div class=\"retreat\" id=\"post-fruehlingsfestival-retreat\">\n        <div class=\"retreat-img\">\n      <a href=\"https:\/\/kadampafrance.org\/enseignement\/post-spring-festival-retreat-2026\/\"><img decoding=\"async\" src=\"https:\/\/kadampafestivals.org\/wp-content\/uploads\/2026\/02\/WEB-Post-festival-retreat-banners-1600-x-800-px-1-1024x576.png\" width=\"380\" \/><\/a> \n        <\/div>\n        \n        <div class=\"retreat-desc\">\n        <h2><a href=\"https:\/\/kadampafrance.org\/enseignement\/post-spring-festival-retreat-2026\/\">Kadampa Meditationszentrum Frankreich<\/a><\/h2>\n              <p><strong>\n        \n \n    \n    \n    \n    \n    Juni 2 &ndash; 7\n    \n    \n\n\n           \n        <\/strong><\/p>\n\t\t<p>Retreat nach dem Festival<\/p>\n<p>Gen Kelsang Tonglam ist der Nationale Spirituelle Leiter des Kadampa-Buddhismus in Ostasien und der ans\u00e4ssige Lehrer der Kadampa Meditationszentren in Hongkong und Taiwan<\/p>\n<p>Buddha Amitayus ist die Verk\u00f6rperung der Lebenskraft, des Verdienstes und der Weisheit aller Buddhas. Indem wir uns durch die Sadhana \u201aDas Yoga von Buddha Amitayus\u2018 auf ihn verlassen, erhalten wir besondere Segnungen, um unsere Lebensspanne, unseren Verdienst und unsere Weisheit vor\u00fcbergehend zu erh\u00f6hen. Letztlich erm\u00f6glicht uns diese Praxis, ein unermesslich langes Leben, den Vajra-K\u00f6rper, unermesslichen Verdienst, Erleuchtung sowie unermessliche Weisheit, das klare Licht, zu verwirklichen.  <\/p>\n\n        <p><a style=\"font-size:20px; padding: 10px 20px; margin-bottom:20px; color:#fff; background-color:#1897D6;border-radius:2px;\" href=\"https:\/\/kadampafrance.org\/enseignement\/post-spring-festival-retreat-2026\/\">More info<\/a><\/p>\n      <\/div>\n      <\/div><!-- Test -->  \n      <hr>\n\t\n      <div class=\"retreat\" id=\"tharpaland-kadampa-meditation-center-2\">\n        <div class=\"retreat-img\">\n      <a href=\"https:\/\/tharpaland.org\/events\/steps-to-happiness-post-spring-festival-retreat-2025-schritte-zum-glueck-post-fruehlingsfestival-retreat-2025\/\"><img decoding=\"async\" src=\"https:\/\/kadampafestivals.org\/wp-content\/uploads\/2026\/02\/Tharpaland-2-1024x576.png\" width=\"380\" \/><\/a> \n        <\/div>\n        \n        <div class=\"retreat-desc\">\n        <h2><a href=\"https:\/\/tharpaland.org\/events\/steps-to-happiness-post-spring-festival-retreat-2025-schritte-zum-glueck-post-fruehlingsfestival-retreat-2025\/\">Tharpaland Kadampa Meditation Center<\/a><\/h2>\n              <p><strong>\n        \n \n    \n    \n    Mai 29 &ndash; Juni 2\n    \n    \n    \n    \n\n\n           \n        <\/strong><\/p>\n\t\t<p>Schritte zum Gl\u00fcck<\/p>\n<p>Mit Gen Kelsang Devi, Zentrumslehrerin am KMC Schweiz und am Kailash IKRC<\/p>\n<p>Ankn\u00fcpfend an die Unterweisungen des Internationalen Fr\u00fchlingsfestivals 2025 wird uns Gen Devi durch Meditations\u00fcbungen der alten und beliebtesten buddhistischen Unterweisung \u201eAcht Verse der Geistesschulung\u201c f\u00fchren. Diese zeigen die wesentlichen Methoden, die Probleme und Schwierigkeiten des t\u00e4glichen Lebens in Gelegenheiten zu verwandeln, um authentische Liebe und Mitgef\u00fchl zu entwickeln und wahres, dauerhaftes Gl\u00fcck zu finden.<\/p>\n\n        <p><a style=\"font-size:20px; padding: 10px 20px; margin-bottom:20px; color:#fff; background-color:#1897D6;border-radius:2px;\" href=\"https:\/\/tharpaland.org\/events\/steps-to-happiness-post-spring-festival-retreat-2025-schritte-zum-glueck-post-fruehlingsfestival-retreat-2025\/\">More info<\/a><\/p>\n      <\/div>\n      <\/div><!-- Test -->  \n      <hr>\n\t\n      <div class=\"retreat\" id=\"ikrc-menorca-spanien\">\n        <div class=\"retreat-img\">\n      <a href=\"https:\/\/meditaenmenorca.org\/producto\/retiro-post-festival-primavera\/\"><img decoding=\"async\" src=\"https:\/\/kadampafestivals.org\/wp-content\/uploads\/2026\/02\/MENORCA-1024x576.png\" width=\"380\" \/><\/a> \n        <\/div>\n        \n        <div class=\"retreat-desc\">\n        <h2><a href=\"https:\/\/meditaenmenorca.org\/producto\/retiro-post-festival-primavera\/\">IKRC Menorca,Spanien<\/a><\/h2>\n              <p><strong>\n        \n \n    \n    \n    \n    \n    Mai 29 &ndash; 31\n    \n    \n\n\n           \n        <\/strong><\/p>\n\t\t<p>Die Quelle wahren Gl\u00fccks<\/p>\n<p>mit Gen Kelsang Dargyey, Zentrumslehrer im KMC Madrid<\/p>\n<p>Bei dieser Gelegenheit wird Gen Kelsang Dargyey uns in Meditationspraktiken anleiten, die es uns erm\u00f6glichen, alle Probleme und Herausforderungen unseres Alltags in Gelegenheiten zu verwandeln, echte Liebe und Mitgef\u00fchl zu entwickeln \u2013 auf der Grundlage der Unterweisungen, die wir beim NKT\u2013IKBU Fr\u00fchlingsfestival 2026 erhalten werden.<\/p>\n\n        <p><a style=\"font-size:20px; padding: 10px 20px; margin-bottom:20px; color:#fff; background-color:#1897D6;border-radius:2px;\" href=\"https:\/\/meditaenmenorca.org\/producto\/retiro-post-festival-primavera\/\">More info<\/a><\/p>\n      <\/div>\n      <\/div><!-- Test -->  \n      <hr>\n\t\n\t\n\t\n\t\n<\/div>\n\n\n","protected":false},"excerpt":{"rendered":"<p>NKT-IKBU INTERNATIONAL SPRING FESTIVAL 2026 MAY 22 &#8211; 27 Spring Menu Welcome The Founder Festival Teachings Teachers Program Festival experience Attending the festival online Volunteering Venue Booking Fees Accommodation Festival food and drink Translation and Assisted Needs Children &#038; young adults Travel information General information How to book Terms &#038; Conditions Post Festival Retreats ITP &#8230; <a title=\"Retreats nach dem Festival\" class=\"read-more\" href=\"https:\/\/kadampafestivals.org\/de\/fruehling\/retreats-nach-dem-festival\" aria-label=\"Mehr Informationen \u00fcber Retreats nach dem Festival\">Read more<\/a><\/p>\n","protected":false},"author":1,"featured_media":0,"parent":162385,"menu_order":0,"comment_status":"closed","ping_status":"closed","template":"","meta":{"footnotes":""},"wf_page_folders":[704],"class_list":["post-164317","page","type-page","status-publish"],"_links":{"self":[{"href":"https:\/\/kadampafestivals.org\/de\/wp-json\/wp\/v2\/pages\/164317","targetHints":{"allow":["GET"]}}],"collection":[{"href":"https:\/\/kadampafestivals.org\/de\/wp-json\/wp\/v2\/pages"}],"about":[{"href":"https:\/\/kadampafestivals.org\/de\/wp-json\/wp\/v2\/types\/page"}],"author":[{"embeddable":true,"href":"https:\/\/kadampafestivals.org\/de\/wp-json\/wp\/v2\/users\/1"}],"replies":[{"embeddable":true,"href":"https:\/\/kadampafestivals.org\/de\/wp-json\/wp\/v2\/comments?post=164317"}],"version-history":[{"count":17,"href":"https:\/\/kadampafestivals.org\/de\/wp-json\/wp\/v2\/pages\/164317\/revisions"}],"predecessor-version":[{"id":512278,"href":"https:\/\/kadampafestivals.org\/de\/wp-json\/wp\/v2\/pages\/164317\/revisions\/512278"}],"up":[{"embeddable":true,"href":"https:\/\/kadampafestivals.org\/de\/wp-json\/wp\/v2\/pages\/162385"}],"wp:attachment":[{"href":"https:\/\/kadampafestivals.org\/de\/wp-json\/wp\/v2\/media?parent=164317"}],"wp:term":[{"taxonomy":"wf_page_folders","embeddable":true,"href":"https:\/\/kadampafestivals.org\/de\/wp-json\/wp\/v2\/wf_page_folders?post=164317"}],"curies":[{"name":"wp","href":"https:\/\/api.w.org\/{rel}","templated":true}]}}