{"id":18290,"date":"2018-05-21T13:46:49","date_gmt":"2018-05-21T13:46:49","guid":{"rendered":"https:\/\/kadampafestivals.org?page_id=18290"},"modified":"2018-05-21T17:49:13","modified_gmt":"2018-05-21T17:49:13","slug":"cookies","status":"publish","type":"page","link":"https:\/\/kadampafestivals.org\/de\/cookies","title":{"rendered":"Cookies"},"content":{"rendered":"<h2>Verwendung von Cookies durch die NKT-IKBU<\/h2>\n<p>Cookies sind kleine Textdateien, die von besuchten Websites auf Ihrem Computer abgelegt werden. Sie werden h\u00e4ufig verwendet, um Websites zum Funktionieren zu bringen oder effizienter zu arbeiten und den Besitzern der Website Informationen zur Verf\u00fcgung zu stellen. Die folgende Tabelle erl\u00e4utert die von uns verwendeten Cookies und warum.<\/p>\n<p>&nbsp;<\/p>\n<table>\n<tbody>\n<tr>\n<td>Cookie<\/td>\n<td>Name<\/td>\n<td>Purpose<\/td>\n<\/tr>\n<tr>\n<td>Universal Analytics (Google)<\/td>\n<td>_ga<\/p>\n<p>_gali<\/p>\n<p>_gat_UA-29557290-1<\/p>\n<p>_gid<\/td>\n<td>Diese Cookies werden verwendet, um Informationen dar\u00fcber zu sammeln, wie Besucher unsere Website nutzen. Wir verwenden die Informationen, um Berichte zu erstellen und uns zu helfen, die Website zu verbessern. Die Cookies sammeln Informationen in anonymer Form, einschlie\u00dflich der Anzahl der Besucher der Website und des Blogs, von denen Besucher auf die Website gelangt sind, und der Seiten, die sie besucht haben.<\/p>\n<p><a href=\"https:\/\/support.google.com\/analytics\/answer\/6004245\">Lesen Sie den Google-\u00dcberblick \u00fcber Datenschutz und Datensicherung<\/a><\/td>\n<\/tr>\n<tr>\n<td>Cloudflare<\/td>\n<td>__cfduid<\/td>\n<td>Der Cookie wird verwendet, um einzelne Clients hinter einer freigegebenen IP-Adresse zu identifizieren und Sicherheitseinstellungen auf Clientbasis anzuwenden. Wenn sich der Besucher zum Beispiel in einem Caf\u00e9 befindet, in dem sich eine Reihe infizierter Computer befindet, aber der Computer des bestimmten Besuchers vertrauensw\u00fcrdig ist (z. B. weil er eine Challenge innerhalb der Challenge Passage-Periode abgeschlossen hat), k\u00f6nnen wir dies anhand des Cookies diesen Kunde\u00a0erkennen\u00a0und fordern ihn nicht erneut heraus. Es entspricht keiner Benutzer-ID in Ihrer Webanwendung und speichert keine personenbezogenen Daten.<\/p>\n<p><a href=\"https:\/\/www.cloudflare.com\/security-policy\/\">Lesen Sie die Datenschutz- und Sicherheitsrichtlinien von CloudFlare.<\/a><\/td>\n<\/tr>\n<tr>\n<td>YouTube cookies<\/td>\n<td>PREF*<\/p>\n<p>VSC*<\/p>\n<p>VISITOR_INFO1_LIVE*<\/p>\n<p>remote_sid*<\/td>\n<td>Wir integrieren Videos von unserem offiziellen YouTube-Kanal mithilfe des Datenschutzmodus von YouTube. Dieser Modus setzt m\u00f6glicherweise Cookies auf Ihrem Computer, nachdem Sie auf den YouTube-Videoplayer geklickt haben. YouTube speichert jedoch keine pers\u00f6nlich identifizierbaren Cookie-Informationen f\u00fcr die Wiedergabe von eingebetteten Videos im Datenschutzmodus.<\/p>\n<p>Weitere Informationen finden Sie auf der <a href=\"http:\/\/www.google.com\/support\/youtube\/bin\/answer.py?hl=en-GB&amp;answer=171780\">YouTube-Website zum Einbetten von Videos<\/a>.<\/p>\n<p>PREF &#8211; * L\u00e4uft nach acht Monaten ab<\/p>\n<p>VSC &#8211; * l\u00e4uft am Ende Ihrer Sitzung ab.<\/p>\n<p>VISITOR_INFO1_LIVE &#8211; *L\u00e4uft nach acht Monaten ab<\/p>\n<p>remote_sid &#8211; * expires at the end of your session<\/td>\n<\/tr>\n<\/tbody>\n<\/table>\n<p>&nbsp;<\/p>\n<h2>Wie \u00e4ndere ich meine Cookie-Einstellungen?<\/h2>\n<p>Die meisten Webbrowser erlauben eine Kontrolle der meisten Cookies \u00fcber die Browsereinstellungen. Um mehr \u00fcber Cookies zu erfahren und zu sehen, welche Cookies gesetzt wurden, besuchen Sie\u00a0<a href=\"http:\/\/www.aboutcookies.org\/\">www.aboutcookies.org<\/a> oder <a href=\"http:\/\/www.allaboutcookies.org\/\">www.allaboutcookies.org<\/a>.<\/p>\n<p>Erfahren Sie, wie Sie Cookies in g\u00e4ngigen Browsern verwalten:<\/p>\n<ul>\n<li><a href=\"https:\/\/support.google.com\/accounts\/answer\/61416?co=GENIE.Platform%3DDesktop&amp;hl=en\">Google Chrome<\/a><\/li>\n<li><a href=\"https:\/\/privacy.microsoft.com\/en-us\/windows-10-microsoft-edge-and-privacy\">Microsoft Edge<\/a><\/li>\n<li><a href=\"https:\/\/support.mozilla.org\/en-US\/kb\/enable-and-disable-cookies-website-preferences\">Mozilla Firefox<\/a><\/li>\n<li><a href=\"https:\/\/support.microsoft.com\/en-gb\/help\/17442\/windows-internet-explorer-delete-manage-cookies\">Microsoft Internet Explorer<\/a><\/li>\n<li><a href=\"https:\/\/www.opera.com\/help\/tutorials\/security\/privacy\/\">Opera<\/a><\/li>\n<li><a href=\"https:\/\/support.apple.com\/kb\/ph21411?locale=en_US\">Apple Safari<\/a><\/li>\n<\/ul>\n<p>Informationen zu anderen Browsern finden Sie auf der Website des Browser-Entwicklers.<\/p>\n<p>Wenn Sie nicht auf allen Websites von Google Analytics erfasst werden m\u00f6chten, besuchen Sie <a href=\"http:\/\/tools.google.com\/dlpage\/gaoptout\">http:\/\/tools.google.com\/dlpage\/gaoptout<\/a>.<\/p>\n<p>Wir planen, unser Cookie-Tool zu verbessern, damit Benutzer ihre Cookie-Einstellungen nach der ersten Auswahl einfacher \u00e4ndern k\u00f6nnen.<\/p>\n","protected":false},"excerpt":{"rendered":"<p>Verwendung von Cookies durch die NKT-IKBU Cookies sind kleine Textdateien, die von besuchten Websites auf Ihrem Computer abgelegt werden. Sie werden h\u00e4ufig verwendet, um Websites zum Funktionieren zu bringen oder effizienter zu arbeiten und den Besitzern der Website Informationen zur Verf\u00fcgung zu stellen. Die folgende Tabelle erl\u00e4utert die von uns verwendeten Cookies und warum. &nbsp; &#8230; <a title=\"Cookies\" class=\"read-more\" href=\"https:\/\/kadampafestivals.org\/de\/cookies\" aria-label=\"Mehr Informationen \u00fcber Cookies\">Read more<\/a><\/p>\n","protected":false},"author":1,"featured_media":0,"parent":0,"menu_order":0,"comment_status":"closed","ping_status":"closed","template":"","meta":{"footnotes":""},"wf_page_folders":[],"class_list":["post-18290","page","type-page","status-publish"],"_links":{"self":[{"href":"https:\/\/kadampafestivals.org\/de\/wp-json\/wp\/v2\/pages\/18290","targetHints":{"allow":["GET"]}}],"collection":[{"href":"https:\/\/kadampafestivals.org\/de\/wp-json\/wp\/v2\/pages"}],"about":[{"href":"https:\/\/kadampafestivals.org\/de\/wp-json\/wp\/v2\/types\/page"}],"author":[{"embeddable":true,"href":"https:\/\/kadampafestivals.org\/de\/wp-json\/wp\/v2\/users\/1"}],"replies":[{"embeddable":true,"href":"https:\/\/kadampafestivals.org\/de\/wp-json\/wp\/v2\/comments?post=18290"}],"version-history":[{"count":3,"href":"https:\/\/kadampafestivals.org\/de\/wp-json\/wp\/v2\/pages\/18290\/revisions"}],"predecessor-version":[{"id":18316,"href":"https:\/\/kadampafestivals.org\/de\/wp-json\/wp\/v2\/pages\/18290\/revisions\/18316"}],"wp:attachment":[{"href":"https:\/\/kadampafestivals.org\/de\/wp-json\/wp\/v2\/media?parent=18290"}],"wp:term":[{"taxonomy":"wf_page_folders","embeddable":true,"href":"https:\/\/kadampafestivals.org\/de\/wp-json\/wp\/v2\/wf_page_folders?post=18290"}],"curies":[{"name":"wp","href":"https:\/\/api.w.org\/{rel}","templated":true}]}}