{"id":18295,"date":"2018-05-21T13:47:53","date_gmt":"2018-05-21T13:47:53","guid":{"rendered":"https:\/\/kadampafestivals.org?page_id=18295"},"modified":"2018-05-21T18:25:42","modified_gmt":"2018-05-21T18:25:42","slug":"privacy-notice","status":"publish","type":"page","link":"https:\/\/kadampafestivals.org\/de\/privacy-notice","title":{"rendered":"Datenschutzerkl\u00e4rung"},"content":{"rendered":"<p>Datum des Inkrafttretens: 25. Mai 2018<\/p>\n<p><span lang=\"de\">Dieser Datenschutzhinweis sagt Ihnen, was Sie erwarten k\u00f6nnen, wenn der Verein\u00a0 New Kadampa Tradition &#8211; International Buddhist Union (NKT-IKBU) pers\u00f6nliche Informationen sammelt. Es gilt f\u00fcr Informationen, die wir sammeln \u00fcber:<\/span><\/p>\n<ul>\n<li><a href=\"#your-info\">Wie wir Ihre Informationen verwenden<\/a>\n<ul>\n<li><a href=\"#website-visitors\">Besucher unserer Websites<\/a>\n<ul>\n<li><a href=\"#cookies\">Verwendung von Cookies durch die NKT-IKBU<\/a><\/li>\n<li><a href=\"#search-engine\">Zentrumssuchmachine<\/a><\/li>\n<li><a href=\"#enewsletters\">E-Newsletter<\/a><\/li>\n<li><a href=\"#security\">Sicherheit und Leistung<\/a><\/li>\n<\/ul>\n<\/li>\n<li><a href=\"#booking-system\">Personen, die unser Online-Buchungssystem nutzen<\/a><\/li>\n<li><a href=\"#volunteering-visitor\">Personen, die eine Anwendung f\u00fcr einen freiwilligen Besucher senden<br \/>\n<\/a><\/li>\n<li><a href=\"#photos\">Fotos w\u00e4hrend der Veranstaltungen<\/a><\/li>\n<li><a href=\"#email\">Personen, die uns eine Email schreiben <\/a><\/li>\n<\/ul>\n<\/li>\n<li><a href=\"#data-retention\">Wie lange wir Ihre Informationen behalten<\/a><\/li>\n<li><a href=\"#your-rights\">Ihre Rechte<\/a><\/li>\n<li><a href=\"#links\">Links zu anderen Webseiten<\/a><\/li>\n<li><a href=\"#changes\">Zugriff auf und \u00c4nderung Ihrer pers\u00f6nlichen Daten<\/a><\/li>\n<li><a href=\"#changes\">\u00c4nderungen dieser Datenschutzerkl\u00e4rung<\/a><\/li>\n<li><a href=\"#what-you-do\">Was Sie tun k\u00f6nnen<\/a><\/li>\n<li><a href=\"#contact\">Wie Sie uns erreichen<\/a><\/li>\n<\/ul>\n<h3><span lang=\"de\">Wie wir Ihre Informationen verwenden<\/span><\/h3>\n<h4 id=\"website-visitors\">Besucher unserer Websites<\/h4>\n<p><strong>Verwendung von Cookies durch die NKT-IKBU\u00a0\u00a0<\/strong><\/p>\n<p><strong id=\"cookies\"><\/strong>Auf unserer\u00a0<a href=\"https:\/\/manjushri.org\/cookies\">Cookies-Seite\u00a0<\/a><span lang=\"de\">\u00a0k\u00f6nnen Sie mehr dar\u00fcber erfahren, wie wir Cookies verwenden.<\/span><\/p>\n<p><strong id=\"search-engine\">Zentrumssuchmaschine<\/strong><br \/>\n<span lang=\"de\">Die Zentrumssuchmaschine wird von Google Maps betrieben. Suchanfragen und Ergebnisse werden anonym protokolliert, um die Website- und Suchfunktionalit\u00e4t zu verbessern. Von der NKT-IKBU werden keine benutzerspezifischen Daten gesammelt.<\/span><\/p>\n<p><strong id=\"enewsletters\">E-Newsletter<\/strong><br \/>\nNKT-IKBU verwendet einen Drittanbieter, MailChimp, um unsere E-Newsletter zu liefern. Statistiken zur E-Mail-\u00d6ffnung und -Clicks mithilfe von Industriestandard-Technologien, einschlie\u00dflich Clear Gifs, helfen uns, unseren E-Newsletter zu \u00fcberwachen und zu verbessern. Weitere Informationen finden Sie in der\u00a0<a href=\"https:\/\/mailchimp.com\/legal\/privacy\/\">Datenschutzerkl\u00e4rung von MailChimp<\/a>.<\/p>\n<p><strong id=\"security\">Sicherheit und Leistung\u00a0<\/strong><br \/>\n<span lang=\"de\">NKT-IKBU verwendet einen Drittanbieterdienst, um die Sicherheit und Leistung der kadampafestivals.org-Website zu gew\u00e4hrleisten. Um diesen Dienst zu liefern, verarbeitet er die IP-Adressen der Besucher der Website kadampafestivals.org.<\/span><\/p>\n<h4 id=\"booking-system\">Personen, die unser Online-Buchungssystem nutzen<\/h4>\n<p>Gesammelte und verarbeitete Informationen sind notwendig, um Ihre Buchung zu verwalten und zu verwalten sowie die Planung von Veranstaltungen zu erleichtern. Wir k\u00f6nnen Sie per E-Mail oder Telefon bez\u00fcglich Ihrer Buchung kontaktieren. Wir k\u00f6nnen Ihnen auch E-Newsletter mit Informationen \u00fcber die von Ihnen gebuchte Veranstaltung oder zuk\u00fcnftige Veranstaltungen zusenden.<\/p>\n<p>Wir verwenden einen Drittanbieter, WorldPay, um Zahlungsinformationen zu verarbeiten. Weitere Informationen finden Sie in der Datenschutzrichtlinie von <a href=\"https:\/\/www.worldpay.com\/uk\/privacy-policy\">WorldPay<\/a>.<\/p>\n<h4 id=\"volunteering-visitor\">Personen, die sich f\u00fcr einen Besuch als Freiwilliger anmelden.<\/h4>\n<p>Informationen, die gesammelt und verarbeitet werden, sind notwendig, um Ihre Bewerbung und Ihre tats\u00e4chliche Erfahrung als Freiwilliger zu verwalten und zu verwalten. Wir k\u00f6nnen Sie per E-Mail oder Telefon bez\u00fcglich Ihrer Bewerbung kontaktieren. Wir verwenden einen Drittanbieter, JotForm, um unser Antragsformular f\u00fcr freiwillige Besucher bereitzustellen. Weitere Informationen finden Sie in der Datenschutzinformation von \u00a0<a href=\"https:\/\/www.jotform.com\/privacy\/\">JotForm<\/a><span lang=\"de\">.<\/span><\/p>\n<h4 id=\"photos\">Fotos w\u00e4hrend Veranstaltungen<\/h4>\n<p>Bilder k\u00f6nnen w\u00e4hrend Veranstaltungen, die von dem Verein NKT-IKBU organisiert und veranstaltet werden, mit Filmaufnahmen, digitaler Fotografie, Video oder einem anderen Medium aufgenommen werden und auf der Website, Veranstaltungswerbung oder Brosch\u00fcren, anderem Werbematerial (wie internen und externen Newslettern) verwendet werden. und kann den Medien zur Ver\u00f6ffentlichung in lokalen oder \u00fcberregionalen Zeitungen oder Magazinen und anderen Quellen zur Verf\u00fcgung gestellt werden. Die NKT-IKBU erkennt ihre Verantwortung bei der Erfassung von Bildern durch Fotografie oder andere Mittel gem\u00e4\u00df geltendem Recht an.<\/p>\n<h4 id=\"email\">Personen, die uns eine Email schreiben<\/h4>\n<p><span lang=\"de\">Transport Layer Security (TLS) wird verwendet, um den E-Mail-Verkehr gem\u00e4\u00df staatlichen Standards zu verschl\u00fcsseln und zu sch\u00fctzen. Wenn Ihr E-Mail-Dienst TLS nicht unterst\u00fctzt, sollten Sie beachten, dass alle E-Mails, die wir senden oder empfangen, m\u00f6glicherweise nicht gesch\u00fctzt sind.<\/span><\/p>\n<p>Wir \u00fcberwachen alle an uns gesendeten E-Mails, einschlie\u00dflich Dateianh\u00e4nge, auf Viren oder b\u00f6sartige Software. Bitte beachten Sie, dass Sie daf\u00fcr verantwortlich sind, dass die von Ihnen gesendeten E-Mails den gesetzlichen Bestimmungen entsprechen.<\/p>\n<h3 id=\"data-retention\">Wie lange wir Ihre Informationen behalten<\/h3>\n<p>Ihre Daten werden zu gesetzlichen Aufbewahrungszwecken f\u00fcr einen Zeitraum von 6 Jahren plus dem laufenden Jahr aufbewahrt. Nach dieser Zeit werden Ihre pers\u00f6nlichen Daten gel\u00f6scht oder, wenn Daten f\u00fcr statistische Zwecke ben\u00f6tigt werden, anonymisiert, es sei denn, wir sind gesetzlich dazu verpflichtet, sie l\u00e4nger zu behalten.<\/p>\n<p>Ihre f\u00fcr Marketingzwecke verwendeten Informationen werden so lange gespeichert, bis Sie uns mitteilen, dass Sie diese Informationen nicht mehr erhalten m\u00f6chten.<\/p>\n<h3 id=\"links\">Links zu anderen Webseiten<\/h3>\n<p>Diese Datenschutzerkl\u00e4rung bezieht sich nicht auf die Links innerhalb dieser Website, die auf andere Websites verweisen. Wir empfehlen Ihnen, die Datenschutzerkl\u00e4rungen auf den anderen von Ihnen besuchten Websites zu lesen.<\/p>\n<h3><span lang=\"de\">\u00c4nderungen dieser Datenschutzerkl\u00e4rung<\/span><\/h3>\n<p>We keep our privacy notice under regular review. This privacy notice was last updated on 21 May 2018.<\/p>\n<h3 id=\"amending\">Zugriff auf und \u00c4nderung Ihrer pers\u00f6nlichen Daten<\/h3>\n<p>Sie k\u00f6nnen uns bitten, Informationen zu korrigieren oder zu entfernen, die wir an Ihnen haben. Bitte kontaktieren Sie uns unter Verwendung der folgenden Details<\/p>\n<h3 id=\"what-you-do\">Was Sie tun k\u00f6nnen<\/h3>\n<p>Wenn Sie nicht zufrieden damit sind, wie wir Ihre Anfrage bearbeitet haben, k\u00f6nnen Sie eine Beschwerde beim B\u00fcro des Informationsbeauftragten\u00a0\u00a0<a href=\"https:\/\/ico.org.uk\">ico.org.uk<\/a> einreichen.<\/p>\n<h3 id=\"contact\">Wie Sie uns erreichen<\/h3>\n<p>Wenn Sie Informationen \u00fcber unsere Datenschutzlinie anfordern m\u00f6chten, k\u00f6nnen Sie uns eine E-Mail an <a href=\"mailto:data@kadampa.org\">data@kadampa.org<\/a>\u00a0senden oder schreiben Sie an:<\/p>\n<p>New Kadampa Tradition &#8211; International Buddhist Union<br \/>\nConishead Priory<br \/>\nUlverston<br \/>\nCumbria<br \/>\nLA12 9QQ<\/p>\n<p>New Kadampa Tradition &#8211; International Kadampa Buddhist Union, UK eingetragener Verein (1015054 (England)).<\/p>\n<p>&nbsp;<\/p>\n","protected":false},"excerpt":{"rendered":"<p>Datum des Inkrafttretens: 25. Mai 2018 Dieser Datenschutzhinweis sagt Ihnen, was Sie erwarten k\u00f6nnen, wenn der Verein\u00a0 New Kadampa Tradition &#8211; International Buddhist Union (NKT-IKBU) pers\u00f6nliche Informationen sammelt. Es gilt f\u00fcr Informationen, die wir sammeln \u00fcber: Wie wir Ihre Informationen verwenden Besucher unserer Websites Verwendung von Cookies durch die NKT-IKBU Zentrumssuchmachine E-Newsletter Sicherheit und Leistung &#8230; <a title=\"Datenschutzerkl\u00e4rung\" class=\"read-more\" href=\"https:\/\/kadampafestivals.org\/de\/privacy-notice\" aria-label=\"Mehr Informationen \u00fcber Datenschutzerkl\u00e4rung\">Read more<\/a><\/p>\n","protected":false},"author":1,"featured_media":0,"parent":0,"menu_order":0,"comment_status":"closed","ping_status":"closed","template":"","meta":{"footnotes":""},"wf_page_folders":[],"class_list":["post-18295","page","type-page","status-publish"],"_links":{"self":[{"href":"https:\/\/kadampafestivals.org\/de\/wp-json\/wp\/v2\/pages\/18295","targetHints":{"allow":["GET"]}}],"collection":[{"href":"https:\/\/kadampafestivals.org\/de\/wp-json\/wp\/v2\/pages"}],"about":[{"href":"https:\/\/kadampafestivals.org\/de\/wp-json\/wp\/v2\/types\/page"}],"author":[{"embeddable":true,"href":"https:\/\/kadampafestivals.org\/de\/wp-json\/wp\/v2\/users\/1"}],"replies":[{"embeddable":true,"href":"https:\/\/kadampafestivals.org\/de\/wp-json\/wp\/v2\/comments?post=18295"}],"version-history":[{"count":4,"href":"https:\/\/kadampafestivals.org\/de\/wp-json\/wp\/v2\/pages\/18295\/revisions"}],"predecessor-version":[{"id":18318,"href":"https:\/\/kadampafestivals.org\/de\/wp-json\/wp\/v2\/pages\/18295\/revisions\/18318"}],"wp:attachment":[{"href":"https:\/\/kadampafestivals.org\/de\/wp-json\/wp\/v2\/media?parent=18295"}],"wp:term":[{"taxonomy":"wf_page_folders","embeddable":true,"href":"https:\/\/kadampafestivals.org\/de\/wp-json\/wp\/v2\/wf_page_folders?post=18295"}],"curies":[{"name":"wp","href":"https:\/\/api.w.org\/{rel}","templated":true}]}}