{"id":143414,"date":"2022-01-28T10:32:59","date_gmt":"2022-01-28T10:32:59","guid":{"rendered":"https:\/\/kadampafestivals.org\/primavera-2\/terminos-condiciones-online"},"modified":"2023-09-28T22:01:52","modified_gmt":"2023-09-28T22:01:52","slug":"terminos-condiciones-online","status":"publish","type":"page","link":"https:\/\/kadampafestivals.org\/es\/otono\/terminos-condiciones-online","title":{"rendered":"T\u00e9rminos y condiciones de reserva ~ Participando en l\u00ednea"},"content":{"rendered":"\n\n\t\t\t\t<img loading=\"lazy\" decoding=\"async\" src=\"https:\/\/kadampafestivals.org\/wp-content\/uploads\/2022\/10\/Banner-FALL-Festival-23-SPANISH.jpg\" alt=\"Banner-FALL-Festival-23\" itemprop=\"image\" height=\"397\" width=\"1134\" title=\"Banner-FALL-Festival-23\" onerror=\"this.style.display='none'\"  \/>\n\t\t\t<h3><strong><a href=\"https:\/\/kadampabookings.org\/frontend\/?eventid=1152&amp;lang=es\">Reserve para asistir al Festival en persona \u2192<\/a><\/strong><\/h3>\n<p>&nbsp;<\/p>\n<h3><a href=\"https:\/\/kadampabookings.org\/frontend\/?eventid=1153&amp;lang=es\"><strong>Reservar para asistir al Festival en l\u00ednea \u2192<\/strong><\/a><\/h3>\n\t\t\t<a href=\"void(0)\" target=\"_self\" aria-label=\"Inscribirse ahora\" rel=\"noopener\">\n\t\t\t\t\t\t\tInscribirse ahora\n\t\t<\/a>\nFall Menu\t\t\t\n\t\t\t\t\t<ul id=\"menu-fall-festival-spanish\"><li id=\"menu-item-152255\"><a href=\"https:\/\/kadampafestivals.org\/es\/otono\">Festival de Otono 2023<\/a><\/li>\n<li id=\"menu-item-151865\"><a href=\"https:\/\/kadampafestivals.org\/es\/otono\/el-fundador\">El fundador<\/a><\/li>\n<li id=\"menu-item-36132\"><a href=\"#\">Festival<\/a>\n<ul>\n\t<li id=\"menu-item-151866\"><a href=\"https:\/\/kadampafestivals.org\/es\/otono\/ensenanzas-festival\">Ense\u00f1anzas durante el Festival de Oto\u00f1o<\/a><\/li>\n\t<li id=\"menu-item-151867\"><a href=\"https:\/\/kadampafestivals.org\/es\/otono\/maestros\">Los maestros del Festival de Oto\u00f1o<\/a><\/li>\n\t<li id=\"menu-item-151868\"><a href=\"https:\/\/kadampafestivals.org\/es\/otono\/programa\">El programa<\/a><\/li>\n\t<li id=\"menu-item-151869\"><a href=\"https:\/\/kadampafestivals.org\/es\/otono\/experiencia-festival-presencial\">La experiencia de participar de un festival &#8211; Presencial<\/a><\/li>\n\t<li id=\"menu-item-153045\"><a href=\"https:\/\/kadampafestivals.org\/es\/otono\/visita-granada\">Visita organizada a Granada<\/a><\/li>\n\t<li id=\"menu-item-152181\"><a href=\"https:\/\/kadampafestivals.org\/es\/otono\/festival-vida-online\">Participa del festival en l\u00ednea<\/a><\/li>\n\t<li id=\"menu-item-151870\"><a href=\"https:\/\/kadampafestivals.org\/es\/otono\/voluntariado\">Voluntariado en el Festival de Oto\u00f1o<\/a><\/li>\n<\/ul>\n<\/li>\n<li id=\"menu-item-151871\"><a href=\"https:\/\/kadampafestivals.org\/es\/otono\/lugar-festival\">El recinto<\/a><\/li>\n<li id=\"menu-item-36136\"><a href=\"#\">Inscripciones<\/a>\n<ul>\n\t<li id=\"menu-item-151872\"><a href=\"https:\/\/kadampafestivals.org\/es\/otono\/libro\">C\u00f3mo reservar<\/a><\/li>\n\t<li id=\"menu-item-151873\"><a href=\"https:\/\/kadampafestivals.org\/es\/otono\/terminos-condiciones-de-reserva-en-persona\">T\u00e9rminos y condiciones de reserva ~ Participando de forma presencial<\/a><\/li>\n\t<li id=\"menu-item-151874\"><a href=\"https:\/\/kadampafestivals.org\/es\/otono\/terminos-condiciones-online\">T\u00e9rminos y condiciones de reserva ~ Participando en l\u00ednea<\/a><\/li>\n\t<li id=\"menu-item-151915\"><a href=\"https:\/\/kadampafestivals.org\/es\/otono\/alojamiento\">Alojamiento<\/a><\/li>\n\t<li id=\"menu-item-151916\"><a href=\"https:\/\/kadampafestivals.org\/es\/otono\/comidas\">Comidas<\/a><\/li>\n\t<li id=\"menu-item-151917\"><a href=\"https:\/\/kadampafestivals.org\/es\/otono\/traduccion-necesidades-especiales\">Traducci\u00f3n y necesidades especiales<\/a><\/li>\n\t<li id=\"menu-item-151918\"><a href=\"https:\/\/kadampafestivals.org\/es\/otono\/tarifa\">Tarifas del Festival de Oto\u00f1o<\/a><\/li>\n\t<li id=\"menu-item-152256\"><a href=\"https:\/\/kadampafestivals.org\/es\/otono\/tarifa-2\">Tarifas del Festival de Oto\u00f1o &#8211; En l\u00ednea<\/a><\/li>\n\t<li id=\"menu-item-151919\"><a href=\"https:\/\/kadampafestivals.org\/es\/otono\/festivales-ninos\">Ni\u00f1os y j\u00f3venes<\/a><\/li>\n\t<li id=\"menu-item-151920\"><a href=\"https:\/\/kadampafestivals.org\/es\/otono\/aparcamiento\">Aparcamiento<\/a><\/li>\n\t<li id=\"menu-item-151921\"><a href=\"https:\/\/kadampafestivals.org\/es\/otono\/informacion-viaje\">Informaci\u00f3n de viaje<\/a><\/li>\n\t<li id=\"menu-item-151922\"><a href=\"https:\/\/kadampafestivals.org\/es\/otono\/informacion-general\">Informaci\u00f3n General<\/a><\/li>\n<\/ul>\n<\/li>\n<li id=\"menu-item-151923\"><a href=\"https:\/\/kadampafestivals.org\/es\/otono\/retiros-post-festival\">Retiros post Festival<\/a><\/li>\n<li id=\"menu-item-151924\"><a href=\"https:\/\/kadampafestivals.org\/es\/otono\/templos\">ITP<\/a><\/li>\n<li id=\"menu-item-151929\"><a href=\"https:\/\/kadampafestivals.org\/es\/otono\/info-contacto\">Contacto<\/a><\/li>\n<\/ul>\t\n\t<h1>\n\t\tT\u00e9rminos y condiciones de reserva ~ Participando en l\u00ednea\n\t<\/h1>\n\t<table>\n<tbody>\n<tr>\n<td width=\"972\">LEA ATENTAMENTE LA SIGUIENTE INFORMACI\u00d3N<\/td>\n<\/tr>\n<\/tbody>\n<\/table>\n<p><strong>Es necesario registrarse:<\/strong>\u00a0Los enlaces est\u00e1n destinados \u00fanicamente al destinatario registrado y no deben compartirse.<\/p>\n<p><strong>Las reservas no pueden transferirse a otra persona.\u00a0<\/strong><\/p>\n<p><strong>C\u00f3mo hacer una reserva:<\/strong> Las instrucciones paso a paso se encuentran en la p\u00e1gina \u00abC\u00f3mo reservar\u00bb.<\/p>\n<p><strong>Pol\u00edtica de pago y reembolso:<\/strong> Por favor, lea atentamente la siguiente informaci\u00f3n.<\/p>\n<ul>\n<li><strong>Las reservas son para todo el evento.<\/strong><\/li>\n<li><strong>Reservas realizadas hasta el 21 de septiembre: <\/strong>Se requiere un dep\u00f3sito m\u00ednimo del 25% en el momento de la reserva. \u00a0Las reservas sin el dep\u00f3sito m\u00ednimo se cancelar\u00e1n autom\u00e1ticamente despu\u00e9s de 72 horas, tras lo cual ser\u00e1 necesario hacer una nueva reserva.<\/li>\n<li><strong>Reservas realizadas a partir del 22 de septiembre:<\/strong> requieren el pago completo en el momento de la reserva.<\/li>\n<li><strong>Cancelaciones:<\/strong> Se retendr\u00e1 una tasa administrativa de 10 Euros para todas las cancelaciones hasta las 23:59 horas CEST (hora de verano de Europa Central) del mi\u00e9rcoles 2 de octubre. Despu\u00e9s de esta fecha, todas las tarifas no son reembolsables.<\/li>\n<\/ul>\n<p><strong>Traducci\u00f3n:<\/strong> Todas las ense\u00f1anzas, meditaciones y sesiones de retiro se realizar\u00e1n en ingl\u00e9s. La traducci\u00f3n de audio a varios idiomas estar\u00e1 disponible en los v\u00eddeos a la carta. Consulte la p\u00e1gina de <a href=\"https:\/\/kadampafestivals.org\/es\/traduccion-necesidades-especiales\">Traducci\u00f3n<\/a> para conocer los idiomas disponibles.<\/p>\n<p><strong>Grabaciones de audio:<\/strong> Pueden adquirirse en el momento de la reserva, o a\u00f1adirse al carrito m\u00e1s tarde. La fecha l\u00edmite para la compra de grabaciones de audio es el 12 de noviembre de 2023.\u00a0 Las grabaciones s\u00f3lo pueden adquirirse para las sesiones a las que se haya inscrito.\u00a0 Las grabaciones son para uso exclusivo del destinatario inscrito y no deben compartirse. Las grabaciones de audio son s\u00f3lo de las sesiones de ense\u00f1anza y no incluyen las sesiones de meditaci\u00f3n guiada o de retiro.<\/p>\n<p><strong>Las grabaciones de v\u00eddeo de las sesiones:<\/strong> Estar\u00e1n disponibles en l\u00ednea hasta las 23:59 horas CEST (hora de Europa Central) del 31 de octubre, esto excluye la sesi\u00f3n de Iniciaci\u00f3n que s\u00f3lo estar\u00e1 disponible durante 24 horas desde que los enlaces se hayan hecho en vivo. (48 horas despu\u00e9s de la sesi\u00f3n original).<\/p>\n\n","protected":false},"excerpt":{"rendered":"<p>Reserve para asistir al Festival en persona \u2192 &nbsp; Reservar para asistir al Festival en l\u00ednea \u2192 Inscribirse ahora Fall Menu Festival de Otono 2023 El fundador Festival Ense\u00f1anzas durante el Festival de Oto\u00f1o Los maestros del Festival de Oto\u00f1o El programa La experiencia de participar de un festival &#8211; Presencial Visita organizada a Granada &#8230; <a title=\"T\u00e9rminos y condiciones de reserva ~ Participando en l\u00ednea\" class=\"read-more\" href=\"https:\/\/kadampafestivals.org\/es\/otono\/terminos-condiciones-online\" aria-label=\"Leer m\u00e1s sobre T\u00e9rminos y condiciones de reserva ~ Participando en l\u00ednea\">Read more<\/a><\/p>\n","protected":false},"author":1,"featured_media":0,"parent":152080,"menu_order":11,"comment_status":"closed","ping_status":"closed","template":"","meta":{"footnotes":""},"wf_page_folders":[580],"class_list":["post-143414","page","type-page","status-publish"],"_links":{"self":[{"href":"https:\/\/kadampafestivals.org\/es\/wp-json\/wp\/v2\/pages\/143414","targetHints":{"allow":["GET"]}}],"collection":[{"href":"https:\/\/kadampafestivals.org\/es\/wp-json\/wp\/v2\/pages"}],"about":[{"href":"https:\/\/kadampafestivals.org\/es\/wp-json\/wp\/v2\/types\/page"}],"author":[{"embeddable":true,"href":"https:\/\/kadampafestivals.org\/es\/wp-json\/wp\/v2\/users\/1"}],"replies":[{"embeddable":true,"href":"https:\/\/kadampafestivals.org\/es\/wp-json\/wp\/v2\/comments?post=143414"}],"version-history":[{"count":5,"href":"https:\/\/kadampafestivals.org\/es\/wp-json\/wp\/v2\/pages\/143414\/revisions"}],"predecessor-version":[{"id":153344,"href":"https:\/\/kadampafestivals.org\/es\/wp-json\/wp\/v2\/pages\/143414\/revisions\/153344"}],"up":[{"embeddable":true,"href":"https:\/\/kadampafestivals.org\/es\/wp-json\/wp\/v2\/pages\/152080"}],"wp:attachment":[{"href":"https:\/\/kadampafestivals.org\/es\/wp-json\/wp\/v2\/media?parent=143414"}],"wp:term":[{"taxonomy":"wf_page_folders","embeddable":true,"href":"https:\/\/kadampafestivals.org\/es\/wp-json\/wp\/v2\/wf_page_folders?post=143414"}],"curies":[{"name":"wp","href":"https:\/\/api.w.org\/{rel}","templated":true}]}}