{"id":152080,"date":"2022-07-29T15:20:49","date_gmt":"2022-07-29T14:20:49","guid":{"rendered":"https:\/\/kadampafestivals.org\/otono-3"},"modified":"2025-11-10T17:41:48","modified_gmt":"2025-11-10T17:41:48","slug":"otono","status":"publish","type":"page","link":"https:\/\/kadampafestivals.org\/es\/otono","title":{"rendered":"Festival de Oto\u00f1o 2026"},"content":{"rendered":"\n\n<h2>\n\t\t\tNTK-UIBK INTERNACIONAL\t<\/h2>\n\t\t\t\t<img decoding=\"async\" loading='lazy' src=\"https:\/\/kadampafestivals.org\/wp-content\/uploads\/2024\/11\/Kadampa-Fall-Festival-2025---Buddha-Dorje-Shugden-Merged-2x.png\" alt=\"Kadampa Fall Festival 2025 - Buddha Dorje Shugden Merged (2x)\" itemprop=\"image\" height=\"828\" width=\"834\" title=\"Kadampa Fall Festival 2025 - Buddha Dorje Shugden Merged (2x)\" onerror=\"this.style.display='none'\"  \/>\n<h2>\n\t\t\tOTO\u00d1O\t<\/h2>\n<h2>\n\t\t\tFESTIVAL 2025\t<\/h2>\n<h2>\n\t\t\t3 AL 9 DE OCTUBRE\t<\/h2>\n\t\n\n\n<div id=\"wpv-view-layout-156061-CATTR99590d2819a2e7df791799b634435a89\" class=\"js-wpv-view-layout js-wpv-layout-responsive js-wpv-view-layout-156061-CATTR99590d2819a2e7df791799b634435a89\" data-viewnumber=\"156061-CATTR99590d2819a2e7df791799b634435a89\" data-pagination=\"{&quot;id&quot;:156061,&quot;query&quot;:&quot;normal&quot;,&quot;type&quot;:&quot;disabled&quot;,&quot;effect&quot;:&quot;fade&quot;,&quot;duration&quot;:500,&quot;speed&quot;:5,&quot;pause_on_hover&quot;:&quot;enabled&quot;,&quot;stop_rollover&quot;:&quot;false&quot;,&quot;cache_pages&quot;:&quot;enabled&quot;,&quot;preload_images&quot;:&quot;enabled&quot;,&quot;preload_pages&quot;:&quot;enabled&quot;,&quot;preload_reach&quot;:1,&quot;spinner&quot;:&quot;builtin&quot;,&quot;spinner_image&quot;:&quot;https:\/\/kadampafestivals.org\/wp-content\/plugins\/wp-views\/embedded\/res\/img\/ajax-loader.gif&quot;,&quot;callback_next&quot;:&quot;&quot;,&quot;manage_history&quot;:&quot;enabled&quot;,&quot;has_controls_in_form&quot;:&quot;disabled&quot;,&quot;infinite_tolerance&quot;:&quot;0&quot;,&quot;max_pages&quot;:1,&quot;page&quot;:1,&quot;base_permalink&quot;:&quot;\/es\/wp-json\/wp\/v2\/pages\/152080?wpv_view_count=156061-CATTR99590d2819a2e7df791799b634435a89&amp;wpv_paged=WPV_PAGE_NUM&quot;,&quot;loop&quot;:{&quot;type&quot;:&quot;&quot;,&quot;name&quot;:&quot;&quot;,&quot;data&quot;:[],&quot;id&quot;:0}}\" data-permalink=\"\/es\/wp-json\/wp\/v2\/pages\/152080?wpv_view_count=156061-CATTR99590d2819a2e7df791799b634435a89\">\n\n\t\n\t\n\t\n\t\t\n<div class=\"centered-container\">\n    <button class=\"openModalButton\" id=\"shimmerButton\">Inscribirse ahora<\/button> \n<\/div>\n\n<!-- Modal Structure -->\n<div id=\"myModal\" class=\"booking-modal\">\n    <div class=\"modal-content\">\n        <span class=\"close\">&times;<\/span>\n    \n            \n            <h2><a href=\"https:\/\/kadampabookings.org\/frontend\/?eventid=1551&amp;lang=es\">Reserve para asistir al Festival en persona<\/a><\/h2>\n         \n\n         \n\n                \n            <h2><a href=\"https:\/\/app.kadampabookings.org\/#\/es\/book-event\/1647\">Reservar para asistir al Festival en l\u00ednea<\/a><\/h2>\n               \n    <\/div>\n<\/div>\n\n\n \n\n\n\t\n\t\n\t\n\t\n<\/div>\n\nFall Menu\t\t\t\n\t\t\t\t\t<ul id=\"menu-fall-new-spanish\"><li id=\"menu-item-158368\"><a href=\"https:\/\/kadampafestivals.org\/es\/otono\">Festival de oto\u00f1o 2025<\/a><\/li>\n<li id=\"menu-item-510330\"><a href=\"https:\/\/kadampafestivals.org\/es\/otono\/fundador\">El venerable Gueshe Kelsang Gyatso Rimpoch\u00e9<\/a><\/li>\n<li id=\"menu-item-509873\" aria-haspopup=\"true\"><a href=\"#\">Festival<\/a>\n<ul>\n\t<li id=\"menu-item-510331\"><a href=\"https:\/\/kadampafestivals.org\/es\/otono\/ensenanzas-festival\">Ense\u00f1anzas del festival de oto\u00f1o<\/a><\/li>\n\t<li id=\"menu-item-510332\"><a href=\"https:\/\/kadampafestivals.org\/es\/otono\/maestros\">Los maestros del festival<\/a><\/li>\n\t<li id=\"menu-item-510333\"><a href=\"https:\/\/kadampafestivals.org\/es\/otono\/programa\">Programa<\/a><\/li>\n\t<li id=\"menu-item-510615\"><a href=\"https:\/\/kadampafestivals.org\/es\/otono\/festival-experiencia-enpersona\">La experiencia del festival &#8211; En persona<\/a><\/li>\n\t<li id=\"menu-item-510334\"><a href=\"https:\/\/kadampafestivals.org\/es\/otono\/disfrutar-del-festival-en-linea\">Participa del festival en l\u00ednea<\/a><\/li>\n\t<li id=\"menu-item-510335\"><a href=\"https:\/\/kadampafestivals.org\/es\/otono\/voluntariado-festival-otono\">Voluntariado para el festival de otro\u00f1o<\/a><\/li>\n<\/ul>\n<\/li>\n<li id=\"menu-item-510336\"><a href=\"https:\/\/kadampafestivals.org\/es\/otono\/recinto-festival\">El recinto del festival<\/a><\/li>\n<li id=\"menu-item-509874\" aria-haspopup=\"true\"><a href=\"#\">Booking<\/a>\n<ul>\n\t<li id=\"menu-item-510337\"><a href=\"https:\/\/kadampafestivals.org\/es\/otono\/cuotas-otono\">Cuotas del festival de oto\u00f1o<\/a><\/li>\n\t<li id=\"menu-item-510616\"><a href=\"https:\/\/kadampafestivals.org\/es\/otono\/alojamiento\">Alojamiento<\/a><\/li>\n\t<li id=\"menu-item-510338\"><a href=\"https:\/\/kadampafestivals.org\/es\/otono\/comidas\">Alimentos y bebidas<\/a><\/li>\n\t<li id=\"menu-item-510339\"><a href=\"https:\/\/kadampafestivals.org\/es\/otono\/traduccion-necesidades\">Traducci\u00f3n y necesidades especiales<\/a><\/li>\n\t<li id=\"menu-item-510354\"><a href=\"https:\/\/kadampafestivals.org\/es\/otono\/festival-ninos\">Ni\u00f1os y j\u00f3venes<\/a><\/li>\n\t<li id=\"menu-item-510355\"><a href=\"https:\/\/kadampafestivals.org\/es\/otono\/estacionamiento\">Estacionamiento<\/a><\/li>\n\t<li id=\"menu-item-510617\"><a href=\"https:\/\/kadampafestivals.org\/es\/otono\/informacion-viaje\">Informaci\u00f3n de viaje<\/a><\/li>\n\t<li id=\"menu-item-510356\"><a href=\"https:\/\/kadampafestivals.org\/es\/otono\/informacion-general\">Informaci\u00f3n general<\/a><\/li>\n\t<li id=\"menu-item-510618\"><a href=\"https:\/\/kadampafestivals.org\/es\/otono\/reservar\">C\u00f3mo reservar<\/a><\/li>\n\t<li id=\"menu-item-510619\"><a href=\"https:\/\/kadampafestivals.org\/es\/otono\/terminos-y-condiciones-de-reserva\">T\u00e9rminos y condiciones de reserva<\/a><\/li>\n<\/ul>\n<\/li>\n<li id=\"menu-item-510357\"><a href=\"https:\/\/kadampafestivals.org\/es\/otono\/templos\">El proyecto internacional de templos<\/a><\/li>\n<li id=\"menu-item-510358\"><a href=\"https:\/\/kadampafestivals.org\/es\/otono\/contact-info\">Informaci\u00f3n de contacto<\/a><\/li>\n<\/ul>\t\n\t<h1>\n\t\t\tGran protector de las palabras del guru\t<\/h1>\n\t<p>No hay nada m\u00e1s precioso que las palabras de nuestro gu\u00eda espiritual. Este festival comienza con la iniciaci\u00f3n de Doryhe Shugden como una poderosa protecci\u00f3n y bendici\u00f3n, para que podamos comprender los profundos significados de todas las ense\u00f1anzas del sutra y el tantra que hemos recibido de nuestro fundador, y para que podamos cuidarlas, asegur\u00e1ndonos de que permanezcan vibrantes, vivas y putiles durante muchas generaciones. Habiendo dedicado su vida a ello, guenla Dekyong presta especial atenci\u00f3n a las palabras de nuestro guru.<\/p>\n<p>Guenla compartir\u00e1 consejos especiales que ha recibido personalmente del venerable Gueshela sobre c\u00f3mo hacer que nuestra mente y el significado de las ense\u00f1anzas se conviertan en uno, lo que requiere las bendiciones de nuestro guru. Tambi\u00e9n nos explicar\u00e1 c\u00f3mo podemos profundizar continuamente en la comprensi\u00f3n de la palabra de nuestro guru y c\u00f3mo gracias a ello podemos llegar a mantener su visi\u00f3n e intenciones correctas y alcanzar el estado de iluminaci\u00f3n de nuestro guru.<\/p>\n\t\t\t\t<img decoding=\"async\" loading='lazy' src=\"https:\/\/kadampafestivals.org\/wp-content\/uploads\/2024\/04\/KMC-Brazil_PHOTO-2023-11-04-19-03-297.jpg\" alt=\"KMC-Brazil_PHOTO-2023-11-04-19-03-297\" itemprop=\"image\" title=\"KMC-Brazil_PHOTO-2023-11-04-19-03-297\" onerror=\"this.style.display='none'\"  \/>\n\n","protected":false},"excerpt":{"rendered":"<p>NTK-UIBK INTERNACIONAL OTO\u00d1O FESTIVAL 2025 3 AL 9 DE OCTUBRE Fall Menu Festival de oto\u00f1o 2025 El venerable Gueshe Kelsang Gyatso Rimpoch\u00e9 Festival Ense\u00f1anzas del festival de oto\u00f1o Los maestros del festival Programa La experiencia del festival &#8211; En persona Participa del festival en l\u00ednea Voluntariado para el festival de otro\u00f1o El recinto del festival &#8230; <a title=\"Festival de Oto\u00f1o 2026\" class=\"read-more\" href=\"https:\/\/kadampafestivals.org\/es\/otono\" aria-label=\"Leer m\u00e1s sobre Festival de Oto\u00f1o 2026\">Read more<\/a><\/p>\n","protected":false},"author":40,"featured_media":0,"parent":0,"menu_order":0,"comment_status":"closed","ping_status":"closed","template":"","meta":{"footnotes":""},"wf_page_folders":[700],"class_list":["post-152080","page","type-page","status-publish"],"_links":{"self":[{"href":"https:\/\/kadampafestivals.org\/es\/wp-json\/wp\/v2\/pages\/152080","targetHints":{"allow":["GET"]}}],"collection":[{"href":"https:\/\/kadampafestivals.org\/es\/wp-json\/wp\/v2\/pages"}],"about":[{"href":"https:\/\/kadampafestivals.org\/es\/wp-json\/wp\/v2\/types\/page"}],"author":[{"embeddable":true,"href":"https:\/\/kadampafestivals.org\/es\/wp-json\/wp\/v2\/users\/40"}],"replies":[{"embeddable":true,"href":"https:\/\/kadampafestivals.org\/es\/wp-json\/wp\/v2\/comments?post=152080"}],"version-history":[{"count":12,"href":"https:\/\/kadampafestivals.org\/es\/wp-json\/wp\/v2\/pages\/152080\/revisions"}],"predecessor-version":[{"id":511528,"href":"https:\/\/kadampafestivals.org\/es\/wp-json\/wp\/v2\/pages\/152080\/revisions\/511528"}],"wp:attachment":[{"href":"https:\/\/kadampafestivals.org\/es\/wp-json\/wp\/v2\/media?parent=152080"}],"wp:term":[{"taxonomy":"wf_page_folders","embeddable":true,"href":"https:\/\/kadampafestivals.org\/es\/wp-json\/wp\/v2\/wf_page_folders?post=152080"}],"curies":[{"name":"wp","href":"https:\/\/api.w.org\/{rel}","templated":true}]}}