{"id":153043,"date":"2023-09-02T19:49:15","date_gmt":"2023-09-02T18:49:15","guid":{"rendered":"https:\/\/kadampafestivals.org\/otono\/visita-granada"},"modified":"2023-09-05T12:00:04","modified_gmt":"2023-09-05T12:00:04","slug":"visita-granada","status":"publish","type":"page","link":"https:\/\/kadampafestivals.org\/es\/otono\/visita-granada","title":{"rendered":"Visita organizada a Granada"},"content":{"rendered":"\n\n\t\t\t\t<img loading=\"lazy\" decoding=\"async\" src=\"https:\/\/kadampafestivals.org\/wp-content\/uploads\/2022\/10\/Banner-FALL-Festival-23-SPANISH.jpg\" alt=\"Banner-FALL-Festival-23\" itemprop=\"image\" height=\"397\" width=\"1134\" title=\"Banner-FALL-Festival-23\" onerror=\"this.style.display='none'\"  \/>\n\t\t\t<h3><strong><a href=\"https:\/\/kadampabookings.org\/frontend\/?eventid=1152&amp;lang=es\">Reserve para asistir al Festival en persona \u2192<\/a><\/strong><\/h3>\n<p>&nbsp;<\/p>\n<h3><a href=\"https:\/\/kadampabookings.org\/frontend\/?eventid=1153&amp;lang=es\"><strong>Reservar para asistir al Festival en l\u00ednea \u2192<\/strong><\/a><\/h3>\n\t\t\t<a href=\"void(0)\" target=\"_self\" aria-label=\"Inscribirse ahora\" rel=\"noopener\">\n\t\t\t\t\t\t\tInscribirse ahora\n\t\t<\/a>\nFall Menu\t\t\t\n\t\t\t\t\t<ul id=\"menu-fall-festival-spanish\"><li id=\"menu-item-152255\"><a href=\"https:\/\/kadampafestivals.org\/es\/otono\">Festival de Otono 2023<\/a><\/li>\n<li id=\"menu-item-151865\"><a href=\"https:\/\/kadampafestivals.org\/es\/otono\/el-fundador\">El fundador<\/a><\/li>\n<li id=\"menu-item-36132\"><a href=\"#\">Festival<\/a>\n<ul>\n\t<li id=\"menu-item-151866\"><a href=\"https:\/\/kadampafestivals.org\/es\/otono\/ensenanzas-festival\">Ense\u00f1anzas durante el Festival de Oto\u00f1o<\/a><\/li>\n\t<li id=\"menu-item-151867\"><a href=\"https:\/\/kadampafestivals.org\/es\/otono\/maestros\">Los maestros del Festival de Oto\u00f1o<\/a><\/li>\n\t<li id=\"menu-item-151868\"><a href=\"https:\/\/kadampafestivals.org\/es\/otono\/programa\">El programa<\/a><\/li>\n\t<li id=\"menu-item-151869\"><a href=\"https:\/\/kadampafestivals.org\/es\/otono\/experiencia-festival-presencial\">La experiencia de participar de un festival &#8211; Presencial<\/a><\/li>\n\t<li id=\"menu-item-153045\"><a href=\"https:\/\/kadampafestivals.org\/es\/otono\/visita-granada\">Visita organizada a Granada<\/a><\/li>\n\t<li id=\"menu-item-152181\"><a href=\"https:\/\/kadampafestivals.org\/es\/otono\/festival-vida-online\">Participa del festival en l\u00ednea<\/a><\/li>\n\t<li id=\"menu-item-151870\"><a href=\"https:\/\/kadampafestivals.org\/es\/otono\/voluntariado\">Voluntariado en el Festival de Oto\u00f1o<\/a><\/li>\n<\/ul>\n<\/li>\n<li id=\"menu-item-151871\"><a href=\"https:\/\/kadampafestivals.org\/es\/otono\/lugar-festival\">El recinto<\/a><\/li>\n<li id=\"menu-item-36136\"><a href=\"#\">Inscripciones<\/a>\n<ul>\n\t<li id=\"menu-item-151872\"><a href=\"https:\/\/kadampafestivals.org\/es\/otono\/libro\">C\u00f3mo reservar<\/a><\/li>\n\t<li id=\"menu-item-151873\"><a href=\"https:\/\/kadampafestivals.org\/es\/otono\/terminos-condiciones-de-reserva-en-persona\">T\u00e9rminos y condiciones de reserva ~ Participando de forma presencial<\/a><\/li>\n\t<li id=\"menu-item-151874\"><a href=\"https:\/\/kadampafestivals.org\/es\/otono\/terminos-condiciones-online\">T\u00e9rminos y condiciones de reserva ~ Participando en l\u00ednea<\/a><\/li>\n\t<li id=\"menu-item-151915\"><a href=\"https:\/\/kadampafestivals.org\/es\/otono\/alojamiento\">Alojamiento<\/a><\/li>\n\t<li id=\"menu-item-151916\"><a href=\"https:\/\/kadampafestivals.org\/es\/otono\/comidas\">Comidas<\/a><\/li>\n\t<li id=\"menu-item-151917\"><a href=\"https:\/\/kadampafestivals.org\/es\/otono\/traduccion-necesidades-especiales\">Traducci\u00f3n y necesidades especiales<\/a><\/li>\n\t<li id=\"menu-item-151918\"><a href=\"https:\/\/kadampafestivals.org\/es\/otono\/tarifa\">Tarifas del Festival de Oto\u00f1o<\/a><\/li>\n\t<li id=\"menu-item-152256\"><a href=\"https:\/\/kadampafestivals.org\/es\/otono\/tarifa-2\">Tarifas del Festival de Oto\u00f1o &#8211; En l\u00ednea<\/a><\/li>\n\t<li id=\"menu-item-151919\"><a href=\"https:\/\/kadampafestivals.org\/es\/otono\/festivales-ninos\">Ni\u00f1os y j\u00f3venes<\/a><\/li>\n\t<li id=\"menu-item-151920\"><a href=\"https:\/\/kadampafestivals.org\/es\/otono\/aparcamiento\">Aparcamiento<\/a><\/li>\n\t<li id=\"menu-item-151921\"><a href=\"https:\/\/kadampafestivals.org\/es\/otono\/informacion-viaje\">Informaci\u00f3n de viaje<\/a><\/li>\n\t<li id=\"menu-item-151922\"><a href=\"https:\/\/kadampafestivals.org\/es\/otono\/informacion-general\">Informaci\u00f3n General<\/a><\/li>\n<\/ul>\n<\/li>\n<li id=\"menu-item-151923\"><a href=\"https:\/\/kadampafestivals.org\/es\/otono\/retiros-post-festival\">Retiros post Festival<\/a><\/li>\n<li id=\"menu-item-151924\"><a href=\"https:\/\/kadampafestivals.org\/es\/otono\/templos\">ITP<\/a><\/li>\n<li id=\"menu-item-151929\"><a href=\"https:\/\/kadampafestivals.org\/es\/otono\/info-contacto\">Contacto<\/a><\/li>\n<\/ul>\t\n\t<h1>\n\t\tVisita organizada a Granada\n\t<\/h1>\n\t<p>El \u00faltimo d\u00eda del Festival Internacional de Oto\u00f1o habr\u00e1 una oportunidad especial de participar en una visita organizada a la nueva propiedad de la NKT en Granada.<\/p>\n<p>Un n\u00famero limitado de autocares saldr\u00e1 del KMC Espa\u00f1a inmediatamente despu\u00e9s de la \u00faltima sesi\u00f3n de retiro (v\u00e9ase el programa actualizado del Festival), para realizar el viaje de 2 horas a Granada.<\/p>\n<p>Tendremos visitas guiadas a la nueva propiedad y la oportunidad de pasar tiempo en la ciudad, regresando el mismo d\u00eda por la tarde, ya sea al KMC Espa\u00f1a o a la ciudad de M\u00e1laga (<a href=\"https:\/\/www.google.es\/maps\/place\/Hotel+NH+M%C3%A1laga\/@36.7179511,-4.4261407,18z\/data=!4m8!3m7!1s0xd72f64c8e5f80d9:0xd36ad0b9d5987b83!5m2!4m1!1i2!8m2!3d36.718463!4d-4.426307?hl=es-419\"><b><i>Hotel NH<\/i><\/b><\/a> &#8211; C. San Jacinto, 2, 29007 M\u00e1laga).<\/p>\n<h3>Horario<\/h3>\n<p><em>(Horarios aproximados)<\/em><\/p>\n<p>12:30 Salida del KMC Espa\u00f1a<\/p>\n<p>14:30 Llegada a Granada<\/p>\n<p>19:00 Salida de Granada<\/p>\n<p>20:30 Llegada a M\u00e1laga capital o 21:00 Llegada al KMC Espa\u00f1a<\/p>\n<p>Precio: 20 \u20ac por persona &#8211; a pagar en el Festival de Oto\u00f1o<\/p>\n<p>Alojamiento en el KMC Espa\u00f1a para la noche del 12 de octubre solo est\u00e1 disponible para aquellos que se hayan alojado in situ durante el Festival y debe ser el mismo tipo de alojamiento. La informaci\u00f3n de contacto del KMC Espa\u00f1a se enviar\u00e1 de forma separada a quienes hayan reservado el viaje.<\/p>\n<p><strong>El enlace de inscripci\u00f3n se activar\u00e1 aqu\u00ed el martes 5 de septiembre a las 14:00 CEST (Espa\u00f1a).<\/strong><\/p>\n\n","protected":false},"excerpt":{"rendered":"<p>Reserve para asistir al Festival en persona \u2192 &nbsp; Reservar para asistir al Festival en l\u00ednea \u2192 Inscribirse ahora Fall Menu Festival de Otono 2023 El fundador Festival Ense\u00f1anzas durante el Festival de Oto\u00f1o Los maestros del Festival de Oto\u00f1o El programa La experiencia de participar de un festival &#8211; Presencial Visita organizada a Granada &#8230; <a title=\"Visita organizada a Granada\" class=\"read-more\" href=\"https:\/\/kadampafestivals.org\/es\/otono\/visita-granada\" aria-label=\"Leer m\u00e1s sobre Visita organizada a Granada\">Read more<\/a><\/p>\n","protected":false},"author":1,"featured_media":0,"parent":152080,"menu_order":9,"comment_status":"closed","ping_status":"closed","template":"","meta":{"footnotes":""},"wf_page_folders":[580],"class_list":["post-153043","page","type-page","status-publish"],"_links":{"self":[{"href":"https:\/\/kadampafestivals.org\/es\/wp-json\/wp\/v2\/pages\/153043","targetHints":{"allow":["GET"]}}],"collection":[{"href":"https:\/\/kadampafestivals.org\/es\/wp-json\/wp\/v2\/pages"}],"about":[{"href":"https:\/\/kadampafestivals.org\/es\/wp-json\/wp\/v2\/types\/page"}],"author":[{"embeddable":true,"href":"https:\/\/kadampafestivals.org\/es\/wp-json\/wp\/v2\/users\/1"}],"replies":[{"embeddable":true,"href":"https:\/\/kadampafestivals.org\/es\/wp-json\/wp\/v2\/comments?post=153043"}],"version-history":[{"count":4,"href":"https:\/\/kadampafestivals.org\/es\/wp-json\/wp\/v2\/pages\/153043\/revisions"}],"predecessor-version":[{"id":153058,"href":"https:\/\/kadampafestivals.org\/es\/wp-json\/wp\/v2\/pages\/153043\/revisions\/153058"}],"up":[{"embeddable":true,"href":"https:\/\/kadampafestivals.org\/es\/wp-json\/wp\/v2\/pages\/152080"}],"wp:attachment":[{"href":"https:\/\/kadampafestivals.org\/es\/wp-json\/wp\/v2\/media?parent=153043"}],"wp:term":[{"taxonomy":"wf_page_folders","embeddable":true,"href":"https:\/\/kadampafestivals.org\/es\/wp-json\/wp\/v2\/wf_page_folders?post=153043"}],"curies":[{"name":"wp","href":"https:\/\/api.w.org\/{rel}","templated":true}]}}