{"id":162312,"date":"2025-01-21T16:03:47","date_gmt":"2025-01-21T16:03:47","guid":{"rendered":"https:\/\/kadampafestivals.org\/ninos-jovenes-adultos"},"modified":"2026-02-18T17:41:57","modified_gmt":"2026-02-18T17:41:57","slug":"ninos-jovenes-adultos","status":"publish","type":"page","link":"https:\/\/kadampafestivals.org\/es\/primavera\/ninos-jovenes-adultos","title":{"rendered":"Ni\u00f1os y j\u00f3venes"},"content":{"rendered":"\n\n<figure data-animation-delay=\"0.2\" data-animation-duration=\"1\" itemscope itemtype=\"https:\/\/schema.org\/ImageObject\">\n\t\t\t\t<img decoding=\"async\" src=\"https:\/\/kadampafestivals.org\/wp-content\/uploads\/2024\/11\/Kadampa-Spring-Festival-2025---Buddha-Maitreya-Merged-2x.png\" alt=\"Kadampa Spring Festival 2025 - Buddha Maitreya Merged (2x)\" height=\"828\" width=\"860\" title=\"Kadampa Spring Festival 2025 - Buddha Maitreya Merged (2x)\" onerror=\"this.style.display='none'\" loading=\"lazy\" \/>\n\t<\/figure>\n<h2>\n\t\t\tNKT-IKBU INTERNATIONAL\t<\/h2>\n<h2>\n\t\t\tSPRING FESTIVAL 2025\t<\/h2>\n<h2>\n\t\t\tMAY 23 &#8211; 28\t<\/h2>\n\t\n\n\n<div id=\"wpv-view-layout-156061-CATTR36a9cccdb631701676ccd131c3f18740\" class=\"js-wpv-view-layout js-wpv-layout-responsive js-wpv-view-layout-156061-CATTR36a9cccdb631701676ccd131c3f18740\" data-viewnumber=\"156061-CATTR36a9cccdb631701676ccd131c3f18740\" data-pagination=\"{&quot;id&quot;:156061,&quot;query&quot;:&quot;normal&quot;,&quot;type&quot;:&quot;disabled&quot;,&quot;effect&quot;:&quot;fade&quot;,&quot;duration&quot;:500,&quot;speed&quot;:5,&quot;pause_on_hover&quot;:&quot;enabled&quot;,&quot;stop_rollover&quot;:&quot;false&quot;,&quot;cache_pages&quot;:&quot;enabled&quot;,&quot;preload_images&quot;:&quot;enabled&quot;,&quot;preload_pages&quot;:&quot;enabled&quot;,&quot;preload_reach&quot;:1,&quot;spinner&quot;:&quot;builtin&quot;,&quot;spinner_image&quot;:&quot;https:\/\/kadampafestivals.org\/wp-content\/plugins\/wp-views\/embedded\/res\/img\/ajax-loader.gif&quot;,&quot;callback_next&quot;:&quot;&quot;,&quot;manage_history&quot;:&quot;enabled&quot;,&quot;has_controls_in_form&quot;:&quot;disabled&quot;,&quot;infinite_tolerance&quot;:&quot;0&quot;,&quot;max_pages&quot;:1,&quot;page&quot;:1,&quot;base_permalink&quot;:&quot;\/es\/wp-json\/wp\/v2\/pages\/162312?wpv_view_count=156061-CATTR36a9cccdb631701676ccd131c3f18740&amp;wpv_paged=WPV_PAGE_NUM&quot;,&quot;loop&quot;:{&quot;type&quot;:&quot;&quot;,&quot;name&quot;:&quot;&quot;,&quot;data&quot;:[],&quot;id&quot;:0}}\" data-permalink=\"\/es\/wp-json\/wp\/v2\/pages\/162312?wpv_view_count=156061-CATTR36a9cccdb631701676ccd131c3f18740\">\n\n\t\n\t\n\t\n\t\t\n\n\n    <div class=\"centered-container\">\n        <div class=\"opens\">Las reservas se abren el jueves 26 de febrero a las 13:00 h (hora del Reino Unido).<\/div>\n    <\/div>\n \n\n\n\t\n\t\n\t\n\t\n<\/div>\n\nSpring Menu\t\t\t\n\t\t\t\t\t<ul id=\"menu-spring\"><li id=\"menu-item-162482\"><a href=\"https:\/\/kadampafestivals.org\/spring\">Welcome<\/a><\/li>\n<li id=\"menu-item-162101\"><a href=\"https:\/\/kadampafestivals.org\/spring\/the-founder\">The Founder<\/a><\/li>\n<li id=\"menu-item-146050\" aria-haspopup=\"true\"><a href=\"#\">Festival<\/a>\n<ul>\n\t<li id=\"menu-item-162099\"><a href=\"https:\/\/kadampafestivals.org\/spring\/teachings\">Teachings<\/a><\/li>\n\t<li id=\"menu-item-162098\"><a href=\"https:\/\/kadampafestivals.org\/spring\/teachers\">Teachers<\/a><\/li>\n\t<li id=\"menu-item-162143\"><a href=\"https:\/\/kadampafestivals.org\/spring\/program\">Program<\/a><\/li>\n\t<li id=\"menu-item-162144\"><a href=\"https:\/\/kadampafestivals.org\/spring\/festival-experience\">Festival experience<\/a><\/li>\n\t<li id=\"menu-item-162147\"><a href=\"https:\/\/kadampafestivals.org\/spring\/attending-the-festival-online\">Attending the festival online<\/a><\/li>\n\t<li id=\"menu-item-162105\"><a href=\"https:\/\/kadampafestivals.org\/spring\/volunteering\">Volunteering<\/a><\/li>\n<\/ul>\n<\/li>\n<li id=\"menu-item-162104\"><a href=\"https:\/\/kadampafestivals.org\/spring\/venue\">Venue<\/a><\/li>\n<li id=\"menu-item-142369\" aria-haspopup=\"true\"><a href=\"#\">Booking<\/a>\n<ul>\n\t<li id=\"menu-item-162140\"><a href=\"https:\/\/kadampafestivals.org\/spring\/fees\">Fees<\/a><\/li>\n\t<li id=\"menu-item-162146\"><a href=\"https:\/\/kadampafestivals.org\/spring\/accommodation\">Accommodation<\/a><\/li>\n\t<li id=\"menu-item-162145\"><a href=\"https:\/\/kadampafestivals.org\/spring\/festival-food-and-drink\">Festival food and drink<\/a><\/li>\n\t<li id=\"menu-item-162102\"><a href=\"https:\/\/kadampafestivals.org\/spring\/translation-and-assisted-needs\">Translation and Assisted Needs<\/a><\/li>\n\t<li id=\"menu-item-162150\"><a href=\"https:\/\/kadampafestivals.org\/spring\/children-young-adults\">Children &#038; young adults<\/a><\/li>\n\t<li id=\"menu-item-162142\"><a href=\"https:\/\/kadampafestivals.org\/spring\/parking\">Parking<\/a><\/li>\n\t<li id=\"menu-item-162103\"><a href=\"https:\/\/kadampafestivals.org\/spring\/travel-information\">Travel information<\/a><\/li>\n\t<li id=\"menu-item-162148\"><a href=\"https:\/\/kadampafestivals.org\/spring\/general-information\">General information<\/a><\/li>\n\t<li id=\"menu-item-162123\"><a href=\"https:\/\/kadampafestivals.org\/spring\/how-to-book\">How to book<\/a><\/li>\n\t<li id=\"menu-item-162100\"><a href=\"https:\/\/kadampafestivals.org\/spring\/terms-conditions\">Terms &#038; Conditions<\/a><\/li>\n<\/ul>\n<\/li>\n<li id=\"menu-item-162117\"><a href=\"https:\/\/kadampafestivals.org\/spring\/post-festival-retreats\">Post Festival Retreats<\/a><\/li>\n<li id=\"menu-item-162141\"><a href=\"https:\/\/kadampafestivals.org\/spring\/itp\">ITP<\/a><\/li>\n<li id=\"menu-item-162109\"><a href=\"https:\/\/kadampafestivals.org\/spring\/contact\">Contact<\/a><\/li>\n<\/ul>\t\n\t<h1>\n\t\t\tChildren and young adults\t<\/h1>\n\t<p>Children and young adults are welcome to attend the Festival, however for their safety and wellbeing some special conditions apply.<\/p>\n<p>Anyone under the age of 16 must be accompanied by two nominated responsible adult carers over the age of 18.\u00a0 Those who are aged 16 and 17 years must be accompanied by an adult over 18.\u00a0 You will be asked to provide the names of the carers\/accompanying adult at the point of booking, and will be unable to complete the booking\u00a0 without it.<\/p>\n<p>Festivals are public events and the care and safety of children and young adults remains at all times the responsibility of their parents\/nominated carers\/accompanying adult. For insurance purposes, the <b>NKT-IKBU and the Festival Organisers cannot take responsibility for children and young adults.<\/b><\/p>\n<p><strong>Festival Fees &amp; Accommodation:<\/strong><\/p>\n<p>Discounts apply to under 16&#8217;s bookings. Please see the <a href=\"https:\/\/kadampafestivals.org\/spring\/fees\" target=\"_blank\" rel=\"noopener\">Fees page<\/a> for details about fees for children and young adults and the <a href=\"https:\/\/kadampafestivals.org\/spring\/accommodation\" target=\"_blank\" rel=\"noopener\">Accommodation page<\/a> for more information about available accommodation for children and young adults.<\/p>\n<p><strong>Teachings:<\/strong><\/p>\n<p>We regret that children under 3 are not allowed in the Temple or marquee extensions during sessions. Any children who do attend teachings are not permitted to play electronic games. Children of all ages are welcome to attend puja.<\/p>\n<p>A video link in a comfortable quiet area reserved for carers with children is available for all sessions.<\/p>\n<p>Stewarding will be provided in this area. If you are a parent with young children and would like to volunteer to help with Stewarding this area please contact <a href=\"mailto:kids@kadampafestivals.org\">kids@kadampafestivals.org<\/a>.<\/p>\n<p><strong>Family Activities<\/strong>:<\/p>\n<p>It is intended to offer a programme of family activities during the break times. All children participating must be accompanied by at least one of their nominated responsible adult caregivers at all times. Should there be a lack of activity leaders attending, then an area for children and families to organise their own games will be provided.<\/p>\n<p><strong>Parents are reminded that children (of all ages) must be under adult supervision at all times.<\/strong><\/p>\n<figure itemscope itemtype=\"https:\/\/schema.org\/ImageObject\">\n\t\t\t\t<a href=\"https:\/\/kadampafestivals.org\/wp-content\/uploads\/2024\/01\/MKMC_spring_summer_NP2_2627.jpg_compressed.jpeg\"  target=\"_self\" itemprop=\"url\">\n\t\t\t\t<img decoding=\"async\" src=\"https:\/\/kadampafestivals.org\/wp-content\/uploads\/2024\/01\/MKMC_spring_summer_NP2_2627.jpg_compressed.jpeg\" alt=\"MKMC_spring_summer_NP2_2627.jpg_compressed\" height=\"1080\" width=\"1620\" title=\"MKMC_spring_summer_NP2_2627.jpg_compressed\" onerror=\"this.style.display='none'\" loading=\"lazy\" \/>\n\t\t\t\t<\/a>\n\t<\/figure>\n\n","protected":false},"excerpt":{"rendered":"<p>NKT-IKBU INTERNATIONAL SPRING FESTIVAL 2025 MAY 23 &#8211; 28 Spring Menu Welcome The Founder Festival Teachings Teachers Program Festival experience Attending the festival online Volunteering Venue Booking Fees Accommodation Festival food and drink Translation and Assisted Needs Children &#038; young adults Parking Travel information General information How to book Terms &#038; Conditions Post Festival Retreats &#8230; <a title=\"Ni\u00f1os y j\u00f3venes\" class=\"read-more\" href=\"https:\/\/kadampafestivals.org\/es\/primavera\/ninos-jovenes-adultos\" aria-label=\"Leer m\u00e1s sobre Ni\u00f1os y j\u00f3venes\">Read more<\/a><\/p>\n","protected":false},"author":1,"featured_media":0,"parent":162387,"menu_order":0,"comment_status":"closed","ping_status":"closed","template":"","meta":{"footnotes":""},"wf_page_folders":[704],"class_list":["post-162312","page","type-page","status-publish"],"_links":{"self":[{"href":"https:\/\/kadampafestivals.org\/es\/wp-json\/wp\/v2\/pages\/162312","targetHints":{"allow":["GET"]}}],"collection":[{"href":"https:\/\/kadampafestivals.org\/es\/wp-json\/wp\/v2\/pages"}],"about":[{"href":"https:\/\/kadampafestivals.org\/es\/wp-json\/wp\/v2\/types\/page"}],"author":[{"embeddable":true,"href":"https:\/\/kadampafestivals.org\/es\/wp-json\/wp\/v2\/users\/1"}],"replies":[{"embeddable":true,"href":"https:\/\/kadampafestivals.org\/es\/wp-json\/wp\/v2\/comments?post=162312"}],"version-history":[{"count":6,"href":"https:\/\/kadampafestivals.org\/es\/wp-json\/wp\/v2\/pages\/162312\/revisions"}],"predecessor-version":[{"id":513952,"href":"https:\/\/kadampafestivals.org\/es\/wp-json\/wp\/v2\/pages\/162312\/revisions\/513952"}],"up":[{"embeddable":true,"href":"https:\/\/kadampafestivals.org\/es\/wp-json\/wp\/v2\/pages\/162387"}],"wp:attachment":[{"href":"https:\/\/kadampafestivals.org\/es\/wp-json\/wp\/v2\/media?parent=162312"}],"wp:term":[{"taxonomy":"wf_page_folders","embeddable":true,"href":"https:\/\/kadampafestivals.org\/es\/wp-json\/wp\/v2\/wf_page_folders?post=162312"}],"curies":[{"name":"wp","href":"https:\/\/api.w.org\/{rel}","templated":true}]}}