{"id":164330,"date":"2025-01-21T16:16:02","date_gmt":"2025-01-21T16:16:02","guid":{"rendered":"https:\/\/kadampafestivals.org\/primavera\/retiros-post-festival"},"modified":"2026-02-24T11:59:17","modified_gmt":"2026-02-24T11:59:17","slug":"retiros-post-festival","status":"publish","type":"page","link":"https:\/\/kadampafestivals.org\/es\/primavera\/retiros-post-festival","title":{"rendered":"Retiros post-festival"},"content":{"rendered":"\n\n<figure data-animation-delay=\"0.2\" data-animation-duration=\"1\" itemscope itemtype=\"https:\/\/schema.org\/ImageObject\">\n\t\t\t\t<img decoding=\"async\" src=\"https:\/\/kadampafestivals.org\/wp-content\/uploads\/2025\/02\/Kadampa-Spring-Festival-2026---Deity-and-Flourish-1x-1.png\" alt=\"Kadampa Spring Festival 2026 - Deity and Flourish (1x)\" height=\"454\" width=\"636\" title=\"Kadampa Spring Festival 2026 - Deity and Flourish (1x)\" onerror=\"this.style.display='none'\" loading=\"lazy\" \/>\n\t<\/figure>\n<h2>\n\t\t\tNKT-IKBU INTERNATIONAL\t<\/h2>\n<h2>\n\t\t\tSPRING FESTIVAL 2026\t<\/h2>\n<h2>\n\t\t\tMAY 22 &#8211; 27\t<\/h2>\n\t\n\n\n<div id=\"wpv-view-layout-156061-CATTR36a9cccdb631701676ccd131c3f18740\" class=\"js-wpv-view-layout js-wpv-layout-responsive js-wpv-view-layout-156061-CATTR36a9cccdb631701676ccd131c3f18740\" data-viewnumber=\"156061-CATTR36a9cccdb631701676ccd131c3f18740\" data-pagination=\"{&quot;id&quot;:156061,&quot;query&quot;:&quot;normal&quot;,&quot;type&quot;:&quot;disabled&quot;,&quot;effect&quot;:&quot;fade&quot;,&quot;duration&quot;:500,&quot;speed&quot;:5,&quot;pause_on_hover&quot;:&quot;enabled&quot;,&quot;stop_rollover&quot;:&quot;false&quot;,&quot;cache_pages&quot;:&quot;enabled&quot;,&quot;preload_images&quot;:&quot;enabled&quot;,&quot;preload_pages&quot;:&quot;enabled&quot;,&quot;preload_reach&quot;:1,&quot;spinner&quot;:&quot;builtin&quot;,&quot;spinner_image&quot;:&quot;https:\/\/kadampafestivals.org\/wp-content\/plugins\/wp-views\/embedded\/res\/img\/ajax-loader.gif&quot;,&quot;callback_next&quot;:&quot;&quot;,&quot;manage_history&quot;:&quot;enabled&quot;,&quot;has_controls_in_form&quot;:&quot;disabled&quot;,&quot;infinite_tolerance&quot;:&quot;0&quot;,&quot;max_pages&quot;:1,&quot;page&quot;:1,&quot;base_permalink&quot;:&quot;\/es\/wp-json\/wp\/v2\/pages\/164330?wpv_view_count=156061-CATTR36a9cccdb631701676ccd131c3f18740&amp;wpv_paged=WPV_PAGE_NUM&quot;,&quot;loop&quot;:{&quot;type&quot;:&quot;&quot;,&quot;name&quot;:&quot;&quot;,&quot;data&quot;:[],&quot;id&quot;:0}}\" data-permalink=\"\/es\/wp-json\/wp\/v2\/pages\/164330?wpv_view_count=156061-CATTR36a9cccdb631701676ccd131c3f18740\">\n\n\t\n\t\n\t\n\t\t\n\n\n    <div class=\"centered-container\">\n        <div class=\"opens\">Las reservas se abren el jueves 26 de febrero a las 13:00 h (hora del Reino Unido).<\/div>\n    <\/div>\n \n\n\n\t\n\t\n\t\n\t\n<\/div>\n\nSpring Menu\t\t\t\n\t\t\t\t\t<ul id=\"menu-spring\"><li id=\"menu-item-162482\"><a href=\"https:\/\/kadampafestivals.org\/spring\">Welcome<\/a><\/li>\n<li id=\"menu-item-162101\"><a href=\"https:\/\/kadampafestivals.org\/spring\/the-founder\">The Founder<\/a><\/li>\n<li id=\"menu-item-146050\" aria-haspopup=\"true\"><a href=\"#\">Festival<\/a>\n<ul>\n\t<li id=\"menu-item-162099\"><a href=\"https:\/\/kadampafestivals.org\/spring\/teachings\">Teachings<\/a><\/li>\n\t<li id=\"menu-item-162098\"><a href=\"https:\/\/kadampafestivals.org\/spring\/teachers\">Teachers<\/a><\/li>\n\t<li id=\"menu-item-162143\"><a href=\"https:\/\/kadampafestivals.org\/spring\/program\">Program<\/a><\/li>\n\t<li id=\"menu-item-162144\"><a href=\"https:\/\/kadampafestivals.org\/spring\/festival-experience\">Festival experience<\/a><\/li>\n\t<li id=\"menu-item-162147\"><a href=\"https:\/\/kadampafestivals.org\/spring\/attending-the-festival-online\">Attending the festival online<\/a><\/li>\n\t<li id=\"menu-item-162105\"><a href=\"https:\/\/kadampafestivals.org\/spring\/volunteering\">Volunteering<\/a><\/li>\n<\/ul>\n<\/li>\n<li id=\"menu-item-162104\"><a href=\"https:\/\/kadampafestivals.org\/spring\/venue\">Venue<\/a><\/li>\n<li id=\"menu-item-142369\" aria-haspopup=\"true\"><a href=\"#\">Booking<\/a>\n<ul>\n\t<li id=\"menu-item-162140\"><a href=\"https:\/\/kadampafestivals.org\/spring\/fees\">Fees<\/a><\/li>\n\t<li id=\"menu-item-162146\"><a href=\"https:\/\/kadampafestivals.org\/spring\/accommodation\">Accommodation<\/a><\/li>\n\t<li id=\"menu-item-162145\"><a href=\"https:\/\/kadampafestivals.org\/spring\/festival-food-and-drink\">Festival food and drink<\/a><\/li>\n\t<li id=\"menu-item-162102\"><a href=\"https:\/\/kadampafestivals.org\/spring\/translation-and-assisted-needs\">Translation and Assisted Needs<\/a><\/li>\n\t<li id=\"menu-item-162150\"><a href=\"https:\/\/kadampafestivals.org\/spring\/children-young-adults\">Children &#038; young adults<\/a><\/li>\n\t<li id=\"menu-item-162103\"><a href=\"https:\/\/kadampafestivals.org\/spring\/travel-information\">Travel information<\/a><\/li>\n\t<li id=\"menu-item-162148\"><a href=\"https:\/\/kadampafestivals.org\/spring\/general-information\">General information<\/a><\/li>\n\t<li id=\"menu-item-162123\"><a href=\"https:\/\/kadampafestivals.org\/spring\/how-to-book\">How to book<\/a><\/li>\n\t<li id=\"menu-item-162100\"><a href=\"https:\/\/kadampafestivals.org\/spring\/terms-conditions\">Terms &#038; Conditions<\/a><\/li>\n<\/ul>\n<\/li>\n<li id=\"menu-item-162117\"><a href=\"https:\/\/kadampafestivals.org\/spring\/post-festival-retreats\">Post Festival Retreats<\/a><\/li>\n<li id=\"menu-item-162141\"><a href=\"https:\/\/kadampafestivals.org\/spring\/itp\">ITP<\/a><\/li>\n<li id=\"menu-item-162109\"><a href=\"https:\/\/kadampafestivals.org\/spring\/contact\">Contact<\/a><\/li>\n<\/ul>\t\n\t<h1>\n\t\t\tPost Festival Retreats\t<\/h1>\n\t<p>The three International Festivals are precious opportunities to receive teachings and empowerments from the Gen-las, and this experience is greatly enhanced if we can spend some time after the Festival in retreat improving our understanding of the teachings and taking their meaning to heart.<\/p>\n<p>Post-festival retreats are organised by Kadampa centers around the world after each of the three International Festivals. See below for details of retreats following the Spring Festival.<\/p>\n\t  \n\n \n<div id=\"wpv-view-layout-9869-CATTRb0f8bbcbcf28977a4d69edb4812cf509\" class=\"js-wpv-view-layout js-wpv-layout-responsive js-wpv-view-layout-9869-CATTRb0f8bbcbcf28977a4d69edb4812cf509\" data-viewnumber=\"9869-CATTRb0f8bbcbcf28977a4d69edb4812cf509\" data-pagination=\"{&quot;id&quot;:9869,&quot;query&quot;:&quot;normal&quot;,&quot;type&quot;:&quot;disabled&quot;,&quot;effect&quot;:&quot;fade&quot;,&quot;duration&quot;:500,&quot;speed&quot;:5,&quot;pause_on_hover&quot;:&quot;disabled&quot;,&quot;stop_rollover&quot;:&quot;false&quot;,&quot;cache_pages&quot;:&quot;enabled&quot;,&quot;preload_images&quot;:&quot;enabled&quot;,&quot;preload_pages&quot;:&quot;enabled&quot;,&quot;preload_reach&quot;:1,&quot;spinner&quot;:&quot;builtin&quot;,&quot;spinner_image&quot;:&quot;https:\/\/kadampafestivals.org\/wp-content\/plugins\/wp-views\/res\/img\/ajax-loader.gif&quot;,&quot;callback_next&quot;:&quot;&quot;,&quot;manage_history&quot;:&quot;enabled&quot;,&quot;has_controls_in_form&quot;:&quot;disabled&quot;,&quot;infinite_tolerance&quot;:&quot;0&quot;,&quot;max_pages&quot;:0,&quot;page&quot;:1,&quot;base_permalink&quot;:&quot;\/es\/wp-json\/wp\/v2\/pages\/164330?wpv_view_count=9869-CATTRb0f8bbcbcf28977a4d69edb4812cf509&amp;wpv_paged=WPV_PAGE_NUM&quot;,&quot;loop&quot;:{&quot;type&quot;:&quot;&quot;,&quot;name&quot;:&quot;&quot;,&quot;data&quot;:[],&quot;id&quot;:0}}\" data-permalink=\"\/es\/wp-json\/wp\/v2\/pages\/164330?wpv_view_count=9869-CATTRb0f8bbcbcf28977a4d69edb4812cf509\">\n\n\t\n\t\n\t\n      <div class=\"retreat\" id=\"kadampa-meditation-centre-barcelona-3\">\n        <div class=\"retreat-img\">\n      <a href=\"https:\/\/www.meditarabcn.org\/retiros\/especializados\/retiro-postfestival-primavera\/\"><img decoding=\"async\" src=\"https:\/\/kadampafestivals.org\/wp-content\/uploads\/2026\/02\/BARCELONA-1024x576.png\" width=\"380\" \/><\/a> \n        <\/div>\n        \n        <div class=\"retreat-desc\">\n        <h2><a href=\"https:\/\/www.meditarabcn.org\/retiros\/especializados\/retiro-postfestival-primavera\/\">Centro de Meditaci\u00f3n Kadampa Barcelona<\/a><\/h2>\n              <p><strong>\n        \n \n    \n    \n    May 29 &ndash; Jun 2\n    \n    \n    \n    \n\n\n           \n        <\/strong><\/p>\n\t\t<p>C\u00f3mo transformar los retos diarios en fuerza interior<\/p>\n<p>Con guenla Kelsang Jampa, Maestro residente en el CMK Los \u00c1ngeles y Director espiritual adjunto de la NTK.<\/p>\n<p>Bas\u00e1ndose en ense\u00f1anzas del Festival de primavera en el CMK Manjushri, guenla Jampa guiar\u00e1 un breve retiro centrado en la transformaci\u00f3n de los retos y dificultades de la vida cotidiana en oportunidades significativas para desarrollar el amor aut\u00e9ntico, la compasi\u00f3n y descubrir la felicidad verdadera y duradera.<\/p>\n\n        <p><a style=\"font-size:20px; padding: 10px 20px; margin-bottom:20px; color:#fff; background-color:#1897D6;border-radius:2px;\" href=\"https:\/\/www.meditarabcn.org\/retiros\/especializados\/retiro-postfestival-primavera\/\">More info<\/a><\/p>\n      <\/div>\n      <\/div><!-- Test -->  \n      <hr>\n\t\n      <div class=\"retreat\" id=\"kailash-international-retreat-center\">\n        <div class=\"retreat-img\">\n      <a href=\"https:\/\/www.kailash.org\/post-spring-festival-retreat-2026\/\"><img decoding=\"async\" src=\"https:\/\/kadampafestivals.org\/wp-content\/uploads\/2026\/02\/Kailash-1024x576.png\" width=\"380\" \/><\/a> \n        <\/div>\n        \n        <div class=\"retreat-desc\">\n        <h2><a href=\"https:\/\/www.kailash.org\/post-spring-festival-retreat-2026\/\">Centro Internacional de Retiros Kailash<\/a><\/h2>\n              <p><strong>\n        \n \n    \n    \n    May 28 &ndash; Jun 2\n    \n    \n    \n    \n\n\n           \n        <\/strong><\/p>\n\t\t<p>C\u00f3mo volverse invulnerable<\/p>\n<p>con guenla Kelsang Khyenrab, Maestro residente del CIRK Tara y Director espiritual general en retiro de la NTK.<\/p>\n<p>Durante este retiro, guenla Khyenrab nos guiar\u00e1 en meditaciones sobre la transformaci\u00f3n de las condiciones adversas basadas en meditaciones de \u00abNuevo ocho pasos de la felicidad\u00bb. Para apoyar este adiestramiento interior, tambi\u00e9n realizaremos una vez al d\u00eda la poderosa pr\u00e1ctica de meditaci\u00f3n del Buda Amitayus, el Buda de la larga vida, la sabidur\u00eda y la buena fortuna.  <\/p>\n\n        <p><a style=\"font-size:20px; padding: 10px 20px; margin-bottom:20px; color:#fff; background-color:#1897D6;border-radius:2px;\" href=\"https:\/\/www.kailash.org\/post-spring-festival-retreat-2026\/\">More info<\/a><\/p>\n      <\/div>\n      <\/div><!-- Test -->  \n      <hr>\n\t\n      <div class=\"retreat\" id=\"madhyamaka-kadampa-meditation-centre-3\">\n        <div class=\"retreat-img\">\n      <a href=\"https:\/\/madhyamaka.org\/product\/post-international-spring-festival-retreat-2026\/\"><img decoding=\"async\" src=\"https:\/\/kadampafestivals.org\/wp-content\/uploads\/2026\/02\/WEB-Post-festival-retreat-banners-1600-x-800-px-2-1024x576.png\" width=\"380\" \/><\/a> \n        <\/div>\n        \n        <div class=\"retreat-desc\">\n        <h2><a href=\"https:\/\/madhyamaka.org\/product\/post-international-spring-festival-retreat-2026\/\">Centro de Meditaci\u00f3n Kadampa Madhyamaka<\/a><\/h2>\n              <p><strong>\n        \n \n    \n    \n    May 28 &ndash; Jun 3\n    \n    \n    \n    \n\n\n           \n        <\/strong><\/p>\n\t\t<p>C\u00f3mo encontrar la fuente de la verdadera felicidad<\/p>\n<p>con guen Kelsang Rabten, Director espiritual nacional para Australia, Nueva Zelanda y el sudeste asi\u00e1tico y maestro residente del CMK Australia y CMK Melbourne.<\/p>\n<p>Bas\u00e1ndose en las ense\u00f1anzas del Festival de primavera 2026, guen Rabten guiar\u00e1 un retiro de una semana sobre el desarrollo del amor aut\u00e9ntico y la compasi\u00f3n, el m\u00e9todo verdadero para descubrir la felicidad duradera. El bello y bendecido entorno del CMK Madhyamaka ofrece el lugar perfecto para tomar estas ense\u00f1anzas de coraz\u00f3n y desarrollar una experiencia personal de esta pr\u00e1ctica en compa\u00f1\u00eda de familiares y amigos kadampas. Autob\u00fas disponible desde el CMK Manjushri.  <\/p>\n\n        <p><a style=\"font-size:20px; padding: 10px 20px; margin-bottom:20px; color:#fff; background-color:#1897D6;border-radius:2px;\" href=\"https:\/\/madhyamaka.org\/product\/post-international-spring-festival-retreat-2026\/\">More info<\/a><\/p>\n      <\/div>\n      <\/div><!-- Test -->  \n      <hr>\n\t\n      <div class=\"retreat\" id=\"tara-international-kadampa-retreat-centre-6\">\n        <div class=\"retreat-img\">\n      <a href=\"https:\/\/taraikrc.org\/pages\/post-spring-festival-retreat-2026\"><img decoding=\"async\" src=\"https:\/\/kadampafestivals.org\/wp-content\/uploads\/2026\/02\/WEB-Post-festival-retreat-banners-1600-x-800-px-1024x576.png\" width=\"380\" \/><\/a> \n        <\/div>\n        \n        <div class=\"retreat-desc\">\n        <h2><a href=\"https:\/\/taraikrc.org\/pages\/post-spring-festival-retreat-2026\">Centro Internacional de Retiros Kadampa Tara<\/a><\/h2>\n              <p><strong>\n        \n \n    \n    \n    May 29 &ndash; Jun 5\n    \n    \n    \n    \n\n\n           \n        <\/strong><\/p>\n\t\t<p>Larga vida, sabidur\u00eda y buena fortuna <\/p>\n<p>Con kadam Morten Clausen es el Director espiritual nacional del este de E.E.U.U. y y maestro residente del Centro de Meditaci\u00f3n Kadampa Nueva York.<\/p>\n<p>Kadam Morten Clausen dirigir\u00e1 un retiro basado en las ense\u00f1anzas y comentarios recibidos en este festival. Durante este retiro, Kadam Morten nos guiar\u00e1 en meditaciones sobre la transformaci\u00f3n de las condiciones adversas. Aprenderemos a adiestrar nuestra mente para responder a cualquier dificultad con paz y positividad.  <\/p>\n\n        <p><a style=\"font-size:20px; padding: 10px 20px; margin-bottom:20px; color:#fff; background-color:#1897D6;border-radius:2px;\" href=\"https:\/\/taraikrc.org\/pages\/post-spring-festival-retreat-2026\">More info<\/a><\/p>\n      <\/div>\n      <\/div><!-- Test -->  \n      <hr>\n\t\n      <div class=\"retreat\" id=\"nagarjuna-kmc-thornby-2\">\n        <div class=\"retreat-img\">\n      <a href=\"https:\/\/meditateinnorthants.com\/product\/post-spring-festival-retreat-29-may-31st-may\/\"><img decoding=\"async\" src=\"https:\/\/kadampafestivals.org\/wp-content\/uploads\/2026\/02\/NAGARJUNA-1024x576.png\" width=\"380\" \/><\/a> \n        <\/div>\n        \n        <div class=\"retreat-desc\">\n        <h2><a href=\"https:\/\/meditateinnorthants.com\/product\/post-spring-festival-retreat-29-may-31st-may\/\">CMK Nagarjuna, Thornby<\/a><\/h2>\n              <p><strong>\n        \n \n    \n    \n    \n    \n    May 29 &ndash; 31\n    \n    \n\n\n           \n        <\/strong><\/p>\n\t\t<p>Ocho pasos hacia la felicidad<\/p>\n<p>con guen Kelsang Chogka, Maestra residente del CMK Espa\u00f1a, Directora espiritual nacional de Espa\u00f1a y Portugal <\/p>\n<p>Adiestramiento en el desarrollo de un coraz\u00f3n amoroso. A trav\u00e9s de la meditaci\u00f3n, podemos experimentar una profundizaci\u00f3n de nuestro prop\u00f3sito compasivo. Este breve retiro se basar\u00e1 en las ense\u00f1anzas del Festival internacional de primavera de la NTK-UIBK.   <\/p>\n\n        <p><a style=\"font-size:20px; padding: 10px 20px; margin-bottom:20px; color:#fff; background-color:#1897D6;border-radius:2px;\" href=\"https:\/\/meditateinnorthants.com\/product\/post-spring-festival-retreat-29-may-31st-may\/\">More info<\/a><\/p>\n      <\/div>\n      <\/div><!-- Test -->  \n      <hr>\n\t\n      <div class=\"retreat\" id=\"tharpaland-kadampa-meditation-center-2\">\n        <div class=\"retreat-img\">\n      <a href=\"https:\/\/tharpaland.org\/events\/steps-to-happiness-post-spring-festival-retreat-2025-schritte-zum-glueck-post-fruehlingsfestival-retreat-2025\/\"><img decoding=\"async\" src=\"https:\/\/kadampafestivals.org\/wp-content\/uploads\/2026\/02\/Tharpaland-2-1024x576.png\" width=\"380\" \/><\/a> \n        <\/div>\n        \n        <div class=\"retreat-desc\">\n        <h2><a href=\"https:\/\/tharpaland.org\/events\/steps-to-happiness-post-spring-festival-retreat-2025-schritte-zum-glueck-post-fruehlingsfestival-retreat-2025\/\">Centro de Meditaci\u00f3n Kadampa Tharpaland<\/a><\/h2>\n              <p><strong>\n        \n \n    \n    \n    May 29 &ndash; Jun 2\n    \n    \n    \n    \n\n\n           \n        <\/strong><\/p>\n\t\t<p>Los pasos hacia la felicidad<\/p>\n<p>Con guen Kelsang Devi, Maestra residente del CMK Suiza y el CIRK Kailash. <\/p>\n<p>Siguiendo las ense\u00f1anzas del Festival internacional de primavera 2025, guen Devi nos guiar\u00e1 a trav\u00e9s de pr\u00e1cticas de meditaci\u00f3n de la antigua y amada ense\u00f1anza budista \u00abOcho versos del adiestramiento de la mente\u00bb, que revela m\u00e9todos esenciales para transformar los problemas y dificultades de nuestra vida cotidiana en oportunidades para desarrollar el amor y la compasi\u00f3n aut\u00e9nticos, y para encontrar la felicidad verdadera y duradera.<\/p>\n\n        <p><a style=\"font-size:20px; padding: 10px 20px; margin-bottom:20px; color:#fff; background-color:#1897D6;border-radius:2px;\" href=\"https:\/\/tharpaland.org\/events\/steps-to-happiness-post-spring-festival-retreat-2025-schritte-zum-glueck-post-fruehlingsfestival-retreat-2025\/\">More info<\/a><\/p>\n      <\/div>\n      <\/div><!-- Test -->  \n      <hr>\n\t\n      <div class=\"retreat\" id=\"ikrc-menorca-spain\">\n        <div class=\"retreat-img\">\n      <a href=\"https:\/\/meditaenmenorca.org\/producto\/retiro-post-festival-primavera\/\"><img decoding=\"async\" src=\"https:\/\/kadampafestivals.org\/wp-content\/uploads\/2026\/02\/MENORCA-1024x576.png\" width=\"380\" \/><\/a> \n        <\/div>\n        \n        <div class=\"retreat-desc\">\n        <h2><a href=\"https:\/\/meditaenmenorca.org\/producto\/retiro-post-festival-primavera\/\">CIRK Menorca, Espa\u00f1a<\/a><\/h2>\n              <p><strong>\n        \n \n    \n    \n    \n    \n    May 29 &ndash; 31\n    \n    \n\n\n           \n        <\/strong><\/p>\n\t\t<p>La fuente de la verdadera felicidad<\/p>\n<p>con guen Kelsang Dargyey, Maestro residente del CMK Madrid<\/p>\n<p>En esta ocasi\u00f3n, guen Kelsang Dargyey nos guiar\u00e1 en pr\u00e1cticas de meditaci\u00f3n que nos permiten transformar todos los problemas y desaf\u00edos de nuestra vida diaria en oportunidades para desarrollar el amor y la compasi\u00f3n genuinos, bas\u00e1ndonos en las ense\u00f1anzas que recibiremos en el Festival de primavera 2026 de la NTK-UIBK.<\/p>\n\n        <p><a style=\"font-size:20px; padding: 10px 20px; margin-bottom:20px; color:#fff; background-color:#1897D6;border-radius:2px;\" href=\"https:\/\/meditaenmenorca.org\/producto\/retiro-post-festival-primavera\/\">More info<\/a><\/p>\n      <\/div>\n      <\/div><!-- Test -->  \n      <hr>\n\t\n\t\n\t\n\t\n<\/div>\n\n\n","protected":false},"excerpt":{"rendered":"<p>NKT-IKBU INTERNATIONAL SPRING FESTIVAL 2026 MAY 22 &#8211; 27 Spring Menu Welcome The Founder Festival Teachings Teachers Program Festival experience Attending the festival online Volunteering Venue Booking Fees Accommodation Festival food and drink Translation and Assisted Needs Children &#038; young adults Travel information General information How to book Terms &#038; Conditions Post Festival Retreats ITP &#8230; <a title=\"Retiros post-festival\" class=\"read-more\" href=\"https:\/\/kadampafestivals.org\/es\/primavera\/retiros-post-festival\" aria-label=\"Leer m\u00e1s sobre Retiros post-festival\">Read more<\/a><\/p>\n","protected":false},"author":1,"featured_media":0,"parent":162387,"menu_order":0,"comment_status":"closed","ping_status":"closed","template":"","meta":{"footnotes":""},"wf_page_folders":[704],"class_list":["post-164330","page","type-page","status-publish"],"_links":{"self":[{"href":"https:\/\/kadampafestivals.org\/es\/wp-json\/wp\/v2\/pages\/164330","targetHints":{"allow":["GET"]}}],"collection":[{"href":"https:\/\/kadampafestivals.org\/es\/wp-json\/wp\/v2\/pages"}],"about":[{"href":"https:\/\/kadampafestivals.org\/es\/wp-json\/wp\/v2\/types\/page"}],"author":[{"embeddable":true,"href":"https:\/\/kadampafestivals.org\/es\/wp-json\/wp\/v2\/users\/1"}],"replies":[{"embeddable":true,"href":"https:\/\/kadampafestivals.org\/es\/wp-json\/wp\/v2\/comments?post=164330"}],"version-history":[{"count":8,"href":"https:\/\/kadampafestivals.org\/es\/wp-json\/wp\/v2\/pages\/164330\/revisions"}],"predecessor-version":[{"id":513959,"href":"https:\/\/kadampafestivals.org\/es\/wp-json\/wp\/v2\/pages\/164330\/revisions\/513959"}],"up":[{"embeddable":true,"href":"https:\/\/kadampafestivals.org\/es\/wp-json\/wp\/v2\/pages\/162387"}],"wp:attachment":[{"href":"https:\/\/kadampafestivals.org\/es\/wp-json\/wp\/v2\/media?parent=164330"}],"wp:term":[{"taxonomy":"wf_page_folders","embeddable":true,"href":"https:\/\/kadampafestivals.org\/es\/wp-json\/wp\/v2\/wf_page_folders?post=164330"}],"curies":[{"name":"wp","href":"https:\/\/api.w.org\/{rel}","templated":true}]}}