{"id":18297,"date":"2018-05-21T13:47:53","date_gmt":"2018-05-21T13:47:53","guid":{"rendered":"https:\/\/kadampafestivals.org?page_id=18297"},"modified":"2019-02-22T15:18:23","modified_gmt":"2019-02-22T15:18:23","slug":"privacy-notice","status":"publish","type":"page","link":"https:\/\/kadampafestivals.org\/es\/privacy-notice","title":{"rendered":"Aviso de privacidad"},"content":{"rendered":"\n<p>Fecha de entrada en vigor: 25 mayo 2018<\/p>\n<p>Este aviso de privacidad le informa sobre lo que puede esperar cuando la organizaci\u00f3n ben\u00e9fica Nueva Tradici\u00f3n Kadampa &#8211; la Uni\u00f3n Internacional de Budismo Kadampa (NKT-IKBU por sus siglas en ingl\u00e9s) recopile informaci\u00f3n personal. Se aplica a la informaci\u00f3n que recopilamos sobre:<\/p>\n<ul>\n<li><a href=\"#your-info\">C\u00f3mo utilizamos sus datos<\/a>\n<ul>\n<li><a href=\"#website-visitors\">Visitantes a nuestros sitios web<\/a>\n<ul>\n<li><a href=\"#cookies\">Uso de cookies por parte de la NKT-IKBU<\/a><\/li>\n<li><a href=\"#search-engine\">Buscador de centros<\/a><\/li>\n<li><a href=\"#enewsletters\">Bolet\u00edn electr\u00f3nico<\/a><\/li>\n<li><a href=\"#security\">Seguridad y rendimiento<\/a><\/li>\n<\/ul>\n<\/li>\n<li><a href=\"#booking-system\">Personas que utilizan nuestro sistema de reservas en l\u00ednea<\/a><\/li>\n<li><a href=\"#volunteering-visitor\">Personas que presentan una solicitud de voluntariado<\/a><\/li>\n<li><a href=\"#photos\">Fotos tomadas durante los eventos<\/a><\/li>\n<li><a href=\"#email\">Personas que nos env\u00edan correos electr\u00f3nicos<\/a><\/li>\n<\/ul>\n<\/li>\n<li><a href=\"#data-retention\">Cu\u00e1nto tiempo guardamos su informaci\u00f3n<\/a><\/li>\n<li><a href=\"#your-rights\">Sus derechos<\/a><\/li>\n<li><a href=\"#links\">Enlaces a otros sitios web<\/a><\/li>\n<li><a href=\"#changes\">Acceso y modificaci\u00f3n de su informaci\u00f3n personal<\/a><\/li>\n<li><a href=\"#changes\">Cambios a este aviso de privacidad<\/a><\/li>\n<li><a href=\"#what-you-do\">Lo que puedes hacer<\/a><\/li>\n<li><a href=\"#contact\">C\u00f3mo ponerse en contacto con nosotros<\/a><\/li>\n<\/ul>\n<h3 id=\"your-info\">C\u00f3mo utilizamos su informaci\u00f3n<\/h3>\n<h4 id=\"website-visitors\">Visitantes de nuestros sitios web<\/h4>\n<p><strong id=\"cookies\">Uso de cookies por parte de la NKT-IKBU<\/strong><br \/>\nPuede leer m\u00e1s sobre c\u00f3mo utilizamos las cookies en nuestra\u00a0<a href=\"https:\/\/manjushri.org\/cookies\">p\u00e1gina Cookies<\/a>.<\/p>\n<p><strong id=\"search-engine\">Buscador de centros<\/strong><br \/>\nEl motor de b\u00fasqueda de centros funciona con Google Maps. Las consultas y los resultados de las b\u00fasquedas se registran de forma an\u00f3nima para ayudar a mejorar la funcionalidad del sitio web y de las b\u00fasquedas. La NKT-IKBU no recopila datos espec\u00edficos del usuario.<\/p>\n<p><strong>Bolet\u00edn electr\u00f3nico<\/strong><br \/>\nLa NKT-IKBU utiliza un operador externo, MailChimp, para entregar nuestros boletines electr\u00f3nicos. Las estad\u00edsticas sobre la apertura del correo electr\u00f3nico y los clics que utilizan tecnolog\u00edas est\u00e1ndar de la industria, incluidos los GIFs transparentes, nos ayudan a supervisar y mejorar nuestro bolet\u00edn electr\u00f3nico. Para m\u00e1s informaci\u00f3n, por favor vea el <a href=\"https:\/\/mailchimp.com\/legal\/privacy\/\">aviso de privacidad de MailChimp<\/a>.<\/p>\n<p><strong>Seguridad y rendimiento<\/strong><br \/>\nLa NKT-IKBU utiliza un servicio externo para ayudar a mantener la seguridad y el rendimiento del sitio web kadampafestivals.org. Para prestar este servicio procesa las direcciones IP de los visitantes del sitio web kadampafestivals.org.<\/p>\n<p>Personas que utilizan nuestro sistema de reservas online<\/p>\n<p>La informaci\u00f3n recogida y procesada es necesaria para gestionar y administrar su reserva y para facilitar la planificaci\u00f3n de eventos. Es posible que nos pongamos en contacto con usted por correo electr\u00f3nico o por tel\u00e9fono con respecto a su reserva. Tambi\u00e9n podemos enviarle boletines electr\u00f3nicos con informaci\u00f3n sobre el evento para el que ha reservado o sobre eventos futuros.<\/p>\n<p>Utilizamos un proveedor externo, WorldPay, para procesar la informaci\u00f3n de pago. Para obtener m\u00e1s informaci\u00f3n, consulte la pol\u00edtica de privacidad de WorldPay.<\/p>\n<p>Personas que presentan una solicitud de voluntariado<\/p>\n<p>La informaci\u00f3n recopilada y procesada es necesaria para gestionar y administrar su solicitud y su experiencia de voluntariado. Podemos comunicarnos con usted por correo electr\u00f3nico o por tel\u00e9fono en relaci\u00f3n con su solicitud. Utilizamos un proveedor externo, JotForm, para proporcionar nuestro formulario de solicitud de voluntariado.<br \/>\nPara obtener m\u00e1s informaci\u00f3n, consulte el <a href=\"https:\/\/www.jotform.com\/privacy\/\">aviso de privacidad de JotForm<\/a>.<\/p>\n<p>Fotos tomadas durante los eventos<\/p>\n<p>Es posible que se capturen im\u00e1genes durante los eventos organizados por la organizaci\u00f3n ben\u00e9fica NKT-IKBU por medio de fotograf\u00eda de pel\u00edculas, fotograf\u00eda digital, video u otro medio y estas se podr\u00e1n utilizar en el sitio web, publicidad de eventos o folletos, otro material publicitario (como boletines internos y externos), y se podr\u00e1n ofrecer a los medios de comunicaci\u00f3n para su publicaci\u00f3n en peri\u00f3dicos o revistas locales o nacionales y otros recursos. La NKT-IKBU reconoce su responsabilidad en la captura de im\u00e1genes mediante la fotograf\u00eda u otros medios seg\u00fan la ley aplicable.<\/p>\n<p>Personas que nos env\u00edan correos electr\u00f3nicos<\/p>\n<p>Se utiliza Transport Layer Security (TLS) para cifrar y proteger el tr\u00e1fico de correo electr\u00f3nico de acuerdo con las normas gubernamentales. Si su servicio de correo electr\u00f3nico no es compatible con TLS, debe tener en cuenta que es posible que los mensajes de correo electr\u00f3nico que enviemos o recibamos no est\u00e9n protegidos.<\/p>\n<p>Controlamos todos los correos electr\u00f3nicos que se nos env\u00edan, incluidos los archivos adjuntos, en busca de virus o software malicioso. Tenga en cuenta que usted tiene la responsabilidad de asegurarse de que cualquier correo electr\u00f3nico que env\u00ede cumpla todos los requisitos legales.<\/p>\n<h3><strong>Cu\u00e1nto tiempo guardamos su informaci\u00f3n<\/strong><\/h3>\n<p>Su informaci\u00f3n ser\u00e1 guardada por un per\u00edodo de 6 a\u00f1os m\u00e1s el a\u00f1o en curso, para fines de mantenimiento de registros legales. Transcurrido este tiempo, a menos que tengamos alguna obligaci\u00f3n legal de conservarla durante m\u00e1s tiempo, sus datos personales ser\u00e1n eliminados o, cuando se requieran con fines estad\u00edsticos, anonimizados.<\/p>\n<p>Su informaci\u00f3n utilizada con fines de <strong>marketing<\/strong> se mantendr\u00e1 hasta que usted nos notifique que ya no desea recibir esta informaci\u00f3n.<\/p>\n<h3>Enlaces a otros sitios web<\/h3>\n<p>Este aviso de privacidad no cubre los enlaces dentro de este sitio que conduzcan a otros sitios web. Le recomendamos que lea las declaraciones de privacidad en los otros sitios web que visite.<\/p>\n<h3>Cambios a este aviso de privacidad<\/h3>\n<p>Mantenemos nuestro aviso de privacidad bajo revisi\u00f3n regular. Este aviso de privacidad fue actualizado por \u00faltima vez el 21 de mayo de 2018.<\/p>\n<h3>Acceso y modificaci\u00f3n de su informaci\u00f3n personal<\/h3>\n<p>Usted puede pedirnos que corrijamos o eliminemos la informaci\u00f3n que tenemos sobre usted. P\u00f3ngase en contacto con nosotros utilizando la informaci\u00f3n que se da a continuaci\u00f3n.<\/p>\n<h3>Lo que puedes hacer<\/h3>\n<p>Si no est\u00e1 satisfecho con la forma en que hemos tratado su consulta, puede presentar una queja ante la Information Commissioner\u2019s Office (Oficina del Comisionado de Informaci\u00f3n) <a href=\"https:\/\/ico.org.uk\">ico.org.uk<\/a><\/p>\n<h3>C\u00f3mo ponerse en contacto con nosotros<\/h3>\n<p>Si desea solicitar informaci\u00f3n sobre nuestra pol\u00edtica de privacidad, puede enviarnos un correo electr\u00f3nico a\u00a0<a href=\"mailto:data@kadampa.org\">data@kadampa.org<\/a> o escribirnos a:<\/p>\n<p>New Kadampa Tradition \u2013 International Buddhist Union<br \/>\nConishead Priory<br \/>\nUlverston<br \/>\nCumbria<br \/>\nLA12 9QQ<\/p>\n<p>La Nueva Tradici\u00f3n Kadampa &#8211; la Uni\u00f3n Internacional de Budismo Kadampa (NKT-IKBU por sus siglas en ingl\u00e9s) es una organizaci\u00f3n sin \u00e1nimo de lucro registrada en el Reino Unido (1015054 (Inglaterra)).<\/p>\n","protected":false},"excerpt":{"rendered":"<p>Fecha de entrada en vigor: 25 mayo 2018 Este aviso de privacidad le informa sobre lo que puede esperar cuando la organizaci\u00f3n ben\u00e9fica Nueva Tradici\u00f3n Kadampa &#8211; la Uni\u00f3n Internacional de Budismo Kadampa (NKT-IKBU por sus siglas en ingl\u00e9s) recopile informaci\u00f3n personal. Se aplica a la informaci\u00f3n que recopilamos sobre: C\u00f3mo utilizamos sus datos Visitantes &#8230; <a title=\"Aviso de privacidad\" class=\"read-more\" href=\"https:\/\/kadampafestivals.org\/es\/privacy-notice\" aria-label=\"Leer m\u00e1s sobre Aviso de privacidad\">Read more<\/a><\/p>\n","protected":false},"author":1,"featured_media":0,"parent":0,"menu_order":0,"comment_status":"closed","ping_status":"closed","template":"","meta":{"footnotes":""},"wf_page_folders":[],"class_list":["post-18297","page","type-page","status-publish"],"_links":{"self":[{"href":"https:\/\/kadampafestivals.org\/es\/wp-json\/wp\/v2\/pages\/18297","targetHints":{"allow":["GET"]}}],"collection":[{"href":"https:\/\/kadampafestivals.org\/es\/wp-json\/wp\/v2\/pages"}],"about":[{"href":"https:\/\/kadampafestivals.org\/es\/wp-json\/wp\/v2\/types\/page"}],"author":[{"embeddable":true,"href":"https:\/\/kadampafestivals.org\/es\/wp-json\/wp\/v2\/users\/1"}],"replies":[{"embeddable":true,"href":"https:\/\/kadampafestivals.org\/es\/wp-json\/wp\/v2\/comments?post=18297"}],"version-history":[{"count":5,"href":"https:\/\/kadampafestivals.org\/es\/wp-json\/wp\/v2\/pages\/18297\/revisions"}],"predecessor-version":[{"id":25792,"href":"https:\/\/kadampafestivals.org\/es\/wp-json\/wp\/v2\/pages\/18297\/revisions\/25792"}],"wp:attachment":[{"href":"https:\/\/kadampafestivals.org\/es\/wp-json\/wp\/v2\/media?parent=18297"}],"wp:term":[{"taxonomy":"wf_page_folders","embeddable":true,"href":"https:\/\/kadampafestivals.org\/es\/wp-json\/wp\/v2\/wf_page_folders?post=18297"}],"curies":[{"name":"wp","href":"https:\/\/api.w.org\/{rel}","templated":true}]}}