{"id":2788,"date":"2014-02-22T12:17:08","date_gmt":"2014-02-22T12:17:08","guid":{"rendered":"https:\/\/kadampafestivals.org\/previous-festivals-2"},"modified":"2018-02-22T17:32:19","modified_gmt":"2018-02-22T17:32:19","slug":"festivales-anteriores","status":"publish","type":"page","link":"https:\/\/kadampafestivals.org\/es\/festivales-anteriores","title":{"rendered":"Festivales anteriores"},"content":{"rendered":"<p>Esta p\u00e1gina proporciona enlaces a los diarios, fotos, videos y rese\u00f1as de Festivales Kadampas Internacionales anteriores. Para ver los eventos m\u00e1s actuales, puedes consultar: <a href=\"https:\/\/gallery.kadampa.org\/International-Festivals\">Kadampa Image Gallery<\/a>,\u00a0<a href=\"http:\/\/www.youtube.com\/nktikbu\">YouTube<\/a>\u00a0y <a href=\"http:\/\/facebook.com\/kadampa\">Facebook<\/a>.&nbsp;<\/p>\n<ol>\n<li>2015\n<ul>\n<li>Fall Festival <a href=\"https:\/\/gallery.kadampa.org\/International-Festivals\/2015-Fall\">Photo Gallery<\/a> and <a href=\"https:\/\/www.youtube.com\/playlist?list=PLtzCmy8g-BeYmMacigcFFYEGRM2g1-n_b\">Video Playlist<\/a> 2015 \u2013 KMC\u00a0France<\/li>\n<li>Summer Festival <a href=\"https:\/\/gallery.kadampa.org\/International-Festivals\/2015-Summer-Festival\">Photo Gallery<\/a> and <a href=\"https:\/\/www.youtube.com\/playlist?list=PLtzCmy8g-BeaD50OwDh0UDSpiFGkDacA5\">Video Playlist<\/a> 2015 \u2013 Manjushri\u00a0KMC, England<\/li>\n<li>Spring Festival <a href=\"https:\/\/gallery.kadampa.org\/International-Festivals\/2015-Spring\">Photo Gallery<\/a> and <a href=\"https:\/\/www.youtube.com\/playlist?list=PLtzCmy8g-BeblWnPAuE9tJlZ0J_yTRbyz\">Video Playlist<\/a> 2015 \u2013 Manjushri\u00a0KMC, England Summer Festival<\/li>\n<\/ul>\n<\/li>\n<\/ol>\n<ol>\n<li>2014\n<ul>\n<li>Summer Festival <a href=\"https:\/\/gallery.kadampa.org\/International-Festivals\/2014-Summer\">Photo Gallery<\/a> and <a href=\"https:\/\/www.youtube.com\/playlist?list=PLtzCmy8g-BeYFTO3QhDuSKErCc4G2CLqe\">Video Playlist<\/a> 2014 \u2013 Manjushri\u00a0KMC, England<\/li>\n<li>Spring Festival <a href=\"https:\/\/gallery.kadampa.org\/International-Festivals\/2014-Spring\">Photo Gallery<\/a> and <a href=\"https:\/\/www.youtube.com\/playlist?list=PLtzCmy8g-BeY-LtgAzdY9xHiqa6voovcv\">Video Playlist<\/a> 2014 \u2013 Manjushri\u00a0KMC, England<\/li>\n<\/ul>\n<\/li>\n<\/ol>\n<ol>\n<li>2013\n<ul>\n<li><a href=\"https:\/\/gallery.kadampa.org\/International-Festivals\/2013-Fall\">Photo Gallery<\/a> and <a href=\"https:\/\/www.youtube.com\/playlist?list=PLtzCmy8g-BeY1_UhLx1zsulfKLQY_Tp8N\">Video Playlist<\/a>2013\u00a0\u2013\u00a0Portugal<\/li>\n<li><a href=\"https:\/\/kadampafestivals.org\/summer-2013\/\">Summer Festival Diaries 2013\u00a0\u2013 Manjushri\u00a0KMC, England\u00a0<\/a><\/li>\n<li><a href=\"https:\/\/kadampafestivals.org\/spring-2013\/\">Spring Festival Diaries 2013\u00a0\u2013 Manjushri\u00a0KMC, England\u00a0<\/a><\/li>\n<\/ul>\n<\/li>\n<\/ol>\n<ol>\n<li>2012\n<ul>\n<li><a href=\"https:\/\/kadampafestivals.org\/fall-2012\/\">Fall Festival Diaries 2012<\/a><\/li>\n<li><a href=\"https:\/\/kadampafestivals.org\/summer-2012\">Summer Festival Diaries 2012\u00a0\u2013 Manjushri\u00a0KMC, England\u00a0<\/a><\/li>\n<li><a href=\"https:\/\/kadampafestivals.org\/spring-2012\">Spring Festival Diaries 2012\u00a0\u2013 Manjushri\u00a0KMC, England\u00a0<\/a><\/li>\n<\/ul>\n<\/li>\n<\/ol>\n<ol>\n<li>2011\n<ul>\n<li><a href=\"https:\/\/kadampafestivals.org\/fall-2011\/\/index.htm\" target=\"_blank\" rel=\"noopener\">Fall Festival 2011 \u2013 KMC New York<\/a><\/li>\n<li><a href=\"https:\/\/kadampafestivals.org\/summer-2011\/\/index.htm\" target=\"_blank\" rel=\"noopener\">Summer Festival 2011 \u2013 Manjushri KMC, England<\/a><\/li>\n<li><a href=\"https:\/\/kadampafestivals.org\/spring-2011\/index.htm\" target=\"_blank\" rel=\"noopener\">Spring Festival 2011 \u2013 Manjushri KMC, England<\/a><\/li>\n<\/ul>\n<\/li>\n<\/ol>\n<ol>\n<li>2010\n<ul>\n<li><a href=\"https:\/\/kadampafestivals.org\/2010\/spring\/index.html\">Spring Festival 2010 \u2013 Manjushri KMC, England<\/a><\/li>\n<li>Summer Festival 2010 \u2013 Manjushri KMC, England (Back soon)<\/li>\n<li>Fall Festival 2010 \u2013 KMC Brazil (Back soon)<\/li>\n<\/ul>\n<\/li>\n<\/ol>\n<ol>\n<li>2009\n<ul>\n<li><a href=\"https:\/\/kadampafestivals.org\/2009\/spring\/index.htm\">Spring Festival 2009 \u2013 Manjushri KMC, England<\/a><\/li>\n<li><a href=\"https:\/\/kadampafestivals.org\/2009\/summer\/index.htm\">Summer Festival 2009 \u2013 Manjushri KMC, England<\/a><\/li>\n<li><a href=\"https:\/\/kadampafestivals.org\/2009\/fall\/index.htm\">Fall Festival 2009 \u2013 Montecatini-Terme, ITALY<\/a><\/li>\n<li><a href=\"https:\/\/kadampafestivals.org\/2009\/fall\/index.htm\">Fall Festival 2009 \u2013 Montecatini-Terme, ITALY<\/a><\/li>\n<\/ul>\n<\/li>\n<\/ol>\n<ol>\n<li>2008\n<ul>\n<li>Fall Festival 2008 \u2013 Paris, Disneyland<\/li>\n<li>Spring and Summer 2008 \u2013 Manjushri KMC, England (Back soon)<\/li>\n<\/ul>\n<\/li>\n<\/ol>\n<ol>\n<li>2007\n<ul>\n<li>Spring, Summer and Fall 2007 \u2013 Manjushri KMC, England &amp; Singapore (Back soon)<\/li>\n<li>Fall 2006 \u2013 KMC USA (Back soon)<\/li>\n<\/ul>\n<\/li>\n<\/ol>\n<ol>\n<li>2006\n<ul>\n<li><a href=\"http:\/\/www.kadampa.org\/english\/events\/festivals\/diaries\/summer2006\/index.php\" target=\"_blank\" rel=\"noopener\">Summer 2006 \u2013 Manjushri KMC, England<\/a><\/li>\n<li><a href=\"http:\/\/www.kadampa.org\/english\/events\/festivals\/diaries\/spring2006\/index.htm\" target=\"_blank\" rel=\"noopener\">Spring 2006 \u2013 Manjushri KMC, England<\/a><\/li>\n<\/ul>\n<\/li>\n<\/ol>\n<ol>\n<li>2005\n<ul>\n<li><a href=\"http:\/\/www.kadampa.org\/english\/events\/festivals\/diaries\/fall2005\/index.htm\" target=\"_blank\" rel=\"noopener\">Fall 2005 \u2013 Berlin, Germany<\/a><\/li>\n<li><a href=\"http:\/\/www.kadampa.org\/english\/events\/festivals\/diaries\/summer2005\/index.htm\" target=\"_blank\" rel=\"noopener\">Summer 2005 \u2013 Manjushri KMC, England<\/a><\/li>\n<li><a href=\"http:\/\/www.kadampa.org\/english\/events\/festivals\/diaries\/spring2005\/index.htm\" target=\"_blank\" rel=\"noopener\">Spring 2005 \u2013 Manjushri KMC, England<\/a><\/li>\n<\/ul>\n<\/li>\n<\/ol>\n<ol>\n<li>2004\n<ul>\n<li><a href=\"http:\/\/www.kadampa.org\/english\/events\/festivals\/diaries\/2004\/summer\/index.htm\" target=\"_blank\" rel=\"noopener\">Summer 2004 \u2013 Manjushri KMC, England<\/a><\/li>\n<li><a href=\"http:\/\/kadampa.org\/english\/events\/festivals\/diaries\/2004\/spring\/index.htm\" target=\"_blank\" rel=\"noopener\">Spring 2004 \u2013 Manjushri KMC, England<\/a><\/li>\n<\/ul>\n<\/li>\n<\/ol>\n<ol>\n<li>2004\n<ul>\n<li><a href=\"http:\/\/www.kadampa.org\/english\/events\/festivals\/diaries\/summer2003\/diary1.htm\" target=\"_blank\" rel=\"noopener\">Summer 2003 \u2013 Manjushri KMC, England<\/a><\/li>\n<\/ul>\n<\/li>\n<\/ol>\n","protected":false},"excerpt":{"rendered":"<p>Esta p\u00e1gina proporciona enlaces a los diarios, fotos, videos y rese\u00f1as de Festivales Kadampas Internacionales anteriores. Para ver los eventos m\u00e1s actuales, puedes consultar: Kadampa Image Gallery,\u00a0YouTube\u00a0y Facebook.&nbsp; 2015 Fall Festival Photo Gallery and Video Playlist 2015 \u2013 KMC\u00a0France Summer Festival Photo Gallery and Video Playlist 2015 \u2013 Manjushri\u00a0KMC, England Spring Festival Photo Gallery and &#8230; <a title=\"Festivales anteriores\" class=\"read-more\" href=\"https:\/\/kadampafestivals.org\/es\/festivales-anteriores\" aria-label=\"Leer m\u00e1s sobre Festivales anteriores\">Read more<\/a><\/p>\n","protected":false},"author":15,"featured_media":0,"parent":0,"menu_order":777,"comment_status":"closed","ping_status":"closed","template":"","meta":{"footnotes":""},"wf_page_folders":[],"class_list":["post-2788","page","type-page","status-publish"],"_links":{"self":[{"href":"https:\/\/kadampafestivals.org\/es\/wp-json\/wp\/v2\/pages\/2788","targetHints":{"allow":["GET"]}}],"collection":[{"href":"https:\/\/kadampafestivals.org\/es\/wp-json\/wp\/v2\/pages"}],"about":[{"href":"https:\/\/kadampafestivals.org\/es\/wp-json\/wp\/v2\/types\/page"}],"author":[{"embeddable":true,"href":"https:\/\/kadampafestivals.org\/es\/wp-json\/wp\/v2\/users\/15"}],"replies":[{"embeddable":true,"href":"https:\/\/kadampafestivals.org\/es\/wp-json\/wp\/v2\/comments?post=2788"}],"version-history":[{"count":23,"href":"https:\/\/kadampafestivals.org\/es\/wp-json\/wp\/v2\/pages\/2788\/revisions"}],"predecessor-version":[{"id":17452,"href":"https:\/\/kadampafestivals.org\/es\/wp-json\/wp\/v2\/pages\/2788\/revisions\/17452"}],"wp:attachment":[{"href":"https:\/\/kadampafestivals.org\/es\/wp-json\/wp\/v2\/media?parent=2788"}],"wp:term":[{"taxonomy":"wf_page_folders","embeddable":true,"href":"https:\/\/kadampafestivals.org\/es\/wp-json\/wp\/v2\/wf_page_folders?post=2788"}],"curies":[{"name":"wp","href":"https:\/\/api.w.org\/{rel}","templated":true}]}}