{"id":143399,"date":"2022-01-28T10:32:59","date_gmt":"2022-01-28T10:32:59","guid":{"rendered":"https:\/\/kadampafestivals.org\/printemps-2\/conditions-generales-enligne"},"modified":"2023-09-28T22:03:11","modified_gmt":"2023-09-28T22:03:11","slug":"conditions-generales-enligne","status":"publish","type":"page","link":"https:\/\/kadampafestivals.org\/fr\/automne\/conditions-generales-enligne","title":{"rendered":"Conditions g\u00e9n\u00e9rales d&rsquo;inscription &#8211; participation en ligne"},"content":{"rendered":"\n\n\t\t\t\t<img loading=\"lazy\" decoding=\"async\" src=\"https:\/\/kadampafestivals.org\/wp-content\/uploads\/2022\/10\/Banner-FALL-Festival-23-FRENCH.jpg\" alt=\"Banner-FALL-Festival-23\" itemprop=\"image\" height=\"397\" width=\"1134\" title=\"Banner-FALL-Festival-23\" onerror=\"this.style.display='none'\"  \/>\n\t\t\t<h3><strong><a href=\"https:\/\/kadampabookings.org\/frontend\/?eventid=1152&amp;lang=fr\">S&rsquo;inscrire pour assister au festival en personne \u2192<br \/>\n<\/a><\/strong><\/h3>\n<p>&nbsp;<\/p>\n<h3><a href=\"https:\/\/kadampabookings.org\/frontend\/?eventid=1153&amp;lang=fr\"><strong>S&rsquo;inscrire pour assister au festival en ligne \u2192<br \/>\n<\/strong><\/a><\/h3>\n\t\t\t<a href=\"void(0)\" target=\"_self\" aria-label=\" S&#039;inscrire maintenant\" rel=\"noopener\">\n\t\t\t\t\t\t\t S&rsquo;inscrire maintenant\n\t\t<\/a>\nFall Menu\t\t\t\n\t\t\t\t\t<ul id=\"menu-fall-festival-french\"><li id=\"menu-item-152249\"><a href=\"https:\/\/kadampafestivals.org\/fr\/automne\">Festival d&rsquo;automne 2023<\/a><\/li>\n<li id=\"menu-item-151835\"><a href=\"https:\/\/kadampafestivals.org\/fr\/automne\/le-fondateur\">Le fondateur<\/a><\/li>\n<li id=\"menu-item-36104\"><a href=\"#\">Le Festival<\/a>\n<ul>\n\t<li id=\"menu-item-151836\"><a href=\"https:\/\/kadampafestivals.org\/fr\/automne\/festival-enseignements\">Les enseignements au festival d&rsquo;automne<\/a><\/li>\n\t<li id=\"menu-item-151837\"><a href=\"https:\/\/kadampafestivals.org\/fr\/automne\/enseignants\">Les enseignants du festival d&rsquo;automne<\/a><\/li>\n\t<li id=\"menu-item-151838\"><a href=\"https:\/\/kadampafestivals.org\/fr\/automne\/programme\">Le programme<\/a><\/li>\n\t<li id=\"menu-item-151839\"><a href=\"https:\/\/kadampafestivals.org\/fr\/automne\/experience-festival-en-personne\">L&rsquo;exp\u00e9rience du festival &#8211; En personne<\/a><\/li>\n\t<li id=\"menu-item-153039\"><a href=\"https:\/\/kadampafestivals.org\/fr\/automne\/visite-a-grenade\">Visite \u00e0 Grenade<\/a><\/li>\n\t<li id=\"menu-item-152178\"><a href=\"https:\/\/kadampafestivals.org\/fr\/automne\/festival-enligne\">Participer au festival en ligne<\/a><\/li>\n\t<li id=\"menu-item-151840\"><a href=\"https:\/\/kadampafestivals.org\/fr\/automne\/benevolat\">Le b\u00e9n\u00e9volat pour le festival d&rsquo;automne<\/a><\/li>\n<\/ul>\n<\/li>\n<li id=\"menu-item-151841\"><a href=\"https:\/\/kadampafestivals.org\/fr\/automne\/lieu-du-festival\">Le lieu du festival<\/a><\/li>\n<li id=\"menu-item-36108\"><a href=\"#\">Inscription<\/a>\n<ul>\n\t<li id=\"menu-item-151842\"><a href=\"https:\/\/kadampafestivals.org\/fr\/automne\/inscription\">Comment s&rsquo;inscrire<\/a><\/li>\n\t<li id=\"menu-item-151843\"><a href=\"https:\/\/kadampafestivals.org\/fr\/automne\/conditions-generales-personne\">Conditions g\u00e9n\u00e9rales d&rsquo;inscription en personne<\/a><\/li>\n\t<li id=\"menu-item-151844\"><a href=\"https:\/\/kadampafestivals.org\/fr\/automne\/conditions-generales-enligne\">Conditions g\u00e9n\u00e9rales d&rsquo;inscription &#8211; participation en ligne<\/a><\/li>\n\t<li id=\"menu-item-151885\"><a href=\"https:\/\/kadampafestivals.org\/fr\/automne\/hebergement\">H\u00e9bergement<\/a><\/li>\n\t<li id=\"menu-item-151886\"><a href=\"https:\/\/kadampafestivals.org\/fr\/automne\/repas\">Repas<\/a><\/li>\n\t<li id=\"menu-item-151887\"><a href=\"https:\/\/kadampafestivals.org\/fr\/automne\/traductions-besoins-particuliers\">Traductions et besoins particuliers<\/a><\/li>\n\t<li id=\"menu-item-151888\"><a href=\"https:\/\/kadampafestivals.org\/fr\/automne\/tarifs-festival-automne\">Tarifs du festival d&#8217;automne<\/a><\/li>\n\t<li id=\"menu-item-152250\"><a href=\"https:\/\/kadampafestivals.org\/fr\/automne\/tarifs-festival-automne-enligne\">Frais du festival d&rsquo;automne &#8211; En ligne<\/a><\/li>\n\t<li id=\"menu-item-151889\"><a href=\"https:\/\/kadampafestivals.org\/fr\/automne\/enfants\">Enfants et jeunes adultes<\/a><\/li>\n\t<li id=\"menu-item-151890\"><a href=\"https:\/\/kadampafestivals.org\/fr\/automne\/parking\">Stationnement<\/a><\/li>\n\t<li id=\"menu-item-151891\"><a href=\"https:\/\/kadampafestivals.org\/fr\/automne\/infos-voyage\">Infos voyage<\/a><\/li>\n\t<li id=\"menu-item-151892\"><a href=\"https:\/\/kadampafestivals.org\/fr\/automne\/informations-generales\">Informations g\u00e9n\u00e9rales<\/a><\/li>\n<\/ul>\n<\/li>\n<li id=\"menu-item-151893\"><a href=\"https:\/\/kadampafestivals.org\/fr\/automne\/retraites-post-festival\">Retraites post festival<\/a><\/li>\n<li id=\"menu-item-151894\"><a href=\"https:\/\/kadampafestivals.org\/fr\/automne\/temples\">PIT<\/a><\/li>\n<li id=\"menu-item-151926\"><a href=\"https:\/\/kadampafestivals.org\/fr\/automne\/contact-info\">Contact<\/a><\/li>\n<\/ul>\t\n\t<h1>\n\t\tConditions g\u00e9n\u00e9rales d&rsquo;inscription &#8211; participation en ligne\n\t<\/h1>\n\t<table>\n<tbody>\n<tr>\n<td width=\"972\">MERCI DE LIRE ATTENTIVEMENT LES INFORMATIONS SUIVANTES<\/td>\n<\/tr>\n<\/tbody>\n<\/table>\n<p><b>L&rsquo;inscription est n\u00e9cessaire : <\/b>Les liens sont destin\u00e9s uniquement au destinataire enregistr\u00e9 et ne doivent pas \u00eatre partag\u00e9s.<\/p>\n<p><strong>Les inscriptions ne peuvent pas \u00eatre transf\u00e9r\u00e9es \u00e0 une autre personne.<\/strong><\/p>\n<p><strong>Comment s&rsquo;inscrire <\/strong>: des instructions \u00e9tape par \u00e9tape sont disponibles sur la page \u00ab\u00a0Comment s&rsquo;inscrire\u00a0\u00bb.<\/p>\n<p><strong>Paiement et politique de remboursement :<\/strong> merci de lire attentivement ce qui suit.<\/p>\n<ul>\n<li><strong>Les inscriptions concernent la totalit\u00e9 de l&rsquo;\u00e9v\u00e9nement.<\/strong><\/li>\n<li><strong>Inscriptions effectu\u00e9es le ou avant le 21 septembre : <\/strong>un acompte minimum de 25 % est requis au moment de l&rsquo;inscription. Les inscriptions non accompagn\u00e9es de l&rsquo;acompte minimum seront automatiquement annul\u00e9es apr\u00e8s 72 heures, apr\u00e8s quoi il sera n\u00e9cessaire d&rsquo;effectuer une nouvelle inscription.<\/li>\n<li><strong>Inscriptions effectu\u00e9es le ou apr\u00e8s le 22 septembre : <\/strong>le paiement int\u00e9gral est requis au moment de l&rsquo;inscription.<\/li>\n<li><strong>Annulations : <\/strong>des frais administratifs de 10 \u20ac seront retenus pour toute annulation jusqu&rsquo;\u00e0 23h59 CEST (heure d&rsquo;\u00e9t\u00e9 de l&rsquo;Europe centrale) le 2 octobre. \u00a0Apr\u00e8s cette date, tous les paiements ne sont plus remboursables.<\/li>\n<\/ul>\n<p><strong>Traduction : <\/strong>tous les enseignements, m\u00e9ditations et s\u00e9ances de retraite seront dispens\u00e9s en anglais. Une traduction audio en plusieurs langues sera disponible sur les vid\u00e9os \u00e0 la demande. Voir la page <a href=\"https:\/\/kadampafestivals.org\/fr\/printemps\/traduction-besoins-particuliers\">Traduction<\/a> pour les langues disponibles.<\/p>\n<p><b>Enregistrements audios : <\/b>ils peuvent \u00eatre achet\u00e9s au moment de l&rsquo;inscription, ou ajout\u00e9s \u00e0 votre panier ult\u00e9rieurement. La date limite d&rsquo;achat des enregistrements audios est fix\u00e9e au 12 novembre 2023. Les enregistrements ne peuvent \u00eatre achet\u00e9s que pour les s\u00e9ances auxquelles vous vous \u00eates inscrit. Les enregistrements sont destin\u00e9s \u00e0 l&rsquo;usage exclusif du destinataire inscrit et ne doivent pas \u00eatre partag\u00e9s. Les enregistrements audios concernent uniquement les s\u00e9ances d&rsquo;enseignement et ne comprennent pas les m\u00e9ditations guid\u00e9es ni les s\u00e9ances de retraite.<\/p>\n<p><b>Enregistrements vid\u00e9os des s\u00e9ances : <\/b>disponibles en ligne jusqu&rsquo;\u00e0 23h59 CEST (heure d&rsquo;\u00e9t\u00e9 de l&rsquo;Europe centrale) le 31 octobre, \u00e0 l&rsquo;exception de la s\u00e9ance de transmission de pouvoir qui ne sera disponible que pendant 24 heures \u00e0 partir du moment o\u00f9 les liens seront mis en ligne (\u00e0 savoir 48 heures apr\u00e8s la s\u00e9ance d&rsquo;origine).\u00a0<\/p>\n<p>&nbsp;<\/p>\n\n","protected":false},"excerpt":{"rendered":"<p>S&rsquo;inscrire pour assister au festival en personne \u2192 &nbsp; S&rsquo;inscrire pour assister au festival en ligne \u2192 S&rsquo;inscrire maintenant Fall Menu Festival d&rsquo;automne 2023 Le fondateur Le Festival Les enseignements au festival d&rsquo;automne Les enseignants du festival d&rsquo;automne Le programme L&rsquo;exp\u00e9rience du festival &#8211; En personne Visite \u00e0 Grenade Participer au festival en ligne Le &#8230; <a title=\"Conditions g\u00e9n\u00e9rales d&rsquo;inscription &#8211; participation en ligne\" class=\"read-more\" href=\"https:\/\/kadampafestivals.org\/fr\/automne\/conditions-generales-enligne\" aria-label=\"En savoir plus sur Conditions g\u00e9n\u00e9rales d&rsquo;inscription &#8211; participation en ligne\">Read more<\/a><\/p>\n","protected":false},"author":1,"featured_media":0,"parent":151998,"menu_order":11,"comment_status":"closed","ping_status":"closed","template":"","meta":{"footnotes":""},"wf_page_folders":[580],"class_list":["post-143399","page","type-page","status-publish"],"_links":{"self":[{"href":"https:\/\/kadampafestivals.org\/fr\/wp-json\/wp\/v2\/pages\/143399","targetHints":{"allow":["GET"]}}],"collection":[{"href":"https:\/\/kadampafestivals.org\/fr\/wp-json\/wp\/v2\/pages"}],"about":[{"href":"https:\/\/kadampafestivals.org\/fr\/wp-json\/wp\/v2\/types\/page"}],"author":[{"embeddable":true,"href":"https:\/\/kadampafestivals.org\/fr\/wp-json\/wp\/v2\/users\/1"}],"replies":[{"embeddable":true,"href":"https:\/\/kadampafestivals.org\/fr\/wp-json\/wp\/v2\/comments?post=143399"}],"version-history":[{"count":7,"href":"https:\/\/kadampafestivals.org\/fr\/wp-json\/wp\/v2\/pages\/143399\/revisions"}],"predecessor-version":[{"id":153346,"href":"https:\/\/kadampafestivals.org\/fr\/wp-json\/wp\/v2\/pages\/143399\/revisions\/153346"}],"up":[{"embeddable":true,"href":"https:\/\/kadampafestivals.org\/fr\/wp-json\/wp\/v2\/pages\/151998"}],"wp:attachment":[{"href":"https:\/\/kadampafestivals.org\/fr\/wp-json\/wp\/v2\/media?parent=143399"}],"wp:term":[{"taxonomy":"wf_page_folders","embeddable":true,"href":"https:\/\/kadampafestivals.org\/fr\/wp-json\/wp\/v2\/wf_page_folders?post=143399"}],"curies":[{"name":"wp","href":"https:\/\/api.w.org\/{rel}","templated":true}]}}