{"id":153025,"date":"2023-09-02T19:49:15","date_gmt":"2023-09-02T18:49:15","guid":{"rendered":"https:\/\/kadampafestivals.org\/automne\/visite-a-grenade"},"modified":"2023-09-05T11:59:41","modified_gmt":"2023-09-05T11:59:41","slug":"visite-a-grenade","status":"publish","type":"page","link":"https:\/\/kadampafestivals.org\/fr\/automne\/visite-a-grenade","title":{"rendered":"Visite \u00e0 Grenade"},"content":{"rendered":"\n\n\t\t\t\t<img loading=\"lazy\" decoding=\"async\" src=\"https:\/\/kadampafestivals.org\/wp-content\/uploads\/2022\/10\/Banner-FALL-Festival-23-FRENCH.jpg\" alt=\"Banner-FALL-Festival-23\" itemprop=\"image\" height=\"397\" width=\"1134\" title=\"Banner-FALL-Festival-23\" onerror=\"this.style.display='none'\"  \/>\n\t\t\t<h3><strong><a href=\"https:\/\/kadampabookings.org\/frontend\/?eventid=1152&amp;lang=fr\">S&rsquo;inscrire pour assister au festival en personne \u2192<br \/>\n<\/a><\/strong><\/h3>\n<p>&nbsp;<\/p>\n<h3><a href=\"https:\/\/kadampabookings.org\/frontend\/?eventid=1153&amp;lang=fr\"><strong>S&rsquo;inscrire pour assister au festival en ligne \u2192<br \/>\n<\/strong><\/a><\/h3>\n\t\t\t<a href=\"void(0)\" target=\"_self\" aria-label=\" S&#039;inscrire maintenant\" rel=\"noopener\">\n\t\t\t\t\t\t\t S&rsquo;inscrire maintenant\n\t\t<\/a>\nFall Menu\t\t\t\n\t\t\t\t\t<ul id=\"menu-fall-festival-french\"><li id=\"menu-item-152249\"><a href=\"https:\/\/kadampafestivals.org\/fr\/automne\">Festival d&rsquo;automne 2023<\/a><\/li>\n<li id=\"menu-item-151835\"><a href=\"https:\/\/kadampafestivals.org\/fr\/automne\/le-fondateur\">Le fondateur<\/a><\/li>\n<li id=\"menu-item-36104\"><a href=\"#\">Le Festival<\/a>\n<ul>\n\t<li id=\"menu-item-151836\"><a href=\"https:\/\/kadampafestivals.org\/fr\/automne\/festival-enseignements\">Les enseignements au festival d&rsquo;automne<\/a><\/li>\n\t<li id=\"menu-item-151837\"><a href=\"https:\/\/kadampafestivals.org\/fr\/automne\/enseignants\">Les enseignants du festival d&rsquo;automne<\/a><\/li>\n\t<li id=\"menu-item-151838\"><a href=\"https:\/\/kadampafestivals.org\/fr\/automne\/programme\">Le programme<\/a><\/li>\n\t<li id=\"menu-item-151839\"><a href=\"https:\/\/kadampafestivals.org\/fr\/automne\/experience-festival-en-personne\">L&rsquo;exp\u00e9rience du festival &#8211; En personne<\/a><\/li>\n\t<li id=\"menu-item-153039\"><a href=\"https:\/\/kadampafestivals.org\/fr\/automne\/visite-a-grenade\">Visite \u00e0 Grenade<\/a><\/li>\n\t<li id=\"menu-item-152178\"><a href=\"https:\/\/kadampafestivals.org\/fr\/automne\/festival-enligne\">Participer au festival en ligne<\/a><\/li>\n\t<li id=\"menu-item-151840\"><a href=\"https:\/\/kadampafestivals.org\/fr\/automne\/benevolat\">Le b\u00e9n\u00e9volat pour le festival d&rsquo;automne<\/a><\/li>\n<\/ul>\n<\/li>\n<li id=\"menu-item-151841\"><a href=\"https:\/\/kadampafestivals.org\/fr\/automne\/lieu-du-festival\">Le lieu du festival<\/a><\/li>\n<li id=\"menu-item-36108\"><a href=\"#\">Inscription<\/a>\n<ul>\n\t<li id=\"menu-item-151842\"><a href=\"https:\/\/kadampafestivals.org\/fr\/automne\/inscription\">Comment s&rsquo;inscrire<\/a><\/li>\n\t<li id=\"menu-item-151843\"><a href=\"https:\/\/kadampafestivals.org\/fr\/automne\/conditions-generales-personne\">Conditions g\u00e9n\u00e9rales d&rsquo;inscription en personne<\/a><\/li>\n\t<li id=\"menu-item-151844\"><a href=\"https:\/\/kadampafestivals.org\/fr\/automne\/conditions-generales-enligne\">Conditions g\u00e9n\u00e9rales d&rsquo;inscription &#8211; participation en ligne<\/a><\/li>\n\t<li id=\"menu-item-151885\"><a href=\"https:\/\/kadampafestivals.org\/fr\/automne\/hebergement\">H\u00e9bergement<\/a><\/li>\n\t<li id=\"menu-item-151886\"><a href=\"https:\/\/kadampafestivals.org\/fr\/automne\/repas\">Repas<\/a><\/li>\n\t<li id=\"menu-item-151887\"><a href=\"https:\/\/kadampafestivals.org\/fr\/automne\/traductions-besoins-particuliers\">Traductions et besoins particuliers<\/a><\/li>\n\t<li id=\"menu-item-151888\"><a href=\"https:\/\/kadampafestivals.org\/fr\/automne\/tarifs-festival-automne\">Tarifs du festival d&#8217;automne<\/a><\/li>\n\t<li id=\"menu-item-152250\"><a href=\"https:\/\/kadampafestivals.org\/fr\/automne\/tarifs-festival-automne-enligne\">Frais du festival d&rsquo;automne &#8211; En ligne<\/a><\/li>\n\t<li id=\"menu-item-151889\"><a href=\"https:\/\/kadampafestivals.org\/fr\/automne\/enfants\">Enfants et jeunes adultes<\/a><\/li>\n\t<li id=\"menu-item-151890\"><a href=\"https:\/\/kadampafestivals.org\/fr\/automne\/parking\">Stationnement<\/a><\/li>\n\t<li id=\"menu-item-151891\"><a href=\"https:\/\/kadampafestivals.org\/fr\/automne\/infos-voyage\">Infos voyage<\/a><\/li>\n\t<li id=\"menu-item-151892\"><a href=\"https:\/\/kadampafestivals.org\/fr\/automne\/informations-generales\">Informations g\u00e9n\u00e9rales<\/a><\/li>\n<\/ul>\n<\/li>\n<li id=\"menu-item-151893\"><a href=\"https:\/\/kadampafestivals.org\/fr\/automne\/retraites-post-festival\">Retraites post festival<\/a><\/li>\n<li id=\"menu-item-151894\"><a href=\"https:\/\/kadampafestivals.org\/fr\/automne\/temples\">PIT<\/a><\/li>\n<li id=\"menu-item-151926\"><a href=\"https:\/\/kadampafestivals.org\/fr\/automne\/contact-info\">Contact<\/a><\/li>\n<\/ul>\t\n\t<h1>\n\t\tVisite organis\u00e9e \u00e0 Grenade\n\t<\/h1>\n\t<p>Le dernier jour du festival international d&rsquo;automne, il y aura une occasion sp\u00e9ciale de participer \u00e0 une visite organis\u00e9e de la nouvelle propri\u00e9t\u00e9 de la NTK \u00e0 Grenade.<\/p>\n<p>Un nombre limit\u00e9 d&rsquo;autocars partira du CMK Espagne imm\u00e9diatement apr\u00e8s la derni\u00e8re s\u00e9ance de retraite (voir le programme actualis\u00e9 du festival), pour un voyage de 2 heures vers Grenade.<\/p>\n<p>Il y aura des visites guid\u00e9es de la propri\u00e9t\u00e9 et la possibilit\u00e9 de passer du temps dans la ville, pour revenir le soir du m\u00eame jour, soit au CMK Espagne, soit \u00e0 la ville de Malaga (<a href=\"https:\/\/www.google.es\/maps\/place\/Hotel+NH+M%C3%A1laga\/@36.7179511,-4.4261407,18z\/data=!4m8!3m7!1s0xd72f64c8e5f80d9:0xd36ad0b9d5987b83!5m2!4m1!1i2!8m2!3d36.718463!4d-4.426307?hl=es-419\"><b><i>Hotel NH<\/i><\/b><\/a> &#8211; C. San Jacinto, 2, 29007 M\u00e1laga).<\/p>\n<h3><strong>Programme<\/strong><\/h3>\n<p><em>(les temps sont approximatifs)<\/em><\/p>\n<p>12:30 D\u00e9part du CMK Espagne<\/p>\n<p>14:30. Arriv\u00e9e \u00e0 Grenade<\/p>\n<p>19:00. D\u00e9part de Grenade<\/p>\n<p>20:30. Arriv\u00e9e \u00e0 Malaga ou 21:00 Arriv\u00e9e au CMK Espagne<\/p>\n<p>Co\u00fbt 20\u20ac par personne &#8211; \u00e0 r\u00e9gler au cours du Festival d&rsquo;automne.<\/p>\n<p>L&rsquo;h\u00e9bergement au CMK Espagne pour la nuit du 12 Octobre n&rsquo;est disponible que pour ceux qui sont rest\u00e9s sur site pendant le Festival et doit \u00eatre du m\u00eame type d&rsquo;h\u00e9bergement. Les informations de contact du CMK Espagne seront envoy\u00e9es s\u00e9par\u00e9ment \u00e0 ceux inscrits \u00e0 la visite.<\/p>\n<p><strong>Un lien de r\u00e9servation sera mis en ligne ici le mardi 5 septembre \u00e0 14h CEST (Espagne).<\/strong><\/p>\n<p>&nbsp;<\/p>\n\n","protected":false},"excerpt":{"rendered":"<p>S&rsquo;inscrire pour assister au festival en personne \u2192 &nbsp; S&rsquo;inscrire pour assister au festival en ligne \u2192 S&rsquo;inscrire maintenant Fall Menu Festival d&rsquo;automne 2023 Le fondateur Le Festival Les enseignements au festival d&rsquo;automne Les enseignants du festival d&rsquo;automne Le programme L&rsquo;exp\u00e9rience du festival &#8211; En personne Visite \u00e0 Grenade Participer au festival en ligne Le &#8230; <a title=\"Visite \u00e0 Grenade\" class=\"read-more\" href=\"https:\/\/kadampafestivals.org\/fr\/automne\/visite-a-grenade\" aria-label=\"En savoir plus sur Visite \u00e0 Grenade\">Read more<\/a><\/p>\n","protected":false},"author":1,"featured_media":0,"parent":151998,"menu_order":9,"comment_status":"closed","ping_status":"closed","template":"","meta":{"footnotes":""},"wf_page_folders":[580],"class_list":["post-153025","page","type-page","status-publish"],"_links":{"self":[{"href":"https:\/\/kadampafestivals.org\/fr\/wp-json\/wp\/v2\/pages\/153025","targetHints":{"allow":["GET"]}}],"collection":[{"href":"https:\/\/kadampafestivals.org\/fr\/wp-json\/wp\/v2\/pages"}],"about":[{"href":"https:\/\/kadampafestivals.org\/fr\/wp-json\/wp\/v2\/types\/page"}],"author":[{"embeddable":true,"href":"https:\/\/kadampafestivals.org\/fr\/wp-json\/wp\/v2\/users\/1"}],"replies":[{"embeddable":true,"href":"https:\/\/kadampafestivals.org\/fr\/wp-json\/wp\/v2\/comments?post=153025"}],"version-history":[{"count":3,"href":"https:\/\/kadampafestivals.org\/fr\/wp-json\/wp\/v2\/pages\/153025\/revisions"}],"predecessor-version":[{"id":153059,"href":"https:\/\/kadampafestivals.org\/fr\/wp-json\/wp\/v2\/pages\/153025\/revisions\/153059"}],"up":[{"embeddable":true,"href":"https:\/\/kadampafestivals.org\/fr\/wp-json\/wp\/v2\/pages\/151998"}],"wp:attachment":[{"href":"https:\/\/kadampafestivals.org\/fr\/wp-json\/wp\/v2\/media?parent=153025"}],"wp:term":[{"taxonomy":"wf_page_folders","embeddable":true,"href":"https:\/\/kadampafestivals.org\/fr\/wp-json\/wp\/v2\/wf_page_folders?post=153025"}],"curies":[{"name":"wp","href":"https:\/\/api.w.org\/{rel}","templated":true}]}}