{"id":159216,"date":"2024-04-17T07:49:35","date_gmt":"2024-04-17T06:49:35","guid":{"rendered":"https:\/\/kadampafestivals.org\/retraites-post-festival-2"},"modified":"2026-03-04T11:12:25","modified_gmt":"2026-03-04T11:12:25","slug":"retraites-post-festival","status":"publish","type":"page","link":"https:\/\/kadampafestivals.org\/fr\/ete\/retraites-post-festival","title":{"rendered":"Retraites post-festival"},"content":{"rendered":"\n\n\t\t\t\t<img loading=\"lazy\" decoding=\"async\" src=\"https:\/\/kadampafestivals.org\/wp-content\/uploads\/2024\/11\/Kadampa-Spring-Festival-2025---Buddha-Maitreya-Merged-2x.png\" alt=\"Kadampa Spring Festival 2025 - Buddha Maitreya Merged (2x)\" height=\"828\" width=\"860\" title=\"Kadampa Spring Festival 2025 - Buddha Maitreya Merged (2x)\" \/>\n<h2>\n\t\tNKT-IKBU INTERNATIONAL\n\t<\/h2>\n<h2>\n\t\tSPRING FESTIVAL 2025\n\t<\/h2>\n<h2>\n\t\tMAY 23 &#8211; 28\n\t<\/h2>\n\t\n\n\n<div id=\"wpv-view-layout-156061-CATTR36a9cccdb631701676ccd131c3f18740\" class=\"js-wpv-view-layout js-wpv-layout-responsive js-wpv-view-layout-156061-CATTR36a9cccdb631701676ccd131c3f18740\" data-viewnumber=\"156061-CATTR36a9cccdb631701676ccd131c3f18740\" data-pagination=\"{&quot;id&quot;:156061,&quot;query&quot;:&quot;normal&quot;,&quot;type&quot;:&quot;disabled&quot;,&quot;effect&quot;:&quot;fade&quot;,&quot;duration&quot;:500,&quot;speed&quot;:5,&quot;pause_on_hover&quot;:&quot;enabled&quot;,&quot;stop_rollover&quot;:&quot;false&quot;,&quot;cache_pages&quot;:&quot;enabled&quot;,&quot;preload_images&quot;:&quot;enabled&quot;,&quot;preload_pages&quot;:&quot;enabled&quot;,&quot;preload_reach&quot;:1,&quot;spinner&quot;:&quot;builtin&quot;,&quot;spinner_image&quot;:&quot;https:\/\/kadampafestivals.org\/wp-content\/plugins\/wp-views\/embedded\/res\/img\/ajax-loader.gif&quot;,&quot;callback_next&quot;:&quot;&quot;,&quot;manage_history&quot;:&quot;enabled&quot;,&quot;has_controls_in_form&quot;:&quot;disabled&quot;,&quot;infinite_tolerance&quot;:&quot;0&quot;,&quot;max_pages&quot;:1,&quot;page&quot;:1,&quot;base_permalink&quot;:&quot;\/fr\/wp-json\/wp\/v2\/pages\/159216?wpv_view_count=156061-CATTR36a9cccdb631701676ccd131c3f18740&amp;wpv_paged=WPV_PAGE_NUM&quot;,&quot;loop&quot;:{&quot;type&quot;:&quot;&quot;,&quot;name&quot;:&quot;&quot;,&quot;data&quot;:[],&quot;id&quot;:0}}\" data-permalink=\"\/fr\/wp-json\/wp\/v2\/pages\/159216?wpv_view_count=156061-CATTR36a9cccdb631701676ccd131c3f18740\">\n\n\t\n\t\n\t\n\t\t\n\n\n    <div class=\"centered-container\">\n        <div class=\"opens\">Les r\u00e9servations ouvrent le jeudi 26 f\u00e9vrier \u00e0 13 h, heure britannique.<\/div>\n    <\/div>\n \n\n\n\t\n\t\n\t\n\t\n<\/div>\n\nSummer Menu\t\t\t\n\t\t\t\t\t<ul id=\"menu-summer-new\"><li id=\"menu-item-159300\"><a href=\"https:\/\/kadampafestivals.org\/summer\">Welcome<\/a><\/li>\n<li id=\"menu-item-159270\"><a href=\"https:\/\/kadampafestivals.org\/summer\/geshe-kelsang\">The Founder<\/a><\/li>\n<li id=\"menu-item-159284\"><a href=\"#\">Festival<\/a>\n<ul>\n\t<li id=\"menu-item-159269\"><a href=\"https:\/\/kadampafestivals.org\/summer\/teachings\">Teachings<\/a><\/li>\n\t<li id=\"menu-item-159282\"><a href=\"https:\/\/kadampafestivals.org\/summer\/festival-teachers\">Festival teachers<\/a><\/li>\n\t<li id=\"menu-item-159276\"><a href=\"https:\/\/kadampafestivals.org\/summer\/program\">Program<\/a><\/li>\n\t<li id=\"menu-item-159298\"><a href=\"https:\/\/kadampafestivals.org\/summer\/festival-experience\">Festival experience<\/a><\/li>\n\t<li id=\"menu-item-159294\"><a href=\"https:\/\/kadampafestivals.org\/summer\/festival-life-online\">Attending the festival online<\/a><\/li>\n\t<li id=\"menu-item-159271\"><a href=\"https:\/\/kadampafestivals.org\/summer\/volunteering\">Volunteering<\/a><\/li>\n<\/ul>\n<\/li>\n<li id=\"menu-item-159272\"><a href=\"https:\/\/kadampafestivals.org\/summer\/venue\">Venue<\/a><\/li>\n<li id=\"menu-item-159285\"><a href=\"#\">Booking<\/a>\n<ul>\n\t<li id=\"menu-item-159297\"><a href=\"https:\/\/kadampafestivals.org\/summer\/fees\">Fees<\/a><\/li>\n\t<li id=\"menu-item-159293\"><a href=\"https:\/\/kadampafestivals.org\/summer\/accommodation\">Accommodation<\/a><\/li>\n\t<li id=\"menu-item-159283\"><a href=\"https:\/\/kadampafestivals.org\/summer\/festival-food\">Festival Food<\/a><\/li>\n\t<li id=\"menu-item-159274\"><a href=\"https:\/\/kadampafestivals.org\/summer\/translation-special-needs\">Translation and special needs<\/a><\/li>\n\t<li id=\"menu-item-159295\"><a href=\"https:\/\/kadampafestivals.org\/summer\/festival-kids\">Children &#038; young adults<\/a><\/li>\n\t<li id=\"menu-item-159278\"><a href=\"https:\/\/kadampafestivals.org\/summer\/parking\">Parking<\/a><\/li>\n\t<li id=\"menu-item-159273\"><a href=\"https:\/\/kadampafestivals.org\/summer\/travel-information\">Travel information<\/a><\/li>\n\t<li id=\"menu-item-159281\"><a href=\"https:\/\/kadampafestivals.org\/summer\/general-information\">General information<\/a><\/li>\n\t<li id=\"menu-item-159280\"><a href=\"https:\/\/kadampafestivals.org\/summer\/book\">How to book<\/a><\/li>\n\t<li id=\"menu-item-159275\"><a href=\"https:\/\/kadampafestivals.org\/summer\/terms-and-cond\">Terms and conditions<\/a><\/li>\n<\/ul>\n<\/li>\n<li id=\"menu-item-159277\"><a href=\"https:\/\/kadampafestivals.org\/summer\/post-summer-festival-retreats\">Post Festival Retreats<\/a><\/li>\n<li id=\"menu-item-159279\"><a href=\"https:\/\/kadampafestivals.org\/summer\/international-temples-project\">ITP<\/a><\/li>\n<li id=\"menu-item-159296\"><a href=\"https:\/\/kadampafestivals.org\/summer\/contact\">Contact<\/a><\/li>\n<\/ul>\t\n\t<h1>\n\t\tPost Summer Festival retreats\n\t<\/h1>\n\t<p>The three International Festivals are precious opportunities to receive teachings and empowerments from the Gen-las, and this experience is greatly enhanced if we can spend some time after the Festival in retreat improving our understanding of the teachings and taking their meaning to heart.<\/p>\n<p>Post-festival retreats are organised by Kadampa centers around the world after each of the three International Festivals. See below for details of retreats following the Summer Festival.<\/p>\n\t \n\n \n<div id=\"wpv-view-layout-152103-CATTR70538002278db95e25acd7cc5abd011d\" class=\"js-wpv-view-layout js-wpv-layout-responsive js-wpv-view-layout-152103-CATTR70538002278db95e25acd7cc5abd011d\" data-viewnumber=\"152103-CATTR70538002278db95e25acd7cc5abd011d\" data-pagination=\"{&quot;id&quot;:152103,&quot;query&quot;:&quot;normal&quot;,&quot;type&quot;:&quot;disabled&quot;,&quot;effect&quot;:&quot;fade&quot;,&quot;duration&quot;:500,&quot;speed&quot;:5,&quot;pause_on_hover&quot;:&quot;disabled&quot;,&quot;stop_rollover&quot;:&quot;false&quot;,&quot;cache_pages&quot;:&quot;enabled&quot;,&quot;preload_images&quot;:&quot;enabled&quot;,&quot;preload_pages&quot;:&quot;enabled&quot;,&quot;preload_reach&quot;:1,&quot;spinner&quot;:&quot;builtin&quot;,&quot;spinner_image&quot;:&quot;https:\/\/kadampafestivals.org\/wp-content\/plugins\/wp-views\/res\/img\/ajax-loader.gif&quot;,&quot;callback_next&quot;:&quot;&quot;,&quot;manage_history&quot;:&quot;enabled&quot;,&quot;has_controls_in_form&quot;:&quot;disabled&quot;,&quot;infinite_tolerance&quot;:&quot;0&quot;,&quot;max_pages&quot;:0,&quot;page&quot;:1,&quot;base_permalink&quot;:&quot;\/fr\/wp-json\/wp\/v2\/pages\/159216?wpv_view_count=152103-CATTR70538002278db95e25acd7cc5abd011d&amp;wpv_paged=WPV_PAGE_NUM&quot;,&quot;loop&quot;:{&quot;type&quot;:&quot;&quot;,&quot;name&quot;:&quot;&quot;,&quot;data&quot;:[],&quot;id&quot;:0}}\" data-permalink=\"\/fr\/wp-json\/wp\/v2\/pages\/159216?wpv_view_count=152103-CATTR70538002278db95e25acd7cc5abd011d\">\n\n\t\n\t\n<ul style=\"list-style-type:none;\">\n    \n        <li><a href=\"#tharpaland-kadampa-meditation-center-3\">Centre de M\u00e9ditation Kadampa Tharpaland<\/a><\/li>\n\t\n        <li><a href=\"#kadampa-meditation-center-hong-kong-2\">Centre de M\u00e9ditation Kadampa Hong Kong<\/a><\/li>\n\t\n        <li><a href=\"#kadampa-meditation-center-mexico-3\">Centre de M\u00e9ditation Kadampa Mexico<\/a><\/li>\n\t\n        <li><a href=\"#kadampa-meditation-center-deuachen-portugal\">Centre de M\u00e9ditation Kadampa Deuachen, Portugal<\/a><\/li>\n\t\n        <li><a href=\"#madhyamaka-kadampa-meditation-centre-4\">Centre de m\u00e9ditation kadampa Madhyamaka<\/a><\/li>\n\t\n        <li><a href=\"#menorca-international-retreat-center\">Centre de Retraite International Minorque<\/a><\/li>\n\t\n        <li><a href=\"#nagarjuna-kadampa-meditation-centre-thornby-3\">Centre de M\u00e9ditation Kadampa Nagarjuna, Thornby<\/a><\/li>\n\t\n        <li><a href=\"#kailash-international-retreat-center-2\">Centre de Retraite International Kailash<\/a><\/li>\n\t\n        <li><a href=\"#kadampa-meditation-center-barcelona-spain-2\">Centre de M\u00e9ditation Kadampa Barcelone, Espagne<\/a><\/li>\n\t\n        <li><a href=\"#kadampa-meditation-center-spain-malaga\">Centre de M\u00e9ditation Kadampa Espagne, Malaga<\/a><\/li>\n\t\n        <li><a href=\"#tara-international-kadampa-retreat-centre-uk-2\">Centre de Retraite International Tara, R-U<\/a><\/li>\n\t\n<\/ul>\n\t\n\t\n\t\n<\/div>\n\n\n","protected":false},"excerpt":{"rendered":"<p>NKT-IKBU INTERNATIONAL SPRING FESTIVAL 2025 MAY 23 &#8211; 28 Summer Menu Welcome The Founder Festival Teachings Festival teachers Program Festival experience Attending the festival online Volunteering Venue Booking Fees Accommodation Festival Food Translation and special needs Children &#038; young adults Parking Travel information General information How to book Terms and conditions Post Festival Retreats ITP &#8230; <a title=\"Retraites post-festival\" class=\"read-more\" href=\"https:\/\/kadampafestivals.org\/fr\/ete\/retraites-post-festival\" aria-label=\"En savoir plus sur Retraites post-festival\">Read more<\/a><\/p>\n","protected":false},"author":1,"featured_media":0,"parent":159388,"menu_order":0,"comment_status":"closed","ping_status":"closed","template":"","meta":{"footnotes":""},"wf_page_folders":[705],"class_list":["post-159216","page","type-page","status-publish"],"_links":{"self":[{"href":"https:\/\/kadampafestivals.org\/fr\/wp-json\/wp\/v2\/pages\/159216","targetHints":{"allow":["GET"]}}],"collection":[{"href":"https:\/\/kadampafestivals.org\/fr\/wp-json\/wp\/v2\/pages"}],"about":[{"href":"https:\/\/kadampafestivals.org\/fr\/wp-json\/wp\/v2\/types\/page"}],"author":[{"embeddable":true,"href":"https:\/\/kadampafestivals.org\/fr\/wp-json\/wp\/v2\/users\/1"}],"replies":[{"embeddable":true,"href":"https:\/\/kadampafestivals.org\/fr\/wp-json\/wp\/v2\/comments?post=159216"}],"version-history":[{"count":5,"href":"https:\/\/kadampafestivals.org\/fr\/wp-json\/wp\/v2\/pages\/159216\/revisions"}],"predecessor-version":[{"id":514628,"href":"https:\/\/kadampafestivals.org\/fr\/wp-json\/wp\/v2\/pages\/159216\/revisions\/514628"}],"up":[{"embeddable":true,"href":"https:\/\/kadampafestivals.org\/fr\/wp-json\/wp\/v2\/pages\/159388"}],"wp:attachment":[{"href":"https:\/\/kadampafestivals.org\/fr\/wp-json\/wp\/v2\/media?parent=159216"}],"wp:term":[{"taxonomy":"wf_page_folders","embeddable":true,"href":"https:\/\/kadampafestivals.org\/fr\/wp-json\/wp\/v2\/wf_page_folders?post=159216"}],"curies":[{"name":"wp","href":"https:\/\/api.w.org\/{rel}","templated":true}]}}