{"id":159231,"date":"2024-04-17T07:52:28","date_gmt":"2024-04-17T06:52:28","guid":{"rendered":"https:\/\/kadampafestivals.org\/geshe-kelsang"},"modified":"2026-03-02T14:36:52","modified_gmt":"2026-03-02T14:36:52","slug":"geshe-kelsang","status":"publish","type":"page","link":"https:\/\/kadampafestivals.org\/fr\/ete\/geshe-kelsang","title":{"rendered":"V\u00e9n\u00e9rable Gu\u00e9sh\u00e9 Kelsang Gyatso Rinpotch\u00e9"},"content":{"rendered":"\n\n\t\t\t\t<img loading=\"lazy\" decoding=\"async\" src=\"https:\/\/kadampafestivals.org\/wp-content\/uploads\/2024\/11\/Kadampa-Summer-Festival-2025---Buddha-Green-Tara-Merged-2x.png\" alt=\"Kadampa Summer Festival 2025 - Buddha Green Tara Merged (2x)\" height=\"828\" width=\"794\" title=\"Kadampa Summer Festival 2025 - Buddha Green Tara Merged (2x)\" \/>\n<h2>\n\t\tNKT-IKBU INTERNATIONAL\n\t<\/h2>\n<h2>\n\t\tSUMMER FESTIVAL 2025\n\t<\/h2>\n<h2>\n\t\tJUL 25 &#8211; AUG 9\n\t<\/h2>\n\t\n\n\n<div id=\"wpv-view-layout-156061-CATTRfb1d094742ed292b02f7c86d9a1322bc\" class=\"js-wpv-view-layout js-wpv-layout-responsive js-wpv-view-layout-156061-CATTRfb1d094742ed292b02f7c86d9a1322bc\" data-viewnumber=\"156061-CATTRfb1d094742ed292b02f7c86d9a1322bc\" data-pagination=\"{&quot;id&quot;:156061,&quot;query&quot;:&quot;normal&quot;,&quot;type&quot;:&quot;disabled&quot;,&quot;effect&quot;:&quot;fade&quot;,&quot;duration&quot;:500,&quot;speed&quot;:5,&quot;pause_on_hover&quot;:&quot;enabled&quot;,&quot;stop_rollover&quot;:&quot;false&quot;,&quot;cache_pages&quot;:&quot;enabled&quot;,&quot;preload_images&quot;:&quot;enabled&quot;,&quot;preload_pages&quot;:&quot;enabled&quot;,&quot;preload_reach&quot;:1,&quot;spinner&quot;:&quot;builtin&quot;,&quot;spinner_image&quot;:&quot;https:\/\/kadampafestivals.org\/wp-content\/plugins\/wp-views\/embedded\/res\/img\/ajax-loader.gif&quot;,&quot;callback_next&quot;:&quot;&quot;,&quot;manage_history&quot;:&quot;enabled&quot;,&quot;has_controls_in_form&quot;:&quot;disabled&quot;,&quot;infinite_tolerance&quot;:&quot;0&quot;,&quot;max_pages&quot;:1,&quot;page&quot;:1,&quot;base_permalink&quot;:&quot;\/fr\/wp-json\/wp\/v2\/pages\/159231?wpv_view_count=156061-CATTRfb1d094742ed292b02f7c86d9a1322bc&amp;wpv_paged=WPV_PAGE_NUM&quot;,&quot;loop&quot;:{&quot;type&quot;:&quot;&quot;,&quot;name&quot;:&quot;&quot;,&quot;data&quot;:[],&quot;id&quot;:0}}\" data-permalink=\"\/fr\/wp-json\/wp\/v2\/pages\/159231?wpv_view_count=156061-CATTRfb1d094742ed292b02f7c86d9a1322bc\">\n\n\t\n\t\n\t\n\t\t\n\n\n    <div class=\"centered-container\">\n        <div class=\"opens\">Ouverture des r\u00e9servations le mercredi 19 mars - 13:00 (heure R-U)<\/div>\n    <\/div>\n \n\n\n\t\n\t\n\t\n\t\n<\/div>\n\nSummer Menu\t\t\t\n\t\t\t\t\t<ul id=\"menu-summer-new\"><li id=\"menu-item-159300\"><a href=\"https:\/\/kadampafestivals.org\/summer\">Welcome<\/a><\/li>\n<li id=\"menu-item-159270\"><a href=\"https:\/\/kadampafestivals.org\/summer\/geshe-kelsang\">The Founder<\/a><\/li>\n<li id=\"menu-item-159284\"><a href=\"#\">Festival<\/a>\n<ul>\n\t<li id=\"menu-item-159269\"><a href=\"https:\/\/kadampafestivals.org\/summer\/teachings\">Teachings<\/a><\/li>\n\t<li id=\"menu-item-159282\"><a href=\"https:\/\/kadampafestivals.org\/summer\/festival-teachers\">Festival teachers<\/a><\/li>\n\t<li id=\"menu-item-159276\"><a href=\"https:\/\/kadampafestivals.org\/summer\/program\">Program<\/a><\/li>\n\t<li id=\"menu-item-159298\"><a href=\"https:\/\/kadampafestivals.org\/summer\/festival-experience\">Festival experience<\/a><\/li>\n\t<li id=\"menu-item-159294\"><a href=\"https:\/\/kadampafestivals.org\/summer\/festival-life-online\">Attending the festival online<\/a><\/li>\n\t<li id=\"menu-item-159271\"><a href=\"https:\/\/kadampafestivals.org\/summer\/volunteering\">Volunteering<\/a><\/li>\n<\/ul>\n<\/li>\n<li id=\"menu-item-159272\"><a href=\"https:\/\/kadampafestivals.org\/summer\/venue\">Venue<\/a><\/li>\n<li id=\"menu-item-159285\"><a href=\"#\">Booking<\/a>\n<ul>\n\t<li id=\"menu-item-159297\"><a href=\"https:\/\/kadampafestivals.org\/summer\/fees\">Fees<\/a><\/li>\n\t<li id=\"menu-item-159293\"><a href=\"https:\/\/kadampafestivals.org\/summer\/accommodation\">Accommodation<\/a><\/li>\n\t<li id=\"menu-item-159283\"><a href=\"https:\/\/kadampafestivals.org\/summer\/festival-food\">Festival Food<\/a><\/li>\n\t<li id=\"menu-item-159274\"><a href=\"https:\/\/kadampafestivals.org\/summer\/translation-special-needs\">Translation and special needs<\/a><\/li>\n\t<li id=\"menu-item-159295\"><a href=\"https:\/\/kadampafestivals.org\/summer\/festival-kids\">Children &#038; young adults<\/a><\/li>\n\t<li id=\"menu-item-159278\"><a href=\"https:\/\/kadampafestivals.org\/summer\/parking\">Parking<\/a><\/li>\n\t<li id=\"menu-item-159273\"><a href=\"https:\/\/kadampafestivals.org\/summer\/travel-information\">Travel information<\/a><\/li>\n\t<li id=\"menu-item-159281\"><a href=\"https:\/\/kadampafestivals.org\/summer\/general-information\">General information<\/a><\/li>\n\t<li id=\"menu-item-159280\"><a href=\"https:\/\/kadampafestivals.org\/summer\/book\">How to book<\/a><\/li>\n\t<li id=\"menu-item-159275\"><a href=\"https:\/\/kadampafestivals.org\/summer\/terms-and-cond\">Terms and conditions<\/a><\/li>\n<\/ul>\n<\/li>\n<li id=\"menu-item-159277\"><a href=\"https:\/\/kadampafestivals.org\/summer\/post-summer-festival-retreats\">Post Festival Retreats<\/a><\/li>\n<li id=\"menu-item-159279\"><a href=\"https:\/\/kadampafestivals.org\/summer\/international-temples-project\">ITP<\/a><\/li>\n<li id=\"menu-item-159296\"><a href=\"https:\/\/kadampafestivals.org\/summer\/contact\">Contact<\/a><\/li>\n<\/ul>\t\n\t<h1>\n\t\tThe Founder\n\t<\/h1>\n\t\t\t\t<img loading=\"lazy\" decoding=\"async\" src=\"https:\/\/kadampafestivals.org\/wp-content\/uploads\/2025\/02\/Geshe-la-crop-2004-08-MKMC-Kathia-Gigax4-LR-and-PS-Edit_WEB-with-Mic.jpg\" alt=\"Geshe-la-crop-2004-08 MKMC Kathia Gigax4 LR and PS Edit_WEB-with-Mic\" height=\"1080\" width=\"924\" title=\"Geshe-la-crop-2004-08 MKMC Kathia Gigax4 LR and PS Edit_WEB-with-Mic\" \/>\n\t<strong>Venerable Geshe Kelsang Gyatso Rinpoche<\/strong><br \/>\n<strong>Spiritual Guide &amp; Founder of Modern Kadampa Buddhism<\/strong>\n<p>The three International Festivals were founded by Venerable Geshe Kelsang Gyatso Rinpoche, a world-renowned meditation master and Teacher who inspired thousands of people around the world to apply the pure teachings of Buddha to their modern lives to solve their personal problems and discover a deep and lasting inner peace and happiness.<\/p>\n<p>Through finding peace within our own hearts, developing the compassionate good heart of cherishing others, and working together with others, we can quickly find solutions to the world&rsquo;s problems. In this way, there is great hope for peace in our world.<\/p>\n<p>Kadampa Festivals are an important part of Venerable Geshe-la&rsquo;s legacy giving people everywhere an opportunity to come together as an international family of spiritual practitioners and thus preserving our International Kadampa Buddhist Union.<\/p>\n\n","protected":false},"excerpt":{"rendered":"<p>NKT-IKBU INTERNATIONAL SUMMER FESTIVAL 2025 JUL 25 &#8211; AUG 9 Summer Menu Welcome The Founder Festival Teachings Festival teachers Program Festival experience Attending the festival online Volunteering Venue Booking Fees Accommodation Festival Food Translation and special needs Children &#038; young adults Parking Travel information General information How to book Terms and conditions Post Festival Retreats &#8230; <a title=\"V\u00e9n\u00e9rable Gu\u00e9sh\u00e9 Kelsang Gyatso Rinpotch\u00e9\" class=\"read-more\" href=\"https:\/\/kadampafestivals.org\/fr\/ete\/geshe-kelsang\" aria-label=\"En savoir plus sur V\u00e9n\u00e9rable Gu\u00e9sh\u00e9 Kelsang Gyatso Rinpotch\u00e9\">Read more<\/a><\/p>\n","protected":false},"author":1,"featured_media":0,"parent":159388,"menu_order":1,"comment_status":"closed","ping_status":"closed","template":"","meta":{"footnotes":""},"wf_page_folders":[705],"class_list":["post-159231","page","type-page","status-publish"],"_links":{"self":[{"href":"https:\/\/kadampafestivals.org\/fr\/wp-json\/wp\/v2\/pages\/159231","targetHints":{"allow":["GET"]}}],"collection":[{"href":"https:\/\/kadampafestivals.org\/fr\/wp-json\/wp\/v2\/pages"}],"about":[{"href":"https:\/\/kadampafestivals.org\/fr\/wp-json\/wp\/v2\/types\/page"}],"author":[{"embeddable":true,"href":"https:\/\/kadampafestivals.org\/fr\/wp-json\/wp\/v2\/users\/1"}],"replies":[{"embeddable":true,"href":"https:\/\/kadampafestivals.org\/fr\/wp-json\/wp\/v2\/comments?post=159231"}],"version-history":[{"count":5,"href":"https:\/\/kadampafestivals.org\/fr\/wp-json\/wp\/v2\/pages\/159231\/revisions"}],"predecessor-version":[{"id":510585,"href":"https:\/\/kadampafestivals.org\/fr\/wp-json\/wp\/v2\/pages\/159231\/revisions\/510585"}],"up":[{"embeddable":true,"href":"https:\/\/kadampafestivals.org\/fr\/wp-json\/wp\/v2\/pages\/159388"}],"wp:attachment":[{"href":"https:\/\/kadampafestivals.org\/fr\/wp-json\/wp\/v2\/media?parent=159231"}],"wp:term":[{"taxonomy":"wf_page_folders","embeddable":true,"href":"https:\/\/kadampafestivals.org\/fr\/wp-json\/wp\/v2\/wf_page_folders?post=159231"}],"curies":[{"name":"wp","href":"https:\/\/api.w.org\/{rel}","templated":true}]}}