{"id":162383,"date":"2025-01-21T15:26:59","date_gmt":"2025-01-21T15:26:59","guid":{"rendered":"https:\/\/kadampafestivals.org\/spring-2025"},"modified":"2026-02-23T09:34:40","modified_gmt":"2026-02-23T09:34:40","slug":"printemps","status":"publish","type":"page","link":"https:\/\/kadampafestivals.org\/fr\/printemps","title":{"rendered":"Festival de printemps 2026"},"content":{"rendered":"\n<figure>\n\t\t\t\t<img decoding=\"async\" src=\"https:\/\/kadampafestivals.org\/wp-content\/uploads\/2025\/11\/FR-Spring-2026-Festival-Banners-ENG-Pop-Under-2160x900-1.png\" alt=\"Spring-2026-ENG-Pop-Under-2160x900\" height=\"800\" width=\"1920\" title=\"Spring-2026-ENG-Pop-Under-2160x900\" loading=\"lazy\" \/>\n\t<\/figure>\nSpring Menu\t\t\t\n\t\t\t\t\t<ul id=\"menu-spring\"><li id=\"menu-item-162482\"><a href=\"https:\/\/kadampafestivals.org\/spring\">Welcome<\/a><\/li>\n<li id=\"menu-item-162101\"><a href=\"https:\/\/kadampafestivals.org\/spring\/the-founder\">The Founder<\/a><\/li>\n<li id=\"menu-item-146050\"><a href=\"#\">Festival<\/a>\n<ul>\n\t<li id=\"menu-item-162099\"><a href=\"https:\/\/kadampafestivals.org\/spring\/teachings\">Teachings<\/a><\/li>\n\t<li id=\"menu-item-162098\"><a href=\"https:\/\/kadampafestivals.org\/spring\/teachers\">Teachers<\/a><\/li>\n\t<li id=\"menu-item-162143\"><a href=\"https:\/\/kadampafestivals.org\/spring\/program\">Program<\/a><\/li>\n\t<li id=\"menu-item-162144\"><a href=\"https:\/\/kadampafestivals.org\/spring\/festival-experience\">Festival experience<\/a><\/li>\n\t<li id=\"menu-item-162147\"><a href=\"https:\/\/kadampafestivals.org\/spring\/attending-the-festival-online\">Attending the festival online<\/a><\/li>\n\t<li id=\"menu-item-162105\"><a href=\"https:\/\/kadampafestivals.org\/spring\/volunteering\">Volunteering<\/a><\/li>\n<\/ul>\n<\/li>\n<li id=\"menu-item-162104\"><a href=\"https:\/\/kadampafestivals.org\/spring\/venue\">Venue<\/a><\/li>\n<li id=\"menu-item-142369\"><a href=\"#\">Booking<\/a>\n<ul>\n\t<li id=\"menu-item-162140\"><a href=\"https:\/\/kadampafestivals.org\/spring\/fees\">Fees<\/a><\/li>\n\t<li id=\"menu-item-162146\"><a href=\"https:\/\/kadampafestivals.org\/spring\/accommodation\">Accommodation<\/a><\/li>\n\t<li id=\"menu-item-162145\"><a href=\"https:\/\/kadampafestivals.org\/spring\/festival-food-and-drink\">Festival food and drink<\/a><\/li>\n\t<li id=\"menu-item-162102\"><a href=\"https:\/\/kadampafestivals.org\/spring\/translation-and-assisted-needs\">Translation and Assisted Needs<\/a><\/li>\n\t<li id=\"menu-item-162150\"><a href=\"https:\/\/kadampafestivals.org\/spring\/children-young-adults\">Children &#038; young adults<\/a><\/li>\n\t<li id=\"menu-item-511736\"><a href=\"https:\/\/kadampafestivals.org\/spring\/parking\">Parking<\/a><\/li>\n\t<li id=\"menu-item-162103\"><a href=\"https:\/\/kadampafestivals.org\/spring\/travel-information\">Travel information<\/a><\/li>\n\t<li id=\"menu-item-162148\"><a href=\"https:\/\/kadampafestivals.org\/spring\/general-information\">General information<\/a><\/li>\n\t<li id=\"menu-item-162123\"><a href=\"https:\/\/kadampafestivals.org\/spring\/how-to-book\">How to book<\/a><\/li>\n\t<li id=\"menu-item-162100\"><a href=\"https:\/\/kadampafestivals.org\/spring\/terms-conditions\">Terms &#038; Conditions<\/a><\/li>\n<\/ul>\n<\/li>\n<li id=\"menu-item-162117\"><a href=\"https:\/\/kadampafestivals.org\/spring\/post-festival-retreats\">Post Festival Retreats<\/a><\/li>\n<li id=\"menu-item-162141\"><a href=\"https:\/\/kadampafestivals.org\/spring\/itp\">ITP<\/a><\/li>\n<li id=\"menu-item-162109\"><a href=\"https:\/\/kadampafestivals.org\/spring\/contact\">Contact<\/a><\/li>\n<\/ul>\t\n\t\n\n\n<div id=\"wpv-view-layout-156061-CATTR36a9cccdb631701676ccd131c3f18740\" class=\"js-wpv-view-layout js-wpv-layout-responsive js-wpv-view-layout-156061-CATTR36a9cccdb631701676ccd131c3f18740\" data-viewnumber=\"156061-CATTR36a9cccdb631701676ccd131c3f18740\" data-pagination=\"{&quot;id&quot;:156061,&quot;query&quot;:&quot;normal&quot;,&quot;type&quot;:&quot;disabled&quot;,&quot;effect&quot;:&quot;fade&quot;,&quot;duration&quot;:500,&quot;speed&quot;:5,&quot;pause_on_hover&quot;:&quot;enabled&quot;,&quot;stop_rollover&quot;:&quot;false&quot;,&quot;cache_pages&quot;:&quot;enabled&quot;,&quot;preload_images&quot;:&quot;enabled&quot;,&quot;preload_pages&quot;:&quot;enabled&quot;,&quot;preload_reach&quot;:1,&quot;spinner&quot;:&quot;builtin&quot;,&quot;spinner_image&quot;:&quot;https:\/\/kadampafestivals.org\/wp-content\/plugins\/wp-views\/embedded\/res\/img\/ajax-loader.gif&quot;,&quot;callback_next&quot;:&quot;&quot;,&quot;manage_history&quot;:&quot;enabled&quot;,&quot;has_controls_in_form&quot;:&quot;disabled&quot;,&quot;infinite_tolerance&quot;:&quot;0&quot;,&quot;max_pages&quot;:1,&quot;page&quot;:1,&quot;base_permalink&quot;:&quot;\/fr\/wp-json\/wp\/v2\/pages\/162383?wpv_view_count=156061-CATTR36a9cccdb631701676ccd131c3f18740&amp;wpv_paged=WPV_PAGE_NUM&quot;,&quot;loop&quot;:{&quot;type&quot;:&quot;&quot;,&quot;name&quot;:&quot;&quot;,&quot;data&quot;:[],&quot;id&quot;:0}}\" data-permalink=\"\/fr\/wp-json\/wp\/v2\/pages\/162383?wpv_view_count=156061-CATTR36a9cccdb631701676ccd131c3f18740\">\n\n\t\n\t\n\t\n\t\t\n\n\n    <div class=\"centered-container\">\n        <div class=\"opens\">Les r\u00e9servations ouvrent le jeudi 26 f\u00e9vrier \u00e0 13 h, heure britannique.<\/div>\n    <\/div>\n \n\n\n\t\n\t\n\t\n\t\n<\/div>\n\n<h2>\n\t\t\tBUDDHA AMITAYUS EMPOWERMENT\t<\/h2>\n<h2>\n\t\t\tAND TEACHINGS ON\t<\/h2>\n<h2>\n\t\t\tEIGHT VERSES OF TRAINING THE MIND\t<\/h2>\n\t<h3><strong>with Gen-la Kelsang Khyenrab<\/strong><\/h3>\n\t<h3>Through this empowerment we will receive the special blessings of Amitayus, the Buddha of long life, wisdom and merit.<\/h3>\n\t<h3>Then, based on <em>Eight Verses of Training the Mind<\/em>, Gen-la Khyenrab will explain how we can transform all the problems and difficulties of our daily life into opportunities for developing authentic love and compassion, and for finding true and lasting happiness.<\/h3>\n<h3><em>&lsquo;If everyone were to practise cherishing others, many of the major problems of the world would be solved in a few years.&rsquo;<\/em><\/h3>\n<h3><strong>Venerable Geshe Kelsang Gyatso Rinpoche The New Eight Steps to Happiness<\/strong><\/h3>\n<figure>\n\t\t\t\t<img decoding=\"async\" src=\"https:\/\/kadampafestivals.org\/wp-content\/uploads\/2022\/01\/Gen-la-Khyenrab-9.jpeg\" alt=\"Gen-la Kelsang Khyenrab\" height=\"1080\" width=\"720\" title=\"Gen-la-Khyenrab-9\" loading=\"lazy\" \/>\n\t<\/figure>\n\n","protected":false},"excerpt":{"rendered":"<p>Spring Menu Welcome The Founder Festival Teachings Teachers Program Festival experience Attending the festival online Volunteering Venue Booking Fees Accommodation Festival food and drink Translation and Assisted Needs Children &#038; young adults Parking Travel information General information How to book Terms &#038; Conditions Post Festival Retreats ITP Contact BUDDHA AMITAYUS EMPOWERMENT AND TEACHINGS ON EIGHT &#8230; <a title=\"Festival de printemps 2026\" class=\"read-more\" href=\"https:\/\/kadampafestivals.org\/fr\/printemps\" aria-label=\"En savoir plus sur Festival de printemps 2026\">Read more<\/a><\/p>\n","protected":false},"author":1,"featured_media":0,"parent":0,"menu_order":0,"comment_status":"closed","ping_status":"closed","template":"","meta":{"footnotes":""},"wf_page_folders":[704],"class_list":["post-162383","page","type-page","status-publish"],"_links":{"self":[{"href":"https:\/\/kadampafestivals.org\/fr\/wp-json\/wp\/v2\/pages\/162383","targetHints":{"allow":["GET"]}}],"collection":[{"href":"https:\/\/kadampafestivals.org\/fr\/wp-json\/wp\/v2\/pages"}],"about":[{"href":"https:\/\/kadampafestivals.org\/fr\/wp-json\/wp\/v2\/types\/page"}],"author":[{"embeddable":true,"href":"https:\/\/kadampafestivals.org\/fr\/wp-json\/wp\/v2\/users\/1"}],"replies":[{"embeddable":true,"href":"https:\/\/kadampafestivals.org\/fr\/wp-json\/wp\/v2\/comments?post=162383"}],"version-history":[{"count":21,"href":"https:\/\/kadampafestivals.org\/fr\/wp-json\/wp\/v2\/pages\/162383\/revisions"}],"predecessor-version":[{"id":512397,"href":"https:\/\/kadampafestivals.org\/fr\/wp-json\/wp\/v2\/pages\/162383\/revisions\/512397"}],"wp:attachment":[{"href":"https:\/\/kadampafestivals.org\/fr\/wp-json\/wp\/v2\/media?parent=162383"}],"wp:term":[{"taxonomy":"wf_page_folders","embeddable":true,"href":"https:\/\/kadampafestivals.org\/fr\/wp-json\/wp\/v2\/wf_page_folders?post=162383"}],"curies":[{"name":"wp","href":"https:\/\/api.w.org\/{rel}","templated":true}]}}