{"id":162686,"date":"2025-01-21T16:17:29","date_gmt":"2025-01-21T16:17:29","guid":{"rendered":"https:\/\/kadampafestivals.org\/printemps\/enseignants"},"modified":"2026-04-11T22:05:14","modified_gmt":"2026-04-11T21:05:14","slug":"enseignants","status":"publish","type":"page","link":"https:\/\/kadampafestivals.org\/fr\/printemps\/enseignants","title":{"rendered":"Les enseignants"},"content":{"rendered":"\n\n\t\t\t\t<img loading=\"lazy\" decoding=\"async\" src=\"https:\/\/kadampafestivals.org\/wp-content\/uploads\/2024\/11\/Kadampa-Spring-Festival-2025---Buddha-Maitreya-Merged-2x.png\" alt=\"Kadampa Spring Festival 2025 - Buddha Maitreya Merged (2x)\" itemprop=\"image\" height=\"828\" width=\"860\" title=\"Kadampa Spring Festival 2025 - Buddha Maitreya Merged (2x)\" onerror=\"this.style.display='none'\"  \/>\n<h2>\n\t\tNKT-IKBU INTERNATIONAL\n\t<\/h2>\n<h2>\n\t\tSPRING FESTIVAL 2025\n\t<\/h2>\n<h2>\n\t\tMAY 23 &#8211; 28\n\t<\/h2>\n\t\n\n\n<div id=\"wpv-view-layout-156061-CATTR36a9cccdb631701676ccd131c3f18740\" class=\"js-wpv-view-layout js-wpv-layout-responsive js-wpv-view-layout-156061-CATTR36a9cccdb631701676ccd131c3f18740\" data-viewnumber=\"156061-CATTR36a9cccdb631701676ccd131c3f18740\" data-pagination=\"{&quot;id&quot;:156061,&quot;query&quot;:&quot;normal&quot;,&quot;type&quot;:&quot;disabled&quot;,&quot;effect&quot;:&quot;fade&quot;,&quot;duration&quot;:500,&quot;speed&quot;:5,&quot;pause_on_hover&quot;:&quot;enabled&quot;,&quot;stop_rollover&quot;:&quot;false&quot;,&quot;cache_pages&quot;:&quot;enabled&quot;,&quot;preload_images&quot;:&quot;enabled&quot;,&quot;preload_pages&quot;:&quot;enabled&quot;,&quot;preload_reach&quot;:1,&quot;spinner&quot;:&quot;builtin&quot;,&quot;spinner_image&quot;:&quot;https:\/\/kadampafestivals.org\/wp-content\/plugins\/wp-views\/embedded\/res\/img\/ajax-loader.gif&quot;,&quot;callback_next&quot;:&quot;&quot;,&quot;manage_history&quot;:&quot;enabled&quot;,&quot;has_controls_in_form&quot;:&quot;disabled&quot;,&quot;infinite_tolerance&quot;:&quot;0&quot;,&quot;max_pages&quot;:1,&quot;page&quot;:1,&quot;base_permalink&quot;:&quot;\/fr\/wp-json\/wp\/v2\/pages\/162686?wpv_view_count=156061-CATTR36a9cccdb631701676ccd131c3f18740&amp;wpv_paged=WPV_PAGE_NUM&quot;,&quot;loop&quot;:{&quot;type&quot;:&quot;&quot;,&quot;name&quot;:&quot;&quot;,&quot;data&quot;:[],&quot;id&quot;:0}}\" data-permalink=\"\/fr\/wp-json\/wp\/v2\/pages\/162686?wpv_view_count=156061-CATTR36a9cccdb631701676ccd131c3f18740\">\n\n\t\n\t\n\t\n\t\t\n\n\n    <div class=\"centered-container\">\n        <div class=\"opens\">Les r\u00e9servations ouvrent le jeudi 26 f\u00e9vrier \u00e0 13 h, heure britannique.<\/div>\n    <\/div>\n \n\n\n\t\n\t\n\t\n\t\n<\/div>\n\n\t\t\t\t\t<ul id=\"menu-spring\"><li id=\"menu-item-162482\"><a href=\"https:\/\/kadampafestivals.org\/fr\/printemps\">Welcome<\/a><\/li>\n<li id=\"menu-item-162101\"><a href=\"https:\/\/kadampafestivals.org\/fr\/automne\/le-fondateur\">The Founder<\/a><\/li>\n<li id=\"menu-item-146050\" aria-haspopup=\"true\"><a href=\"#\">Festival<\/a>\n<ul>\n\t<li id=\"menu-item-162099\"><a href=\"https:\/\/kadampafestivals.org\/fr\/printemps\/enseignements\">Teachings<\/a><\/li>\n\t<li id=\"menu-item-162098\"><a href=\"https:\/\/kadampafestivals.org\/fr\/printemps\/enseignants\">Teachers<\/a><\/li>\n\t<li id=\"menu-item-162143\"><a href=\"https:\/\/kadampafestivals.org\/fr\/printemps\/programme\">Program<\/a><\/li>\n\t<li id=\"menu-item-162144\"><a href=\"https:\/\/kadampafestivals.org\/fr\/printemps\/festival-experience\">Festival experience<\/a><\/li>\n\t<li id=\"menu-item-162147\"><a href=\"https:\/\/kadampafestivals.org\/fr\/printemps\/participer-au-festival-en-ligne\">Attending the festival online<\/a><\/li>\n\t<li id=\"menu-item-162105\"><a href=\"https:\/\/kadampafestivals.org\/fr\/printemps\/benevolat\">Volunteering<\/a><\/li>\n<\/ul>\n<\/li>\n<li id=\"menu-item-162104\"><a href=\"https:\/\/kadampafestivals.org\/fr\/printemps\/lieu\">Venue<\/a><\/li>\n<li id=\"menu-item-142369\" aria-haspopup=\"true\"><a href=\"#\">Booking<\/a>\n<ul>\n\t<li id=\"menu-item-162140\"><a href=\"https:\/\/kadampafestivals.org\/fr\/printemps\/tarifs\">Fees<\/a><\/li>\n\t<li id=\"menu-item-162146\"><a href=\"https:\/\/kadampafestivals.org\/fr\/printemps\/hebergement\">Accommodation<\/a><\/li>\n\t<li id=\"menu-item-162145\"><a href=\"https:\/\/kadampafestivals.org\/fr\/printemps\/festival-food-and-drink\">Festival food and drink<\/a><\/li>\n\t<li id=\"menu-item-162102\"><a href=\"https:\/\/kadampafestivals.org\/fr\/printemps\/traduction-et-besoins-particuliers\">Translation and Assisted Needs<\/a><\/li>\n\t<li id=\"menu-item-162150\"><a href=\"https:\/\/kadampafestivals.org\/fr\/printemps\/enfants-jeunes-adultes\">Children &#038; young adults<\/a><\/li>\n\t<li id=\"menu-item-162142\"><a href=\"https:\/\/kadampafestivals.org\/fr\/printemps\/parking\">Parking<\/a><\/li>\n\t<li id=\"menu-item-162103\"><a href=\"https:\/\/kadampafestivals.org\/fr\/printemps\/information-voyage\">Travel information<\/a><\/li>\n\t<li id=\"menu-item-162148\"><a href=\"https:\/\/kadampafestivals.org\/fr\/printemps\/informations-generales\">General information<\/a><\/li>\n\t<li id=\"menu-item-162123\"><a href=\"https:\/\/kadampafestivals.org\/fr\/printemps\/how-to-book\">How to book<\/a><\/li>\n\t<li id=\"menu-item-162100\"><a href=\"https:\/\/kadampafestivals.org\/fr\/printemps\/conditions-generales\">Terms &#038; Conditions<\/a><\/li>\n<\/ul>\n<\/li>\n<li id=\"menu-item-162117\"><a href=\"https:\/\/kadampafestivals.org\/fr\/printemps\/retraites-post-festival-dete\">Post Festival Retreats<\/a><\/li>\n<li id=\"menu-item-162141\"><a href=\"https:\/\/kadampafestivals.org\/fr\/printemps\/pit\">ITP<\/a><\/li>\n<li id=\"menu-item-162109\"><a href=\"https:\/\/kadampafestivals.org\/fr\/printemps\/contact\">Contact<\/a><\/li>\n<\/ul>\t\n\t<h1>\n\t\tFestival Teachers\n\t<\/h1>\n\t<p><strong>Gen-la Kelsang Jampa<\/strong><\/p>\n<p>The Teacher at the 2025 Spring Festival will be Gen-la Kelsang Jampa who is the Deputy Spiritual Director of NKT-IKBU and the Resident Teacher at KMC Los Angeles.<\/p>\nAs one of the most senior NKT Teachers, Gen-la has been a student of <a href=\"https:\/\/kadampafestivals.org\/fr\/automne\/le-fondateur\">Venerable Geshe Kelsang Gyatso<\/a> for many years, and under Geshe-la&rsquo;s guidance has taught at many centres and events around the world.<br \/>\nGen-la is well-loved for his clear and inspiring teachings and his ability to touch people&rsquo;s hearts through his sincerity and loving-kindness.\n<p>Gen-la will be assisted by senior NKT Teachers who will lead the meditations and retreats during the Festival.<\/p>\n\t\t\t\t<img decoding=\"async\" src=\"https:\/\/kadampafestivals.org\/wp-content\/uploads\/2021\/09\/day-nine-8.jpeg\" alt=\"Gen-la Kelsang Jampa, Deputy Spiritual Director of NKT-IKBU\" title=\"day-nine-8\" itemprop=\"image\"  \/>\n\t\tGen-la Kelsang Jampa, Deputy Spiritual Director of NKT-IKBU\n\t\t\t\t<img loading=\"lazy\" decoding=\"async\" src=\"https:\/\/kadampafestivals.org\/wp-content\/uploads\/2014\/02\/Gen-la-Khyenrab-Vibrance.jpg\" alt=\"Gen-la Kelsang Khyenrab, Retired General Spiritual Director of NKT-IKBU. Gen-la will lead the retreat at Spring Festival.\" itemprop=\"image\" height=\"1151\" width=\"1600\" title=\"Gen-la Kelsang Khyenrab\" onerror=\"this.style.display='none'\"  \/>\n\t\tGen-la Kelsang Khyenrab, Retired General Spiritual Director of NKT-IKBU. Gen-la will lead the retreat at Spring Festival.\n\t\t\t\t<img loading=\"lazy\" decoding=\"async\" src=\"https:\/\/kadampafestivals.org\/wp-content\/uploads\/2025\/03\/NKT-KMC-Mexico-_KMC7530.jpeg\" alt=\"Gen Kelsang Sangden. Gen Sangden will lead the meditations during Spring Festival.\" itemprop=\"image\" height=\"1080\" width=\"1501\" title=\"NKT-KMC-Mexico-_KMC7530\" onerror=\"this.style.display='none'\"  \/>\n\t\tGen Kelsang Sangden. Gen Sangden will lead the meditations during Spring Festival.\n\n","protected":false},"excerpt":{"rendered":"<p>NKT-IKBU INTERNATIONAL SPRING FESTIVAL 2025 MAY 23 &#8211; 28 Welcome The Founder Festival Teachings Teachers Program Festival experience Attending the festival online Volunteering Venue Booking Fees Accommodation Festival food and drink Translation and Assisted Needs Children &#038; young adults Parking Travel information General information How to book Terms &#038; Conditions Post Festival Retreats ITP Contact &#8230; <a title=\"Les enseignants\" class=\"read-more\" href=\"https:\/\/kadampafestivals.org\/fr\/printemps\/enseignants\" aria-label=\"En savoir plus sur Les enseignants\">Read more<\/a><\/p>\n","protected":false},"author":1,"featured_media":0,"parent":162383,"menu_order":0,"comment_status":"closed","ping_status":"closed","template":"","meta":{"footnotes":""},"wf_page_folders":[704],"class_list":["post-162686","page","type-page","status-publish"],"_links":{"self":[{"href":"https:\/\/kadampafestivals.org\/fr\/wp-json\/wp\/v2\/pages\/162686","targetHints":{"allow":["GET"]}}],"collection":[{"href":"https:\/\/kadampafestivals.org\/fr\/wp-json\/wp\/v2\/pages"}],"about":[{"href":"https:\/\/kadampafestivals.org\/fr\/wp-json\/wp\/v2\/types\/page"}],"author":[{"embeddable":true,"href":"https:\/\/kadampafestivals.org\/fr\/wp-json\/wp\/v2\/users\/1"}],"replies":[{"embeddable":true,"href":"https:\/\/kadampafestivals.org\/fr\/wp-json\/wp\/v2\/comments?post=162686"}],"version-history":[{"count":11,"href":"https:\/\/kadampafestivals.org\/fr\/wp-json\/wp\/v2\/pages\/162686\/revisions"}],"predecessor-version":[{"id":514082,"href":"https:\/\/kadampafestivals.org\/fr\/wp-json\/wp\/v2\/pages\/162686\/revisions\/514082"}],"up":[{"embeddable":true,"href":"https:\/\/kadampafestivals.org\/fr\/wp-json\/wp\/v2\/pages\/162383"}],"wp:attachment":[{"href":"https:\/\/kadampafestivals.org\/fr\/wp-json\/wp\/v2\/media?parent=162686"}],"wp:term":[{"taxonomy":"wf_page_folders","embeddable":true,"href":"https:\/\/kadampafestivals.org\/fr\/wp-json\/wp\/v2\/wf_page_folders?post=162686"}],"curies":[{"name":"wp","href":"https:\/\/api.w.org\/{rel}","templated":true}]}}