{"id":162688,"date":"2025-01-21T15:29:28","date_gmt":"2025-01-21T15:29:28","guid":{"rendered":"https:\/\/kadampafestivals.org\/printemps\/participer-au-festival-en-ligne"},"modified":"2026-02-19T13:49:01","modified_gmt":"2026-02-19T13:49:01","slug":"participer-au-festival-en-ligne","status":"publish","type":"page","link":"https:\/\/kadampafestivals.org\/fr\/printemps\/participer-au-festival-en-ligne","title":{"rendered":"Participer au festival en ligne"},"content":{"rendered":"\n\n\t\t\t\t<img loading=\"lazy\" decoding=\"async\" src=\"https:\/\/kadampafestivals.org\/wp-content\/uploads\/2024\/11\/Kadampa-Spring-Festival-2025---Buddha-Maitreya-Merged-2x.png\" alt=\"Kadampa Spring Festival 2025 - Buddha Maitreya Merged (2x)\" itemprop=\"image\" height=\"828\" width=\"860\" title=\"Kadampa Spring Festival 2025 - Buddha Maitreya Merged (2x)\" onerror=\"this.style.display='none'\"  \/>\n<h2>\n\t\tNKT-IKBU INTERNATIONAL\n\t<\/h2>\n<h2>\n\t\tSPRING FESTIVAL 2025\n\t<\/h2>\n<h2>\n\t\tMAY 23 &#8211; 28\n\t<\/h2>\n\t\n\n\n<div id=\"wpv-view-layout-156061-CATTR36a9cccdb631701676ccd131c3f18740\" class=\"js-wpv-view-layout js-wpv-layout-responsive js-wpv-view-layout-156061-CATTR36a9cccdb631701676ccd131c3f18740\" data-viewnumber=\"156061-CATTR36a9cccdb631701676ccd131c3f18740\" data-pagination=\"{&quot;id&quot;:156061,&quot;query&quot;:&quot;normal&quot;,&quot;type&quot;:&quot;disabled&quot;,&quot;effect&quot;:&quot;fade&quot;,&quot;duration&quot;:500,&quot;speed&quot;:5,&quot;pause_on_hover&quot;:&quot;enabled&quot;,&quot;stop_rollover&quot;:&quot;false&quot;,&quot;cache_pages&quot;:&quot;enabled&quot;,&quot;preload_images&quot;:&quot;enabled&quot;,&quot;preload_pages&quot;:&quot;enabled&quot;,&quot;preload_reach&quot;:1,&quot;spinner&quot;:&quot;builtin&quot;,&quot;spinner_image&quot;:&quot;https:\/\/kadampafestivals.org\/wp-content\/plugins\/wp-views\/embedded\/res\/img\/ajax-loader.gif&quot;,&quot;callback_next&quot;:&quot;&quot;,&quot;manage_history&quot;:&quot;enabled&quot;,&quot;has_controls_in_form&quot;:&quot;disabled&quot;,&quot;infinite_tolerance&quot;:&quot;0&quot;,&quot;max_pages&quot;:1,&quot;page&quot;:1,&quot;base_permalink&quot;:&quot;\/fr\/wp-json\/wp\/v2\/pages\/162688?wpv_view_count=156061-CATTR36a9cccdb631701676ccd131c3f18740&amp;wpv_paged=WPV_PAGE_NUM&quot;,&quot;loop&quot;:{&quot;type&quot;:&quot;&quot;,&quot;name&quot;:&quot;&quot;,&quot;data&quot;:[],&quot;id&quot;:0}}\" data-permalink=\"\/fr\/wp-json\/wp\/v2\/pages\/162688?wpv_view_count=156061-CATTR36a9cccdb631701676ccd131c3f18740\">\n\n\t\n\t\n\t\n\t\t\n\n\n    <div class=\"centered-container\">\n        <div class=\"opens\">Les r\u00e9servations ouvrent le jeudi 26 f\u00e9vrier \u00e0 13 h, heure britannique.<\/div>\n    <\/div>\n \n\n\n\t\n\t\n\t\n\t\n<\/div>\n\n\t\t\t\t\t<ul id=\"menu-spring\"><li id=\"menu-item-162482\"><a href=\"https:\/\/kadampafestivals.org\/fr\/printemps\">Welcome<\/a><\/li>\n<li id=\"menu-item-162101\"><a href=\"https:\/\/kadampafestivals.org\/fr\/printemps\/the-founder\">The Founder<\/a><\/li>\n<li id=\"menu-item-146050\" aria-haspopup=\"true\"><a href=\"#\">Festival<\/a>\n<ul>\n\t<li id=\"menu-item-162099\"><a href=\"https:\/\/kadampafestivals.org\/fr\/printemps\/enseignements\">Teachings<\/a><\/li>\n\t<li id=\"menu-item-162098\"><a href=\"https:\/\/kadampafestivals.org\/fr\/printemps\/enseignants\">Teachers<\/a><\/li>\n\t<li id=\"menu-item-162143\"><a href=\"https:\/\/kadampafestivals.org\/fr\/printemps\/programme\">Program<\/a><\/li>\n\t<li id=\"menu-item-162144\"><a href=\"https:\/\/kadampafestivals.org\/fr\/printemps\/festival-experience\">Festival experience<\/a><\/li>\n\t<li id=\"menu-item-162147\"><a href=\"https:\/\/kadampafestivals.org\/fr\/printemps\/participer-au-festival-en-ligne\">Attending the festival online<\/a><\/li>\n\t<li id=\"menu-item-162105\"><a href=\"https:\/\/kadampafestivals.org\/fr\/printemps\/benevolat\">Volunteering<\/a><\/li>\n<\/ul>\n<\/li>\n<li id=\"menu-item-162104\"><a href=\"https:\/\/kadampafestivals.org\/fr\/printemps\/lieu\">Venue<\/a><\/li>\n<li id=\"menu-item-142369\" aria-haspopup=\"true\"><a href=\"#\">Booking<\/a>\n<ul>\n\t<li id=\"menu-item-162140\"><a href=\"https:\/\/kadampafestivals.org\/fr\/printemps\/tarifs\">Fees<\/a><\/li>\n\t<li id=\"menu-item-162146\"><a href=\"https:\/\/kadampafestivals.org\/fr\/printemps\/hebergement\">Accommodation<\/a><\/li>\n\t<li id=\"menu-item-162145\"><a href=\"https:\/\/kadampafestivals.org\/fr\/printemps\/festival-food-and-drink\">Festival food and drink<\/a><\/li>\n\t<li id=\"menu-item-162102\"><a href=\"https:\/\/kadampafestivals.org\/fr\/printemps\/translation-and-assisted-needs\">Translation and Assisted Needs<\/a><\/li>\n\t<li id=\"menu-item-162150\"><a href=\"https:\/\/kadampafestivals.org\/fr\/printemps\/enfants-jeunes-adultes\">Children &#038; young adults<\/a><\/li>\n\t<li id=\"menu-item-162142\"><a href=\"https:\/\/kadampafestivals.org\/fr\/printemps\/parking\">Parking<\/a><\/li>\n\t<li id=\"menu-item-162103\"><a href=\"https:\/\/kadampafestivals.org\/fr\/printemps\/information-voyage\">Travel information<\/a><\/li>\n\t<li id=\"menu-item-162148\"><a href=\"https:\/\/kadampafestivals.org\/fr\/printemps\/informations-generales\">General information<\/a><\/li>\n\t<li id=\"menu-item-162123\"><a href=\"https:\/\/kadampafestivals.org\/fr\/printemps\/how-to-book\">How to book<\/a><\/li>\n\t<li id=\"menu-item-162100\"><a href=\"https:\/\/kadampafestivals.org\/fr\/printemps\/terms-conditions\">Terms &#038; Conditions<\/a><\/li>\n<\/ul>\n<\/li>\n<li id=\"menu-item-162117\"><a href=\"https:\/\/kadampafestivals.org\/fr\/printemps\/retraites-post-festival-dete\">Post Festival Retreats<\/a><\/li>\n<li id=\"menu-item-162141\"><a href=\"https:\/\/kadampafestivals.org\/fr\/printemps\/itp\">ITP<\/a><\/li>\n<li id=\"menu-item-162109\"><a href=\"https:\/\/kadampafestivals.org\/fr\/printemps\/contact\">Contact<\/a><\/li>\n<\/ul>\t\n\t<h1>\n\t\tImportant information on joining the Festival online\n\t<\/h1>\n\t<p><em>It is recommended to attend the Spring Festival 2025 in-person, but it will be possible to participate online if you are not able to attend in person.<\/em><\/p>\n<strong>What to book for<\/strong><br \/>\nYou will need to choose to attend either in-person or online at the time of booking. You will not be able to book for both. Each person viewing the Festival Online will need to make their own booking. Viewing links cannot be shared.\n<strong>Live streaming with video on demand<\/strong><br \/>\nFor those who have booked to participate online, each teaching and meditation session will be available as a live stream following the Festival timetable and as a video on demand shortly after the end of the live session.\n<strong>How to watch<\/strong><br \/>\nThis year there is a change to the way you watch your Festival teachings: now you will do so through the Kadampa Booking System (KBS). When you are logged into KBS you will be able to see the livestream option for your event and watch any of the events you have booked. More information will be sent nearer the time.\n<strong>Translations<\/strong><br \/>\nThe Festival will be given in English and the videos will include the option to listen to the teachings in Spanish, French, German, Portuguese and Mandarin.\n<strong>Availability<\/strong><br \/>\nThe videos will be available online until <strong>23:59 UK time June 11.<\/strong> This excludes the empowerment, which will be available only for 24 hours from the time the link has been made live.\n<p><em>Please note:<\/em> the empowerment would not normally be available as a video on demand, but because this is an International Festival as an exception it will be available online for 24 hours to ensure people in different time zones are able to view it.<\/p>\n\t\t\t\t<img loading=\"lazy\" decoding=\"async\" src=\"https:\/\/kadampafestivals.org\/wp-content\/uploads\/2021\/01\/2020-kadampa-festivalsimage1-9-square.jpeg\" alt=\"2020-kadampa-festivalsimage1-9-square\" itemprop=\"image\" height=\"960\" width=\"960\" title=\"2020-kadampa-festivalsimage1-9-square\" onerror=\"this.style.display='none'\"  \/>\n\t\t\t\t<img loading=\"lazy\" decoding=\"async\" src=\"https:\/\/kadampafestivals.org\/wp-content\/uploads\/2022\/01\/IMG_4914.jpeg\" alt=\"IMG_4914\" itemprop=\"image\" height=\"1080\" width=\"1440\" title=\"IMG_4914\" onerror=\"this.style.display='none'\"  \/>\n\t\t\t\t<img loading=\"lazy\" decoding=\"async\" src=\"https:\/\/kadampafestivals.org\/wp-content\/uploads\/2022\/01\/Malaga.jpeg\" alt=\"Malaga\" itemprop=\"image\" height=\"768\" width=\"1024\" title=\"Malaga\" onerror=\"this.style.display='none'\"  \/>\n\n","protected":false},"excerpt":{"rendered":"<p>NKT-IKBU INTERNATIONAL SPRING FESTIVAL 2025 MAY 23 &#8211; 28 Welcome The Founder Festival Teachings Teachers Program Festival experience Attending the festival online Volunteering Venue Booking Fees Accommodation Festival food and drink Translation and Assisted Needs Children &#038; young adults Parking Travel information General information How to book Terms &#038; Conditions Post Festival Retreats ITP Contact &#8230; <a title=\"Participer au festival en ligne\" class=\"read-more\" href=\"https:\/\/kadampafestivals.org\/fr\/printemps\/participer-au-festival-en-ligne\" aria-label=\"En savoir plus sur Participer au festival en ligne\">Read more<\/a><\/p>\n","protected":false},"author":1,"featured_media":0,"parent":162383,"menu_order":0,"comment_status":"closed","ping_status":"closed","template":"","meta":{"footnotes":""},"wf_page_folders":[704],"class_list":["post-162688","page","type-page","status-publish"],"_links":{"self":[{"href":"https:\/\/kadampafestivals.org\/fr\/wp-json\/wp\/v2\/pages\/162688","targetHints":{"allow":["GET"]}}],"collection":[{"href":"https:\/\/kadampafestivals.org\/fr\/wp-json\/wp\/v2\/pages"}],"about":[{"href":"https:\/\/kadampafestivals.org\/fr\/wp-json\/wp\/v2\/types\/page"}],"author":[{"embeddable":true,"href":"https:\/\/kadampafestivals.org\/fr\/wp-json\/wp\/v2\/users\/1"}],"replies":[{"embeddable":true,"href":"https:\/\/kadampafestivals.org\/fr\/wp-json\/wp\/v2\/comments?post=162688"}],"version-history":[{"count":11,"href":"https:\/\/kadampafestivals.org\/fr\/wp-json\/wp\/v2\/pages\/162688\/revisions"}],"predecessor-version":[{"id":514084,"href":"https:\/\/kadampafestivals.org\/fr\/wp-json\/wp\/v2\/pages\/162688\/revisions\/514084"}],"up":[{"embeddable":true,"href":"https:\/\/kadampafestivals.org\/fr\/wp-json\/wp\/v2\/pages\/162383"}],"wp:attachment":[{"href":"https:\/\/kadampafestivals.org\/fr\/wp-json\/wp\/v2\/media?parent=162688"}],"wp:term":[{"taxonomy":"wf_page_folders","embeddable":true,"href":"https:\/\/kadampafestivals.org\/fr\/wp-json\/wp\/v2\/wf_page_folders?post=162688"}],"curies":[{"name":"wp","href":"https:\/\/api.w.org\/{rel}","templated":true}]}}