{"id":162730,"date":"2025-01-21T16:09:11","date_gmt":"2025-01-21T16:09:11","guid":{"rendered":"https:\/\/kadampafestivals.org\/printemps\/festival-experience"},"modified":"2026-02-19T13:42:51","modified_gmt":"2026-02-19T13:42:51","slug":"festival-experience","status":"publish","type":"page","link":"https:\/\/kadampafestivals.org\/fr\/printemps\/festival-experience","title":{"rendered":"L&rsquo;exp\u00e9rience du festival"},"content":{"rendered":"\n\n\t\t\t\t<img loading=\"lazy\" decoding=\"async\" src=\"https:\/\/kadampafestivals.org\/wp-content\/uploads\/2024\/11\/Kadampa-Spring-Festival-2025---Buddha-Maitreya-Merged-2x.png\" alt=\"Kadampa Spring Festival 2025 - Buddha Maitreya Merged (2x)\" itemprop=\"image\" height=\"828\" width=\"860\" title=\"Kadampa Spring Festival 2025 - Buddha Maitreya Merged (2x)\" onerror=\"this.style.display='none'\"  \/>\n<h2>\n\t\tNKT-IKBU INTERNATIONAL\n\t<\/h2>\n<h2>\n\t\tSPRING FESTIVAL 2025\n\t<\/h2>\n<h2>\n\t\tMAY 23 &#8211; 28\n\t<\/h2>\n\t\n\n\n<div id=\"wpv-view-layout-156061-CATTR36a9cccdb631701676ccd131c3f18740\" class=\"js-wpv-view-layout js-wpv-layout-responsive js-wpv-view-layout-156061-CATTR36a9cccdb631701676ccd131c3f18740\" data-viewnumber=\"156061-CATTR36a9cccdb631701676ccd131c3f18740\" data-pagination=\"{&quot;id&quot;:156061,&quot;query&quot;:&quot;normal&quot;,&quot;type&quot;:&quot;disabled&quot;,&quot;effect&quot;:&quot;fade&quot;,&quot;duration&quot;:500,&quot;speed&quot;:5,&quot;pause_on_hover&quot;:&quot;enabled&quot;,&quot;stop_rollover&quot;:&quot;false&quot;,&quot;cache_pages&quot;:&quot;enabled&quot;,&quot;preload_images&quot;:&quot;enabled&quot;,&quot;preload_pages&quot;:&quot;enabled&quot;,&quot;preload_reach&quot;:1,&quot;spinner&quot;:&quot;builtin&quot;,&quot;spinner_image&quot;:&quot;https:\/\/kadampafestivals.org\/wp-content\/plugins\/wp-views\/embedded\/res\/img\/ajax-loader.gif&quot;,&quot;callback_next&quot;:&quot;&quot;,&quot;manage_history&quot;:&quot;enabled&quot;,&quot;has_controls_in_form&quot;:&quot;disabled&quot;,&quot;infinite_tolerance&quot;:&quot;0&quot;,&quot;max_pages&quot;:1,&quot;page&quot;:1,&quot;base_permalink&quot;:&quot;\/fr\/wp-json\/wp\/v2\/pages\/162730?wpv_view_count=156061-CATTR36a9cccdb631701676ccd131c3f18740&amp;wpv_paged=WPV_PAGE_NUM&quot;,&quot;loop&quot;:{&quot;type&quot;:&quot;&quot;,&quot;name&quot;:&quot;&quot;,&quot;data&quot;:[],&quot;id&quot;:0}}\" data-permalink=\"\/fr\/wp-json\/wp\/v2\/pages\/162730?wpv_view_count=156061-CATTR36a9cccdb631701676ccd131c3f18740\">\n\n\t\n\t\n\t\n\t\t\n\n\n    <div class=\"centered-container\">\n        <div class=\"opens\">Les r\u00e9servations ouvrent le jeudi 26 f\u00e9vrier \u00e0 13 h, heure britannique.<\/div>\n    <\/div>\n \n\n\n\t\n\t\n\t\n\t\n<\/div>\n\n\t\t\t\t\t<ul id=\"menu-spring\"><li id=\"menu-item-162482\"><a href=\"https:\/\/kadampafestivals.org\/spring\">Welcome<\/a><\/li>\n<li id=\"menu-item-162101\"><a href=\"https:\/\/kadampafestivals.org\/spring\/the-founder\">The Founder<\/a><\/li>\n<li id=\"menu-item-146050\" aria-haspopup=\"true\"><a href=\"#\">Festival<\/a>\n<ul>\n\t<li id=\"menu-item-162099\"><a href=\"https:\/\/kadampafestivals.org\/spring\/teachings\">Teachings<\/a><\/li>\n\t<li id=\"menu-item-162098\"><a href=\"https:\/\/kadampafestivals.org\/spring\/teachers\">Teachers<\/a><\/li>\n\t<li id=\"menu-item-162143\"><a href=\"https:\/\/kadampafestivals.org\/spring\/program\">Program<\/a><\/li>\n\t<li id=\"menu-item-162144\"><a href=\"https:\/\/kadampafestivals.org\/spring\/festival-experience\">Festival experience<\/a><\/li>\n\t<li id=\"menu-item-162147\"><a href=\"https:\/\/kadampafestivals.org\/spring\/attending-the-festival-online\">Attending the festival online<\/a><\/li>\n\t<li id=\"menu-item-162105\"><a href=\"https:\/\/kadampafestivals.org\/spring\/volunteering\">Volunteering<\/a><\/li>\n<\/ul>\n<\/li>\n<li id=\"menu-item-162104\"><a href=\"https:\/\/kadampafestivals.org\/spring\/venue\">Venue<\/a><\/li>\n<li id=\"menu-item-142369\" aria-haspopup=\"true\"><a href=\"#\">Booking<\/a>\n<ul>\n\t<li id=\"menu-item-162140\"><a href=\"https:\/\/kadampafestivals.org\/spring\/fees\">Fees<\/a><\/li>\n\t<li id=\"menu-item-162146\"><a href=\"https:\/\/kadampafestivals.org\/spring\/accommodation\">Accommodation<\/a><\/li>\n\t<li id=\"menu-item-162145\"><a href=\"https:\/\/kadampafestivals.org\/spring\/festival-food-and-drink\">Festival food and drink<\/a><\/li>\n\t<li id=\"menu-item-162102\"><a href=\"https:\/\/kadampafestivals.org\/spring\/translation-and-assisted-needs\">Translation and Assisted Needs<\/a><\/li>\n\t<li id=\"menu-item-162150\"><a href=\"https:\/\/kadampafestivals.org\/spring\/children-young-adults\">Children &#038; young adults<\/a><\/li>\n\t<li id=\"menu-item-162142\"><a href=\"https:\/\/kadampafestivals.org\/spring\/parking\">Parking<\/a><\/li>\n\t<li id=\"menu-item-162103\"><a href=\"https:\/\/kadampafestivals.org\/spring\/travel-information\">Travel information<\/a><\/li>\n\t<li id=\"menu-item-162148\"><a href=\"https:\/\/kadampafestivals.org\/spring\/general-information\">General information<\/a><\/li>\n\t<li id=\"menu-item-162123\"><a href=\"https:\/\/kadampafestivals.org\/spring\/how-to-book\">How to book<\/a><\/li>\n\t<li id=\"menu-item-162100\"><a href=\"https:\/\/kadampafestivals.org\/spring\/terms-conditions\">Terms &#038; Conditions<\/a><\/li>\n<\/ul>\n<\/li>\n<li id=\"menu-item-162117\"><a href=\"https:\/\/kadampafestivals.org\/spring\/post-festival-retreats\">Post Festival Retreats<\/a><\/li>\n<li id=\"menu-item-162141\"><a href=\"https:\/\/kadampafestivals.org\/spring\/itp\">ITP<\/a><\/li>\n<li id=\"menu-item-162109\"><a href=\"https:\/\/kadampafestivals.org\/spring\/contact\">Contact<\/a><\/li>\n<\/ul>\t\n\t<h1>\n\t\tFestival experience\n\t<\/h1>\n\t\t\t\t<img loading=\"lazy\" decoding=\"async\" src=\"https:\/\/kadampafestivals.org\/wp-content\/uploads\/2025\/02\/NKT-Fest-2024-d12_Nora_funky-walk.jpg\" alt=\"NKT-Fest-2024-d12_Nora_funky walk\" itemprop=\"image\" height=\"1080\" width=\"1620\" title=\"NKT-Fest-2024-d12_Nora_funky walk\" onerror=\"this.style.display='none'\"  \/>\n\t<p>Festivals are a spiritual holiday like no other. They give us an opportunity to step away from the busyness of daily life and to make time for our inner spiritual development for a concentrated period of time. In this way we accelerate our meditation practice, deepening our understanding and experience in a relatively short period of time.<\/p>\n<p>The Spring Festival is set in the <a href=\"https:\/\/kadampafestivals.org\/spring\/venue\">beautiful location of the Lake District<\/a> in the UK with many nearby visitor attractions, so it is also possible to combine a spiritual Festival with a family holiday.<\/p>\n<h4><strong>Everyone is welcome<\/strong><\/h4>\n<p>We also have the opportunity to meet and be part of a diverse and international community from all walks of life. People of every age and background are welcome to attend the Festivals and no prior experience is necessary.<\/p>\n<p>The Festivals are very friendly occasions; it is easy to meet new people through volunteering and at mealtimes. As everyone is trying to put the teachings into practice, there is an openness and acceptance that makes being at the Festival a very safe and inclusive experience.<\/p>\n<h4><strong>A vision of a better world<\/strong><\/h4>\n<p>At Kadampa Festivals everyone is trying to improve their state of mind through the teachings and guided meditations. An immediate effect of this is that at Festivals we begin to see what a world would be like if everyone helped each other without delusion or negativity. This vision is both inspiring and empowering. We come to believe a better world is possible and we develop the wish to work towards this.<\/p>\n<p>At Festivals we see the teachings in action everywhere we look &#8211; people living together harmoniously, people listening and meditating in the Temple, children of many nationalities playing together, volunteers working together joyfully and we see the pure example of the Teachers leading the Festival.<\/p>\n<p>By attending the Festival in person, you can see for yourself the profound and compassionate vision of Venerable Geshe Kelsang Gyatso Rinpoche &#8211; a world at peace in which everyone respects and cherishes each other.<\/p>\nYou have to be at an International Festival to feel the power of this vision, which is why these Festivals are so important, and why Venerable Geshe-la encourages us to attend them.<br \/>\nYou will not find this magical experience elsewhere.\n\t\t\t\t<a href=\"https:\/\/kadampafestivals.org\/wp-content\/uploads\/2022\/01\/day-nine-5.jpeg\"  target=\"_self\" itemprop=\"url\">\n\t\t\t\t<img loading=\"lazy\" decoding=\"async\" src=\"https:\/\/kadampafestivals.org\/wp-content\/uploads\/2022\/01\/day-nine-5.jpeg\" alt=\"day-nine-5\" itemprop=\"image\" height=\"1280\" width=\"1920\" title=\"day-nine-5\" onerror=\"this.style.display='none'\"  \/>\n\t\t\t\t<\/a>\n\t\t\t\t<a href=\"https:\/\/kadampafestivals.org\/wp-content\/uploads\/2025\/02\/25-BERG4092-kind-face.jpg\"  target=\"_self\" itemprop=\"url\">\n\t\t\t\t<img loading=\"lazy\" decoding=\"async\" src=\"https:\/\/kadampafestivals.org\/wp-content\/uploads\/2025\/02\/25-BERG4092-kind-face.jpg\" alt=\"25-BERG4092-kind face\" itemprop=\"image\" height=\"1080\" width=\"1620\" title=\"25-BERG4092-kind face\" onerror=\"this.style.display='none'\"  \/>\n\t\t\t\t<\/a>\n\t\t\t\t<a href=\"https:\/\/kadampafestivals.org\/wp-content\/uploads\/2025\/02\/NKT-Fest-2024-d12_Nora_ISUF2024_cafe-steps.jpg\"  target=\"_self\" itemprop=\"url\">\n\t\t\t\t<img loading=\"lazy\" decoding=\"async\" src=\"https:\/\/kadampafestivals.org\/wp-content\/uploads\/2025\/02\/NKT-Fest-2024-d12_Nora_ISUF2024_cafe-steps.jpg\" alt=\"NKT-Fest-2024-d12_Nora_ISUF2024_cafe steps\" itemprop=\"image\" height=\"1280\" width=\"1920\" title=\"NKT-Fest-2024-d12_Nora_ISUF2024_cafe steps\" onerror=\"this.style.display='none'\"  \/>\n\t\t\t\t<\/a>\n\t\t\t\t<a href=\"https:\/\/kadampafestivals.org\/wp-content\/uploads\/2025\/02\/NKT-Fest-2024-d12_XAVIER_snap.jpg\"  target=\"_self\" itemprop=\"url\">\n\t\t\t\t<img loading=\"lazy\" decoding=\"async\" src=\"https:\/\/kadampafestivals.org\/wp-content\/uploads\/2025\/02\/NKT-Fest-2024-d12_XAVIER_snap.jpg\" alt=\"NKT-Fest-2024-d12_XAVIER_snap\" itemprop=\"image\" height=\"1280\" width=\"1920\" title=\"NKT-Fest-2024-d12_XAVIER_snap\" onerror=\"this.style.display='none'\"  \/>\n\t\t\t\t<\/a>\n\n","protected":false},"excerpt":{"rendered":"<p>NKT-IKBU INTERNATIONAL SPRING FESTIVAL 2025 MAY 23 &#8211; 28 Welcome The Founder Festival Teachings Teachers Program Festival experience Attending the festival online Volunteering Venue Booking Fees Accommodation Festival food and drink Translation and Assisted Needs Children &#038; young adults Parking Travel information General information How to book Terms &#038; Conditions Post Festival Retreats ITP Contact &#8230; <a title=\"L&rsquo;exp\u00e9rience du festival\" class=\"read-more\" href=\"https:\/\/kadampafestivals.org\/fr\/printemps\/festival-experience\" aria-label=\"En savoir plus sur L&rsquo;exp\u00e9rience du festival\">Read more<\/a><\/p>\n","protected":false},"author":1,"featured_media":0,"parent":162383,"menu_order":0,"comment_status":"closed","ping_status":"closed","template":"","meta":{"footnotes":""},"wf_page_folders":[704],"class_list":["post-162730","page","type-page","status-publish"],"_links":{"self":[{"href":"https:\/\/kadampafestivals.org\/fr\/wp-json\/wp\/v2\/pages\/162730","targetHints":{"allow":["GET"]}}],"collection":[{"href":"https:\/\/kadampafestivals.org\/fr\/wp-json\/wp\/v2\/pages"}],"about":[{"href":"https:\/\/kadampafestivals.org\/fr\/wp-json\/wp\/v2\/types\/page"}],"author":[{"embeddable":true,"href":"https:\/\/kadampafestivals.org\/fr\/wp-json\/wp\/v2\/users\/1"}],"replies":[{"embeddable":true,"href":"https:\/\/kadampafestivals.org\/fr\/wp-json\/wp\/v2\/comments?post=162730"}],"version-history":[{"count":11,"href":"https:\/\/kadampafestivals.org\/fr\/wp-json\/wp\/v2\/pages\/162730\/revisions"}],"predecessor-version":[{"id":514083,"href":"https:\/\/kadampafestivals.org\/fr\/wp-json\/wp\/v2\/pages\/162730\/revisions\/514083"}],"up":[{"embeddable":true,"href":"https:\/\/kadampafestivals.org\/fr\/wp-json\/wp\/v2\/pages\/162383"}],"wp:attachment":[{"href":"https:\/\/kadampafestivals.org\/fr\/wp-json\/wp\/v2\/media?parent=162730"}],"wp:term":[{"taxonomy":"wf_page_folders","embeddable":true,"href":"https:\/\/kadampafestivals.org\/fr\/wp-json\/wp\/v2\/wf_page_folders?post=162730"}],"curies":[{"name":"wp","href":"https:\/\/api.w.org\/{rel}","templated":true}]}}