{"id":162739,"date":"2025-01-21T16:08:26","date_gmt":"2025-01-21T16:08:26","guid":{"rendered":"https:\/\/kadampafestivals.org\/printemps\/tarifs"},"modified":"2026-03-04T09:05:37","modified_gmt":"2026-03-04T09:05:37","slug":"tarifs","status":"publish","type":"page","link":"https:\/\/kadampafestivals.org\/fr\/printemps\/tarifs","title":{"rendered":"Tarifs"},"content":{"rendered":"\n\n<figure data-animation-delay=\"0.2\" data-animation-duration=\"1\">\n\t\t\t\t<img decoding=\"async\" src=\"https:\/\/kadampafestivals.org\/wp-content\/uploads\/2025\/02\/Kadampa-Spring-Festival-2026---Deity-and-Flourish-1x-1.png\" alt=\"Kadampa Spring Festival 2026 - Deity and Flourish (1x)\" height=\"454\" width=\"636\" title=\"Kadampa Spring Festival 2026 - Deity and Flourish (1x)\" loading=\"lazy\" \/>\n\t<\/figure>\n<h2>\n\t\t\tNKT-IKBU INTERNATIONAL\t<\/h2>\n<h2>\n\t\t\tSPRING FESTIVAL 2026\t<\/h2>\n<h2>\n\t\t\tMAY 22 &#8211; 27\t<\/h2>\n\t\n\n\n<div id=\"wpv-view-layout-156061-CATTR36a9cccdb631701676ccd131c3f18740\" class=\"js-wpv-view-layout js-wpv-layout-responsive js-wpv-view-layout-156061-CATTR36a9cccdb631701676ccd131c3f18740\" data-viewnumber=\"156061-CATTR36a9cccdb631701676ccd131c3f18740\" data-pagination=\"{&quot;id&quot;:156061,&quot;query&quot;:&quot;normal&quot;,&quot;type&quot;:&quot;disabled&quot;,&quot;effect&quot;:&quot;fade&quot;,&quot;duration&quot;:500,&quot;speed&quot;:5,&quot;pause_on_hover&quot;:&quot;enabled&quot;,&quot;stop_rollover&quot;:&quot;false&quot;,&quot;cache_pages&quot;:&quot;enabled&quot;,&quot;preload_images&quot;:&quot;enabled&quot;,&quot;preload_pages&quot;:&quot;enabled&quot;,&quot;preload_reach&quot;:1,&quot;spinner&quot;:&quot;builtin&quot;,&quot;spinner_image&quot;:&quot;https:\/\/kadampafestivals.org\/wp-content\/plugins\/wp-views\/embedded\/res\/img\/ajax-loader.gif&quot;,&quot;callback_next&quot;:&quot;&quot;,&quot;manage_history&quot;:&quot;enabled&quot;,&quot;has_controls_in_form&quot;:&quot;disabled&quot;,&quot;infinite_tolerance&quot;:&quot;0&quot;,&quot;max_pages&quot;:1,&quot;page&quot;:1,&quot;base_permalink&quot;:&quot;\/fr\/wp-json\/wp\/v2\/pages\/162739?wpv_view_count=156061-CATTR36a9cccdb631701676ccd131c3f18740&amp;wpv_paged=WPV_PAGE_NUM&quot;,&quot;loop&quot;:{&quot;type&quot;:&quot;&quot;,&quot;name&quot;:&quot;&quot;,&quot;data&quot;:[],&quot;id&quot;:0}}\" data-permalink=\"\/fr\/wp-json\/wp\/v2\/pages\/162739?wpv_view_count=156061-CATTR36a9cccdb631701676ccd131c3f18740\">\n\n\t\n\t\n\t\n\t\t\n\n\n    <div class=\"centered-container\">\n        <div class=\"opens\">Les r\u00e9servations ouvrent le jeudi 26 f\u00e9vrier \u00e0 13 h, heure britannique.<\/div>\n    <\/div>\n \n\n\n\t\n\t\n\t\n\t\n<\/div>\n\nSpring Menu\t\t\t\n\t\t\t\t\t<ul id=\"menu-spring\"><li id=\"menu-item-162482\"><a href=\"https:\/\/kadampafestivals.org\/spring\">Welcome<\/a><\/li>\n<li id=\"menu-item-162101\"><a href=\"https:\/\/kadampafestivals.org\/spring\/the-founder\">The Founder<\/a><\/li>\n<li id=\"menu-item-146050\"><a href=\"#\">Festival<\/a>\n<ul>\n\t<li id=\"menu-item-162099\"><a href=\"https:\/\/kadampafestivals.org\/spring\/teachings\">Teachings<\/a><\/li>\n\t<li id=\"menu-item-162098\"><a href=\"https:\/\/kadampafestivals.org\/spring\/teachers\">Teachers<\/a><\/li>\n\t<li id=\"menu-item-162143\"><a href=\"https:\/\/kadampafestivals.org\/spring\/program\">Program<\/a><\/li>\n\t<li id=\"menu-item-162144\"><a href=\"https:\/\/kadampafestivals.org\/spring\/festival-experience\">Festival experience<\/a><\/li>\n\t<li id=\"menu-item-162147\"><a href=\"https:\/\/kadampafestivals.org\/spring\/attending-the-festival-online\">Attending the festival online<\/a><\/li>\n\t<li id=\"menu-item-162105\"><a href=\"https:\/\/kadampafestivals.org\/spring\/volunteering\">Volunteering<\/a><\/li>\n<\/ul>\n<\/li>\n<li id=\"menu-item-162104\"><a href=\"https:\/\/kadampafestivals.org\/spring\/venue\">Venue<\/a><\/li>\n<li id=\"menu-item-142369\"><a href=\"#\">Booking<\/a>\n<ul>\n\t<li id=\"menu-item-162140\"><a href=\"https:\/\/kadampafestivals.org\/spring\/fees\">Fees<\/a><\/li>\n\t<li id=\"menu-item-162146\"><a href=\"https:\/\/kadampafestivals.org\/spring\/accommodation\">Accommodation<\/a><\/li>\n\t<li id=\"menu-item-162145\"><a href=\"https:\/\/kadampafestivals.org\/spring\/festival-food-and-drink\">Festival food and drink<\/a><\/li>\n\t<li id=\"menu-item-162102\"><a href=\"https:\/\/kadampafestivals.org\/spring\/translation-and-assisted-needs\">Translation and Assisted Needs<\/a><\/li>\n\t<li id=\"menu-item-162150\"><a href=\"https:\/\/kadampafestivals.org\/spring\/children-young-adults\">Children &#038; young adults<\/a><\/li>\n\t<li id=\"menu-item-511736\"><a href=\"https:\/\/kadampafestivals.org\/spring\/parking\">Parking<\/a><\/li>\n\t<li id=\"menu-item-162103\"><a href=\"https:\/\/kadampafestivals.org\/spring\/travel-information\">Travel information<\/a><\/li>\n\t<li id=\"menu-item-162148\"><a href=\"https:\/\/kadampafestivals.org\/spring\/general-information\">General information<\/a><\/li>\n\t<li id=\"menu-item-162123\"><a href=\"https:\/\/kadampafestivals.org\/spring\/how-to-book\">How to book<\/a><\/li>\n\t<li id=\"menu-item-162100\"><a href=\"https:\/\/kadampafestivals.org\/spring\/terms-conditions\">Terms &#038; Conditions<\/a><\/li>\n<\/ul>\n<\/li>\n<li id=\"menu-item-162117\"><a href=\"https:\/\/kadampafestivals.org\/spring\/post-festival-retreats\">Post Festival Retreats<\/a><\/li>\n<li id=\"menu-item-162141\"><a href=\"https:\/\/kadampafestivals.org\/spring\/itp\">ITP<\/a><\/li>\n<li id=\"menu-item-162109\"><a href=\"https:\/\/kadampafestivals.org\/spring\/contact\">Contact<\/a><\/li>\n<\/ul>\t\n\t<h1>\n\t\t\tFees\t<\/h1>\n\t<h3><strong>FESTIVAL FEES<\/strong><\/h3>\n<p><strong>Early booking discount: Whole festival bookings up to and including 21 April &#8211; \u00a3140 (not including accommodation or meals)<\/strong><\/p>\n<p><strong>In-person Festival Fee<\/strong><\/p>\n<table>\n<tbody>\n<tr>\n<td colspan=\"5\"><b>Whole Festival\u00a0<\/b><b><i>(Does not include accommodation or meals)<\/i><\/b><\/td>\n<\/tr>\n<tr>\n<td colspan=\"3\">Fri May 22 &#8211; Wed May 27 &#8211; \u00a3155<\/td>\n<\/tr>\n<tr>\n<td colspan=\"3\"><b>Daily rates\u00a0<\/b><b><i>(Does not include accommodation or meals)<\/i><\/b><\/td>\n<\/tr>\n<tr>\n<td>Fri<\/td>\n<td>May 22<\/td>\n<td>\u00a315<\/td>\n<\/tr>\n<tr>\n<td>Sat<\/td>\n<td>May 23<\/td>\n<td>\u00a345<\/td>\n<\/tr>\n<tr>\n<td>Sun<\/td>\n<td>May 24<\/td>\n<td>\u00a335<\/td>\n<\/tr>\n<tr>\n<td>Mon<\/td>\n<td>May 25<\/td>\n<td>\u00a335<\/td>\n<\/tr>\n<tr>\n<td>Tues<\/td>\n<td>May 26<\/td>\n<td>\u00a315<\/td>\n<\/tr>\n<tr>\n<td>Wed<\/td>\n<td>May 27<\/td>\n<td>\u00a310<\/td>\n<\/tr>\n<\/tbody>\n<\/table>\n<p><strong>Online Festival Fee<\/strong><\/p>\n<p>Whole Festival Only &#8211; \u00a3155<\/p>\n<p><b>Children&rsquo;s Festival Fee:<\/b><\/p>\n<table>\n<tbody>\n<tr>\n<td><b>Age:\u00a0\u00a0<\/b><\/td>\n<td>0 &#8211; 7 years<\/td>\n<td>FREE<\/td>\n<\/tr>\n<tr>\n<td><b>\u00a0<\/b><\/td>\n<td>8 &#8211; 15 years<\/td>\n<td>50% discount<\/td>\n<\/tr>\n<tr>\n<td><b>\u00a0<\/b><\/td>\n<td>16+ years<\/td>\n<td>as adult above<\/td>\n<\/tr>\n<\/tbody>\n<\/table>\n<h3><b>ACCOMMODATION FEES<\/b><\/h3>\n<table>\n<tbody>\n<tr>\n\n<td><i>per night &#8211; incl. breakfast<\/i><\/td>\n<\/tr>\n<tr>\n<td>Single ensuite\u2020*<\/td>\n<td>\u00a360 per room<\/td>\n<\/tr>\n<tr>\n<td>Single\u2020*<\/td>\n<td>\u00a350 per room<\/td>\n<\/tr>\n<tr>\n<td>Twin or Double ensuite\u2020*<\/td>\n<td>\u00a390 per room<\/td>\n<\/tr>\n<tr>\n<td>Twin or Double\u2020*<\/td>\n<td>\u00a380 per room<\/td>\n<\/tr>\n<tr>\n<td>Triple ensuite\u2020*<\/td>\n<td>\u00a3120 per room<\/td>\n<\/tr>\n<tr>\n<td>Shared Room*<\/td>\n<td>\u00a330 per person<\/td>\n<\/tr>\n<tr>\n<td>Indoor Dorm*<\/td>\n<td>\u00a325 per person<\/td>\n<\/tr>\n<tr>\n<td>Marquee Dorm**<\/td>\n<td>\u00a315 per person<\/td>\n<\/tr>\n<\/tbody>\n<\/table>\n\u2020 very limited availability<br \/>\n* must be booked for minimum whole Festival<br \/>\n**must be booked for minimum whole Festival. \u00a0A limited number of marquee dorm spaces are available for 3 night minimum.\n<p><b>Camping<\/b><\/p>\n<p>There are three camping options. For each option, you must first book camping &#8211; then select which of the camping options you require:<\/p>\n<ol>\n<li>Bringing your own tent<\/li>\n<li>Ready-erected tent (2 or 4 person tent)<\/li>\n<li>Bringing your own campervan (very limited spaces available)<\/li>\n<\/ol>\n<table>\n<tbody>\n<tr>\n<td><b>Camping Fee<\/b><\/td>\n<td>\u00a38 per person \/ per night incl breakfast<\/td>\n<\/tr>\n<tr>\n\n<td><b>PLUS additional cost for ready-erected tent or campervan:<\/b><\/td>\n<\/tr>\n<tr>\n<td><b>Ready-erected Tent <\/b>\n<em>(max occupancy 2 people)<\/em><\/td>\n<td>Camping fee + \u00a312 per tent \/ per night<br \/>\n<i>Whole festival only<\/i>Only one person should book this and provide the names of those sharing.\u00a0 Everyone should book camping.<\/td>\n<\/tr>\n<tr>\n<td><b>Campervan*<\/b><\/td>\n<td>Camping fee + \u00a38 per night<br \/>\n<em>Whole festival only<\/em>Only one person should book the space and provide the names of those sharing. Everyone should book camping.<\/td>\n<\/tr>\n<\/tbody>\n<\/table>\n<p><b>* <\/b>Very limited spaces. Please do not bring an overnight sleeping van\/campervan unless you have reserved a space otherwise we will be unable to accommodate you. No cooking is allowed. No vans are permitted in the field car park.<\/p>\n<p><b>Children&rsquo;s &amp; Young Adult&rsquo;s Accommodation<\/b><\/p>\n<ul>\n<li>Please see the <a href=\"https:\/\/kadampafestivals.org\/spring\/children-young-adults\">Children and Young Adults<\/a> and <a href=\"https:\/\/kadampafestivals.org\/spring\/accommodation\">Accommodation<\/a> pages for more information about accommodation availability and conditions for children and young adults.<\/li>\n<li>Children aged 3 and under sharing their parent&rsquo;s tent or bed are free of charge.<\/li>\n<li>Children aged 4 and over who are occupying a bed\/space in a twin or double room will be charged at full adult rates above.<\/li>\n<li>Children aged under 16 who are camping in their parent&rsquo;s own tent are free of charge. (Children aged under 16 are not permitted to camp in their own tent but must share with an adult family member\/nominated carer.)<\/li>\n<li>Children aged 3 or under who are camping in a ready-erected tent are free of charge.<\/li>\n<li>Children aged 4 and over who are camping in a ready-erected tent will be counted towards the maximum occupancy of the tent.<\/li>\n<\/ul>\n<h3><b>AIRPORT SHUTTLE FEE<\/b><\/h3>\n<p>Shuttles are offered between Manchester Airport and Manjushri KMC subject to demand. \u00a330\/each way. See <a href=\"https:\/\/kadampafestivals.org\/spring\/travel-information\">travel info<\/a> page for more information and times.<\/p>\n<h3><b>PRE-BOOKED MEALS<\/b><\/h3>\nMeals can be pre-booked at the time of booking your Festival. See <a href=\"https:\/\/kadampafestivals.org\/spring\/festival-food-and-drink\">food and drink<\/a> for more info about meals.<br \/>\n<br \/>\nBreakfast &#8211; \u00a32\/day<br \/>\nLunch &#8211; \u00a36\/day<br \/>\nSupper &#8211; \u00a36\/day\n<b>Children&rsquo;s Meals<\/b><br \/>\nChildren&rsquo;s portions are available for those 12 years and under, and are charged at 50%. Children 13 years and over are charged as adult. Breakfast, unless included in the accommodation fee, is \u00a32 per day.\n<h3><b>PARKING FEES<\/b><\/h3>\n<p><strong>Standard Parking:<\/strong> \u00a33.50 per day\/part of day. All car parking is in the festival field car park near the main entrance.<\/p>\n<p><strong>Accessible Parking:<\/strong> Free for blue badge holders (or equivalent from your country)- \u00a0must be displayed in your windscreen. See <a href=\"https:\/\/kadampafestivals.org\/spring\/parking\">Parking<\/a> page for information on conditions and availability.<\/p>\n<p><strong>Van Parking:<\/strong> Vans are not permitted in the field. \u00a0Day visitors with vans should select the van option when booking parking (spaces are limited). Those sleeping in a van should book for camping\/campervan and do not need to pay separately for parking.<\/p>\n<h3><strong>AUDIO RECORDINGS<\/strong><\/h3>\n<p>All teachings &#8211; \u00a315<\/p>\n<p><em>(does not include empowerment, meditations and retreat)<\/em><\/p>\n\n","protected":false},"excerpt":{"rendered":"<p>NKT-IKBU INTERNATIONAL SPRING FESTIVAL 2026 MAY 22 &#8211; 27 Spring Menu Welcome The Founder Festival Teachings Teachers Program Festival experience Attending the festival online Volunteering Venue Booking Fees Accommodation Festival food and drink Translation and Assisted Needs Children &#038; young adults Parking Travel information General information How to book Terms &#038; Conditions Post Festival Retreats &#8230; <a title=\"Tarifs\" class=\"read-more\" href=\"https:\/\/kadampafestivals.org\/fr\/printemps\/tarifs\" aria-label=\"En savoir plus sur Tarifs\">Read more<\/a><\/p>\n","protected":false},"author":1,"featured_media":0,"parent":162383,"menu_order":0,"comment_status":"closed","ping_status":"closed","template":"","meta":{"footnotes":""},"wf_page_folders":[704],"class_list":["post-162739","page","type-page","status-publish"],"_links":{"self":[{"href":"https:\/\/kadampafestivals.org\/fr\/wp-json\/wp\/v2\/pages\/162739","targetHints":{"allow":["GET"]}}],"collection":[{"href":"https:\/\/kadampafestivals.org\/fr\/wp-json\/wp\/v2\/pages"}],"about":[{"href":"https:\/\/kadampafestivals.org\/fr\/wp-json\/wp\/v2\/types\/page"}],"author":[{"embeddable":true,"href":"https:\/\/kadampafestivals.org\/fr\/wp-json\/wp\/v2\/users\/1"}],"replies":[{"embeddable":true,"href":"https:\/\/kadampafestivals.org\/fr\/wp-json\/wp\/v2\/comments?post=162739"}],"version-history":[{"count":12,"href":"https:\/\/kadampafestivals.org\/fr\/wp-json\/wp\/v2\/pages\/162739\/revisions"}],"predecessor-version":[{"id":512401,"href":"https:\/\/kadampafestivals.org\/fr\/wp-json\/wp\/v2\/pages\/162739\/revisions\/512401"}],"up":[{"embeddable":true,"href":"https:\/\/kadampafestivals.org\/fr\/wp-json\/wp\/v2\/pages\/162383"}],"wp:attachment":[{"href":"https:\/\/kadampafestivals.org\/fr\/wp-json\/wp\/v2\/media?parent=162739"}],"wp:term":[{"taxonomy":"wf_page_folders","embeddable":true,"href":"https:\/\/kadampafestivals.org\/fr\/wp-json\/wp\/v2\/wf_page_folders?post=162739"}],"curies":[{"name":"wp","href":"https:\/\/api.w.org\/{rel}","templated":true}]}}