{"id":18294,"date":"2018-05-21T13:47:53","date_gmt":"2018-05-21T13:47:53","guid":{"rendered":"https:\/\/kadampafestivals.org?page_id=18294"},"modified":"2018-06-21T10:55:14","modified_gmt":"2018-06-21T10:55:14","slug":"privacy-notice","status":"publish","type":"page","link":"https:\/\/kadampafestivals.org\/fr\/privacy-notice","title":{"rendered":"Avis de confidentialit\u00e9"},"content":{"rendered":"<p>Date d&rsquo;effet : 25 mai 2018<\/p>\n<p>Cet avis de confidentialit\u00e9 vous indique \u00e0 quoi vous attendre lorsque l&rsquo;organisation caritative Nouvelle Tradition Kadampa &#8211; Union\u00a0 Internationale du Bouddhisme Kadampa (NKT-IKBU) recueille des informations personnelles. Elle s&rsquo;applique aux informations que nous recueillons sur :<\/p>\n<ul>\n<li>\n<ul>\n<li><a href=\"#your-info\">Comment utilisons-nous vos renseignements personnels<\/a>\n<ul>\n<li><a href=\"#website-visitors\">Visiteurs de nos sites web<\/a>\n<ul>\n<li><a href=\"#cookies\">Utilisation des cookies par la NKT-IKBU<\/a><\/li>\n<li><a href=\"#search-engine\">Moteur de recherche du centre<\/a><\/li>\n<li><a href=\"#enewsletters\">Bulletin \u00e9lectronique<\/a><\/li>\n<li><a href=\"#security\">S\u00e9curit\u00e9 et performance<\/a><\/li>\n<\/ul>\n<\/li>\n<li><a href=\"#booking-system\">Personnes utilisant notre syst\u00e8me de r\u00e9servation en ligne<\/a><\/li>\n<li><a href=\"#volunteering-visitor\">Personnes soumettant une demande de visite en b\u00e9n\u00e9volat<\/a><\/li>\n<li><a href=\"#photos\">Photos prises pendant les \u00e9v\u00e9nements<\/a><\/li>\n<li><a href=\"#email\">Personnes nous envoyant des courriels<\/a><\/li>\n<\/ul>\n<\/li>\n<li><a href=\"#data-retention\">Combien de temps nous conservons vos renseignements personnels<\/a><\/li>\n<li><a href=\"#your-rights\">Vos droits<\/a><\/li>\n<li><a href=\"#links\">Liens vers d&rsquo;autres sites web<\/a><\/li>\n<li><a href=\"#changes\">Acc\u00e8s et modification de vos renseignements personnels<\/a><\/li>\n<li><a href=\"#changes\">Modifications de cet avis de confidentialit\u00e9<\/a><\/li>\n<li><a href=\"#what-you-do\">Ce que vous pouvez faire<\/a><\/li>\n<li><a href=\"#contact\">Comment nous contacter<\/a><\/li>\n<\/ul>\n<h3 id=\"your-info\">Comment nous utilisons vos renseignements personnels<\/h3>\n<h4 id=\"website-visitors\">Visiteurs de nos sites web<\/h4>\n<p><strong id=\"cookies\">Utilisation des cookies par la NKT-IKBU<\/strong><br \/>\nVous pouvez en savoir plus sur la fa\u00e7on dont nous utilisons les cookies sur notre <a href=\"https:\/\/manjushri.org\/cookies\">page Cookies<\/a>.<\/p>\n<p><strong id=\"search-engine\">Moteur de recherche du Centre<\/strong><br \/>\nLe moteur de recherche du centre est aliment\u00e9 par Google Maps. Les requ\u00eates et les r\u00e9sultats de recherche sont enregistr\u00e9s de mani\u00e8re anonyme afin d&rsquo;am\u00e9liorer le site Web et la fonctionnalit\u00e9 de recherche. Aucune donn\u00e9e sp\u00e9cifique \u00e0 l&rsquo;utilisateur n&rsquo;est collect\u00e9e par la NKT-IKBU.<\/p>\n<p><strong id=\"enewsletters\">Bulletin \u00e9lectronique<\/strong><br \/>\nNKT-IKBU utilise un fournisseur tiers, MailChimp, pour la livraison de nos bulletins \u00e9lectroniques. Les statistiques sur l&rsquo;ouverture des courriels et les clics \u00e0 l&rsquo;aide des technologies standard de l&rsquo;industrie, y compris les gifs clairs, nous aident \u00e0 surveiller et \u00e0 am\u00e9liorer notre bulletin \u00e9lectronique. Pour plus d&rsquo;informations, veuillez consulter <a href=\"https:\/\/mailchimp.com\/legal\/privacy\/\">l&rsquo;avis de confidentialit\u00e9 de MailChimp<\/a>.<\/p>\n<p><strong id=\"security\">S\u00e9curit\u00e9 et performance<\/strong><br \/>\nNKT-IKBU utilise un service tiers pour aider \u00e0 maintenir la s\u00e9curit\u00e9 et la performance du site web kadampafestivals.org. Pour fournir ce service, il traite les adresses IP des visiteurs du site web kadampafestivals.org.<\/p>\n<h4 id=\"booking-system\">Les personnes qui utilisent notre syst\u00e8me de r\u00e9servation en ligne<\/h4>\n<p>Les informations collect\u00e9es et trait\u00e9es sont n\u00e9cessaires pour g\u00e9rer et administrer votre r\u00e9servation et pour faciliter la planification de l&rsquo;\u00e9v\u00e9nement. Nous pouvons vous contacter par courriel ou par t\u00e9l\u00e9phone au sujet de votre r\u00e9servation. Nous pouvons \u00e9galement vous envoyer des bulletins \u00e9lectroniques contenant des informations sur l&rsquo;\u00e9v\u00e9nement que vous avez r\u00e9serv\u00e9 ou sur des \u00e9v\u00e9nements futurs.<\/p>\n<p>Nous utilisons un tiers fournisseur, WorldPay, pour traiter les informations de paiement. Pour plus d&rsquo;informations, veuillez consulter la <a href=\"https:\/\/www.worldpay.com\/uk\/privacy-policy\">Politique de confidentialit\u00e9 de WorldPay<\/a>.<\/p>\n<h4 id=\"volunteering-visitor\">Les personnes qui soumettent une demande de visite en b\u00e9n\u00e9volat<\/h4>\n<p>Les renseignements recueillis et trait\u00e9s sont n\u00e9cessaires \u00e0 la gestion et \u00e0 l&rsquo;administration de votre demande et de votre exp\u00e9rience r\u00e9elle de visite de b\u00e9n\u00e9volat. Nous pouvons communiquer avec vous par courriel ou par t\u00e9l\u00e9phone au sujet de votre demande. Nous utilisons un tiers fournisseur, JotForm, pour fournir notre formulaire de demande de visiteur b\u00e9n\u00e9vole.<br \/>\nPour plus d&rsquo;informations, veuillez consulter <a href=\"https:\/\/www.jotform.com\/privacy\/\"> l&rsquo;avis de confidentialit\u00e9 de JotForm<\/a>.<\/p>\n<h4 id=\"photos\">Photos prises pendant les \u00e9v\u00e9nements<\/h4>\n<p>Des images peuvent \u00eatre captur\u00e9es lors d&rsquo;\u00e9v\u00e9nements organis\u00e9s et h\u00e9berg\u00e9s par l&rsquo;association caritative NKT-IKBU en utilisant la photographie cin\u00e9matographique, la photographie num\u00e9rique, la vid\u00e9o ou tout autre support et peuvent \u00eatre utilis\u00e9es sur le site web, la publicit\u00e9 de l&rsquo;\u00e9v\u00e9nement ou les brochures, d&rsquo;autres supports publicitaires (tels que les bulletins internes et externes), et peuvent \u00eatre fournies aux m\u00e9dias pour publication dans les journaux ou magazines locaux ou nationaux et d&rsquo;autres ressources. NKT-IKBU reconna\u00eet ses responsabilit\u00e9s dans la capture d&rsquo;images par la photographie ou par d&rsquo;autres moyens en vertu de la loi applicable.<\/p>\n<h4 id=\"email\">Les personnes nous envoyant des courriels<\/h4>\n<p>Transport Layer Security (TLS) est utilis\u00e9 pour crypter et prot\u00e9ger le trafic de courrier \u00e9lectronique conform\u00e9ment aux normes gouvernementales. Si votre service de courriel ne prend pas en charge TLS, vous devez savoir que les courriels que nous envoyons ou recevons peuvent ne pas \u00eatre prot\u00e9g\u00e9s en transit.<\/p>\n<p>Nous surveillons tous les courriels qui nous sont envoy\u00e9s, y compris les fichiers joints, pour d\u00e9tecter les virus ou les logiciels malveillants. Sachez que vous avez la responsabilit\u00e9 de vous assurer que tout courriel que vous envoyez est conforme \u00e0 la loi.<\/p>\n<h3 id=\"data-retention\">Combien de temps nous conservons vos renseignements personnels<\/h3>\n<p>Vos renseignements seront conserv\u00e9s pendant une p\u00e9riode de six ans, plus l&rsquo;ann\u00e9e en cours, aux fins de la tenue des dossiers pr\u00e9vus par la loi. Pass\u00e9 ce d\u00e9lai, \u00e0 moins que nous n&rsquo;ayons l&rsquo;obligation l\u00e9gale de les conserver plus longtemps, vos informations personnelles seront supprim\u00e9es ou, lorsque des donn\u00e9es sont requises \u00e0 des fins statistiques, rendues anonymes.<\/p>\n<p>Vos informations utilis\u00e9es \u00e0 des fins de marketing seront conserv\u00e9es jusqu&rsquo;\u00e0 ce que vous nous informiez que vous ne souhaitez plus recevoir ces informations.<\/p>\n<h3 id=\"links\">Liens vers d&rsquo;autres sites web<\/h3>\n<p>Cet avis de confidentialit\u00e9 ne couvre pas les liens \u00e0 l&rsquo;int\u00e9rieur de ce site qui renvoient \u00e0 d&rsquo;autres sites Web. Nous vous encourageons \u00e0 lire les d\u00e9clarations de confidentialit\u00e9 sur les autres sites Web que vous visitez.<\/p>\n<h3 id=\"changes\">Modifications de cet avis de confidentialit\u00e9<\/h3>\n<p>Notre avis de confidentialit\u00e9 fait l&rsquo;objet d&rsquo;un examen r\u00e9gulier. Cet avis de confidentialit\u00e9 a \u00e9t\u00e9 mis \u00e0 jour pour la derni\u00e8re fois le 21 mai 2018.<\/p>\n<h3 id=\"amending\">Acc\u00e8s et modification de vos renseignements personnels<\/h3>\n<p>Vous pouvez nous demander de corriger ou de supprimer les informations que nous d\u00e9tenons sur vous. Veuillez nous contacter en utilisant les coordonn\u00e9es ci-dessous.<\/p>\n<h3 id=\"what-you-do\">Ce que vous pouvez faire<\/h3>\n<p>Si vous n&rsquo;\u00eates pas satisfait de la fa\u00e7on dont nous avons trait\u00e9 votre demande, vous pouvez d\u00e9poser une plainte aupr\u00e8s du Bureau du Commissaire \u00e0 l&rsquo;information <a href=\"https:\/\/ico.org.uk\">ico.org.uk<\/a><\/p>\n<h3 id=\"contact\">Comment nous contacter<\/h3>\n<p>Si vous souhaitez obtenir des informations sur notre politique de confidentialit\u00e9, vous pouvez nous envoyer un courriel \u00e0 <a href=\"mailto:data@kadampa.org\">data@kadampa.org<\/a> ou \u00e9crire \u00e0 :<\/p>\n<p>New Kadampa Tradition &#8211; International Buddhist Union<br \/>\nConishead Priory<br \/>\nUlverston<br \/>\nCumbria<br \/>\nLA12 9QQ<\/p>\n<p>New Kadampa Tradition &#8211; International Kadampa Buddhist Union, UK registered charity (1015054 (England)).<\/p>\n<p>&nbsp;<\/li>\n<\/ul>\n","protected":false},"excerpt":{"rendered":"<p>Date d&rsquo;effet : 25 mai 2018 Cet avis de confidentialit\u00e9 vous indique \u00e0 quoi vous attendre lorsque l&rsquo;organisation caritative Nouvelle Tradition Kadampa &#8211; Union\u00a0 Internationale du Bouddhisme Kadampa (NKT-IKBU) recueille des informations personnelles. Elle s&rsquo;applique aux informations que nous recueillons sur : Comment utilisons-nous vos renseignements personnels Visiteurs de nos sites web Utilisation des cookies &#8230; <a title=\"Avis de confidentialit\u00e9\" class=\"read-more\" href=\"https:\/\/kadampafestivals.org\/fr\/privacy-notice\" aria-label=\"En savoir plus sur Avis de confidentialit\u00e9\">Read more<\/a><\/p>\n","protected":false},"author":1,"featured_media":0,"parent":0,"menu_order":0,"comment_status":"closed","ping_status":"closed","template":"","meta":{"footnotes":""},"wf_page_folders":[],"class_list":["post-18294","page","type-page","status-publish"],"_links":{"self":[{"href":"https:\/\/kadampafestivals.org\/fr\/wp-json\/wp\/v2\/pages\/18294","targetHints":{"allow":["GET"]}}],"collection":[{"href":"https:\/\/kadampafestivals.org\/fr\/wp-json\/wp\/v2\/pages"}],"about":[{"href":"https:\/\/kadampafestivals.org\/fr\/wp-json\/wp\/v2\/types\/page"}],"author":[{"embeddable":true,"href":"https:\/\/kadampafestivals.org\/fr\/wp-json\/wp\/v2\/users\/1"}],"replies":[{"embeddable":true,"href":"https:\/\/kadampafestivals.org\/fr\/wp-json\/wp\/v2\/comments?post=18294"}],"version-history":[{"count":5,"href":"https:\/\/kadampafestivals.org\/fr\/wp-json\/wp\/v2\/pages\/18294\/revisions"}],"predecessor-version":[{"id":19149,"href":"https:\/\/kadampafestivals.org\/fr\/wp-json\/wp\/v2\/pages\/18294\/revisions\/19149"}],"wp:attachment":[{"href":"https:\/\/kadampafestivals.org\/fr\/wp-json\/wp\/v2\/media?parent=18294"}],"wp:term":[{"taxonomy":"wf_page_folders","embeddable":true,"href":"https:\/\/kadampafestivals.org\/fr\/wp-json\/wp\/v2\/wf_page_folders?post=18294"}],"curies":[{"name":"wp","href":"https:\/\/api.w.org\/{rel}","templated":true}]}}