{"id":143366,"date":"2022-01-28T10:32:59","date_gmt":"2022-01-28T10:32:59","guid":{"rendered":"https:\/\/kadampafestivals.org\/spring-2\/booking-terms-conditions-online"},"modified":"2023-09-28T22:03:43","modified_gmt":"2023-09-28T22:03:43","slug":"booking-terms-conditions-online","status":"publish","type":"page","link":"https:\/\/kadampafestivals.org\/pt-br\/fall\/booking-terms-conditions-online","title":{"rendered":"Inscri\u00e7\u00e3o Termos &#038;  Condi\u00e7\u00f5es ~ Participa\u00e7\u00e3o On-line"},"content":{"rendered":"\n\n\t\t\t\t<img loading=\"lazy\" decoding=\"async\" src=\"https:\/\/kadampafestivals.org\/wp-content\/uploads\/2022\/10\/Banner-FALL-Festival-23-PORTUGUESE.jpg\" alt=\"Banner-FALL-Festival-23\" itemprop=\"image\" height=\"397\" width=\"1134\" title=\"Banner-FALL-Festival-23\" onerror=\"this.style.display='none'\"  \/>\n\t\t\t<h3><strong><a href=\"https:\/\/kadampabookings.org\/frontend\/?eventid=1152&amp;lang=pt\">Inscri\u00e7\u00e3o para assistir ao Festival presencial \u2192<\/a><\/strong><\/h3>\n<p>&nbsp;<\/p>\n<h3><a href=\"https:\/\/kadampabookings.org\/frontend\/?eventid=1153&amp;lang=pt\"><strong>Reserve para participar do Festival on-line \u2192<\/strong><\/a><\/h3>\n\t\t\t<a href=\"void(0)\" target=\"_self\" aria-label=\"Inscreva-se agora\" rel=\"noopener\">\n\t\t\t\t\t\t\tInscreva-se agora\n\t\t<\/a>\nFall Menu\t\t\t\n\t\t\t\t\t<ul id=\"menu-fall-festival-portuguese-brazil\"><li id=\"menu-item-152253\"><a href=\"https:\/\/kadampafestivals.org\/pt-br\/outono\">Festival  de Outono 2023<\/a><\/li>\n<li id=\"menu-item-151855\"><a href=\"https:\/\/kadampafestivals.org\/pt-br\/outono\/the-founder\">O Fundador<\/a><\/li>\n<li id=\"menu-item-36123\"><a href=\"#\">Festival<\/a>\n<ul>\n\t<li id=\"menu-item-151856\"><a href=\"https:\/\/kadampafestivals.org\/pt-br\/outono\/festival-teachings\">Ensinamentos no Festival de Outono<\/a><\/li>\n\t<li id=\"menu-item-151857\"><a href=\"https:\/\/kadampafestivals.org\/pt-br\/outono\/teachers\">Professores do Festival<\/a><\/li>\n\t<li id=\"menu-item-151858\"><a href=\"https:\/\/kadampafestivals.org\/pt-br\/outono\/program\">Programa<\/a><\/li>\n\t<li id=\"menu-item-151859\"><a href=\"https:\/\/kadampafestivals.org\/pt-br\/outono\/festival-experience-in-person\">A Experi\u00eancia do Festival &#8211; Presencial<\/a><\/li>\n\t<li id=\"menu-item-153041\"><a href=\"https:\/\/kadampafestivals.org\/pt-br\/outono\/visit-to-granada\">Visita a Granada<\/a><\/li>\n\t<li id=\"menu-item-152180\"><a href=\"https:\/\/kadampafestivals.org\/pt-br\/outono\/attending-the-festival-online\">Participar do festival on-line<\/a><\/li>\n\t<li id=\"menu-item-151860\"><a href=\"https:\/\/kadampafestivals.org\/pt-br\/outono\/volunteering-for-the-fall-festival\">Voluntariando-se para o Festival de Outono<\/a><\/li>\n<\/ul>\n<\/li>\n<li id=\"menu-item-151861\"><a href=\"https:\/\/kadampafestivals.org\/pt-br\/outono\/festival-venue\">Local<\/a><\/li>\n<li id=\"menu-item-36127\"><a href=\"#\">Inscrever<\/a>\n<ul>\n\t<li id=\"menu-item-151862\"><a href=\"https:\/\/kadampafestivals.org\/pt-br\/outono\/book\">Como Inscrever-se<\/a><\/li>\n\t<li id=\"menu-item-151863\"><a href=\"https:\/\/kadampafestivals.org\/pt-br\/outono\/booking-terms-conditions-in-person\">Termos e Condi\u00e7\u00f5es de Reserva ~ Atendimento presencial<\/a><\/li>\n\t<li id=\"menu-item-151864\"><a href=\"https:\/\/kadampafestivals.org\/pt-br\/outono\/booking-terms-conditions-online\">Inscri\u00e7\u00e3o Termos &#038;  Condi\u00e7\u00f5es ~ Participa\u00e7\u00e3o On-line<\/a><\/li>\n\t<li id=\"menu-item-151905\"><a href=\"https:\/\/kadampafestivals.org\/pt-br\/outono\/accommodation\">Acomoda\u00e7\u00e3o<\/a><\/li>\n\t<li id=\"menu-item-151906\"><a href=\"https:\/\/kadampafestivals.org\/pt-br\/outono\/meals\">Alimenta\u00e7\u00e3o<\/a><\/li>\n\t<li id=\"menu-item-151907\"><a href=\"https:\/\/kadampafestivals.org\/pt-br\/outono\/translation-special-needs\">Tradu\u00e7\u00e3o e necessidades especiais<\/a><\/li>\n\t<li id=\"menu-item-151908\"><a href=\"https:\/\/kadampafestivals.org\/pt-br\/outono\/fall-festival-fees\">Pre\u00e7os do Festival da Outono<\/a><\/li>\n\t<li id=\"menu-item-152254\"><a href=\"https:\/\/kadampafestivals.org\/pt-br\/outono\/fall-festival-fees-online\">Pre\u00e7os do Festival de Outono &#8211; Online<\/a><\/li>\n\t<li id=\"menu-item-151909\"><a href=\"https:\/\/kadampafestivals.org\/pt-br\/outono\/festival-kids\">Crian\u00e7as e jovens adultos<\/a><\/li>\n\t<li id=\"menu-item-151910\"><a href=\"https:\/\/kadampafestivals.org\/pt-br\/outono\/parking\">Estacionamento<\/a><\/li>\n\t<li id=\"menu-item-151911\"><a href=\"https:\/\/kadampafestivals.org\/pt-br\/outono\/travel-information\">Informa\u00e7\u00f5es de Viagem<\/a><\/li>\n\t<li id=\"menu-item-151912\"><a href=\"https:\/\/kadampafestivals.org\/pt-br\/outono\/general-information\">Informa\u00e7\u00f5e Gerais<\/a><\/li>\n<\/ul>\n<\/li>\n<li id=\"menu-item-151913\"><a href=\"https:\/\/kadampafestivals.org\/pt-br\/outono\/post-festival-spring-retreats\">Retiros p\u00f3s-festival<\/a><\/li>\n<li id=\"menu-item-151914\"><a href=\"https:\/\/kadampafestivals.org\/pt-br\/outono\/temples\">PIT<\/a><\/li>\n<li id=\"menu-item-151928\"><a href=\"https:\/\/kadampafestivals.org\/pt-br\/outono\/contact-info\">Contato<\/a><\/li>\n<\/ul>\t\n\t<h1>\n\t\t Inscri\u00e7\u00e3o Termos &#038;  Condi\u00e7\u00f5es ~ Participa\u00e7\u00e3o On-line\n\t<\/h1>\n\t<table>\n<tbody>\n<tr>\n<td width=\"972\">LEIA ATENTAMENTE AS INFORMA\u00c7\u00d5ES ABAIXO<\/td>\n<\/tr>\n<\/tbody>\n<\/table>\n<p><b>A inscri\u00e7\u00e3o \u00e9 necess\u00e1ria: <\/b>os links s\u00e3o destinados apenas ao destinat\u00e1rio inscrito e n\u00e3o devem ser compartilhados.<\/p>\n<p><strong>As inscri\u00e7\u00f5es n\u00e3o podem ser transferidas para outra pessoa.<\/strong><\/p>\n<p><strong>Como fazer uma inscri\u00e7\u00e3o<\/strong>: instru\u00e7\u00f5es passo a passo podem ser encontradas na p\u00e1gina &#8220;Como se inscrever&#8221;.<\/p>\n<p><strong>Pagamento &amp; Pol\u00edtica de reembolso:<\/strong> Leia as informa\u00e7\u00f5es a seguir com aten\u00e7\u00e3o.<\/p>\n<ul>\n<li><strong>As inscri\u00e7\u00f5es s\u00e3o para todo o evento.<\/strong><\/li>\n<li><strong>Inscri\u00e7\u00f5es feitas at\u00e9 21 de setembro: <\/strong>\u00e9 necess\u00e1rio um dep\u00f3sito m\u00ednimo de 25% no momento da inscri\u00e7\u00e3o. As inscri\u00e7\u00f5es sem o dep\u00f3sito m\u00ednimo ser\u00e3o canceladas automaticamente ap\u00f3s 72 horas, ap\u00f3s as quais ser\u00e1 necess\u00e1rio fazer uma nova inscri\u00e7\u00e3o.<\/li>\n<li><strong>Inscri\u00e7\u00f5es feitas a partir de 22 de setembro: <\/strong>\u00c9 necess\u00e1rio pagamento integral no momento da inscri\u00e7\u00e3o.<\/li>\n<li><strong>Cancelamentos:\u00a0<\/strong>Uma taxa administrativa de \u20ac10 ser\u00e1 retida para todos os cancelamentos at\u00e9 23:59 horas CEST (hor\u00e1rio de ver\u00e3o da Europa Central) segunda-feira, 2 de outubro. Depois disso, todas as taxas n\u00e3o s\u00e3o reembols\u00e1veis.<\/li>\n<\/ul>\n<p><strong>Tradu\u00e7\u00e3o:\u00a0<\/strong>Todas as sess\u00f5es de Ensinamentos, Medita\u00e7\u00f5es e Retiros ser\u00e3o conduzidas em ingl\u00eas. A tradu\u00e7\u00e3o de \u00e1udio para v\u00e1rios idiomas estar\u00e1 dispon\u00edvel nos v\u00eddeos sob demanda. Consulte a p\u00e1gina <a href=\"https:\/\/kadampafestivals.org\/pt-br\/outono\/booking-terms-conditions-online\">Tradu\u00e7\u00e3o<\/a> para ver os idiomas dispon\u00edveis.<\/p>\n<p><b>Grava\u00e7\u00f5es de \u00e1udio: <\/b>Pode ser adquirido no momento da inscri\u00e7\u00e3o ou adicionado ao carrinho posteriormente. A data final para a compra de grava\u00e7\u00f5es de \u00e1udio \u00e9 12 de novembro de 2023. As grava\u00e7\u00f5es s\u00f3 podem ser compradas para sess\u00f5es nas quais voc\u00ea se inscreveu. As grava\u00e7\u00f5es s\u00e3o para uso exclusivo do destinat\u00e1rio inscrito e n\u00e3o devem ser compartilhadas. As grava\u00e7\u00f5es de \u00e1udio s\u00e3o apenas das sess\u00f5es de ensinamento e n\u00e3o incluem as sess\u00f5es de medita\u00e7\u00e3o guiada ou retiro.<\/p>\n<p><b>Grava\u00e7\u00f5es de v\u00eddeo das sess\u00f5es: <\/b>Estar\u00e1 dispon\u00edvel on-line at\u00e9 23:59 horas CEST (Hor\u00e1rio da Europa Central) de 31 de outubro, isso exclui a sess\u00e3o da inicia\u00e7\u00e3o que estar\u00e1 dispon\u00edvel apenas por 24 horas a partir do momento em que os links forem publicados (que \u00e9 de 48 horas ap\u00f3s a sess\u00e3o original). <\/p>\n<p>&nbsp;<\/p>\n\n","protected":false},"excerpt":{"rendered":"<p>Inscri\u00e7\u00e3o para assistir ao Festival presencial \u2192 &nbsp; Reserve para participar do Festival on-line \u2192 Inscreva-se agora Fall Menu Festival de Outono 2023 O Fundador Festival Ensinamentos no Festival de Outono Professores do Festival Programa A Experi\u00eancia do Festival &#8211; Presencial Visita a Granada Participar do festival on-line Voluntariando-se para o Festival de Outono Local &#8230; <a title=\"Inscri\u00e7\u00e3o Termos &#038;  Condi\u00e7\u00f5es ~ Participa\u00e7\u00e3o On-line\" class=\"read-more\" href=\"https:\/\/kadampafestivals.org\/pt-br\/fall\/booking-terms-conditions-online\" aria-label=\"Read more about Inscri\u00e7\u00e3o Termos &#038;  Condi\u00e7\u00f5es ~ Participa\u00e7\u00e3o On-line\">Read more<\/a><\/p>\n","protected":false},"author":1,"featured_media":0,"parent":151986,"menu_order":11,"comment_status":"closed","ping_status":"closed","template":"","meta":{"footnotes":""},"wf_page_folders":[580],"class_list":["post-143366","page","type-page","status-publish"],"_links":{"self":[{"href":"https:\/\/kadampafestivals.org\/pt-br\/wp-json\/wp\/v2\/pages\/143366","targetHints":{"allow":["GET"]}}],"collection":[{"href":"https:\/\/kadampafestivals.org\/pt-br\/wp-json\/wp\/v2\/pages"}],"about":[{"href":"https:\/\/kadampafestivals.org\/pt-br\/wp-json\/wp\/v2\/types\/page"}],"author":[{"embeddable":true,"href":"https:\/\/kadampafestivals.org\/pt-br\/wp-json\/wp\/v2\/users\/1"}],"replies":[{"embeddable":true,"href":"https:\/\/kadampafestivals.org\/pt-br\/wp-json\/wp\/v2\/comments?post=143366"}],"version-history":[{"count":8,"href":"https:\/\/kadampafestivals.org\/pt-br\/wp-json\/wp\/v2\/pages\/143366\/revisions"}],"predecessor-version":[{"id":153347,"href":"https:\/\/kadampafestivals.org\/pt-br\/wp-json\/wp\/v2\/pages\/143366\/revisions\/153347"}],"up":[{"embeddable":true,"href":"https:\/\/kadampafestivals.org\/pt-br\/wp-json\/wp\/v2\/pages\/151986"}],"wp:attachment":[{"href":"https:\/\/kadampafestivals.org\/pt-br\/wp-json\/wp\/v2\/media?parent=143366"}],"wp:term":[{"taxonomy":"wf_page_folders","embeddable":true,"href":"https:\/\/kadampafestivals.org\/pt-br\/wp-json\/wp\/v2\/wf_page_folders?post=143366"}],"curies":[{"name":"wp","href":"https:\/\/api.w.org\/{rel}","templated":true}]}}