{"id":153027,"date":"2023-09-02T19:49:15","date_gmt":"2023-09-02T18:49:15","guid":{"rendered":"https:\/\/kadampafestivals.org\/outono\/visit-to-granada"},"modified":"2023-09-05T11:59:55","modified_gmt":"2023-09-05T11:59:55","slug":"visit-to-granada","status":"publish","type":"page","link":"https:\/\/kadampafestivals.org\/pt-br\/fall\/visit-to-granada","title":{"rendered":"Visita a Granada"},"content":{"rendered":"\n\n\t\t\t\t<img loading=\"lazy\" decoding=\"async\" src=\"https:\/\/kadampafestivals.org\/wp-content\/uploads\/2022\/10\/Banner-FALL-Festival-23-PORTUGUESE.jpg\" alt=\"Banner-FALL-Festival-23\" itemprop=\"image\" height=\"397\" width=\"1134\" title=\"Banner-FALL-Festival-23\" onerror=\"this.style.display='none'\"  \/>\n\t\t\t<h3><strong><a href=\"https:\/\/kadampabookings.org\/frontend\/?eventid=1152&amp;lang=pt\">Inscri\u00e7\u00e3o para assistir ao Festival presencial \u2192<\/a><\/strong><\/h3>\n<p>&nbsp;<\/p>\n<h3><a href=\"https:\/\/kadampabookings.org\/frontend\/?eventid=1153&amp;lang=pt\"><strong>Reserve para participar do Festival on-line \u2192<\/strong><\/a><\/h3>\n\t\t\t<a href=\"void(0)\" target=\"_self\" aria-label=\"Inscreva-se agora\" rel=\"noopener\">\n\t\t\t\t\t\t\tInscreva-se agora\n\t\t<\/a>\nFall Menu\t\t\t\n\t\t\t\t\t<ul id=\"menu-fall-festival-portuguese-brazil\"><li id=\"menu-item-152253\"><a href=\"https:\/\/kadampafestivals.org\/pt-br\/outono\">Festival  de Outono 2023<\/a><\/li>\n<li id=\"menu-item-151855\"><a href=\"https:\/\/kadampafestivals.org\/pt-br\/outono\/the-founder\">O Fundador<\/a><\/li>\n<li id=\"menu-item-36123\"><a href=\"#\">Festival<\/a>\n<ul>\n\t<li id=\"menu-item-151856\"><a href=\"https:\/\/kadampafestivals.org\/pt-br\/outono\/festival-teachings\">Ensinamentos no Festival de Outono<\/a><\/li>\n\t<li id=\"menu-item-151857\"><a href=\"https:\/\/kadampafestivals.org\/pt-br\/outono\/teachers\">Professores do Festival<\/a><\/li>\n\t<li id=\"menu-item-151858\"><a href=\"https:\/\/kadampafestivals.org\/pt-br\/outono\/program\">Programa<\/a><\/li>\n\t<li id=\"menu-item-151859\"><a href=\"https:\/\/kadampafestivals.org\/pt-br\/outono\/festival-experience-in-person\">A Experi\u00eancia do Festival &#8211; Presencial<\/a><\/li>\n\t<li id=\"menu-item-153041\"><a href=\"https:\/\/kadampafestivals.org\/pt-br\/outono\/visit-to-granada\">Visita a Granada<\/a><\/li>\n\t<li id=\"menu-item-152180\"><a href=\"https:\/\/kadampafestivals.org\/pt-br\/outono\/attending-the-festival-online\">Participar do festival on-line<\/a><\/li>\n\t<li id=\"menu-item-151860\"><a href=\"https:\/\/kadampafestivals.org\/pt-br\/outono\/volunteering-for-the-fall-festival\">Voluntariando-se para o Festival de Outono<\/a><\/li>\n<\/ul>\n<\/li>\n<li id=\"menu-item-151861\"><a href=\"https:\/\/kadampafestivals.org\/pt-br\/outono\/festival-venue\">Local<\/a><\/li>\n<li id=\"menu-item-36127\"><a href=\"#\">Inscrever<\/a>\n<ul>\n\t<li id=\"menu-item-151862\"><a href=\"https:\/\/kadampafestivals.org\/pt-br\/outono\/book\">Como Inscrever-se<\/a><\/li>\n\t<li id=\"menu-item-151863\"><a href=\"https:\/\/kadampafestivals.org\/pt-br\/outono\/booking-terms-conditions-in-person\">Termos e Condi\u00e7\u00f5es de Reserva ~ Atendimento presencial<\/a><\/li>\n\t<li id=\"menu-item-151864\"><a href=\"https:\/\/kadampafestivals.org\/pt-br\/outono\/booking-terms-conditions-online\">Inscri\u00e7\u00e3o Termos &#038;  Condi\u00e7\u00f5es ~ Participa\u00e7\u00e3o On-line<\/a><\/li>\n\t<li id=\"menu-item-151905\"><a href=\"https:\/\/kadampafestivals.org\/pt-br\/outono\/accommodation\">Acomoda\u00e7\u00e3o<\/a><\/li>\n\t<li id=\"menu-item-151906\"><a href=\"https:\/\/kadampafestivals.org\/pt-br\/outono\/meals\">Alimenta\u00e7\u00e3o<\/a><\/li>\n\t<li id=\"menu-item-151907\"><a href=\"https:\/\/kadampafestivals.org\/pt-br\/outono\/translation-special-needs\">Tradu\u00e7\u00e3o e necessidades especiais<\/a><\/li>\n\t<li id=\"menu-item-151908\"><a href=\"https:\/\/kadampafestivals.org\/pt-br\/outono\/fall-festival-fees\">Pre\u00e7os do Festival da Outono<\/a><\/li>\n\t<li id=\"menu-item-152254\"><a href=\"https:\/\/kadampafestivals.org\/pt-br\/outono\/fall-festival-fees-online\">Pre\u00e7os do Festival de Outono &#8211; Online<\/a><\/li>\n\t<li id=\"menu-item-151909\"><a href=\"https:\/\/kadampafestivals.org\/pt-br\/outono\/festival-kids\">Crian\u00e7as e jovens adultos<\/a><\/li>\n\t<li id=\"menu-item-151910\"><a href=\"https:\/\/kadampafestivals.org\/pt-br\/outono\/parking\">Estacionamento<\/a><\/li>\n\t<li id=\"menu-item-151911\"><a href=\"https:\/\/kadampafestivals.org\/pt-br\/outono\/travel-information\">Informa\u00e7\u00f5es de Viagem<\/a><\/li>\n\t<li id=\"menu-item-151912\"><a href=\"https:\/\/kadampafestivals.org\/pt-br\/outono\/general-information\">Informa\u00e7\u00f5e Gerais<\/a><\/li>\n<\/ul>\n<\/li>\n<li id=\"menu-item-151913\"><a href=\"https:\/\/kadampafestivals.org\/pt-br\/outono\/post-festival-spring-retreats\">Retiros p\u00f3s-festival<\/a><\/li>\n<li id=\"menu-item-151914\"><a href=\"https:\/\/kadampafestivals.org\/pt-br\/outono\/temples\">PIT<\/a><\/li>\n<li id=\"menu-item-151928\"><a href=\"https:\/\/kadampafestivals.org\/pt-br\/outono\/contact-info\">Contato<\/a><\/li>\n<\/ul>\t\n\t<h1>\n\t\tVisita organizada a Granada\n\t<\/h1>\n\t<p>No \u00faltimo dia do Festival Internacional de Outono haver\u00e1 uma oportunidade especial de participar de uma visita organizada \u00e0 nova propriedade da NTK em Granada.<\/p>\n<p>Um n\u00famero limitado de \u00f4nibus partir\u00e1 do CMK Espanha imediatamente ap\u00f3s a sess\u00e3o final do retiro (ver programa atualizado do Festival), para a viagem de 2 horas at\u00e9 Granada.<\/p>\n<p>Haver\u00e1 visitas guiadas \u00e0 propriedade e a oportunidade de passar algum tempo na cidade, retornando na noite do mesmo dia, seja para o CMK Espanha ou para a cidade de M\u00e1laga (<a href=\"https:\/\/www.google.es\/maps\/place\/Hotel+NH+M%C3%A1laga\/@36.7179511,-4.4261407,18z\/data=!4m8!3m7!1s0xd72f64c8e5f80d9:0xd36ad0b9d5987b83!5m2!4m1!1i2!8m2!3d36.718463!4d-4.426307?hl=es-419\"><b><i>Hotel NH<\/i><\/b><\/a> &#8211; C. San Jacinto, 2, 29007 M\u00e1laga).<\/p>\n<h3>Programa\u00e7\u00e3o<\/h3>\n<p><em>(Hor\u00e1rios estimados)<\/em><\/p>\n<p>12:30 Sa\u00edda CMK Espanha<\/p>\n<p>14:30. Chegada a Granada<\/p>\n<p>19:00 Sa\u00edda de Granada<\/p>\n<p>20:30 Chegada \u00e0 cidade de M\u00e1laga ou 21:00 chegada ao CMK Espanha.<\/p>\n<p>Pre\u00e7o\u20ac20 por pessoa &#8211; a pagar no Festival de Outono.<\/p>\n<p>Acomoda\u00e7\u00e3o no CMK Espanha na noite de 12 de outubro dispon\u00edvel somente para quem se hospedou no local durante o Festival e deve ser o mesmo tipo de acomoda\u00e7\u00e3o. As informa\u00e7\u00f5es de contato do CMK Espanha ser\u00e3o enviadas separadamente para \u00e0queles que reservarem esta viagem.<\/p>\n<p><strong>Um link de reserva estar\u00e1 dispon\u00edvel aqui na ter\u00e7a-feira, 5 de setembro, \u00e0s 14h CEST (Espanha).<\/strong><\/p>\n\n","protected":false},"excerpt":{"rendered":"<p>Inscri\u00e7\u00e3o para assistir ao Festival presencial \u2192 &nbsp; Reserve para participar do Festival on-line \u2192 Inscreva-se agora Fall Menu Festival de Outono 2023 O Fundador Festival Ensinamentos no Festival de Outono Professores do Festival Programa A Experi\u00eancia do Festival &#8211; Presencial Visita a Granada Participar do festival on-line Voluntariando-se para o Festival de Outono Local &#8230; <a title=\"Visita a Granada\" class=\"read-more\" href=\"https:\/\/kadampafestivals.org\/pt-br\/fall\/visit-to-granada\" aria-label=\"Read more about Visita a Granada\">Read more<\/a><\/p>\n","protected":false},"author":1,"featured_media":0,"parent":151986,"menu_order":9,"comment_status":"closed","ping_status":"closed","template":"","meta":{"footnotes":""},"wf_page_folders":[580],"class_list":["post-153027","page","type-page","status-publish"],"_links":{"self":[{"href":"https:\/\/kadampafestivals.org\/pt-br\/wp-json\/wp\/v2\/pages\/153027","targetHints":{"allow":["GET"]}}],"collection":[{"href":"https:\/\/kadampafestivals.org\/pt-br\/wp-json\/wp\/v2\/pages"}],"about":[{"href":"https:\/\/kadampafestivals.org\/pt-br\/wp-json\/wp\/v2\/types\/page"}],"author":[{"embeddable":true,"href":"https:\/\/kadampafestivals.org\/pt-br\/wp-json\/wp\/v2\/users\/1"}],"replies":[{"embeddable":true,"href":"https:\/\/kadampafestivals.org\/pt-br\/wp-json\/wp\/v2\/comments?post=153027"}],"version-history":[{"count":3,"href":"https:\/\/kadampafestivals.org\/pt-br\/wp-json\/wp\/v2\/pages\/153027\/revisions"}],"predecessor-version":[{"id":153060,"href":"https:\/\/kadampafestivals.org\/pt-br\/wp-json\/wp\/v2\/pages\/153027\/revisions\/153060"}],"up":[{"embeddable":true,"href":"https:\/\/kadampafestivals.org\/pt-br\/wp-json\/wp\/v2\/pages\/151986"}],"wp:attachment":[{"href":"https:\/\/kadampafestivals.org\/pt-br\/wp-json\/wp\/v2\/media?parent=153027"}],"wp:term":[{"taxonomy":"wf_page_folders","embeddable":true,"href":"https:\/\/kadampafestivals.org\/pt-br\/wp-json\/wp\/v2\/wf_page_folders?post=153027"}],"curies":[{"name":"wp","href":"https:\/\/api.w.org\/{rel}","templated":true}]}}