{"id":159237,"date":"2024-04-17T07:43:44","date_gmt":"2024-04-17T06:43:44","guid":{"rendered":"https:\/\/kadampafestivals.org\/festival-kids"},"modified":"2026-03-24T07:29:04","modified_gmt":"2026-03-24T07:29:04","slug":"festival-kids","status":"publish","type":"page","link":"https:\/\/kadampafestivals.org\/pt-br\/summer\/festival-kids","title":{"rendered":"Crian\u00e7as &amp; jovens adultos"},"content":{"rendered":"\n\n<figure data-animation-delay=\"0.2\" data-animation-duration=\"1\">\n\t\t\t\t<img decoding=\"async\" src=\"https:\/\/kadampafestivals.org\/wp-content\/uploads\/2024\/11\/Kadampa-Summer-Festival-2025---Buddha-Green-Tara-Merged-2x.png\" alt=\"Kadampa Summer Festival 2025 - Buddha Green Tara Merged (2x)\" height=\"828\" width=\"794\" title=\"Kadampa Summer Festival 2025 - Buddha Green Tara Merged (2x)\" loading=\"lazy\" \/>\n\t<\/figure>\n<h2>\n\t\t\tNKT-IKBU INTERNATIONAL\t<\/h2>\n<h2>\n\t\t\tSUMMER FESTIVAL 2025\t<\/h2>\n<h2>\n\t\t\tJUL 25 &#8211; AUG 9\t<\/h2>\n\t\n\n\n<div id=\"wpv-view-layout-156061-CATTRfb1d094742ed292b02f7c86d9a1322bc\" class=\"js-wpv-view-layout js-wpv-layout-responsive js-wpv-view-layout-156061-CATTRfb1d094742ed292b02f7c86d9a1322bc\" data-viewnumber=\"156061-CATTRfb1d094742ed292b02f7c86d9a1322bc\" data-pagination=\"{&quot;id&quot;:156061,&quot;query&quot;:&quot;normal&quot;,&quot;type&quot;:&quot;disabled&quot;,&quot;effect&quot;:&quot;fade&quot;,&quot;duration&quot;:500,&quot;speed&quot;:5,&quot;pause_on_hover&quot;:&quot;enabled&quot;,&quot;stop_rollover&quot;:&quot;false&quot;,&quot;cache_pages&quot;:&quot;enabled&quot;,&quot;preload_images&quot;:&quot;enabled&quot;,&quot;preload_pages&quot;:&quot;enabled&quot;,&quot;preload_reach&quot;:1,&quot;spinner&quot;:&quot;builtin&quot;,&quot;spinner_image&quot;:&quot;https:\/\/kadampafestivals.org\/wp-content\/plugins\/wp-views\/embedded\/res\/img\/ajax-loader.gif&quot;,&quot;callback_next&quot;:&quot;&quot;,&quot;manage_history&quot;:&quot;enabled&quot;,&quot;has_controls_in_form&quot;:&quot;disabled&quot;,&quot;infinite_tolerance&quot;:&quot;0&quot;,&quot;max_pages&quot;:1,&quot;page&quot;:1,&quot;base_permalink&quot;:&quot;\/pt-br\/wp-json\/wp\/v2\/pages\/159237?wpv_view_count=156061-CATTRfb1d094742ed292b02f7c86d9a1322bc&amp;wpv_paged=WPV_PAGE_NUM&quot;,&quot;loop&quot;:{&quot;type&quot;:&quot;&quot;,&quot;name&quot;:&quot;&quot;,&quot;data&quot;:[],&quot;id&quot;:0}}\" data-permalink=\"\/pt-br\/wp-json\/wp\/v2\/pages\/159237?wpv_view_count=156061-CATTRfb1d094742ed292b02f7c86d9a1322bc\">\n\n\t\n\t\n\t\n\t\t\n\n\n    <div class=\"centered-container\">\n        <div class=\"opens\">As reservas ser\u00e3o abertas na quarta-feira, 19 de mar\u00e7o, \u00e0s 13:00 (hor\u00e1rio do Reino Unido).<\/div>\n    <\/div>\n \n\n\n\t\n\t\n\t\n\t\n<\/div>\n\nSummer Menu\t\t\t\n\t\t\t\t\t<ul id=\"menu-summer-new\"><li id=\"menu-item-159300\"><a href=\"https:\/\/kadampafestivals.org\/summer\">Welcome<\/a><\/li>\n<li id=\"menu-item-159270\"><a href=\"https:\/\/kadampafestivals.org\/summer\/geshe-kelsang\">The Founder<\/a><\/li>\n<li id=\"menu-item-159284\"><a href=\"#\">Festival<\/a>\n<ul>\n\t<li id=\"menu-item-159269\"><a href=\"https:\/\/kadampafestivals.org\/summer\/teachings\">Teachings<\/a><\/li>\n\t<li id=\"menu-item-159282\"><a href=\"https:\/\/kadampafestivals.org\/summer\/festival-teachers\">Festival teachers<\/a><\/li>\n\t<li id=\"menu-item-159276\"><a href=\"https:\/\/kadampafestivals.org\/summer\/program\">Program<\/a><\/li>\n\t<li id=\"menu-item-159298\"><a href=\"https:\/\/kadampafestivals.org\/summer\/festival-experience\">Festival experience<\/a><\/li>\n\t<li id=\"menu-item-159294\"><a href=\"https:\/\/kadampafestivals.org\/summer\/festival-life-online\">Attending the festival online<\/a><\/li>\n\t<li id=\"menu-item-159271\"><a href=\"https:\/\/kadampafestivals.org\/summer\/volunteering\">Volunteering<\/a><\/li>\n<\/ul>\n<\/li>\n<li id=\"menu-item-159272\"><a href=\"https:\/\/kadampafestivals.org\/summer\/venue\">Venue<\/a><\/li>\n<li id=\"menu-item-159285\"><a href=\"#\">Booking<\/a>\n<ul>\n\t<li id=\"menu-item-159297\"><a href=\"https:\/\/kadampafestivals.org\/summer\/fees\">Fees<\/a><\/li>\n\t<li id=\"menu-item-159293\"><a href=\"https:\/\/kadampafestivals.org\/summer\/accommodation\">Accommodation<\/a><\/li>\n\t<li id=\"menu-item-163479\"><a href=\"https:\/\/kadampafestivals.org\/summer\/festival-food\">Festival food and drink<\/a><\/li>\n\t<li id=\"menu-item-159274\"><a href=\"https:\/\/kadampafestivals.org\/summer\/translation-special-needs\">Translation and special needs<\/a><\/li>\n\t<li id=\"menu-item-159295\"><a href=\"https:\/\/kadampafestivals.org\/summer\/festival-kids\">Children &#038; young adults<\/a><\/li>\n\t<li id=\"menu-item-159278\"><a href=\"https:\/\/kadampafestivals.org\/summer\/parking\">Parking<\/a><\/li>\n\t<li id=\"menu-item-159273\"><a href=\"https:\/\/kadampafestivals.org\/summer\/travel-information\">Travel information<\/a><\/li>\n\t<li id=\"menu-item-159281\"><a href=\"https:\/\/kadampafestivals.org\/summer\/general-information\">General information<\/a><\/li>\n\t<li id=\"menu-item-159280\"><a href=\"https:\/\/kadampafestivals.org\/summer\/book\">How to book<\/a><\/li>\n\t<li id=\"menu-item-159275\"><a href=\"https:\/\/kadampafestivals.org\/summer\/terms-and-cond\">Terms and conditions<\/a><\/li>\n<\/ul>\n<\/li>\n<li id=\"menu-item-159277\"><a href=\"https:\/\/kadampafestivals.org\/summer\/post-summer-festival-retreats\">Post Festival Retreats<\/a><\/li>\n<li id=\"menu-item-159279\"><a href=\"https:\/\/kadampafestivals.org\/summer\/international-temples-project\">ITP<\/a><\/li>\n<li id=\"menu-item-159296\"><a href=\"https:\/\/kadampafestivals.org\/summer\/contact\">Contact<\/a><\/li>\n<\/ul>\t\n\t<h1>\n\t\t\tChildren and young adults\t<\/h1>\n\t<p>Children and young adults are welcome to attend the Festival, however for their safety and wellbeing some special conditions apply.<\/p>\n<p>Anyone under the age of 16 must be accompanied by two nominated responsible adult caregivers over the age of 18.\u00a0 Those who are aged 16 and 17 years must be accompanied by an adult over 18.\u00a0 You will be asked to provide the names of the responsible adult caregivers\/accompanying adult at the point of booking, and will be unable to complete the booking\u00a0 without it.<\/p>\n<p>Festivals are public events and the care and safety of children and young adults remains at all times the responsibility of their nominated responsible adult caregivers\/accompanying adult. <b>NKT-IKBU and the Festival Organisers, for insurance purposes, cannot take responsibility for children and young adults.<\/b><\/p>\n<p><strong>Festival Fees &amp; Accommodation:<\/strong><\/p>\n<p>Discounts apply to under 16&#8217;s bookings. \u00a0Please see\u00a0<a href=\"https:\/\/kadampafestivals.org\/summer\/fees\" target=\"_blank\" rel=\"noopener\">Summer Festival Fees<\/a> for details about fees for children and young adults and the <a href=\"https:\/\/kadampafestivals.org\/summer\/accommodation\" target=\"_blank\" rel=\"noopener\">Accommodation page<\/a> for more information about accommodation available for children and young adults.<\/p>\n<p><strong>Teachings:<\/strong><\/p>\n<p>We regret that children under 3 years are not allowed in the Temple or Marquee extensions during empowerments, teachings and meditation sessions. Any children who do attend teachings are not permitted to play electronic games. Children of all ages are welcome to attend puja.<\/p>\n<p>During empowerments, teachings and meditation sessions, we provide a video link in a comfortable quiet area reserved for caregivers and children. Stewarding will be provided in this area. If you are a parent with young children and would like to volunteer to help with stewarding, please contact <a href=\"mailto:kids@kadampafestivals.org\">kids@kadampafestivals.org<\/a>.<\/p>\n<p><strong>Family Activities<\/strong>:<\/p>\n<p>It is intended to offer a programme of family activities during the break times. All children participating must be accompanied by at least one of their nominated responsible adult caregivers at all times.<\/p>\n<p><strong>Children (of all ages) must be under adult supervision at all times.<\/strong><\/p>\n\t\t\t\n\t\t\t\t\tPlay Video\n\n","protected":false},"excerpt":{"rendered":"<p>NKT-IKBU INTERNATIONAL SUMMER FESTIVAL 2025 JUL 25 &#8211; AUG 9 Summer Menu Welcome The Founder Festival Teachings Festival teachers Program Festival experience Attending the festival online Volunteering Venue Booking Fees Accommodation Festival food and drink Translation and special needs Children &#038; young adults Parking Travel information General information How to book Terms and conditions Post &#8230; <a title=\"Crian\u00e7as &amp; jovens adultos\" class=\"read-more\" href=\"https:\/\/kadampafestivals.org\/pt-br\/summer\/festival-kids\" aria-label=\"Read more about Crian\u00e7as &amp; jovens adultos\">Read more<\/a><\/p>\n","protected":false},"author":1,"featured_media":0,"parent":159308,"menu_order":0,"comment_status":"closed","ping_status":"closed","template":"","meta":{"footnotes":""},"wf_page_folders":[705],"class_list":["post-159237","page","type-page","status-publish"],"_links":{"self":[{"href":"https:\/\/kadampafestivals.org\/pt-br\/wp-json\/wp\/v2\/pages\/159237","targetHints":{"allow":["GET"]}}],"collection":[{"href":"https:\/\/kadampafestivals.org\/pt-br\/wp-json\/wp\/v2\/pages"}],"about":[{"href":"https:\/\/kadampafestivals.org\/pt-br\/wp-json\/wp\/v2\/types\/page"}],"author":[{"embeddable":true,"href":"https:\/\/kadampafestivals.org\/pt-br\/wp-json\/wp\/v2\/users\/1"}],"replies":[{"embeddable":true,"href":"https:\/\/kadampafestivals.org\/pt-br\/wp-json\/wp\/v2\/comments?post=159237"}],"version-history":[{"count":11,"href":"https:\/\/kadampafestivals.org\/pt-br\/wp-json\/wp\/v2\/pages\/159237\/revisions"}],"predecessor-version":[{"id":515211,"href":"https:\/\/kadampafestivals.org\/pt-br\/wp-json\/wp\/v2\/pages\/159237\/revisions\/515211"}],"up":[{"embeddable":true,"href":"https:\/\/kadampafestivals.org\/pt-br\/wp-json\/wp\/v2\/pages\/159308"}],"wp:attachment":[{"href":"https:\/\/kadampafestivals.org\/pt-br\/wp-json\/wp\/v2\/media?parent=159237"}],"wp:term":[{"taxonomy":"wf_page_folders","embeddable":true,"href":"https:\/\/kadampafestivals.org\/pt-br\/wp-json\/wp\/v2\/wf_page_folders?post=159237"}],"curies":[{"name":"wp","href":"https:\/\/api.w.org\/{rel}","templated":true}]}}