{"id":159243,"date":"2024-04-17T07:47:35","date_gmt":"2024-04-17T06:47:35","guid":{"rendered":"https:\/\/kadampafestivals.org\/festival-teachers"},"modified":"2026-03-24T07:29:13","modified_gmt":"2026-03-24T07:29:13","slug":"festival-teachers","status":"publish","type":"page","link":"https:\/\/kadampafestivals.org\/pt-br\/summer\/festival-teachers","title":{"rendered":"Professores do Festival"},"content":{"rendered":"\n\n<figure data-animation-delay=\"0.2\" data-animation-duration=\"1\">\n\t\t\t\t<img decoding=\"async\" src=\"https:\/\/kadampafestivals.org\/wp-content\/uploads\/2025\/02\/Kadampa-Summer-Festival-2026---Deity-2x-copy.png\" alt=\"Kadampa Summer Festival 2026 - Deity (2x) copy\" height=\"828\" width=\"708\" title=\"Kadampa Summer Festival 2026 - Deity (2x) copy\" loading=\"lazy\" \/>\n\t<\/figure>\n<h2>\n\t\t\tNKT-IKBU INTERNATIONAL\t<\/h2>\n<h2>\n\t\t\tSUMMER FESTIVAL 2026\t<\/h2>\n<h2>\n\t\t\tJUL 24 &#8211; AUG 8\t<\/h2>\n\t\n\n\n<div id=\"wpv-view-layout-156061-CATTRfb1d094742ed292b02f7c86d9a1322bc\" class=\"js-wpv-view-layout js-wpv-layout-responsive js-wpv-view-layout-156061-CATTRfb1d094742ed292b02f7c86d9a1322bc\" data-viewnumber=\"156061-CATTRfb1d094742ed292b02f7c86d9a1322bc\" data-pagination=\"{&quot;id&quot;:156061,&quot;query&quot;:&quot;normal&quot;,&quot;type&quot;:&quot;disabled&quot;,&quot;effect&quot;:&quot;fade&quot;,&quot;duration&quot;:500,&quot;speed&quot;:5,&quot;pause_on_hover&quot;:&quot;enabled&quot;,&quot;stop_rollover&quot;:&quot;false&quot;,&quot;cache_pages&quot;:&quot;enabled&quot;,&quot;preload_images&quot;:&quot;enabled&quot;,&quot;preload_pages&quot;:&quot;enabled&quot;,&quot;preload_reach&quot;:1,&quot;spinner&quot;:&quot;builtin&quot;,&quot;spinner_image&quot;:&quot;https:\/\/kadampafestivals.org\/wp-content\/plugins\/wp-views\/embedded\/res\/img\/ajax-loader.gif&quot;,&quot;callback_next&quot;:&quot;&quot;,&quot;manage_history&quot;:&quot;enabled&quot;,&quot;has_controls_in_form&quot;:&quot;disabled&quot;,&quot;infinite_tolerance&quot;:&quot;0&quot;,&quot;max_pages&quot;:1,&quot;page&quot;:1,&quot;base_permalink&quot;:&quot;\/pt-br\/wp-json\/wp\/v2\/pages\/159243?wpv_view_count=156061-CATTRfb1d094742ed292b02f7c86d9a1322bc&amp;wpv_paged=WPV_PAGE_NUM&quot;,&quot;loop&quot;:{&quot;type&quot;:&quot;&quot;,&quot;name&quot;:&quot;&quot;,&quot;data&quot;:[],&quot;id&quot;:0}}\" data-permalink=\"\/pt-br\/wp-json\/wp\/v2\/pages\/159243?wpv_view_count=156061-CATTRfb1d094742ed292b02f7c86d9a1322bc\">\n\n\t\n\t\n\t\n\t\t\n\n\n    <div class=\"centered-container\">\n        <div class=\"opens\">As reservas ser\u00e3o abertas na quarta-feira, 19 de mar\u00e7o, \u00e0s 13:00 (hor\u00e1rio do Reino Unido).<\/div>\n    <\/div>\n \n\n\n\t\n\t\n\t\n\t\n<\/div>\n\nSummer Menu\t\t\t\n\t\t\t\t\t<ul id=\"menu-summer-new\"><li id=\"menu-item-159300\"><a href=\"https:\/\/kadampafestivals.org\/summer\">Welcome<\/a><\/li>\n<li id=\"menu-item-159270\"><a href=\"https:\/\/kadampafestivals.org\/summer\/geshe-kelsang\">The Founder<\/a><\/li>\n<li id=\"menu-item-159284\"><a href=\"#\">Festival<\/a>\n<ul>\n\t<li id=\"menu-item-159269\"><a href=\"https:\/\/kadampafestivals.org\/summer\/teachings\">Teachings<\/a><\/li>\n\t<li id=\"menu-item-159282\"><a href=\"https:\/\/kadampafestivals.org\/summer\/festival-teachers\">Festival teachers<\/a><\/li>\n\t<li id=\"menu-item-159276\"><a href=\"https:\/\/kadampafestivals.org\/summer\/program\">Program<\/a><\/li>\n\t<li id=\"menu-item-159298\"><a href=\"https:\/\/kadampafestivals.org\/summer\/festival-experience\">Festival experience<\/a><\/li>\n\t<li id=\"menu-item-159294\"><a href=\"https:\/\/kadampafestivals.org\/summer\/festival-life-online\">Attending the festival online<\/a><\/li>\n\t<li id=\"menu-item-159271\"><a href=\"https:\/\/kadampafestivals.org\/summer\/volunteering\">Volunteering<\/a><\/li>\n<\/ul>\n<\/li>\n<li id=\"menu-item-159272\"><a href=\"https:\/\/kadampafestivals.org\/summer\/venue\">Venue<\/a><\/li>\n<li id=\"menu-item-159285\"><a href=\"#\">Booking<\/a>\n<ul>\n\t<li id=\"menu-item-159297\"><a href=\"https:\/\/kadampafestivals.org\/summer\/fees\">Fees<\/a><\/li>\n\t<li id=\"menu-item-159293\"><a href=\"https:\/\/kadampafestivals.org\/summer\/accommodation\">Accommodation<\/a><\/li>\n\t<li id=\"menu-item-163479\"><a href=\"https:\/\/kadampafestivals.org\/summer\/festival-food\">Festival food and drink<\/a><\/li>\n\t<li id=\"menu-item-159274\"><a href=\"https:\/\/kadampafestivals.org\/summer\/translation-special-needs\">Translation and special needs<\/a><\/li>\n\t<li id=\"menu-item-159295\"><a href=\"https:\/\/kadampafestivals.org\/summer\/festival-kids\">Children &#038; young adults<\/a><\/li>\n\t<li id=\"menu-item-159278\"><a href=\"https:\/\/kadampafestivals.org\/summer\/parking\">Parking<\/a><\/li>\n\t<li id=\"menu-item-159273\"><a href=\"https:\/\/kadampafestivals.org\/summer\/travel-information\">Travel information<\/a><\/li>\n\t<li id=\"menu-item-159281\"><a href=\"https:\/\/kadampafestivals.org\/summer\/general-information\">General information<\/a><\/li>\n\t<li id=\"menu-item-159280\"><a href=\"https:\/\/kadampafestivals.org\/summer\/book\">How to book<\/a><\/li>\n\t<li id=\"menu-item-159275\"><a href=\"https:\/\/kadampafestivals.org\/summer\/terms-and-cond\">Terms and conditions<\/a><\/li>\n<\/ul>\n<\/li>\n<li id=\"menu-item-159277\"><a href=\"https:\/\/kadampafestivals.org\/summer\/post-summer-festival-retreats\">Post Festival Retreats<\/a><\/li>\n<li id=\"menu-item-159279\"><a href=\"https:\/\/kadampafestivals.org\/summer\/international-temples-project\">ITP<\/a><\/li>\n<li id=\"menu-item-159296\"><a href=\"https:\/\/kadampafestivals.org\/summer\/contact\">Contact<\/a><\/li>\n<\/ul>\t\n\t<h1>\n\t\t\tFestival Teachers\t<\/h1>\n\t<p>This year&#8217;s Summer Festival is taught by Gen-la Kelsang Jampa, who will be the General Spiritual Director of NKT-IKBU, and Gen-la Kelsang Sangden, who will be the Deputy Spiritual Director.<\/p>\n\t<strong>Gen-la Kelsang Jampa<\/strong><br \/>\nThe Teacher for week 2 of the 2026 Summer Festival will be Gen-la Kelsang Jampa who will be the General Spiritual Director of NKT-IKBU, the Resident Teacher at Manjushri KMC and is one of the most senior NKT Teachers. Gen-la has been a student of Venerable Geshe Kelsang Gyatso for many years, and under Geshe-la&#8217;s guidance has taught at many centers and events around the world.\n<p>Gen-la is well-loved for his clear and inspiring teachings and his ability to touch people&#8217;s hearts through his sincerity and loving-kindness.<\/p>\n<p>Gen-la Jampa will be assisted by senior NKT Teachers who will lead the meditations and retreat during week 2.<\/p>\n\t\t\t\t<img decoding=\"async\" src=\"https:\/\/kadampafestivals.org\/wp-content\/uploads\/2024\/04\/Gen-la-Jampa-IKRC.jpg\" alt=\"Gen-la Jampa-IKRC\" title=\"Gen-la Jampa-IKRC\" \/>\n\t<strong>Gen-la Kelsang Sangden<\/strong><br \/>\nThe Teacher for week 1 of the 2026 Summer Festival will be Gen-la Kelsang Sangden who will be the Deputy Spiritual Director of NKT-IKBU, and is the National Spiritual Director of Kadampa Buddhism in Mexico, Colombia, Nicaragua and Peru, and the Resident Teacher at KMC Mexico.\n<p>She is admired by many for her good example and her loving and clear advice. She has practiced and taught Kadampa Buddhism for over 25 years.<\/p>\n<p>Gen-la Sangden will be assisted by senior NKT Teachers who will lead the meditations and retreat during week 1.<\/p>\n<figure>\n\t\t\t\t<img decoding=\"async\" src=\"https:\/\/kadampafestivals.org\/wp-content\/uploads\/2021\/02\/WhatsApp-Image-2021-02-22-at-14.45.13.jpeg\" alt=\"Gen-la Kelsang Sangden\" height=\"1260\" width=\"1260\" title=\"WhatsApp Image 2021-02-22 at 14.45.13\" loading=\"lazy\" \/>\n\t<\/figure>\n\n","protected":false},"excerpt":{"rendered":"<p>NKT-IKBU INTERNATIONAL SUMMER FESTIVAL 2026 JUL 24 &#8211; AUG 8 Summer Menu Welcome The Founder Festival Teachings Festival teachers Program Festival experience Attending the festival online Volunteering Venue Booking Fees Accommodation Festival food and drink Translation and special needs Children &#038; young adults Parking Travel information General information How to book Terms and conditions Post &#8230; <a title=\"Professores do Festival\" class=\"read-more\" href=\"https:\/\/kadampafestivals.org\/pt-br\/summer\/festival-teachers\" aria-label=\"Read more about Professores do Festival\">Read more<\/a><\/p>\n","protected":false},"author":1,"featured_media":0,"parent":159308,"menu_order":0,"comment_status":"closed","ping_status":"closed","template":"","meta":{"footnotes":""},"wf_page_folders":[705],"class_list":["post-159243","page","type-page","status-publish"],"_links":{"self":[{"href":"https:\/\/kadampafestivals.org\/pt-br\/wp-json\/wp\/v2\/pages\/159243","targetHints":{"allow":["GET"]}}],"collection":[{"href":"https:\/\/kadampafestivals.org\/pt-br\/wp-json\/wp\/v2\/pages"}],"about":[{"href":"https:\/\/kadampafestivals.org\/pt-br\/wp-json\/wp\/v2\/types\/page"}],"author":[{"embeddable":true,"href":"https:\/\/kadampafestivals.org\/pt-br\/wp-json\/wp\/v2\/users\/1"}],"replies":[{"embeddable":true,"href":"https:\/\/kadampafestivals.org\/pt-br\/wp-json\/wp\/v2\/comments?post=159243"}],"version-history":[{"count":11,"href":"https:\/\/kadampafestivals.org\/pt-br\/wp-json\/wp\/v2\/pages\/159243\/revisions"}],"predecessor-version":[{"id":515215,"href":"https:\/\/kadampafestivals.org\/pt-br\/wp-json\/wp\/v2\/pages\/159243\/revisions\/515215"}],"up":[{"embeddable":true,"href":"https:\/\/kadampafestivals.org\/pt-br\/wp-json\/wp\/v2\/pages\/159308"}],"wp:attachment":[{"href":"https:\/\/kadampafestivals.org\/pt-br\/wp-json\/wp\/v2\/media?parent=159243"}],"wp:term":[{"taxonomy":"wf_page_folders","embeddable":true,"href":"https:\/\/kadampafestivals.org\/pt-br\/wp-json\/wp\/v2\/wf_page_folders?post=159243"}],"curies":[{"name":"wp","href":"https:\/\/api.w.org\/{rel}","templated":true}]}}