{"id":159245,"date":"2024-04-17T07:48:00","date_gmt":"2024-04-17T06:48:00","guid":{"rendered":"https:\/\/kadampafestivals.org\/general-information"},"modified":"2026-03-24T07:29:16","modified_gmt":"2026-03-24T07:29:16","slug":"general-information","status":"publish","type":"page","link":"https:\/\/kadampafestivals.org\/pt-br\/summer\/general-information","title":{"rendered":"Informa\u00e7\u00f5es gerais"},"content":{"rendered":"\n\n<figure data-animation-delay=\"0.2\" data-animation-duration=\"1\">\n\t\t\t\t<img decoding=\"async\" src=\"https:\/\/kadampafestivals.org\/wp-content\/uploads\/2024\/11\/Kadampa-Summer-Festival-2025---Buddha-Green-Tara-Merged-2x.png\" alt=\"Kadampa Summer Festival 2025 - Buddha Green Tara Merged (2x)\" height=\"828\" width=\"794\" title=\"Kadampa Summer Festival 2025 - Buddha Green Tara Merged (2x)\" loading=\"lazy\" \/>\n\t<\/figure>\n<h2>\n\t\t\tNKT-IKBU INTERNATIONAL\t<\/h2>\n<h2>\n\t\t\tSUMMER FESTIVAL 2025\t<\/h2>\n<h2>\n\t\t\tJUL 25 &#8211; AUG 9\t<\/h2>\n\t\n\n\n<div id=\"wpv-view-layout-156061-CATTRfb1d094742ed292b02f7c86d9a1322bc\" class=\"js-wpv-view-layout js-wpv-layout-responsive js-wpv-view-layout-156061-CATTRfb1d094742ed292b02f7c86d9a1322bc\" data-viewnumber=\"156061-CATTRfb1d094742ed292b02f7c86d9a1322bc\" data-pagination=\"{&quot;id&quot;:156061,&quot;query&quot;:&quot;normal&quot;,&quot;type&quot;:&quot;disabled&quot;,&quot;effect&quot;:&quot;fade&quot;,&quot;duration&quot;:500,&quot;speed&quot;:5,&quot;pause_on_hover&quot;:&quot;enabled&quot;,&quot;stop_rollover&quot;:&quot;false&quot;,&quot;cache_pages&quot;:&quot;enabled&quot;,&quot;preload_images&quot;:&quot;enabled&quot;,&quot;preload_pages&quot;:&quot;enabled&quot;,&quot;preload_reach&quot;:1,&quot;spinner&quot;:&quot;builtin&quot;,&quot;spinner_image&quot;:&quot;https:\/\/kadampafestivals.org\/wp-content\/plugins\/wp-views\/embedded\/res\/img\/ajax-loader.gif&quot;,&quot;callback_next&quot;:&quot;&quot;,&quot;manage_history&quot;:&quot;enabled&quot;,&quot;has_controls_in_form&quot;:&quot;disabled&quot;,&quot;infinite_tolerance&quot;:&quot;0&quot;,&quot;max_pages&quot;:1,&quot;page&quot;:1,&quot;base_permalink&quot;:&quot;\/pt-br\/wp-json\/wp\/v2\/pages\/159245?wpv_view_count=156061-CATTRfb1d094742ed292b02f7c86d9a1322bc&amp;wpv_paged=WPV_PAGE_NUM&quot;,&quot;loop&quot;:{&quot;type&quot;:&quot;&quot;,&quot;name&quot;:&quot;&quot;,&quot;data&quot;:[],&quot;id&quot;:0}}\" data-permalink=\"\/pt-br\/wp-json\/wp\/v2\/pages\/159245?wpv_view_count=156061-CATTRfb1d094742ed292b02f7c86d9a1322bc\">\n\n\t\n\t\n\t\n\t\t\n\n\n    <div class=\"centered-container\">\n        <div class=\"opens\">As reservas ser\u00e3o abertas na quarta-feira, 19 de mar\u00e7o, \u00e0s 13:00 (hor\u00e1rio do Reino Unido).<\/div>\n    <\/div>\n \n\n\n\t\n\t\n\t\n\t\n<\/div>\n\nSummer Menu\t\t\t\n\t\t\t\t\t<ul id=\"menu-summer-new\"><li id=\"menu-item-159300\"><a href=\"https:\/\/kadampafestivals.org\/summer\">Welcome<\/a><\/li>\n<li id=\"menu-item-159270\"><a href=\"https:\/\/kadampafestivals.org\/summer\/geshe-kelsang\">The Founder<\/a><\/li>\n<li id=\"menu-item-159284\"><a href=\"#\">Festival<\/a>\n<ul>\n\t<li id=\"menu-item-159269\"><a href=\"https:\/\/kadampafestivals.org\/summer\/teachings\">Teachings<\/a><\/li>\n\t<li id=\"menu-item-159282\"><a href=\"https:\/\/kadampafestivals.org\/summer\/festival-teachers\">Festival teachers<\/a><\/li>\n\t<li id=\"menu-item-159276\"><a href=\"https:\/\/kadampafestivals.org\/summer\/program\">Program<\/a><\/li>\n\t<li id=\"menu-item-159298\"><a href=\"https:\/\/kadampafestivals.org\/summer\/festival-experience\">Festival experience<\/a><\/li>\n\t<li id=\"menu-item-159294\"><a href=\"https:\/\/kadampafestivals.org\/summer\/festival-life-online\">Attending the festival online<\/a><\/li>\n\t<li id=\"menu-item-159271\"><a href=\"https:\/\/kadampafestivals.org\/summer\/volunteering\">Volunteering<\/a><\/li>\n<\/ul>\n<\/li>\n<li id=\"menu-item-159272\"><a href=\"https:\/\/kadampafestivals.org\/summer\/venue\">Venue<\/a><\/li>\n<li id=\"menu-item-159285\"><a href=\"#\">Booking<\/a>\n<ul>\n\t<li id=\"menu-item-159297\"><a href=\"https:\/\/kadampafestivals.org\/summer\/fees\">Fees<\/a><\/li>\n\t<li id=\"menu-item-159293\"><a href=\"https:\/\/kadampafestivals.org\/summer\/accommodation\">Accommodation<\/a><\/li>\n\t<li id=\"menu-item-163479\"><a href=\"https:\/\/kadampafestivals.org\/summer\/festival-food\">Festival food and drink<\/a><\/li>\n\t<li id=\"menu-item-159274\"><a href=\"https:\/\/kadampafestivals.org\/summer\/translation-special-needs\">Translation and special needs<\/a><\/li>\n\t<li id=\"menu-item-159295\"><a href=\"https:\/\/kadampafestivals.org\/summer\/festival-kids\">Children &#038; young adults<\/a><\/li>\n\t<li id=\"menu-item-159278\"><a href=\"https:\/\/kadampafestivals.org\/summer\/parking\">Parking<\/a><\/li>\n\t<li id=\"menu-item-159273\"><a href=\"https:\/\/kadampafestivals.org\/summer\/travel-information\">Travel information<\/a><\/li>\n\t<li id=\"menu-item-159281\"><a href=\"https:\/\/kadampafestivals.org\/summer\/general-information\">General information<\/a><\/li>\n\t<li id=\"menu-item-159280\"><a href=\"https:\/\/kadampafestivals.org\/summer\/book\">How to book<\/a><\/li>\n\t<li id=\"menu-item-159275\"><a href=\"https:\/\/kadampafestivals.org\/summer\/terms-and-cond\">Terms and conditions<\/a><\/li>\n<\/ul>\n<\/li>\n<li id=\"menu-item-159277\"><a href=\"https:\/\/kadampafestivals.org\/summer\/post-summer-festival-retreats\">Post Festival Retreats<\/a><\/li>\n<li id=\"menu-item-159279\"><a href=\"https:\/\/kadampafestivals.org\/summer\/international-temples-project\">ITP<\/a><\/li>\n<li id=\"menu-item-159296\"><a href=\"https:\/\/kadampafestivals.org\/summer\/contact\">Contact<\/a><\/li>\n<\/ul>\t\n\t<h1>\n\t\t\tGeneral information\t<\/h1>\n\t<h3><b>ARRIVAL &amp; REGISTRATION<\/b><\/h3>\n<p>You are required to show your booking confirmation letter (either digital or printed) to gain access to the Festival site. If you are unable to show this, you will be required to show either your passport or a National ID card.<\/p>\n<p>Campers must register <strong>before<\/strong> pitching your tent and only camp in designated areas.<\/p>\n<h3><b>WHAT TO BRING<\/b><\/h3>\n<p>Generally, you will find it helpful to bring warm clothes and waterproofs. If you are in a dormitory (indoor or outdoor) or are camping you will need to bring a warm sleeping bag and towel.<\/p>\n<h3><b>CAMPERS<\/b><\/h3>\n<p>Please come prepared! Check that your tent is waterproof and don&#8217;t forget your sleeping mat, torch (flashlight), warm clothing, towel and sleeping bag. Due to the large numbers attending the Festival, we regret we are unable to provide additional blankets or sleeping bags.<\/p>\n<p>To comply with fire safety regulations, no naked flames of any kind (e.g. candles, gas cookers etc) will be permitted anywhere on the campsite.<\/p>\n<p>Due to ongoing woodland management, you must register before pitching your tent and camp in permitted camping areas only. Anyone camped outside designated areas will be asked to move their tent.<\/p>\n<h3><b>PARKING<\/b><\/h3>\n<p>You will receive a parking pass (standard car parking, van parking, accessible parking) by email together with your confirmation letter. <strong>Your parking pass must be shown to the car parking steward on arrival and clearly displayed in your windscreen at all times.<\/strong> If you have booked a blue badge accessible parking space, you must display your badge at all times. \u00a0Due to the limited number of accessible car parking spaces, priority will be given to those with blue badges (or country equivalent), on a first come, first served basis.<\/p>\n<h3><b>PETS<\/b><\/h3>\n<p>Dogs and other pets are not allowed anywhere on the Festival site, nor are they permitted to be left in vehicles in the car parks at any time.<\/p>\n<h3><b>SECURITY<\/b><\/h3>\n<p>All participants are required to wear a Festival Pass at all times. Please cooperate fully with this requirement for the sake of the safety and smooth running of the Festival. Festival Management cannot accept responsibility for any loss or damage to personal items or cars parked on or off the property. Please bring essential items only and carry valuables with you.<\/p>\n<figure>\n\t\t\t\t<img decoding=\"async\" src=\"https:\/\/kadampafestivals.org\/wp-content\/uploads\/2019\/05\/12-ROB11173.jpg\" alt=\"09-BERG1958\" height=\"1365\" width=\"2048\" title=\"09-BERG1958\" loading=\"lazy\" \/>\n\t<\/figure>\n<figure>\n\t\t\t\t<img decoding=\"async\" src=\"https:\/\/kadampafestivals.org\/wp-content\/uploads\/2018\/11\/9-2-IMG_1405-volunteering.jpg\" alt=\"9-2-IMG_1405-volunteering\" height=\"900\" width=\"1200\" title=\"9-2-IMG_1405-volunteering\" loading=\"lazy\" \/>\n\t<\/figure>\n<figure>\n\t\t\t\t<img decoding=\"async\" src=\"https:\/\/kadampafestivals.org\/wp-content\/uploads\/2019\/05\/18-ROB11154.jpg\" alt=\"18-ROB11154\" height=\"1365\" width=\"2048\" title=\"18-ROB11154\" loading=\"lazy\" \/>\n\t<\/figure>\n\t<h3><b>VOLUNTEERING<\/b><\/h3>\n<p>The entire Festival is organised and run by volunteers. There are many opportunities and ways in which you can help, such as preparing food, serving, clearing, dish-washing, cleaning, setting up, cafes etc. Volunteering is a wonderful way to meet with other Kadampas from around the world &#8211; your contribution of time and energy is an important part of making the whole thing happen and is deeply appreciated.\u00a0 Please consider stopping by the volunteering desk to find out how you can help.<\/p>\n<h3><b>CATERING<\/b><\/h3>\n<p>If you have booked onsite festival accommodation, breakfast is included. There are a number of meal options available, including both pre-booked and pay-as-you-go. See the <a href=\"https:\/\/kadampafestivals.org\/summer\/festival-food\">food and drink<\/a> page for more information.<\/p>\n<p>Please note that no food may be stored or prepared in any of the rooms, or anywhere on the campsite.<\/p>\n<h3><b>PHOTOGRAPHY<\/b><\/h3>\n<p>Flash photography, video recording or tape recording are not permitted in the Temple.<\/p>\n<h3><b>MUSIC &amp; MUSICAL INSTRUMENTS<\/b><\/h3>\n<p>Festivals are a time of peace, quiet and reflection. It is for this reason that we ask you not to bring musical instruments of any kind to the Festival, and to use headphones when listening to music.<\/p>\n\n","protected":false},"excerpt":{"rendered":"<p>NKT-IKBU INTERNATIONAL SUMMER FESTIVAL 2025 JUL 25 &#8211; AUG 9 Summer Menu Welcome The Founder Festival Teachings Festival teachers Program Festival experience Attending the festival online Volunteering Venue Booking Fees Accommodation Festival food and drink Translation and special needs Children &#038; young adults Parking Travel information General information How to book Terms and conditions Post &#8230; <a title=\"Informa\u00e7\u00f5es gerais\" class=\"read-more\" href=\"https:\/\/kadampafestivals.org\/pt-br\/summer\/general-information\" aria-label=\"Read more about Informa\u00e7\u00f5es gerais\">Read more<\/a><\/p>\n","protected":false},"author":1,"featured_media":0,"parent":159308,"menu_order":0,"comment_status":"closed","ping_status":"closed","template":"","meta":{"footnotes":""},"wf_page_folders":[705],"class_list":["post-159245","page","type-page","status-publish"],"_links":{"self":[{"href":"https:\/\/kadampafestivals.org\/pt-br\/wp-json\/wp\/v2\/pages\/159245","targetHints":{"allow":["GET"]}}],"collection":[{"href":"https:\/\/kadampafestivals.org\/pt-br\/wp-json\/wp\/v2\/pages"}],"about":[{"href":"https:\/\/kadampafestivals.org\/pt-br\/wp-json\/wp\/v2\/types\/page"}],"author":[{"embeddable":true,"href":"https:\/\/kadampafestivals.org\/pt-br\/wp-json\/wp\/v2\/users\/1"}],"replies":[{"embeddable":true,"href":"https:\/\/kadampafestivals.org\/pt-br\/wp-json\/wp\/v2\/comments?post=159245"}],"version-history":[{"count":11,"href":"https:\/\/kadampafestivals.org\/pt-br\/wp-json\/wp\/v2\/pages\/159245\/revisions"}],"predecessor-version":[{"id":515216,"href":"https:\/\/kadampafestivals.org\/pt-br\/wp-json\/wp\/v2\/pages\/159245\/revisions\/515216"}],"up":[{"embeddable":true,"href":"https:\/\/kadampafestivals.org\/pt-br\/wp-json\/wp\/v2\/pages\/159308"}],"wp:attachment":[{"href":"https:\/\/kadampafestivals.org\/pt-br\/wp-json\/wp\/v2\/media?parent=159245"}],"wp:term":[{"taxonomy":"wf_page_folders","embeddable":true,"href":"https:\/\/kadampafestivals.org\/pt-br\/wp-json\/wp\/v2\/wf_page_folders?post=159245"}],"curies":[{"name":"wp","href":"https:\/\/api.w.org\/{rel}","templated":true}]}}