{"id":18291,"date":"2018-05-21T13:46:49","date_gmt":"2018-05-21T13:46:49","guid":{"rendered":"https:\/\/kadampafestivals.org?page_id=18291"},"modified":"2019-10-15T16:35:49","modified_gmt":"2019-10-15T16:35:49","slug":"cookies","status":"publish","type":"page","link":"https:\/\/kadampafestivals.org\/pt-br\/cookies","title":{"rendered":"Cookies"},"content":{"rendered":"<h2>Uso de cookies pela NTK-UBKI<\/h2>\n<p>Cookies s\u00e3o pequenos arquivos de texto que s\u00e3o colocados em seu computador pelos sites que voc\u00ea visita. Eles s\u00e3o largamente usados a fim de fazer os <em>websites<\/em> funcionarem ou trabalharem com mais efici\u00eancia, al\u00e9m de fornecer informa\u00e7\u00f5es aos propriet\u00e1rios do site. A tabela abaixo explica os cookies que usamos e por qu\u00ea.<\/p>\n<p>&nbsp;<\/p>\n<table>\n<tbody>\n<tr>\n<td>Cookie<\/td>\n<td>Nome<\/td>\n<td>Finalidade<\/td>\n<\/tr>\n<tr>\n<td>Universal Analytics (Google)<\/td>\n<td>_ga<\/p>\n<p>_gali<\/p>\n<p>_gat_UA-29557290-1<\/p>\n<p>_gid<\/td>\n<td>Esses cookies s\u00e3o usados para coletar informa\u00e7\u00f5es sobre como os visitantes usam nosso site. Usamos as informa\u00e7\u00f5es para compilar relat\u00f3rios e nos ajudar a melhorar o site. Os cookies coletam informa\u00e7\u00f5es de forma an\u00f4nima, incluindo o n\u00famero de visitantes do site e do blog, de onde os visitantes vieram ao site e das p\u00e1ginas visitadas.<\/p>\n<p><a href=\"https:\/\/support.google.com\/analytics\/answer\/6004245\">Leia a vis\u00e3o geral do Google sobre privacidade e prote\u00e7\u00e3o de dados<\/a><\/td>\n<\/tr>\n<tr>\n<td>Cloudflare<\/td>\n<td>__cfduid<\/td>\n<td>O cookie \u00e9 usado para identificar clientes individuais por tr\u00e1s de um endere\u00e7o IP compartilhado e aplicar configura\u00e7\u00f5es de seguran\u00e7a por cliente. Por exemplo, se o visitante estiver em uma cafeteria onde h\u00e1 v\u00e1rias m\u00e1quinas infectadas, mas a m\u00e1quina espec\u00edfica do visitante \u00e9 confi\u00e1vel (por exemplo, porque eles conclu\u00edram a contesta\u00e7\u00e3o dentro do per\u00edodo de Passagem da Obje\u00e7\u00e3o), o cookie permite-nos identificar isso cliente e n\u00e3o contest\u00e1-los novamente. Ele n\u00e3o corresponde a nenhum ID de usu\u00e1rio em seu aplicativo da web e n\u00e3o armazena nenhuma informa\u00e7\u00e3o pessoal identific\u00e1vel.<\/p>\n<p><a href=\"https:\/\/www.cloudflare.com\/security-policy\/\">Leia a pol\u00edtica de privacidade e seguran\u00e7a da CloudFlare.<\/a><\/td>\n<\/tr>\n<tr>\n<td>YouTube cookies<\/td>\n<td>PREF*<\/p>\n<p>VSC*<\/p>\n<p>VISITOR_INFO1_LIVE*<\/p>\n<p>remote_sid*<\/td>\n<td>N\u00f3s incorporamos v\u00eddeos de nosso canal oficial do YouTube usando o modo de privacidade aprimorada do YouTube.\u00a0 Esse modo pode definir cookies em seu computador quando voc\u00ea clicar no v\u00eddeo player do YouTube, mas o YouTube n\u00e3o armazenar\u00e1 informa\u00e7\u00e3o do cookie identific\u00e1vel para playbacks de v\u00eddeos incorporados usando o modo de privacidade aprimorada.<\/p>\n<p>Leia mais\u00a0\u00a0<a href=\"http:\/\/www.google.com\/support\/youtube\/bin\/answer.py?hl=en-GB&amp;answer=171780\">P\u00e1gina de informa\u00e7\u00f5es sobre v\u00eddeos incorporados no YouTube.<br \/>\n<\/a>.PREF &#8211; *\u00a0expira ap\u00f3s oito meses<\/p>\n<p>VSC &#8211; * expira no final da sua sess\u00e3o<\/p>\n<p>VISITOR_INFO1_LIVE &#8211; *expira ap\u00f3s oito meses<\/p>\n<p>remote_sid &#8211; *expira no final da sua sess\u00e3o<\/td>\n<\/tr>\n<\/tbody>\n<\/table>\n<p>&nbsp;<\/p>\n<h2>Como fa\u00e7o para mudar minhas configura\u00e7\u00f5es de cookie?<\/h2>\n<p>A maioria dos navegadores da Web permite algum controle da maioria dos cookies por meio das configura\u00e7\u00f5es do navegador. Para saber mais sobre cookies, incluindo como ver quais cookies foram definidos, visite\u00a0<a href=\"http:\/\/www.aboutcookies.org\/\">www.aboutcookies.org<\/a> ou\u00a0<a href=\"http:\/\/www.allaboutcookies.org\/\">www.allaboutcookies.org<\/a>.<\/p>\n<p>Descubra como gerenciar cookies em navegadores populares:<\/p>\n<ul>\n<li><a href=\"https:\/\/support.google.com\/accounts\/answer\/61416?co=GENIE.Platform%3DDesktop&amp;hl=en\">Google Chrome<\/a><\/li>\n<li><a href=\"https:\/\/privacy.microsoft.com\/en-us\/windows-10-microsoft-edge-and-privacy\">Microsoft Edge<\/a><\/li>\n<li><a href=\"https:\/\/support.mozilla.org\/en-US\/kb\/enable-and-disable-cookies-website-preferences\">Mozilla Firefox<\/a><\/li>\n<li><a href=\"https:\/\/support.microsoft.com\/en-gb\/help\/17442\/windows-internet-explorer-delete-manage-cookies\">Microsoft Internet Explorer<\/a><\/li>\n<li><a href=\"https:\/\/www.opera.com\/help\/tutorials\/security\/privacy\/\">Opera<\/a><\/li>\n<li><a href=\"https:\/\/support.apple.com\/kb\/ph21411?locale=en_US\">Apple Safari<\/a><\/li>\n<\/ul>\n<p>Para encontrar informa\u00e7\u00f5es relacionadas a outros navegadores, visite o site do desenvolvedor do navegador.<\/p>\n<p>Para n\u00e3o ser rastreado pelo Google Analytics em todos os sites, visite\u00a0 <a href=\"http:\/\/tools.google.com\/dlpage\/gaoptout\">http:\/\/tools.google.com\/dlpage\/gaoptout<\/a>.<\/p>\n<p>Estamos planejando aprimorar nossa ferramenta de cookies para permitir que os usu\u00e1rios alterem mais facilmente as configura\u00e7\u00f5es de cookies ap\u00f3s a escolha inicial.<\/p>\n","protected":false},"excerpt":{"rendered":"<p>Uso de cookies pela NTK-UBKI Cookies s\u00e3o pequenos arquivos de texto que s\u00e3o colocados em seu computador pelos sites que voc\u00ea visita. Eles s\u00e3o largamente usados a fim de fazer os websites funcionarem ou trabalharem com mais efici\u00eancia, al\u00e9m de fornecer informa\u00e7\u00f5es aos propriet\u00e1rios do site. A tabela abaixo explica os cookies que usamos e &#8230; <a title=\"Cookies\" class=\"read-more\" href=\"https:\/\/kadampafestivals.org\/pt-br\/cookies\" aria-label=\"Read more about Cookies\">Read more<\/a><\/p>\n","protected":false},"author":1,"featured_media":0,"parent":0,"menu_order":0,"comment_status":"closed","ping_status":"closed","template":"","meta":{"footnotes":""},"wf_page_folders":[],"class_list":["post-18291","page","type-page","status-publish"],"_links":{"self":[{"href":"https:\/\/kadampafestivals.org\/pt-br\/wp-json\/wp\/v2\/pages\/18291","targetHints":{"allow":["GET"]}}],"collection":[{"href":"https:\/\/kadampafestivals.org\/pt-br\/wp-json\/wp\/v2\/pages"}],"about":[{"href":"https:\/\/kadampafestivals.org\/pt-br\/wp-json\/wp\/v2\/types\/page"}],"author":[{"embeddable":true,"href":"https:\/\/kadampafestivals.org\/pt-br\/wp-json\/wp\/v2\/users\/1"}],"replies":[{"embeddable":true,"href":"https:\/\/kadampafestivals.org\/pt-br\/wp-json\/wp\/v2\/comments?post=18291"}],"version-history":[{"count":5,"href":"https:\/\/kadampafestivals.org\/pt-br\/wp-json\/wp\/v2\/pages\/18291\/revisions"}],"predecessor-version":[{"id":30792,"href":"https:\/\/kadampafestivals.org\/pt-br\/wp-json\/wp\/v2\/pages\/18291\/revisions\/30792"}],"wp:attachment":[{"href":"https:\/\/kadampafestivals.org\/pt-br\/wp-json\/wp\/v2\/media?parent=18291"}],"wp:term":[{"taxonomy":"wf_page_folders","embeddable":true,"href":"https:\/\/kadampafestivals.org\/pt-br\/wp-json\/wp\/v2\/wf_page_folders?post=18291"}],"curies":[{"name":"wp","href":"https:\/\/api.w.org\/{rel}","templated":true}]}}