{"id":18296,"date":"2018-05-21T13:47:53","date_gmt":"2018-05-21T13:47:53","guid":{"rendered":"https:\/\/kadampafestivals.org?page_id=18296"},"modified":"2018-06-04T01:00:49","modified_gmt":"2018-06-04T01:00:49","slug":"privacy-notice","status":"publish","type":"page","link":"https:\/\/kadampafestivals.org\/pt-br\/privacy-notice","title":{"rendered":"Aviso de Privacidade"},"content":{"rendered":"<p>Data de vig\u00eancia: 25 de maio de 2018<\/p>\n<p>Este aviso de privacidade informa-o sobre o que ocorre quando a institui\u00e7\u00e3o de caridade Nova Tradi\u00e7\u00e3o Kadampa &#8211; Uni\u00e3o Budista Kadampa Internacional (NTK-UBKI)\u00a0 recolhe informa\u00e7\u00f5es pessoais. Aplica-se a informa\u00e7\u00f5es que coletamos sobre:<\/p>\n<ul>\n<li><a href=\"#your-info\">Como usamos suas informa\u00e7\u00f5es<\/a>\n<ul>\n<li><a href=\"#website-visitors\">Visitantes de nossos site<\/a>\n<ul>\n<li><a href=\"#cookies\">Uso de cookies pela NTK-UBKI<\/a><\/li>\n<li><a href=\"#search-engine\">Procura de Centros<\/a><\/li>\n<li><a href=\"#enewsletters\">E-newsletter &#8211; Boletim informativo<\/a><\/li>\n<li><a href=\"#security\">Seguran\u00e7a e desempenho<\/a><\/li>\n<\/ul>\n<\/li>\n<li><a href=\"#booking-system\">Pessoas que usam nosso sistema de reservas on-line<\/a><\/li>\n<li><a href=\"#volunteering-visitor\">Pessoas que enviam um formul\u00e1rio de Voluntariado para Visitantes<\/a><\/li>\n<li><a href=\"#photos\">Fotos tiradas durante eventos<\/a><\/li>\n<li><a href=\"#email\">Pessoas que nos enviam email<\/a><\/li>\n<\/ul>\n<\/li>\n<li><a href=\"#data-retention\">Por quanto tempo retemos com suas informa\u00e7\u00f5es<\/a><\/li>\n<li><a href=\"#your-rights\">Seus direitos<\/a><\/li>\n<li><a href=\"#links\">Links para outros sites<\/a><\/li>\n<li><a href=\"#changes\">Acesar e alterar as suas informa\u00e7\u00f5es pessoais<\/a><\/li>\n<li><a href=\"#changes\">Altera\u00e7\u00f5es a este aviso de privacidade<\/a><\/li>\n<li><a href=\"#what-you-do\">O que voc\u00ea pode fazer<\/a><\/li>\n<li><a href=\"#contact\">Como nos contactar<\/a><\/li>\n<\/ul>\n<h3 id=\"your-info\">Como n\u00f3s usamos suas informa\u00e7\u00f5es<\/h3>\n<h3 id=\"website-visitors\">Visitantes de nossos sites<\/h3>\n<h3><strong id=\"cookies\">Uso de cookies pela NTK-UBKI<\/strong><\/h3>\n<p>Voc\u00ea pode ler mais sobre como usamos cookies em nossa p\u00e1gina de <a href=\"\/?page_id=18291\">Cookies<\/a>.<\/p>\n<h3>Procura de Centros<\/h3>\n<p>O aplicativo de Procura de Centros \u00e9 ativado pelo Google Maps. As consultas de pesquisa e os resultados s\u00e3o salvos anonimamente para ajudar a melhorar o site e a funcionalidade de pesquisa. Nenhum dado espec\u00edfico do usu\u00e1rio \u00e9 coletado pelo NTK-UBKI.<\/p>\n<h3><strong>E-newsletter &#8211; Boletim informativo<\/strong><\/h3>\n<p>A NTK-UBKI usa um provedor de terceiros, o MailChimp, para entregar nossos boletins eletr\u00f4nicos. Estat\u00edsticas sobre abertura de e-mails e cliques usando tecnologias padr\u00e3o da ind\u00fastria, incluindo gifs, nos ajudam a monitorar e melhorar nosso boletim eletr\u00f4nico. Para mais informa\u00e7\u00f5es, por favor veja <a href=\"https:\/\/mailchimp.com\/legal\/privacy\/\">MailChimp\u2019s privacy notice<\/a>.<\/p>\n<h3>Seguran\u00e7a e desempenho<\/h3>\n<p>O NTK-UBKI usa um servi\u00e7o de terceiros para ajudar a manter a seguran\u00e7a e o desempenho do site kadampafestivals.org. Para executar este servi\u00e7o, ele processa os endere\u00e7os IP dos visitantes do site kadampafestivals.org.<\/p>\n<h3>Pessoas que usam nosso sistema de reservas on-line<\/h3>\n<p>As informa\u00e7\u00f5es coletadas e processadas s\u00e3o necess\u00e1rias para gerenciar e administrar sua reserva e para facilitar o planejamento de eventos. Podemos entrar em contato com voc\u00ea via e-mail ou telefone sobre sua reserva. Tamb\u00e9m podemos enviar-lhe boletins eletr\u00f4nicos com informa\u00e7\u00f5es sobre o evento que voc\u00ea reservou ou eventos futuros.<\/p>\n<p>Usamos um provedor terceirizado, WorldPay, para processar informa\u00e7\u00f5es de pagamento. Para mais informa\u00e7\u00f5es, consulte\u00a0<a href=\"https:\/\/www.worldpay.com\/uk\/privacy-policy\">WorldPay\u2019s Privacy Policy<\/a>.<\/p>\n<p><strong>Pessoas que enviam um formul\u00e1rio de voluntariado para visitantes<br \/>\n<\/strong><br \/>\nAs informa\u00e7\u00f5es coletadas e processadas s\u00e3o necess\u00e1rias para gerenciar e administrar seu formul\u00e1rio\u00a0 e sua experi\u00eancia real de visita de voluntariado. Podemos entrar em contato com voc\u00ea via e-mail ou telefone sobre sua inscri\u00e7\u00e3o. Utilizamos um provedor terceirizado, o JotForm, para fornecer nosso formul\u00e1rio de inscri\u00e7\u00e3o volunt\u00e1ria para visitantes. Para mais informa\u00e7\u00f5es, por favor, consulte\u00a0<a href=\"https:\/\/www.jotform.com\/privacy\/\">JotForm\u2019s Privacy notice<\/a>.<\/p>\n<h3 id=\"photos\"><strong>Fotos tiradas durante eventos<\/strong><\/h3>\n<p>As imagens podem ser feitas durante eventos organizados e hospedados pela institui\u00e7\u00e3o de caridade NTK-UBKI usando fotografia de filme, fotografia digital, v\u00eddeo ou outro meio e podem ser usados no site, publicidade de evento ou folhetos, outro material de publicidade (como boletins internos e externos), e pode ser fornecido \u00e0 m\u00eddia para publica\u00e7\u00e3o em jornais locais ou nacionais ou revistas e outros recursos. A NTK-UBKI reconhece suas responsabilidades na captura de imagens por fotografia ou outros meios sob a lei aplic\u00e1vel.<\/p>\n<h3><strong>Pessoas que nos enviam email<\/strong><\/h3>\n<p>O TLS (Transport Layer Security) \u00e9 usado para criptografar e proteger o tr\u00e1fego de e-mail de acordo com os padr\u00f5es do governo. Se o seu servi\u00e7o de e-mail n\u00e3o oferecer suporte a TLS, voc\u00ea deve estar ciente de que os e-mails que enviamos ou recebemos podem n\u00e3o estar protegidos em tr\u00e2nsito.<\/p>\n<p>N\u00f3s monitoramos todos os e-mails enviados para n\u00f3s, incluindo anexos de arquivos, em busca de v\u00edrus ou softwares malicioso. Por favor, esteja ciente de que voc\u00ea tem a responsabilidade de garantir que qualquer e-mail enviado esteja dentro dos limites da lei.<\/p>\n<h4 id=\"data-retention\">Por quanto tempo mantemos suas informa\u00e7\u00f5es<\/h4>\n<p>Suas informa\u00e7\u00f5es ser\u00e3o retidas por um per\u00edodo de 6 anos mais o ano atual, para fins de manuten\u00e7\u00e3o legal de registros. Ap\u00f3s esse per\u00edodo, a menos que tenhamos a obriga\u00e7\u00e3o legal de ret\u00ea-lo por mais tempo, suas informa\u00e7\u00f5es pessoais ser\u00e3o exclu\u00eddas ou, quando os dados forem necess\u00e1rios para fins estat\u00edsticos, tornam-se an\u00f4nimos.<\/p>\n<p>Suas informa\u00e7\u00f5es usadas para fins de marketing ser\u00e3o mantidas at\u00e9 voc\u00ea nos notificar de que n\u00e3o deseja mais receber essas informa\u00e7\u00f5es.<\/p>\n<h3>Links para outros websites<\/h3>\n<p>Este aviso de privacidade n\u00e3o cobre os links dentro deste site com links para outros sites. N\u00f3s incentivamos voc\u00ea a ler as declara\u00e7\u00f5es de privacidade nos outros sites que voc\u00ea visita.<\/p>\n<h3>Altera\u00e7\u00f5es a este aviso de privacidade<\/h3>\n<p>Mantemos nosso aviso de privacidade sob revis\u00e3o regular. Este aviso de privacidade foi atualizado pela \u00faltima vez em 21 de maio de 2018.<\/p>\n<h3>Acesso\u00a0 e altera\u00e7\u00e3o de suas informa\u00e7\u00f5es pessoais<\/h3>\n<p>Voc\u00ea pode nos pedir para corrigir ou remover informa\u00e7\u00f5es que mantemos em voc\u00ea. Por favor, entre em contato conosco usando os detalhes abaixo.<\/p>\n<h3>O que voc\u00ea pode fazer<\/h3>\n<p>Se voc\u00ea n\u00e3o estiver satisfeito com a forma como lidamos com sua consulta, voc\u00ea pode apresentar uma queixa ao Gabinete do Comiss\u00e1rio de Informa\u00e7\u00e3o <a href=\"https:\/\/ico.org.uk\"> ico.org.uk <\/a><\/p>\n<h3 id=\"contact\">Como nos contatar<\/h3>\n<p>Se voc\u00ea quiser solicitar informa\u00e7\u00f5es sobre nossa pol\u00edtica de privacidade, envie um e-mail para data@kadampa.org ou escreva para:<\/p>\n<p>Nova Tradi\u00e7\u00e3o Kadampa &#8211; Uni\u00e3o Budista Kadampa Internacional<\/p>\n<p>Conishead Priory<br \/>\nUlverston<br \/>\nCumbria<br \/>\nLA12 9QQ<\/p>\n<p>Nova Tradi\u00e7\u00e3o Kadampa &#8211; Uni\u00e3o Budista Kadampa Internacional, Reino Unido registro caridade (1015054 (Inglaterra)).<\/p>\n<p>&nbsp;<\/p>\n","protected":false},"excerpt":{"rendered":"<p>Data de vig\u00eancia: 25 de maio de 2018 Este aviso de privacidade informa-o sobre o que ocorre quando a institui\u00e7\u00e3o de caridade Nova Tradi\u00e7\u00e3o Kadampa &#8211; Uni\u00e3o Budista Kadampa Internacional (NTK-UBKI)\u00a0 recolhe informa\u00e7\u00f5es pessoais. Aplica-se a informa\u00e7\u00f5es que coletamos sobre: Como usamos suas informa\u00e7\u00f5es Visitantes de nossos site Uso de cookies pela NTK-UBKI Procura de &#8230; <a title=\"Aviso de Privacidade\" class=\"read-more\" href=\"https:\/\/kadampafestivals.org\/pt-br\/privacy-notice\" aria-label=\"Read more about Aviso de Privacidade\">Read more<\/a><\/p>\n","protected":false},"author":1,"featured_media":0,"parent":0,"menu_order":0,"comment_status":"closed","ping_status":"closed","template":"","meta":{"footnotes":""},"wf_page_folders":[],"class_list":["post-18296","page","type-page","status-publish"],"_links":{"self":[{"href":"https:\/\/kadampafestivals.org\/pt-br\/wp-json\/wp\/v2\/pages\/18296","targetHints":{"allow":["GET"]}}],"collection":[{"href":"https:\/\/kadampafestivals.org\/pt-br\/wp-json\/wp\/v2\/pages"}],"about":[{"href":"https:\/\/kadampafestivals.org\/pt-br\/wp-json\/wp\/v2\/types\/page"}],"author":[{"embeddable":true,"href":"https:\/\/kadampafestivals.org\/pt-br\/wp-json\/wp\/v2\/users\/1"}],"replies":[{"embeddable":true,"href":"https:\/\/kadampafestivals.org\/pt-br\/wp-json\/wp\/v2\/comments?post=18296"}],"version-history":[{"count":10,"href":"https:\/\/kadampafestivals.org\/pt-br\/wp-json\/wp\/v2\/pages\/18296\/revisions"}],"predecessor-version":[{"id":18522,"href":"https:\/\/kadampafestivals.org\/pt-br\/wp-json\/wp\/v2\/pages\/18296\/revisions\/18522"}],"wp:attachment":[{"href":"https:\/\/kadampafestivals.org\/pt-br\/wp-json\/wp\/v2\/media?parent=18296"}],"wp:term":[{"taxonomy":"wf_page_folders","embeddable":true,"href":"https:\/\/kadampafestivals.org\/pt-br\/wp-json\/wp\/v2\/wf_page_folders?post=18296"}],"curies":[{"name":"wp","href":"https:\/\/api.w.org\/{rel}","templated":true}]}}